{"id":96,"date":"2023-07-20T08:26:58","date_gmt":"2023-07-20T08:26:58","guid":{"rendered":"https:\/\/voco-venice.ms.decms.eu\/servizi\/sala-fitness\/"},"modified":"2025-06-03T12:45:08","modified_gmt":"2025-06-03T12:45:08","slug":"salle-de-fitness","status":"publish","type":"page","link":"https:\/\/www.quidhotelvenice.com\/fr\/services\/salle-de-fitness\/","title":{"rendered":"Salle de Fitness"},"content":{"rendered":"<p><span style=\"font-weight: 400\">Faire de l&rsquo;exercice est l&rsquo;un des moyens les plus efficaces pour \u00e9vacuer le stress, l&rsquo;anxi\u00e9t\u00e9 et les frustrations : c&rsquo;est pourquoi au voco\u00ae Venice Mestre une <\/span><b>salle de fitness<\/b><span style=\"font-weight: 400\"> parfaitement \u00e9quip\u00e9e est accessible <\/span><b>24h\/24<\/b><span style=\"font-weight: 400\">. <\/span><span style=\"font-weight: 400\"><br \/>\n<\/span><span style=\"font-weight: 400\">Entra\u00eenez-vous gratuitement : c\u2019est quand et comme vous voulez ! Choisissez parmi nos <\/span><b>appareils Technogym<\/b><span style=\"font-weight: 400\"> de derni\u00e8re g\u00e9n\u00e9ration, essayez notre <\/span><b>tapis de course<\/b><span style=\"font-weight: 400\"> professionnel ou enfourchez un <\/span><b>bike fitness<\/b><span style=\"font-weight: 400\"> pour vivre une exp\u00e9rience presque identique \u00e0 celle de p\u00e9daler sur route &#8211; sans smog ni voitures ! <\/span><span style=\"font-weight: 400\"><br \/>\n<\/span><span style=\"font-weight: 400\">Vous trouverez \u00e9galement dans notre salle de mise en forme le <\/span><b>synchro forma<\/b><span style=\"font-weight: 400\">, un cross trainer professionnel, la <\/span><b>kinesis personal<\/b><span style=\"font-weight: 400\"> et un <\/span><b>banc de crunch<\/b><span style=\"font-weight: 400\"> pour des abdominaux bien d\u00e9finis. Bien entendu, vous pourrez \u00e9galement compter sur <\/span><b>tapis de Pilates<\/b><span style=\"font-weight: 400\"> et sur des <\/span><b>halt\u00e8res<\/b><span style=\"font-weight: 400\"> pour un entra\u00eenement complet.<\/span><\/p>\n<p><span style=\"font-weight: 400\">Nous, on est d\u00e9j\u00e0 pr\u00eats \u00e0 nous entra\u00eener, et vous ?<\/span><\/p>\n","protected":false},"excerpt":{"rendered":"<p>Faire de l&rsquo;exercice est l&rsquo;un des moyens les plus efficaces pour \u00e9vacuer le stress, l&rsquo;anxi\u00e9t\u00e9 et les frustrations : c&rsquo;est pourquoi au voco\u00ae Venice Mestre une salle de fitness parfaitement \u00e9quip\u00e9e est accessible 24h\/24. Entra\u00eenez-vous gratuitement : c\u2019est quand et comme vous voulez ! Choisissez parmi nos appareils Technogym de derni\u00e8re g\u00e9n\u00e9ration, essayez notre tapis [&hellip;]<\/p>\n","protected":false},"author":6,"featured_media":769,"parent":91,"menu_order":62,"comment_status":"closed","ping_status":"closed","template":"template-default-4.php","meta":{"footnotes":""},"class_list":["post-96","page","type-page","status-publish","has-post-thumbnail","hentry"],"yoast_head":"<!-- This site is optimized with the Yoast SEO plugin v26.9 - https:\/\/yoast.com\/product\/yoast-seo-wordpress\/ -->\n<title>Hotel avec salle de fitness | voco\u00ae Venice Mestre - The Quid<\/title>\n<meta name=\"description\" content=\"Profitez de votre s\u00e9jour \u00e0 Mestre sans renoncer \u00e0 votre entra\u00eenement avec notre salle de fitness \u00e9quip\u00e9e Technogym. Cliquer pour r\u00e9server en ligne !\" \/>\n<meta name=\"robots\" content=\"index, follow, max-snippet:-1, max-image-preview:large, max-video-preview:-1\" \/>\n<link rel=\"canonical\" href=\"https:\/\/www.quidhotelvenice.com\/fr\/services\/salle-de-fitness\/\" \/>\n<meta property=\"og:locale\" content=\"fr_FR\" \/>\n<meta property=\"og:type\" content=\"article\" \/>\n<meta property=\"og:title\" content=\"Hotel avec salle de fitness | voco\u00ae Venice Mestre - The Quid\" \/>\n<meta property=\"og:description\" content=\"Profitez de votre s\u00e9jour \u00e0 Mestre sans renoncer \u00e0 votre entra\u00eenement avec notre salle de fitness \u00e9quip\u00e9e Technogym. Cliquer pour r\u00e9server en ligne !\" \/>\n<meta property=\"og:url\" content=\"https:\/\/www.quidhotelvenice.com\/fr\/services\/salle-de-fitness\/\" \/>\n<meta property=\"og:site_name\" content=\"Voco Venice Mestre\" \/>\n<meta property=\"article:modified_time\" content=\"2025-06-03T12:45:08+00:00\" \/>\n<meta property=\"og:image\" content=\"https:\/\/www.quidhotelvenice.com\/wp-content\/uploads\/sites\/557\/2023\/07\/01-Fitness-Room-voco-Venice-Mestre-The-Quid.jpg\" \/>\n\t<meta property=\"og:image:width\" content=\"2200\" \/>\n\t<meta property=\"og:image:height\" content=\"1200\" \/>\n\t<meta property=\"og:image:type\" content=\"image\/jpeg\" \/>\n<meta name=\"twitter:card\" content=\"summary_large_image\" \/>\n<meta name=\"twitter:label1\" content=\"Dur\u00e9e de lecture estim\u00e9e\" \/>\n\t<meta name=\"twitter:data1\" content=\"1 minute\" \/>\n<script type=\"application\/ld+json\" class=\"yoast-schema-graph\">{\"@context\":\"https:\/\/schema.org\",\"@graph\":[{\"@type\":\"WebPage\",\"@id\":\"https:\/\/www.quidhotelvenice.com\/fr\/services\/salle-de-fitness\/\",\"url\":\"https:\/\/www.quidhotelvenice.com\/fr\/services\/salle-de-fitness\/\",\"name\":\"Hotel avec salle de fitness | voco\u00ae Venice Mestre - The Quid\",\"isPartOf\":{\"@id\":\"https:\/\/www.quidhotelvenice.com\/fr\/#website\"},\"primaryImageOfPage\":{\"@id\":\"https:\/\/www.quidhotelvenice.com\/fr\/services\/salle-de-fitness\/#primaryimage\"},\"image\":{\"@id\":\"https:\/\/www.quidhotelvenice.com\/fr\/services\/salle-de-fitness\/#primaryimage\"},\"thumbnailUrl\":\"https:\/\/www.quidhotelvenice.com\/wp-content\/uploads\/sites\/557\/2023\/07\/01-Fitness-Room-voco-Venice-Mestre-The-Quid.jpg\",\"datePublished\":\"2023-07-20T08:26:58+00:00\",\"dateModified\":\"2025-06-03T12:45:08+00:00\",\"description\":\"Profitez de votre s\u00e9jour \u00e0 Mestre sans renoncer \u00e0 votre entra\u00eenement avec notre salle de fitness \u00e9quip\u00e9e Technogym. Cliquer pour r\u00e9server en ligne !\",\"breadcrumb\":{\"@id\":\"https:\/\/www.quidhotelvenice.com\/fr\/services\/salle-de-fitness\/#breadcrumb\"},\"inLanguage\":\"fr-FR\",\"potentialAction\":[{\"@type\":\"ReadAction\",\"target\":[\"https:\/\/www.quidhotelvenice.com\/fr\/services\/salle-de-fitness\/\"]}]},{\"@type\":\"ImageObject\",\"inLanguage\":\"fr-FR\",\"@id\":\"https:\/\/www.quidhotelvenice.com\/fr\/services\/salle-de-fitness\/#primaryimage\",\"url\":\"https:\/\/www.quidhotelvenice.com\/wp-content\/uploads\/sites\/557\/2023\/07\/01-Fitness-Room-voco-Venice-Mestre-The-Quid.jpg\",\"contentUrl\":\"https:\/\/www.quidhotelvenice.com\/wp-content\/uploads\/sites\/557\/2023\/07\/01-Fitness-Room-voco-Venice-Mestre-The-Quid.jpg\",\"width\":2200,\"height\":1200},{\"@type\":\"BreadcrumbList\",\"@id\":\"https:\/\/www.quidhotelvenice.com\/fr\/services\/salle-de-fitness\/#breadcrumb\",\"itemListElement\":[{\"@type\":\"ListItem\",\"position\":1,\"name\":\"Home\",\"item\":\"https:\/\/www.quidhotelvenice.com\/fr\/\"},{\"@type\":\"ListItem\",\"position\":2,\"name\":\"Services\",\"item\":\"https:\/\/www.quidhotelvenice.com\/fr\/services\/\"},{\"@type\":\"ListItem\",\"position\":3,\"name\":\"Salle de Fitness\"}]},{\"@type\":\"WebSite\",\"@id\":\"https:\/\/www.quidhotelvenice.com\/fr\/#website\",\"url\":\"https:\/\/www.quidhotelvenice.com\/fr\/\",\"name\":\"Voco Venice Mestre\",\"description\":\"\",\"potentialAction\":[{\"@type\":\"SearchAction\",\"target\":{\"@type\":\"EntryPoint\",\"urlTemplate\":\"https:\/\/www.quidhotelvenice.com\/fr\/?s={search_term_string}\"},\"query-input\":{\"@type\":\"PropertyValueSpecification\",\"valueRequired\":true,\"valueName\":\"search_term_string\"}}],\"inLanguage\":\"fr-FR\"}]}<\/script>\n<!-- \/ Yoast SEO plugin. -->","yoast_head_json":{"title":"Hotel avec salle de fitness | voco\u00ae Venice Mestre - The Quid","description":"Profitez de votre s\u00e9jour \u00e0 Mestre sans renoncer \u00e0 votre entra\u00eenement avec notre salle de fitness \u00e9quip\u00e9e Technogym. Cliquer pour r\u00e9server en ligne !","robots":{"index":"index","follow":"follow","max-snippet":"max-snippet:-1","max-image-preview":"max-image-preview:large","max-video-preview":"max-video-preview:-1"},"canonical":"https:\/\/www.quidhotelvenice.com\/fr\/services\/salle-de-fitness\/","og_locale":"fr_FR","og_type":"article","og_title":"Hotel avec salle de fitness | voco\u00ae Venice Mestre - The Quid","og_description":"Profitez de votre s\u00e9jour \u00e0 Mestre sans renoncer \u00e0 votre entra\u00eenement avec notre salle de fitness \u00e9quip\u00e9e Technogym. Cliquer pour r\u00e9server en ligne !","og_url":"https:\/\/www.quidhotelvenice.com\/fr\/services\/salle-de-fitness\/","og_site_name":"Voco Venice Mestre","article_modified_time":"2025-06-03T12:45:08+00:00","og_image":[{"width":2200,"height":1200,"url":"https:\/\/www.quidhotelvenice.com\/wp-content\/uploads\/sites\/557\/2023\/07\/01-Fitness-Room-voco-Venice-Mestre-The-Quid.jpg","type":"image\/jpeg"}],"twitter_card":"summary_large_image","twitter_misc":{"Dur\u00e9e de lecture estim\u00e9e":"1 minute"},"schema":{"@context":"https:\/\/schema.org","@graph":[{"@type":"WebPage","@id":"https:\/\/www.quidhotelvenice.com\/fr\/services\/salle-de-fitness\/","url":"https:\/\/www.quidhotelvenice.com\/fr\/services\/salle-de-fitness\/","name":"Hotel avec salle de fitness | voco\u00ae Venice Mestre - The Quid","isPartOf":{"@id":"https:\/\/www.quidhotelvenice.com\/fr\/#website"},"primaryImageOfPage":{"@id":"https:\/\/www.quidhotelvenice.com\/fr\/services\/salle-de-fitness\/#primaryimage"},"image":{"@id":"https:\/\/www.quidhotelvenice.com\/fr\/services\/salle-de-fitness\/#primaryimage"},"thumbnailUrl":"https:\/\/www.quidhotelvenice.com\/wp-content\/uploads\/sites\/557\/2023\/07\/01-Fitness-Room-voco-Venice-Mestre-The-Quid.jpg","datePublished":"2023-07-20T08:26:58+00:00","dateModified":"2025-06-03T12:45:08+00:00","description":"Profitez de votre s\u00e9jour \u00e0 Mestre sans renoncer \u00e0 votre entra\u00eenement avec notre salle de fitness \u00e9quip\u00e9e Technogym. Cliquer pour r\u00e9server en ligne !","breadcrumb":{"@id":"https:\/\/www.quidhotelvenice.com\/fr\/services\/salle-de-fitness\/#breadcrumb"},"inLanguage":"fr-FR","potentialAction":[{"@type":"ReadAction","target":["https:\/\/www.quidhotelvenice.com\/fr\/services\/salle-de-fitness\/"]}]},{"@type":"ImageObject","inLanguage":"fr-FR","@id":"https:\/\/www.quidhotelvenice.com\/fr\/services\/salle-de-fitness\/#primaryimage","url":"https:\/\/www.quidhotelvenice.com\/wp-content\/uploads\/sites\/557\/2023\/07\/01-Fitness-Room-voco-Venice-Mestre-The-Quid.jpg","contentUrl":"https:\/\/www.quidhotelvenice.com\/wp-content\/uploads\/sites\/557\/2023\/07\/01-Fitness-Room-voco-Venice-Mestre-The-Quid.jpg","width":2200,"height":1200},{"@type":"BreadcrumbList","@id":"https:\/\/www.quidhotelvenice.com\/fr\/services\/salle-de-fitness\/#breadcrumb","itemListElement":[{"@type":"ListItem","position":1,"name":"Home","item":"https:\/\/www.quidhotelvenice.com\/fr\/"},{"@type":"ListItem","position":2,"name":"Services","item":"https:\/\/www.quidhotelvenice.com\/fr\/services\/"},{"@type":"ListItem","position":3,"name":"Salle de Fitness"}]},{"@type":"WebSite","@id":"https:\/\/www.quidhotelvenice.com\/fr\/#website","url":"https:\/\/www.quidhotelvenice.com\/fr\/","name":"Voco Venice Mestre","description":"","potentialAction":[{"@type":"SearchAction","target":{"@type":"EntryPoint","urlTemplate":"https:\/\/www.quidhotelvenice.com\/fr\/?s={search_term_string}"},"query-input":{"@type":"PropertyValueSpecification","valueRequired":true,"valueName":"search_term_string"}}],"inLanguage":"fr-FR"}]}},"acf":[],"_links":{"self":[{"href":"https:\/\/www.quidhotelvenice.com\/fr\/wp-json\/wp\/v2\/pages\/96","targetHints":{"allow":["GET"]}}],"collection":[{"href":"https:\/\/www.quidhotelvenice.com\/fr\/wp-json\/wp\/v2\/pages"}],"about":[{"href":"https:\/\/www.quidhotelvenice.com\/fr\/wp-json\/wp\/v2\/types\/page"}],"author":[{"embeddable":true,"href":"https:\/\/www.quidhotelvenice.com\/fr\/wp-json\/wp\/v2\/users\/6"}],"replies":[{"embeddable":true,"href":"https:\/\/www.quidhotelvenice.com\/fr\/wp-json\/wp\/v2\/comments?post=96"}],"version-history":[{"count":0,"href":"https:\/\/www.quidhotelvenice.com\/fr\/wp-json\/wp\/v2\/pages\/96\/revisions"}],"up":[{"embeddable":true,"href":"https:\/\/www.quidhotelvenice.com\/fr\/wp-json\/wp\/v2\/pages\/91"}],"wp:featuredmedia":[{"embeddable":true,"href":"https:\/\/www.quidhotelvenice.com\/fr\/wp-json\/wp\/v2\/media\/769"}],"wp:attachment":[{"href":"https:\/\/www.quidhotelvenice.com\/fr\/wp-json\/wp\/v2\/media?parent=96"}],"curies":[{"name":"wp","href":"https:\/\/api.w.org\/{rel}","templated":true}]}}