{"id":91,"date":"2023-07-20T08:25:25","date_gmt":"2023-07-20T08:25:25","guid":{"rendered":"https:\/\/voco-venice.ms.decms.eu\/servizi\/"},"modified":"2023-08-29T12:16:55","modified_gmt":"2023-08-29T12:16:55","slug":"services","status":"publish","type":"page","link":"https:\/\/www.quidhotelvenice.com\/fr\/services\/","title":{"rendered":"Services"},"content":{"rendered":"<p><span style=\"font-weight: 400;\">Au voco\u00ae Venice Mestre, nous \u0153uvrons chaque jour pour garantir \u00e0 nos h\u00f4tes un s\u00e9jour dans le plus pur style voco\u00ae : moderne, dynamique et absolument <\/span><b>inoubliable<\/b><span style=\"font-weight: 400;\">.\u00a0\u00a0<\/span><\/p>\n<p><span style=\"font-weight: 400;\">Conscients que les besoins de chaque voyageur sont uniques, nous avons cr\u00e9\u00e9 une large gamme de services pour r\u00e9pondre \u00e0 <\/span><b>toutes vos attentes<\/b><span style=\"font-weight: 400;\">. <\/span><span style=\"font-weight: 400;\"><br \/>\n<\/span><span style=\"font-weight: 400;\">Au voco\u00ae, vivez une <\/span><b>exp\u00e9rience relaxante<\/b><span style=\"font-weight: 400;\">, \u00e0 l\u2019enseigne du bien-\u00eatre, du divertissement et d\u2019un professionnalisme irr\u00e9prochable. Finies les s\u00e9ances de travail dans des espaces exigus sur des si\u00e8ges inconfortables ! Profitez de <\/span><b>grands bureaux<\/b><span style=\"font-weight: 400;\"> et de <\/span><b>fauteuils ergonomiques<\/b><span style=\"font-weight: 400;\">, parfaits pour le smart working, sans oublier nos <\/span><b>chambres PMR parfaitement am\u00e9nag\u00e9es<\/b><span style=\"font-weight: 400;\">. Vous disposez \u00e9galement d&rsquo;un <\/span><b>espace Gaming<\/b><span style=\"font-weight: 400;\"> pour vous d\u00e9tendre et vous amuser entre amis et coll\u00e8gues, et d&rsquo;une <\/span><b>salle de fitness<\/b><span style=\"font-weight: 400;\"> parfaitement \u00e9quip\u00e9e pour vous d\u00e9gourdir les muscles et vous entra\u00eener.<\/span><span style=\"font-weight: 400;\"><br \/>\n<\/span><\/p>\n<p><span style=\"font-weight: 400;\">Au voco\u00ae, vous appr\u00e9cierez \u00e9galement des espaces g\u00e9n\u00e9reux baign\u00e9s de lumi\u00e8re naturelle, l\u2019acc\u00e8s gratuit \u00e0 un grand parking ext\u00e9rieur, un garage souterrain, ainsi que de nombreux services pour tous les aficionados des <\/span><b>voyages en famille<\/b><span style=\"font-weight: 400;\"> ou tous ceux qui ne s\u00e9parent jamais de leur <\/span><b>animal de compagnie<\/b><span style=\"font-weight: 400;\">. <\/span><span style=\"font-weight: 400;\"><br \/>\n<\/span><span style=\"font-weight: 400;\">Votre satisfaction est notre priorit\u00e9 : choisissez le voco\u00ae Venice Mestre et vous ne voudrez plus nous quitter, on parie ?<\/span><\/p>\n","protected":false},"excerpt":{"rendered":"<p>Au voco\u00ae Venice Mestre, nous \u0153uvrons chaque jour pour garantir \u00e0 nos h\u00f4tes un s\u00e9jour dans le plus pur style voco\u00ae : moderne, dynamique et absolument inoubliable.\u00a0\u00a0 Conscients que les besoins de chaque voyageur sont uniques, nous avons cr\u00e9\u00e9 une large gamme de services pour r\u00e9pondre \u00e0 toutes vos attentes. Au voco\u00ae, vivez une exp\u00e9rience [&hellip;]<\/p>\n","protected":false},"author":6,"featured_media":757,"parent":0,"menu_order":60,"comment_status":"closed","ping_status":"closed","template":"","meta":{"footnotes":""},"class_list":["post-91","page","type-page","status-publish","has-post-thumbnail","hentry"],"yoast_head":"<!-- This site is optimized with the Yoast SEO plugin v26.9 - https:\/\/yoast.com\/product\/yoast-seo-wordpress\/ -->\n<title>Services : Fitness, parking | voco\u00ae Venice Mestre - The Quid<\/title>\n<meta name=\"description\" content=\"Le voco\u00ae Venice Mestre : une gamme compl\u00e8te de services pour vos besoins professionnels ou familiaux. S\u00e9jour 4 \u00e9toiles tout confort. D\u00e9couvrir les services\" \/>\n<meta name=\"robots\" content=\"index, follow, max-snippet:-1, max-image-preview:large, max-video-preview:-1\" \/>\n<link rel=\"canonical\" href=\"https:\/\/www.quidhotelvenice.com\/fr\/services\/\" \/>\n<meta property=\"og:locale\" content=\"fr_FR\" \/>\n<meta property=\"og:type\" content=\"article\" \/>\n<meta property=\"og:title\" content=\"Services : Fitness, parking | voco\u00ae Venice Mestre - The Quid\" \/>\n<meta property=\"og:description\" content=\"Le voco\u00ae Venice Mestre : une gamme compl\u00e8te de services pour vos besoins professionnels ou familiaux. S\u00e9jour 4 \u00e9toiles tout confort. D\u00e9couvrir les services\" \/>\n<meta property=\"og:url\" content=\"https:\/\/www.quidhotelvenice.com\/fr\/services\/\" \/>\n<meta property=\"og:site_name\" content=\"Voco Venice Mestre\" \/>\n<meta property=\"article:modified_time\" content=\"2023-08-29T12:16:55+00:00\" \/>\n<meta property=\"og:image\" content=\"https:\/\/www.quidhotelvenice.com\/wp-content\/uploads\/sites\/557\/2023\/07\/Fitness-Room-voco-Venice-Mestre-The-Quid.jpg\" \/>\n\t<meta property=\"og:image:width\" content=\"2200\" \/>\n\t<meta property=\"og:image:height\" content=\"1200\" \/>\n\t<meta property=\"og:image:type\" content=\"image\/jpeg\" \/>\n<meta name=\"twitter:card\" content=\"summary_large_image\" \/>\n<meta name=\"twitter:label1\" content=\"Dur\u00e9e de lecture estim\u00e9e\" \/>\n\t<meta name=\"twitter:data1\" content=\"1 minute\" \/>\n<script type=\"application\/ld+json\" class=\"yoast-schema-graph\">{\"@context\":\"https:\/\/schema.org\",\"@graph\":[{\"@type\":\"WebPage\",\"@id\":\"https:\/\/www.quidhotelvenice.com\/fr\/services\/\",\"url\":\"https:\/\/www.quidhotelvenice.com\/fr\/services\/\",\"name\":\"Services : Fitness, parking | voco\u00ae Venice Mestre - The Quid\",\"isPartOf\":{\"@id\":\"https:\/\/www.quidhotelvenice.com\/fr\/#website\"},\"primaryImageOfPage\":{\"@id\":\"https:\/\/www.quidhotelvenice.com\/fr\/services\/#primaryimage\"},\"image\":{\"@id\":\"https:\/\/www.quidhotelvenice.com\/fr\/services\/#primaryimage\"},\"thumbnailUrl\":\"https:\/\/www.quidhotelvenice.com\/wp-content\/uploads\/sites\/557\/2023\/07\/Fitness-Room-voco-Venice-Mestre-The-Quid.jpg\",\"datePublished\":\"2023-07-20T08:25:25+00:00\",\"dateModified\":\"2023-08-29T12:16:55+00:00\",\"description\":\"Le voco\u00ae Venice Mestre : une gamme compl\u00e8te de services pour vos besoins professionnels ou familiaux. S\u00e9jour 4 \u00e9toiles tout confort. D\u00e9couvrir les services\",\"breadcrumb\":{\"@id\":\"https:\/\/www.quidhotelvenice.com\/fr\/services\/#breadcrumb\"},\"inLanguage\":\"fr-FR\",\"potentialAction\":[{\"@type\":\"ReadAction\",\"target\":[\"https:\/\/www.quidhotelvenice.com\/fr\/services\/\"]}]},{\"@type\":\"ImageObject\",\"inLanguage\":\"fr-FR\",\"@id\":\"https:\/\/www.quidhotelvenice.com\/fr\/services\/#primaryimage\",\"url\":\"https:\/\/www.quidhotelvenice.com\/wp-content\/uploads\/sites\/557\/2023\/07\/Fitness-Room-voco-Venice-Mestre-The-Quid.jpg\",\"contentUrl\":\"https:\/\/www.quidhotelvenice.com\/wp-content\/uploads\/sites\/557\/2023\/07\/Fitness-Room-voco-Venice-Mestre-The-Quid.jpg\",\"width\":2200,\"height\":1200},{\"@type\":\"BreadcrumbList\",\"@id\":\"https:\/\/www.quidhotelvenice.com\/fr\/services\/#breadcrumb\",\"itemListElement\":[{\"@type\":\"ListItem\",\"position\":1,\"name\":\"Home\",\"item\":\"https:\/\/www.quidhotelvenice.com\/fr\/\"},{\"@type\":\"ListItem\",\"position\":2,\"name\":\"Services\"}]},{\"@type\":\"WebSite\",\"@id\":\"https:\/\/www.quidhotelvenice.com\/fr\/#website\",\"url\":\"https:\/\/www.quidhotelvenice.com\/fr\/\",\"name\":\"Voco Venice Mestre\",\"description\":\"\",\"potentialAction\":[{\"@type\":\"SearchAction\",\"target\":{\"@type\":\"EntryPoint\",\"urlTemplate\":\"https:\/\/www.quidhotelvenice.com\/fr\/?s={search_term_string}\"},\"query-input\":{\"@type\":\"PropertyValueSpecification\",\"valueRequired\":true,\"valueName\":\"search_term_string\"}}],\"inLanguage\":\"fr-FR\"}]}<\/script>\n<!-- \/ Yoast SEO plugin. -->","yoast_head_json":{"title":"Services : Fitness, parking | voco\u00ae Venice Mestre - The Quid","description":"Le voco\u00ae Venice Mestre : une gamme compl\u00e8te de services pour vos besoins professionnels ou familiaux. S\u00e9jour 4 \u00e9toiles tout confort. D\u00e9couvrir les services","robots":{"index":"index","follow":"follow","max-snippet":"max-snippet:-1","max-image-preview":"max-image-preview:large","max-video-preview":"max-video-preview:-1"},"canonical":"https:\/\/www.quidhotelvenice.com\/fr\/services\/","og_locale":"fr_FR","og_type":"article","og_title":"Services : Fitness, parking | voco\u00ae Venice Mestre - The Quid","og_description":"Le voco\u00ae Venice Mestre : une gamme compl\u00e8te de services pour vos besoins professionnels ou familiaux. S\u00e9jour 4 \u00e9toiles tout confort. D\u00e9couvrir les services","og_url":"https:\/\/www.quidhotelvenice.com\/fr\/services\/","og_site_name":"Voco Venice Mestre","article_modified_time":"2023-08-29T12:16:55+00:00","og_image":[{"width":2200,"height":1200,"url":"https:\/\/www.quidhotelvenice.com\/wp-content\/uploads\/sites\/557\/2023\/07\/Fitness-Room-voco-Venice-Mestre-The-Quid.jpg","type":"image\/jpeg"}],"twitter_card":"summary_large_image","twitter_misc":{"Dur\u00e9e de lecture estim\u00e9e":"1 minute"},"schema":{"@context":"https:\/\/schema.org","@graph":[{"@type":"WebPage","@id":"https:\/\/www.quidhotelvenice.com\/fr\/services\/","url":"https:\/\/www.quidhotelvenice.com\/fr\/services\/","name":"Services : Fitness, parking | voco\u00ae Venice Mestre - The Quid","isPartOf":{"@id":"https:\/\/www.quidhotelvenice.com\/fr\/#website"},"primaryImageOfPage":{"@id":"https:\/\/www.quidhotelvenice.com\/fr\/services\/#primaryimage"},"image":{"@id":"https:\/\/www.quidhotelvenice.com\/fr\/services\/#primaryimage"},"thumbnailUrl":"https:\/\/www.quidhotelvenice.com\/wp-content\/uploads\/sites\/557\/2023\/07\/Fitness-Room-voco-Venice-Mestre-The-Quid.jpg","datePublished":"2023-07-20T08:25:25+00:00","dateModified":"2023-08-29T12:16:55+00:00","description":"Le voco\u00ae Venice Mestre : une gamme compl\u00e8te de services pour vos besoins professionnels ou familiaux. S\u00e9jour 4 \u00e9toiles tout confort. D\u00e9couvrir les services","breadcrumb":{"@id":"https:\/\/www.quidhotelvenice.com\/fr\/services\/#breadcrumb"},"inLanguage":"fr-FR","potentialAction":[{"@type":"ReadAction","target":["https:\/\/www.quidhotelvenice.com\/fr\/services\/"]}]},{"@type":"ImageObject","inLanguage":"fr-FR","@id":"https:\/\/www.quidhotelvenice.com\/fr\/services\/#primaryimage","url":"https:\/\/www.quidhotelvenice.com\/wp-content\/uploads\/sites\/557\/2023\/07\/Fitness-Room-voco-Venice-Mestre-The-Quid.jpg","contentUrl":"https:\/\/www.quidhotelvenice.com\/wp-content\/uploads\/sites\/557\/2023\/07\/Fitness-Room-voco-Venice-Mestre-The-Quid.jpg","width":2200,"height":1200},{"@type":"BreadcrumbList","@id":"https:\/\/www.quidhotelvenice.com\/fr\/services\/#breadcrumb","itemListElement":[{"@type":"ListItem","position":1,"name":"Home","item":"https:\/\/www.quidhotelvenice.com\/fr\/"},{"@type":"ListItem","position":2,"name":"Services"}]},{"@type":"WebSite","@id":"https:\/\/www.quidhotelvenice.com\/fr\/#website","url":"https:\/\/www.quidhotelvenice.com\/fr\/","name":"Voco Venice Mestre","description":"","potentialAction":[{"@type":"SearchAction","target":{"@type":"EntryPoint","urlTemplate":"https:\/\/www.quidhotelvenice.com\/fr\/?s={search_term_string}"},"query-input":{"@type":"PropertyValueSpecification","valueRequired":true,"valueName":"search_term_string"}}],"inLanguage":"fr-FR"}]}},"acf":[],"_links":{"self":[{"href":"https:\/\/www.quidhotelvenice.com\/fr\/wp-json\/wp\/v2\/pages\/91","targetHints":{"allow":["GET"]}}],"collection":[{"href":"https:\/\/www.quidhotelvenice.com\/fr\/wp-json\/wp\/v2\/pages"}],"about":[{"href":"https:\/\/www.quidhotelvenice.com\/fr\/wp-json\/wp\/v2\/types\/page"}],"author":[{"embeddable":true,"href":"https:\/\/www.quidhotelvenice.com\/fr\/wp-json\/wp\/v2\/users\/6"}],"replies":[{"embeddable":true,"href":"https:\/\/www.quidhotelvenice.com\/fr\/wp-json\/wp\/v2\/comments?post=91"}],"version-history":[{"count":0,"href":"https:\/\/www.quidhotelvenice.com\/fr\/wp-json\/wp\/v2\/pages\/91\/revisions"}],"wp:featuredmedia":[{"embeddable":true,"href":"https:\/\/www.quidhotelvenice.com\/fr\/wp-json\/wp\/v2\/media\/757"}],"wp:attachment":[{"href":"https:\/\/www.quidhotelvenice.com\/fr\/wp-json\/wp\/v2\/media?parent=91"}],"curies":[{"name":"wp","href":"https:\/\/api.w.org\/{rel}","templated":true}]}}