{"id":87,"date":"2023-07-20T08:23:55","date_gmt":"2023-07-20T08:23:55","guid":{"rendered":"https:\/\/voco-venice.ms.decms.eu\/meeting-ed-eventi\/banqueting\/"},"modified":"2025-03-20T16:34:24","modified_gmt":"2025-03-20T16:34:24","slug":"banquets","status":"publish","type":"page","link":"https:\/\/www.quidhotelvenice.com\/fr\/meeting-evenements\/banquets\/","title":{"rendered":"Banquets"},"content":{"rendered":"<p><span style=\"font-weight: 400\">Quand on organise un \u00e9v\u00e9nement, le choix du lieu est fondamental, au m\u00eame titre que la <\/span><b>qualit\u00e9 de la restauration<\/b><span style=\"font-weight: 400\">, deux bonnes raisons de choisir le voco\u00ae Venice Mestre !<\/span><span style=\"font-weight: 400\"><br \/>\n<\/span><span style=\"font-weight: 400\">C&rsquo;est pourquoi nous avons cr\u00e9\u00e9 pour vous un <\/span><b>service de banquet<\/b><span style=\"font-weight: 400\"> o\u00f9 chaque plat est pr\u00e9par\u00e9 avec le plus grand soin par notre Chef. Sublimez votre s\u00e9minaire d\u2019entreprise avec un service <\/span><b>food&amp;beverage<\/b><span style=\"font-weight: 400\"> \u00e9labor\u00e9 sp\u00e9cialement en fonction de vos besoins par notre <\/span><b>team business event<\/b><span style=\"font-weight: 400\"> : laissez-vous surprendre des saveurs uniques et des plats gourmets. <\/span><\/p>\n","protected":false},"excerpt":{"rendered":"<p>Quand on organise un \u00e9v\u00e9nement, le choix du lieu est fondamental, au m\u00eame titre que la qualit\u00e9 de la restauration, deux bonnes raisons de choisir le voco\u00ae Venice Mestre ! C&rsquo;est pourquoi nous avons cr\u00e9\u00e9 pour vous un service de banquet o\u00f9 chaque plat est pr\u00e9par\u00e9 avec le plus grand soin par notre Chef. Sublimez [&hellip;]<\/p>\n","protected":false},"author":6,"featured_media":744,"parent":75,"menu_order":52,"comment_status":"closed","ping_status":"closed","template":"template-banqueting.php","meta":{"footnotes":""},"class_list":["post-87","page","type-page","status-publish","has-post-thumbnail","hentry"],"yoast_head":"<!-- This site is optimized with the Yoast SEO plugin v26.9 - https:\/\/yoast.com\/product\/yoast-seo-wordpress\/ -->\n<title>H\u00f4tel avec service banquet | voco\u00ae Venice Mestre - The Quid<\/title>\n<meta name=\"description\" content=\"Organisation d&#039;un service banquet pour vos \u00e9v\u00e9nements, id\u00e9al pour surprendre et s\u00e9duire vos convives. D\u00e9couvrir le service exclusif du voco\u00ae Venice Mestre.\" \/>\n<meta name=\"robots\" content=\"index, follow, max-snippet:-1, max-image-preview:large, max-video-preview:-1\" \/>\n<link rel=\"canonical\" href=\"https:\/\/www.quidhotelvenice.com\/fr\/meeting-evenements\/banquets\/\" \/>\n<meta property=\"og:locale\" content=\"fr_FR\" \/>\n<meta property=\"og:type\" content=\"article\" \/>\n<meta property=\"og:title\" content=\"H\u00f4tel avec service banquet | voco\u00ae Venice Mestre - The Quid\" \/>\n<meta property=\"og:description\" content=\"Organisation d&#039;un service banquet pour vos \u00e9v\u00e9nements, id\u00e9al pour surprendre et s\u00e9duire vos convives. D\u00e9couvrir le service exclusif du voco\u00ae Venice Mestre.\" \/>\n<meta property=\"og:url\" content=\"https:\/\/www.quidhotelvenice.com\/fr\/meeting-evenements\/banquets\/\" \/>\n<meta property=\"og:site_name\" content=\"Voco Venice Mestre\" \/>\n<meta property=\"article:modified_time\" content=\"2025-03-20T16:34:24+00:00\" \/>\n<meta property=\"og:image\" content=\"https:\/\/www.quidhotelvenice.com\/wp-content\/uploads\/sites\/557\/2023\/07\/Ludico-Bar-voco-Venice-Mestre-The-Quid_1.jpg\" \/>\n\t<meta property=\"og:image:width\" content=\"2200\" \/>\n\t<meta property=\"og:image:height\" content=\"1200\" \/>\n\t<meta property=\"og:image:type\" content=\"image\/jpeg\" \/>\n<meta name=\"twitter:card\" content=\"summary_large_image\" \/>\n<meta name=\"twitter:label1\" content=\"Dur\u00e9e de lecture estim\u00e9e\" \/>\n\t<meta name=\"twitter:data1\" content=\"1 minute\" \/>\n<script type=\"application\/ld+json\" class=\"yoast-schema-graph\">{\"@context\":\"https:\/\/schema.org\",\"@graph\":[{\"@type\":\"WebPage\",\"@id\":\"https:\/\/www.quidhotelvenice.com\/fr\/meeting-evenements\/banquets\/\",\"url\":\"https:\/\/www.quidhotelvenice.com\/fr\/meeting-evenements\/banquets\/\",\"name\":\"H\u00f4tel avec service banquet | voco\u00ae Venice Mestre - The Quid\",\"isPartOf\":{\"@id\":\"https:\/\/www.quidhotelvenice.com\/fr\/#website\"},\"primaryImageOfPage\":{\"@id\":\"https:\/\/www.quidhotelvenice.com\/fr\/meeting-evenements\/banquets\/#primaryimage\"},\"image\":{\"@id\":\"https:\/\/www.quidhotelvenice.com\/fr\/meeting-evenements\/banquets\/#primaryimage\"},\"thumbnailUrl\":\"https:\/\/www.quidhotelvenice.com\/wp-content\/uploads\/sites\/557\/2023\/07\/Ludico-Bar-voco-Venice-Mestre-The-Quid_1.jpg\",\"datePublished\":\"2023-07-20T08:23:55+00:00\",\"dateModified\":\"2025-03-20T16:34:24+00:00\",\"description\":\"Organisation d'un service banquet pour vos \u00e9v\u00e9nements, id\u00e9al pour surprendre et s\u00e9duire vos convives. D\u00e9couvrir le service exclusif du voco\u00ae Venice Mestre.\",\"breadcrumb\":{\"@id\":\"https:\/\/www.quidhotelvenice.com\/fr\/meeting-evenements\/banquets\/#breadcrumb\"},\"inLanguage\":\"fr-FR\",\"potentialAction\":[{\"@type\":\"ReadAction\",\"target\":[\"https:\/\/www.quidhotelvenice.com\/fr\/meeting-evenements\/banquets\/\"]}]},{\"@type\":\"ImageObject\",\"inLanguage\":\"fr-FR\",\"@id\":\"https:\/\/www.quidhotelvenice.com\/fr\/meeting-evenements\/banquets\/#primaryimage\",\"url\":\"https:\/\/www.quidhotelvenice.com\/wp-content\/uploads\/sites\/557\/2023\/07\/Ludico-Bar-voco-Venice-Mestre-The-Quid_1.jpg\",\"contentUrl\":\"https:\/\/www.quidhotelvenice.com\/wp-content\/uploads\/sites\/557\/2023\/07\/Ludico-Bar-voco-Venice-Mestre-The-Quid_1.jpg\",\"width\":2200,\"height\":1200},{\"@type\":\"BreadcrumbList\",\"@id\":\"https:\/\/www.quidhotelvenice.com\/fr\/meeting-evenements\/banquets\/#breadcrumb\",\"itemListElement\":[{\"@type\":\"ListItem\",\"position\":1,\"name\":\"Home\",\"item\":\"https:\/\/www.quidhotelvenice.com\/fr\/\"},{\"@type\":\"ListItem\",\"position\":2,\"name\":\"Meeting &amp; \u00e9v\u00e9nements\",\"item\":\"https:\/\/www.quidhotelvenice.com\/fr\/meeting-evenements\/\"},{\"@type\":\"ListItem\",\"position\":3,\"name\":\"Banquets\"}]},{\"@type\":\"WebSite\",\"@id\":\"https:\/\/www.quidhotelvenice.com\/fr\/#website\",\"url\":\"https:\/\/www.quidhotelvenice.com\/fr\/\",\"name\":\"Voco Venice Mestre\",\"description\":\"\",\"potentialAction\":[{\"@type\":\"SearchAction\",\"target\":{\"@type\":\"EntryPoint\",\"urlTemplate\":\"https:\/\/www.quidhotelvenice.com\/fr\/?s={search_term_string}\"},\"query-input\":{\"@type\":\"PropertyValueSpecification\",\"valueRequired\":true,\"valueName\":\"search_term_string\"}}],\"inLanguage\":\"fr-FR\"}]}<\/script>\n<!-- \/ Yoast SEO plugin. -->","yoast_head_json":{"title":"H\u00f4tel avec service banquet | voco\u00ae Venice Mestre - The Quid","description":"Organisation d'un service banquet pour vos \u00e9v\u00e9nements, id\u00e9al pour surprendre et s\u00e9duire vos convives. D\u00e9couvrir le service exclusif du voco\u00ae Venice Mestre.","robots":{"index":"index","follow":"follow","max-snippet":"max-snippet:-1","max-image-preview":"max-image-preview:large","max-video-preview":"max-video-preview:-1"},"canonical":"https:\/\/www.quidhotelvenice.com\/fr\/meeting-evenements\/banquets\/","og_locale":"fr_FR","og_type":"article","og_title":"H\u00f4tel avec service banquet | voco\u00ae Venice Mestre - The Quid","og_description":"Organisation d'un service banquet pour vos \u00e9v\u00e9nements, id\u00e9al pour surprendre et s\u00e9duire vos convives. D\u00e9couvrir le service exclusif du voco\u00ae Venice Mestre.","og_url":"https:\/\/www.quidhotelvenice.com\/fr\/meeting-evenements\/banquets\/","og_site_name":"Voco Venice Mestre","article_modified_time":"2025-03-20T16:34:24+00:00","og_image":[{"width":2200,"height":1200,"url":"https:\/\/www.quidhotelvenice.com\/wp-content\/uploads\/sites\/557\/2023\/07\/Ludico-Bar-voco-Venice-Mestre-The-Quid_1.jpg","type":"image\/jpeg"}],"twitter_card":"summary_large_image","twitter_misc":{"Dur\u00e9e de lecture estim\u00e9e":"1 minute"},"schema":{"@context":"https:\/\/schema.org","@graph":[{"@type":"WebPage","@id":"https:\/\/www.quidhotelvenice.com\/fr\/meeting-evenements\/banquets\/","url":"https:\/\/www.quidhotelvenice.com\/fr\/meeting-evenements\/banquets\/","name":"H\u00f4tel avec service banquet | voco\u00ae Venice Mestre - The Quid","isPartOf":{"@id":"https:\/\/www.quidhotelvenice.com\/fr\/#website"},"primaryImageOfPage":{"@id":"https:\/\/www.quidhotelvenice.com\/fr\/meeting-evenements\/banquets\/#primaryimage"},"image":{"@id":"https:\/\/www.quidhotelvenice.com\/fr\/meeting-evenements\/banquets\/#primaryimage"},"thumbnailUrl":"https:\/\/www.quidhotelvenice.com\/wp-content\/uploads\/sites\/557\/2023\/07\/Ludico-Bar-voco-Venice-Mestre-The-Quid_1.jpg","datePublished":"2023-07-20T08:23:55+00:00","dateModified":"2025-03-20T16:34:24+00:00","description":"Organisation d'un service banquet pour vos \u00e9v\u00e9nements, id\u00e9al pour surprendre et s\u00e9duire vos convives. D\u00e9couvrir le service exclusif du voco\u00ae Venice Mestre.","breadcrumb":{"@id":"https:\/\/www.quidhotelvenice.com\/fr\/meeting-evenements\/banquets\/#breadcrumb"},"inLanguage":"fr-FR","potentialAction":[{"@type":"ReadAction","target":["https:\/\/www.quidhotelvenice.com\/fr\/meeting-evenements\/banquets\/"]}]},{"@type":"ImageObject","inLanguage":"fr-FR","@id":"https:\/\/www.quidhotelvenice.com\/fr\/meeting-evenements\/banquets\/#primaryimage","url":"https:\/\/www.quidhotelvenice.com\/wp-content\/uploads\/sites\/557\/2023\/07\/Ludico-Bar-voco-Venice-Mestre-The-Quid_1.jpg","contentUrl":"https:\/\/www.quidhotelvenice.com\/wp-content\/uploads\/sites\/557\/2023\/07\/Ludico-Bar-voco-Venice-Mestre-The-Quid_1.jpg","width":2200,"height":1200},{"@type":"BreadcrumbList","@id":"https:\/\/www.quidhotelvenice.com\/fr\/meeting-evenements\/banquets\/#breadcrumb","itemListElement":[{"@type":"ListItem","position":1,"name":"Home","item":"https:\/\/www.quidhotelvenice.com\/fr\/"},{"@type":"ListItem","position":2,"name":"Meeting &amp; \u00e9v\u00e9nements","item":"https:\/\/www.quidhotelvenice.com\/fr\/meeting-evenements\/"},{"@type":"ListItem","position":3,"name":"Banquets"}]},{"@type":"WebSite","@id":"https:\/\/www.quidhotelvenice.com\/fr\/#website","url":"https:\/\/www.quidhotelvenice.com\/fr\/","name":"Voco Venice Mestre","description":"","potentialAction":[{"@type":"SearchAction","target":{"@type":"EntryPoint","urlTemplate":"https:\/\/www.quidhotelvenice.com\/fr\/?s={search_term_string}"},"query-input":{"@type":"PropertyValueSpecification","valueRequired":true,"valueName":"search_term_string"}}],"inLanguage":"fr-FR"}]}},"acf":[],"_links":{"self":[{"href":"https:\/\/www.quidhotelvenice.com\/fr\/wp-json\/wp\/v2\/pages\/87","targetHints":{"allow":["GET"]}}],"collection":[{"href":"https:\/\/www.quidhotelvenice.com\/fr\/wp-json\/wp\/v2\/pages"}],"about":[{"href":"https:\/\/www.quidhotelvenice.com\/fr\/wp-json\/wp\/v2\/types\/page"}],"author":[{"embeddable":true,"href":"https:\/\/www.quidhotelvenice.com\/fr\/wp-json\/wp\/v2\/users\/6"}],"replies":[{"embeddable":true,"href":"https:\/\/www.quidhotelvenice.com\/fr\/wp-json\/wp\/v2\/comments?post=87"}],"version-history":[{"count":0,"href":"https:\/\/www.quidhotelvenice.com\/fr\/wp-json\/wp\/v2\/pages\/87\/revisions"}],"up":[{"embeddable":true,"href":"https:\/\/www.quidhotelvenice.com\/fr\/wp-json\/wp\/v2\/pages\/75"}],"wp:featuredmedia":[{"embeddable":true,"href":"https:\/\/www.quidhotelvenice.com\/fr\/wp-json\/wp\/v2\/media\/744"}],"wp:attachment":[{"href":"https:\/\/www.quidhotelvenice.com\/fr\/wp-json\/wp\/v2\/media?parent=87"}],"curies":[{"name":"wp","href":"https:\/\/api.w.org\/{rel}","templated":true}]}}