{"id":75,"date":"2023-07-20T07:53:24","date_gmt":"2023-07-20T07:53:24","guid":{"rendered":"https:\/\/voco-venice.ms.decms.eu\/meeting-ed-eventi\/"},"modified":"2025-04-09T14:24:52","modified_gmt":"2025-04-09T14:24:52","slug":"meeting-evenements","status":"publish","type":"page","link":"https:\/\/www.quidhotelvenice.com\/fr\/meeting-evenements\/","title":{"rendered":"Meeting &amp; \u00e9v\u00e9nements"},"content":{"rendered":"<p><span style=\"font-weight: 400\">Vous souhaitez rendre vos \u00e9v\u00e9nements et r\u00e9unions de travail tout simplement <\/span><b>m\u00e9morables<\/b><span style=\"font-weight: 400\"> ? Au voco\u00ae Venice Mestre, vous pouvez ! <\/span><span style=\"font-weight: 400\"><br \/>\n<\/span><span style=\"font-weight: 400\">Situ\u00e9 en position strat\u00e9gique, notre h\u00f4tel est <\/span><b>\u00e0 quelques minutes de Venise<\/b><span style=\"font-weight: 400\"> et \u00e0 <\/span><b>seulement deux minutes de l&rsquo;autoroute A4<\/b><span style=\"font-weight: 400\">. Dot\u00e9 d&rsquo;un parking ext\u00e9rieur gratuit et d\u2019un garage souterrain et parfaitement reli\u00e9 \u00e0 <\/span><b>Tr\u00e9vise<\/b><span style=\"font-weight: 400\">, <\/span><b>Venise<\/b><span style=\"font-weight: 400\"> et <\/span><b>Mestre<\/b><span style=\"font-weight: 400\">, l\u2019emplacement pr\u00e9f\u00e9rentiel de notre h\u00f4tel permet \u00e9galement \u00e0 vos h\u00f4tes de nous rejoindre en toute commodit\u00e9 depuis n&rsquo;importe quel <\/span><b>a\u00e9roport<\/b><span style=\"font-weight: 400\"> de la r\u00e9gion.<\/span><\/p>\n<p><span style=\"font-weight: 400\">Nous mettons \u00e0 votre disposition d\u2019<\/span><b>amples espaces<\/b><span style=\"font-weight: 400\"> lumineux et design, dot\u00e9s d&rsquo;\u00e9quipements haute technologie, alors pourquoi faire des compromis ? Au voco\u00ae Venice Mestre, vous pouvez avoir tout ce que vous voulez, et bien plus encore ? <\/span><\/p>\n","protected":false},"excerpt":{"rendered":"<p>Vous souhaitez rendre vos \u00e9v\u00e9nements et r\u00e9unions de travail tout simplement m\u00e9morables ? Au voco\u00ae Venice Mestre, vous pouvez ! Situ\u00e9 en position strat\u00e9gique, notre h\u00f4tel est \u00e0 quelques minutes de Venise et \u00e0 seulement deux minutes de l&rsquo;autoroute A4. Dot\u00e9 d&rsquo;un parking ext\u00e9rieur gratuit et d\u2019un garage souterrain et parfaitement reli\u00e9 \u00e0 Tr\u00e9vise, Venise [&hellip;]<\/p>\n","protected":false},"author":6,"featured_media":728,"parent":0,"menu_order":50,"comment_status":"closed","ping_status":"closed","template":"template-meeting.php","meta":{"footnotes":""},"class_list":["post-75","page","type-page","status-publish","has-post-thumbnail","hentry"],"yoast_head":"<!-- This site is optimized with the Yoast SEO plugin v26.9 - https:\/\/yoast.com\/product\/yoast-seo-wordpress\/ -->\n<title>Salles \u00e9v\u00e9nementiel | voco\u00ae Venice Mestre - The Quid<\/title>\n<meta name=\"description\" content=\"voco\u00ae Hotel : l&#039;endroit id\u00e9al pour l&#039;\u00e9v\u00e9nementiel d&#039;entreprise \u00e0 Mestre. Service banquet, salles parfaitement \u00e9quip\u00e9es, parking couvert. Voir la position.\" \/>\n<meta name=\"robots\" content=\"index, follow, max-snippet:-1, max-image-preview:large, max-video-preview:-1\" \/>\n<link rel=\"canonical\" href=\"https:\/\/www.quidhotelvenice.com\/fr\/meeting-evenements\/\" \/>\n<meta property=\"og:locale\" content=\"fr_FR\" \/>\n<meta property=\"og:type\" content=\"article\" \/>\n<meta property=\"og:title\" content=\"Salles \u00e9v\u00e9nementiel | voco\u00ae Venice Mestre - The Quid\" \/>\n<meta property=\"og:description\" content=\"voco\u00ae Hotel : l&#039;endroit id\u00e9al pour l&#039;\u00e9v\u00e9nementiel d&#039;entreprise \u00e0 Mestre. Service banquet, salles parfaitement \u00e9quip\u00e9es, parking couvert. Voir la position.\" \/>\n<meta property=\"og:url\" content=\"https:\/\/www.quidhotelvenice.com\/fr\/meeting-evenements\/\" \/>\n<meta property=\"og:site_name\" content=\"Voco Venice Mestre\" \/>\n<meta property=\"article:modified_time\" content=\"2025-04-09T14:24:52+00:00\" \/>\n<meta property=\"og:image\" content=\"https:\/\/www.quidhotelvenice.com\/wp-content\/uploads\/sites\/557\/2023\/07\/Meeting-Room-Boeing-voco-Venice-Mestre-The-Quid.jpg\" \/>\n\t<meta property=\"og:image:width\" content=\"2200\" \/>\n\t<meta property=\"og:image:height\" content=\"1200\" \/>\n\t<meta property=\"og:image:type\" content=\"image\/jpeg\" \/>\n<meta name=\"twitter:card\" content=\"summary_large_image\" \/>\n<meta name=\"twitter:label1\" content=\"Dur\u00e9e de lecture estim\u00e9e\" \/>\n\t<meta name=\"twitter:data1\" content=\"1 minute\" \/>\n<script type=\"application\/ld+json\" class=\"yoast-schema-graph\">{\"@context\":\"https:\/\/schema.org\",\"@graph\":[{\"@type\":\"WebPage\",\"@id\":\"https:\/\/www.quidhotelvenice.com\/fr\/meeting-evenements\/\",\"url\":\"https:\/\/www.quidhotelvenice.com\/fr\/meeting-evenements\/\",\"name\":\"Salles \u00e9v\u00e9nementiel | voco\u00ae Venice Mestre - The Quid\",\"isPartOf\":{\"@id\":\"https:\/\/www.quidhotelvenice.com\/fr\/#website\"},\"primaryImageOfPage\":{\"@id\":\"https:\/\/www.quidhotelvenice.com\/fr\/meeting-evenements\/#primaryimage\"},\"image\":{\"@id\":\"https:\/\/www.quidhotelvenice.com\/fr\/meeting-evenements\/#primaryimage\"},\"thumbnailUrl\":\"https:\/\/www.quidhotelvenice.com\/wp-content\/uploads\/sites\/557\/2023\/07\/Meeting-Room-Boeing-voco-Venice-Mestre-The-Quid.jpg\",\"datePublished\":\"2023-07-20T07:53:24+00:00\",\"dateModified\":\"2025-04-09T14:24:52+00:00\",\"description\":\"voco\u00ae Hotel : l'endroit id\u00e9al pour l'\u00e9v\u00e9nementiel d'entreprise \u00e0 Mestre. Service banquet, salles parfaitement \u00e9quip\u00e9es, parking couvert. Voir la position.\",\"breadcrumb\":{\"@id\":\"https:\/\/www.quidhotelvenice.com\/fr\/meeting-evenements\/#breadcrumb\"},\"inLanguage\":\"fr-FR\",\"potentialAction\":[{\"@type\":\"ReadAction\",\"target\":[\"https:\/\/www.quidhotelvenice.com\/fr\/meeting-evenements\/\"]}]},{\"@type\":\"ImageObject\",\"inLanguage\":\"fr-FR\",\"@id\":\"https:\/\/www.quidhotelvenice.com\/fr\/meeting-evenements\/#primaryimage\",\"url\":\"https:\/\/www.quidhotelvenice.com\/wp-content\/uploads\/sites\/557\/2023\/07\/Meeting-Room-Boeing-voco-Venice-Mestre-The-Quid.jpg\",\"contentUrl\":\"https:\/\/www.quidhotelvenice.com\/wp-content\/uploads\/sites\/557\/2023\/07\/Meeting-Room-Boeing-voco-Venice-Mestre-The-Quid.jpg\",\"width\":2200,\"height\":1200},{\"@type\":\"BreadcrumbList\",\"@id\":\"https:\/\/www.quidhotelvenice.com\/fr\/meeting-evenements\/#breadcrumb\",\"itemListElement\":[{\"@type\":\"ListItem\",\"position\":1,\"name\":\"Home\",\"item\":\"https:\/\/www.quidhotelvenice.com\/fr\/\"},{\"@type\":\"ListItem\",\"position\":2,\"name\":\"Meeting &amp; \u00e9v\u00e9nements\"}]},{\"@type\":\"WebSite\",\"@id\":\"https:\/\/www.quidhotelvenice.com\/fr\/#website\",\"url\":\"https:\/\/www.quidhotelvenice.com\/fr\/\",\"name\":\"Voco Venice Mestre\",\"description\":\"\",\"potentialAction\":[{\"@type\":\"SearchAction\",\"target\":{\"@type\":\"EntryPoint\",\"urlTemplate\":\"https:\/\/www.quidhotelvenice.com\/fr\/?s={search_term_string}\"},\"query-input\":{\"@type\":\"PropertyValueSpecification\",\"valueRequired\":true,\"valueName\":\"search_term_string\"}}],\"inLanguage\":\"fr-FR\"}]}<\/script>\n<!-- \/ Yoast SEO plugin. -->","yoast_head_json":{"title":"Salles \u00e9v\u00e9nementiel | voco\u00ae Venice Mestre - The Quid","description":"voco\u00ae Hotel : l'endroit id\u00e9al pour l'\u00e9v\u00e9nementiel d'entreprise \u00e0 Mestre. Service banquet, salles parfaitement \u00e9quip\u00e9es, parking couvert. Voir la position.","robots":{"index":"index","follow":"follow","max-snippet":"max-snippet:-1","max-image-preview":"max-image-preview:large","max-video-preview":"max-video-preview:-1"},"canonical":"https:\/\/www.quidhotelvenice.com\/fr\/meeting-evenements\/","og_locale":"fr_FR","og_type":"article","og_title":"Salles \u00e9v\u00e9nementiel | voco\u00ae Venice Mestre - The Quid","og_description":"voco\u00ae Hotel : l'endroit id\u00e9al pour l'\u00e9v\u00e9nementiel d'entreprise \u00e0 Mestre. Service banquet, salles parfaitement \u00e9quip\u00e9es, parking couvert. Voir la position.","og_url":"https:\/\/www.quidhotelvenice.com\/fr\/meeting-evenements\/","og_site_name":"Voco Venice Mestre","article_modified_time":"2025-04-09T14:24:52+00:00","og_image":[{"width":2200,"height":1200,"url":"https:\/\/www.quidhotelvenice.com\/wp-content\/uploads\/sites\/557\/2023\/07\/Meeting-Room-Boeing-voco-Venice-Mestre-The-Quid.jpg","type":"image\/jpeg"}],"twitter_card":"summary_large_image","twitter_misc":{"Dur\u00e9e de lecture estim\u00e9e":"1 minute"},"schema":{"@context":"https:\/\/schema.org","@graph":[{"@type":"WebPage","@id":"https:\/\/www.quidhotelvenice.com\/fr\/meeting-evenements\/","url":"https:\/\/www.quidhotelvenice.com\/fr\/meeting-evenements\/","name":"Salles \u00e9v\u00e9nementiel | voco\u00ae Venice Mestre - The Quid","isPartOf":{"@id":"https:\/\/www.quidhotelvenice.com\/fr\/#website"},"primaryImageOfPage":{"@id":"https:\/\/www.quidhotelvenice.com\/fr\/meeting-evenements\/#primaryimage"},"image":{"@id":"https:\/\/www.quidhotelvenice.com\/fr\/meeting-evenements\/#primaryimage"},"thumbnailUrl":"https:\/\/www.quidhotelvenice.com\/wp-content\/uploads\/sites\/557\/2023\/07\/Meeting-Room-Boeing-voco-Venice-Mestre-The-Quid.jpg","datePublished":"2023-07-20T07:53:24+00:00","dateModified":"2025-04-09T14:24:52+00:00","description":"voco\u00ae Hotel : l'endroit id\u00e9al pour l'\u00e9v\u00e9nementiel d'entreprise \u00e0 Mestre. Service banquet, salles parfaitement \u00e9quip\u00e9es, parking couvert. Voir la position.","breadcrumb":{"@id":"https:\/\/www.quidhotelvenice.com\/fr\/meeting-evenements\/#breadcrumb"},"inLanguage":"fr-FR","potentialAction":[{"@type":"ReadAction","target":["https:\/\/www.quidhotelvenice.com\/fr\/meeting-evenements\/"]}]},{"@type":"ImageObject","inLanguage":"fr-FR","@id":"https:\/\/www.quidhotelvenice.com\/fr\/meeting-evenements\/#primaryimage","url":"https:\/\/www.quidhotelvenice.com\/wp-content\/uploads\/sites\/557\/2023\/07\/Meeting-Room-Boeing-voco-Venice-Mestre-The-Quid.jpg","contentUrl":"https:\/\/www.quidhotelvenice.com\/wp-content\/uploads\/sites\/557\/2023\/07\/Meeting-Room-Boeing-voco-Venice-Mestre-The-Quid.jpg","width":2200,"height":1200},{"@type":"BreadcrumbList","@id":"https:\/\/www.quidhotelvenice.com\/fr\/meeting-evenements\/#breadcrumb","itemListElement":[{"@type":"ListItem","position":1,"name":"Home","item":"https:\/\/www.quidhotelvenice.com\/fr\/"},{"@type":"ListItem","position":2,"name":"Meeting &amp; \u00e9v\u00e9nements"}]},{"@type":"WebSite","@id":"https:\/\/www.quidhotelvenice.com\/fr\/#website","url":"https:\/\/www.quidhotelvenice.com\/fr\/","name":"Voco Venice Mestre","description":"","potentialAction":[{"@type":"SearchAction","target":{"@type":"EntryPoint","urlTemplate":"https:\/\/www.quidhotelvenice.com\/fr\/?s={search_term_string}"},"query-input":{"@type":"PropertyValueSpecification","valueRequired":true,"valueName":"search_term_string"}}],"inLanguage":"fr-FR"}]}},"acf":[],"_links":{"self":[{"href":"https:\/\/www.quidhotelvenice.com\/fr\/wp-json\/wp\/v2\/pages\/75","targetHints":{"allow":["GET"]}}],"collection":[{"href":"https:\/\/www.quidhotelvenice.com\/fr\/wp-json\/wp\/v2\/pages"}],"about":[{"href":"https:\/\/www.quidhotelvenice.com\/fr\/wp-json\/wp\/v2\/types\/page"}],"author":[{"embeddable":true,"href":"https:\/\/www.quidhotelvenice.com\/fr\/wp-json\/wp\/v2\/users\/6"}],"replies":[{"embeddable":true,"href":"https:\/\/www.quidhotelvenice.com\/fr\/wp-json\/wp\/v2\/comments?post=75"}],"version-history":[{"count":0,"href":"https:\/\/www.quidhotelvenice.com\/fr\/wp-json\/wp\/v2\/pages\/75\/revisions"}],"wp:featuredmedia":[{"embeddable":true,"href":"https:\/\/www.quidhotelvenice.com\/fr\/wp-json\/wp\/v2\/media\/728"}],"wp:attachment":[{"href":"https:\/\/www.quidhotelvenice.com\/fr\/wp-json\/wp\/v2\/media?parent=75"}],"curies":[{"name":"wp","href":"https:\/\/api.w.org\/{rel}","templated":true}]}}