{"id":63,"date":"2023-07-20T07:49:18","date_gmt":"2023-07-20T07:49:18","guid":{"rendered":"https:\/\/voco-venice.ms.decms.eu\/bar-e-ristorante\/ludico-bar\/"},"modified":"2025-03-20T16:20:07","modified_gmt":"2025-03-20T16:20:07","slug":"ludico-bar","status":"publish","type":"page","link":"https:\/\/www.quidhotelvenice.com\/fr\/bar-et-restaurant\/ludico-bar\/","title":{"rendered":"Ludico Bar"},"content":{"rendered":"<p><span style=\"font-weight: 400\">Le bar <\/span><b>Ludico &#8211; Drinks, Food &amp; Play<\/b><span style=\"font-weight: 400\">, <\/span><span style=\"font-weight: 400\">vous accueille dans une<\/span><b> ambiance p\u00e9tillante et informelle<\/b><span style=\"font-weight: 400\">, id\u00e9ale pour oublier la fatigue de la journ\u00e9e et profiter de quelques instants de relax bien m\u00e9rit\u00e9s.<\/span><span style=\"font-weight: 400\"><br \/>\n<\/span><span style=\"font-weight: 400\">Choisissez votre boisson pr\u00e9f\u00e9r\u00e9e parmi nos <\/span><b>drinks classiques<\/b><span style=\"font-weight: 400\"> ou essayez nos <\/span><b>cocktails signature<\/b><span style=\"font-weight: 400\">, sp\u00e9cialement cr\u00e9\u00e9s par notre barman (<\/span><i><span style=\"font-weight: 400\">Ludico, Flamant, Colibri, Night Owl<\/span><\/i><span style=\"font-weight: 400\">&#8230;) accompagn\u00e9s d&rsquo;une s\u00e9lection d&rsquo;<\/span><b>amuse-gueule \u00e0 la carte<\/b><span style=\"font-weight: 400\">.<\/span><span style=\"font-weight: 400\"><br \/>\n<\/span><span style=\"font-weight: 400\">Au Ludico &#8211; Drinks, Food &amp; Play, vous n&rsquo;avez pas \u00e0 renoncer \u00e0 quoi que ce soit : nous proposons des <\/span><b>ap\u00e9ritifs d\u00eenatoires sans gluten<\/b><span style=\"font-weight: 400\">, <\/span><b>v\u00e9gans<\/b><span style=\"font-weight: 400\"> et <\/span><b>v\u00e9g\u00e9tariens<\/b><span style=\"font-weight: 400\">, ainsi qu&rsquo;une belle s\u00e9lection de savoureux <\/span><b>desserts<\/b><span style=\"font-weight: 400\"> !<\/span><\/p>\n","protected":false},"excerpt":{"rendered":"<p>Le bar Ludico &#8211; Drinks, Food &amp; Play, vous accueille dans une ambiance p\u00e9tillante et informelle, id\u00e9ale pour oublier la fatigue de la journ\u00e9e et profiter de quelques instants de relax bien m\u00e9rit\u00e9s. Choisissez votre boisson pr\u00e9f\u00e9r\u00e9e parmi nos drinks classiques ou essayez nos cocktails signature, sp\u00e9cialement cr\u00e9\u00e9s par notre barman (Ludico, Flamant, Colibri, Night [&hellip;]<\/p>\n","protected":false},"author":6,"featured_media":690,"parent":55,"menu_order":42,"comment_status":"closed","ping_status":"closed","template":"template-single-restaurant.php","meta":{"footnotes":""},"class_list":["post-63","page","type-page","status-publish","has-post-thumbnail","hentry"],"yoast_head":"<!-- This site is optimized with the Yoast SEO plugin v26.9 - https:\/\/yoast.com\/product\/yoast-seo-wordpress\/ -->\n<title>Ludico Bar : cocktails bar ap\u00e9ritifs | voco\u00ae Venice Mestre<\/title>\n<meta name=\"description\" content=\"Mettez du peps dans vos soir\u00e9es avec le Ludico Bar et son espace Gaming : une adresse branch\u00e9e id\u00e9ale pour ap\u00e9ritifs et cocktails entre amis et coll\u00e8gues.\" \/>\n<meta name=\"robots\" content=\"index, follow, max-snippet:-1, max-image-preview:large, max-video-preview:-1\" \/>\n<link rel=\"canonical\" href=\"https:\/\/www.quidhotelvenice.com\/fr\/bar-et-restaurant\/ludico-bar\/\" \/>\n<meta property=\"og:locale\" content=\"fr_FR\" \/>\n<meta property=\"og:type\" content=\"article\" \/>\n<meta property=\"og:title\" content=\"Ludico Bar : cocktails bar ap\u00e9ritifs | voco\u00ae Venice Mestre\" \/>\n<meta property=\"og:description\" content=\"Mettez du peps dans vos soir\u00e9es avec le Ludico Bar et son espace Gaming : une adresse branch\u00e9e id\u00e9ale pour ap\u00e9ritifs et cocktails entre amis et coll\u00e8gues.\" \/>\n<meta property=\"og:url\" content=\"https:\/\/www.quidhotelvenice.com\/fr\/bar-et-restaurant\/ludico-bar\/\" \/>\n<meta property=\"og:site_name\" content=\"Voco Venice Mestre\" \/>\n<meta property=\"article:modified_time\" content=\"2025-03-20T16:20:07+00:00\" \/>\n<meta property=\"og:image\" content=\"https:\/\/www.quidhotelvenice.com\/wp-content\/uploads\/sites\/557\/2023\/07\/Ludico-Bar-voco-Venice-Mestre-The-Quid_2.jpeg\" \/>\n\t<meta property=\"og:image:width\" content=\"2200\" \/>\n\t<meta property=\"og:image:height\" content=\"1200\" \/>\n\t<meta property=\"og:image:type\" content=\"image\/jpeg\" \/>\n<meta name=\"twitter:card\" content=\"summary_large_image\" \/>\n<meta name=\"twitter:label1\" content=\"Dur\u00e9e de lecture estim\u00e9e\" \/>\n\t<meta name=\"twitter:data1\" content=\"1 minute\" \/>\n<script type=\"application\/ld+json\" class=\"yoast-schema-graph\">{\"@context\":\"https:\/\/schema.org\",\"@graph\":[{\"@type\":\"WebPage\",\"@id\":\"https:\/\/www.quidhotelvenice.com\/fr\/bar-et-restaurant\/ludico-bar\/\",\"url\":\"https:\/\/www.quidhotelvenice.com\/fr\/bar-et-restaurant\/ludico-bar\/\",\"name\":\"Ludico Bar : cocktails bar ap\u00e9ritifs | voco\u00ae Venice Mestre\",\"isPartOf\":{\"@id\":\"https:\/\/www.quidhotelvenice.com\/fr\/#website\"},\"primaryImageOfPage\":{\"@id\":\"https:\/\/www.quidhotelvenice.com\/fr\/bar-et-restaurant\/ludico-bar\/#primaryimage\"},\"image\":{\"@id\":\"https:\/\/www.quidhotelvenice.com\/fr\/bar-et-restaurant\/ludico-bar\/#primaryimage\"},\"thumbnailUrl\":\"https:\/\/www.quidhotelvenice.com\/wp-content\/uploads\/sites\/557\/2023\/07\/Ludico-Bar-voco-Venice-Mestre-The-Quid_2.jpeg\",\"datePublished\":\"2023-07-20T07:49:18+00:00\",\"dateModified\":\"2025-03-20T16:20:07+00:00\",\"description\":\"Mettez du peps dans vos soir\u00e9es avec le Ludico Bar et son espace Gaming : une adresse branch\u00e9e id\u00e9ale pour ap\u00e9ritifs et cocktails entre amis et coll\u00e8gues.\",\"breadcrumb\":{\"@id\":\"https:\/\/www.quidhotelvenice.com\/fr\/bar-et-restaurant\/ludico-bar\/#breadcrumb\"},\"inLanguage\":\"fr-FR\",\"potentialAction\":[{\"@type\":\"ReadAction\",\"target\":[\"https:\/\/www.quidhotelvenice.com\/fr\/bar-et-restaurant\/ludico-bar\/\"]}]},{\"@type\":\"ImageObject\",\"inLanguage\":\"fr-FR\",\"@id\":\"https:\/\/www.quidhotelvenice.com\/fr\/bar-et-restaurant\/ludico-bar\/#primaryimage\",\"url\":\"https:\/\/www.quidhotelvenice.com\/wp-content\/uploads\/sites\/557\/2023\/07\/Ludico-Bar-voco-Venice-Mestre-The-Quid_2.jpeg\",\"contentUrl\":\"https:\/\/www.quidhotelvenice.com\/wp-content\/uploads\/sites\/557\/2023\/07\/Ludico-Bar-voco-Venice-Mestre-The-Quid_2.jpeg\",\"width\":2200,\"height\":1200},{\"@type\":\"BreadcrumbList\",\"@id\":\"https:\/\/www.quidhotelvenice.com\/fr\/bar-et-restaurant\/ludico-bar\/#breadcrumb\",\"itemListElement\":[{\"@type\":\"ListItem\",\"position\":1,\"name\":\"Home\",\"item\":\"https:\/\/www.quidhotelvenice.com\/fr\/\"},{\"@type\":\"ListItem\",\"position\":2,\"name\":\"Bar et restaurant\",\"item\":\"https:\/\/www.quidhotelvenice.com\/fr\/bar-et-restaurant\/\"},{\"@type\":\"ListItem\",\"position\":3,\"name\":\"Ludico Bar\"}]},{\"@type\":\"WebSite\",\"@id\":\"https:\/\/www.quidhotelvenice.com\/fr\/#website\",\"url\":\"https:\/\/www.quidhotelvenice.com\/fr\/\",\"name\":\"Voco Venice Mestre\",\"description\":\"\",\"potentialAction\":[{\"@type\":\"SearchAction\",\"target\":{\"@type\":\"EntryPoint\",\"urlTemplate\":\"https:\/\/www.quidhotelvenice.com\/fr\/?s={search_term_string}\"},\"query-input\":{\"@type\":\"PropertyValueSpecification\",\"valueRequired\":true,\"valueName\":\"search_term_string\"}}],\"inLanguage\":\"fr-FR\"}]}<\/script>\n<!-- \/ Yoast SEO plugin. -->","yoast_head_json":{"title":"Ludico Bar : cocktails bar ap\u00e9ritifs | voco\u00ae Venice Mestre","description":"Mettez du peps dans vos soir\u00e9es avec le Ludico Bar et son espace Gaming : une adresse branch\u00e9e id\u00e9ale pour ap\u00e9ritifs et cocktails entre amis et coll\u00e8gues.","robots":{"index":"index","follow":"follow","max-snippet":"max-snippet:-1","max-image-preview":"max-image-preview:large","max-video-preview":"max-video-preview:-1"},"canonical":"https:\/\/www.quidhotelvenice.com\/fr\/bar-et-restaurant\/ludico-bar\/","og_locale":"fr_FR","og_type":"article","og_title":"Ludico Bar : cocktails bar ap\u00e9ritifs | voco\u00ae Venice Mestre","og_description":"Mettez du peps dans vos soir\u00e9es avec le Ludico Bar et son espace Gaming : une adresse branch\u00e9e id\u00e9ale pour ap\u00e9ritifs et cocktails entre amis et coll\u00e8gues.","og_url":"https:\/\/www.quidhotelvenice.com\/fr\/bar-et-restaurant\/ludico-bar\/","og_site_name":"Voco Venice Mestre","article_modified_time":"2025-03-20T16:20:07+00:00","og_image":[{"width":2200,"height":1200,"url":"https:\/\/www.quidhotelvenice.com\/wp-content\/uploads\/sites\/557\/2023\/07\/Ludico-Bar-voco-Venice-Mestre-The-Quid_2.jpeg","type":"image\/jpeg"}],"twitter_card":"summary_large_image","twitter_misc":{"Dur\u00e9e de lecture estim\u00e9e":"1 minute"},"schema":{"@context":"https:\/\/schema.org","@graph":[{"@type":"WebPage","@id":"https:\/\/www.quidhotelvenice.com\/fr\/bar-et-restaurant\/ludico-bar\/","url":"https:\/\/www.quidhotelvenice.com\/fr\/bar-et-restaurant\/ludico-bar\/","name":"Ludico Bar : cocktails bar ap\u00e9ritifs | voco\u00ae Venice Mestre","isPartOf":{"@id":"https:\/\/www.quidhotelvenice.com\/fr\/#website"},"primaryImageOfPage":{"@id":"https:\/\/www.quidhotelvenice.com\/fr\/bar-et-restaurant\/ludico-bar\/#primaryimage"},"image":{"@id":"https:\/\/www.quidhotelvenice.com\/fr\/bar-et-restaurant\/ludico-bar\/#primaryimage"},"thumbnailUrl":"https:\/\/www.quidhotelvenice.com\/wp-content\/uploads\/sites\/557\/2023\/07\/Ludico-Bar-voco-Venice-Mestre-The-Quid_2.jpeg","datePublished":"2023-07-20T07:49:18+00:00","dateModified":"2025-03-20T16:20:07+00:00","description":"Mettez du peps dans vos soir\u00e9es avec le Ludico Bar et son espace Gaming : une adresse branch\u00e9e id\u00e9ale pour ap\u00e9ritifs et cocktails entre amis et coll\u00e8gues.","breadcrumb":{"@id":"https:\/\/www.quidhotelvenice.com\/fr\/bar-et-restaurant\/ludico-bar\/#breadcrumb"},"inLanguage":"fr-FR","potentialAction":[{"@type":"ReadAction","target":["https:\/\/www.quidhotelvenice.com\/fr\/bar-et-restaurant\/ludico-bar\/"]}]},{"@type":"ImageObject","inLanguage":"fr-FR","@id":"https:\/\/www.quidhotelvenice.com\/fr\/bar-et-restaurant\/ludico-bar\/#primaryimage","url":"https:\/\/www.quidhotelvenice.com\/wp-content\/uploads\/sites\/557\/2023\/07\/Ludico-Bar-voco-Venice-Mestre-The-Quid_2.jpeg","contentUrl":"https:\/\/www.quidhotelvenice.com\/wp-content\/uploads\/sites\/557\/2023\/07\/Ludico-Bar-voco-Venice-Mestre-The-Quid_2.jpeg","width":2200,"height":1200},{"@type":"BreadcrumbList","@id":"https:\/\/www.quidhotelvenice.com\/fr\/bar-et-restaurant\/ludico-bar\/#breadcrumb","itemListElement":[{"@type":"ListItem","position":1,"name":"Home","item":"https:\/\/www.quidhotelvenice.com\/fr\/"},{"@type":"ListItem","position":2,"name":"Bar et restaurant","item":"https:\/\/www.quidhotelvenice.com\/fr\/bar-et-restaurant\/"},{"@type":"ListItem","position":3,"name":"Ludico Bar"}]},{"@type":"WebSite","@id":"https:\/\/www.quidhotelvenice.com\/fr\/#website","url":"https:\/\/www.quidhotelvenice.com\/fr\/","name":"Voco Venice Mestre","description":"","potentialAction":[{"@type":"SearchAction","target":{"@type":"EntryPoint","urlTemplate":"https:\/\/www.quidhotelvenice.com\/fr\/?s={search_term_string}"},"query-input":{"@type":"PropertyValueSpecification","valueRequired":true,"valueName":"search_term_string"}}],"inLanguage":"fr-FR"}]}},"acf":[],"_links":{"self":[{"href":"https:\/\/www.quidhotelvenice.com\/fr\/wp-json\/wp\/v2\/pages\/63","targetHints":{"allow":["GET"]}}],"collection":[{"href":"https:\/\/www.quidhotelvenice.com\/fr\/wp-json\/wp\/v2\/pages"}],"about":[{"href":"https:\/\/www.quidhotelvenice.com\/fr\/wp-json\/wp\/v2\/types\/page"}],"author":[{"embeddable":true,"href":"https:\/\/www.quidhotelvenice.com\/fr\/wp-json\/wp\/v2\/users\/6"}],"replies":[{"embeddable":true,"href":"https:\/\/www.quidhotelvenice.com\/fr\/wp-json\/wp\/v2\/comments?post=63"}],"version-history":[{"count":0,"href":"https:\/\/www.quidhotelvenice.com\/fr\/wp-json\/wp\/v2\/pages\/63\/revisions"}],"up":[{"embeddable":true,"href":"https:\/\/www.quidhotelvenice.com\/fr\/wp-json\/wp\/v2\/pages\/55"}],"wp:featuredmedia":[{"embeddable":true,"href":"https:\/\/www.quidhotelvenice.com\/fr\/wp-json\/wp\/v2\/media\/690"}],"wp:attachment":[{"href":"https:\/\/www.quidhotelvenice.com\/fr\/wp-json\/wp\/v2\/media?parent=63"}],"curies":[{"name":"wp","href":"https:\/\/api.w.org\/{rel}","templated":true}]}}