{"id":6,"date":"2023-06-07T12:16:12","date_gmt":"2023-06-07T12:16:12","guid":{"rendered":"https:\/\/voco-venice.ms.decms.eu\/homepage\/"},"modified":"2026-03-24T11:16:33","modified_gmt":"2026-03-24T11:16:33","slug":"homepage","status":"publish","type":"page","link":"https:\/\/www.quidhotelvenice.com\/fr\/","title":{"rendered":"Bienvenue au voco\u00ae Venice Mestre"},"content":{"rendered":"<p><span style=\"font-weight: 400\">Situ\u00e9 \u00e0 deux minutes de l&rsquo;autoroute A4, l&rsquo;h\u00f4tel b\u00e9n\u00e9ficie d\u2019une <\/span><b>position strat\u00e9gique<\/b><span style=\"font-weight: 400\"> qui permet d&rsquo;acc\u00e9der facilement \u00e0 l&rsquo;\u00eele de <\/span><b>Venise<\/b><span style=\"font-weight: 400\">, au <\/span><b>centre de Mestre<\/b><span style=\"font-weight: 400\"> et aux principaux centres d&rsquo;affaires de la lagune, comme l\u2019<\/span><b>AEV Terraglio<\/b><span style=\"font-weight: 400\"> et le parc des expositions (<\/span><b>Fiera di Venezia<\/b><span style=\"font-weight: 400\">).\u00a0<\/span><\/p>\n<p><span style=\"font-weight: 400\">Son emplacement pr\u00e9f\u00e9rentiel fait du voco\u00ae Venice Mestre &#8211; The Quid le choix id\u00e9al pour tous les voyageurs d&rsquo;affaires qui ont besoin d&rsquo;un <\/span><b>acc\u00e8s rapide aux principaux a\u00e9roports<\/b><span style=\"font-weight: 400\"> de la V\u00e9n\u00e9tie : Marco Polo (VCE) et Tr\u00e9vise (TSF).<\/span><\/p>\n<p><span style=\"font-weight: 400\">Choisissez parmi plus de <\/span><b>128 chambres<\/b><span style=\"font-weight: 400\"> \u00e0 l\u2019inimitable style Voco\u00ae, maintenez-vous en forme dans notre <\/span><b>salle de fitness<\/b><span style=\"font-weight: 400\"> ouverte H24 ou sirotez un drink dans notre <\/span><b>bar interne<\/b><span style=\"font-weight: 400\"> avec <\/span><b>espace Gaming<\/b><span style=\"font-weight: 400\"> pour vous d\u00e9tendre et vous amuser. Que vous voyagiez pour affaires ou le plaisir, vous trouverez au voco\u00ae Venice Mestre &#8211; The Quid tout ce dont vous avez besoin : un room service 24h\/24, un grand parking souterrain et un <\/span><b>centre de conf\u00e9rences<\/b><span style=\"font-weight: 400\"> avec <\/span><b>5 salles de r\u00e9unions<\/b><span style=\"font-weight: 400\"> spacieuses, id\u00e9ales pour accueillir conventions et \u00e9v\u00e9nements.<\/span><\/p>\n","protected":false},"excerpt":{"rendered":"<p>Situ\u00e9 \u00e0 deux minutes de l&rsquo;autoroute A4, l&rsquo;h\u00f4tel b\u00e9n\u00e9ficie d\u2019une position strat\u00e9gique qui permet d&rsquo;acc\u00e9der facilement \u00e0 l&rsquo;\u00eele de Venise, au centre de Mestre et aux principaux centres d&rsquo;affaires de la lagune, comme l\u2019AEV Terraglio et le parc des expositions (Fiera di Venezia).\u00a0 Son emplacement pr\u00e9f\u00e9rentiel fait du voco\u00ae Venice Mestre &#8211; The Quid le [&hellip;]<\/p>\n","protected":false},"author":9,"featured_media":523,"parent":0,"menu_order":0,"comment_status":"closed","ping_status":"closed","template":"","meta":{"footnotes":""},"class_list":["post-6","page","type-page","status-publish","has-post-thumbnail","hentry"],"yoast_head":"<!-- This site is optimized with the Yoast SEO plugin v26.9 - https:\/\/yoast.com\/product\/yoast-seo-wordpress\/ -->\n<title>Hotel 4 \u00e9toiles Venise | voco\u00ae Venice Mestre - The Quid<\/title>\n<meta name=\"description\" content=\"Des voyages d&#039;affaires aux vacances en famille : une exp\u00e9rience unique. D\u00e9couvrez le voco\u00ae Venice Mestre, services et confort pour un s\u00e9jour Bien-\u00eatre.\" \/>\n<meta name=\"robots\" content=\"index, follow, max-snippet:-1, max-image-preview:large, max-video-preview:-1\" \/>\n<link rel=\"canonical\" href=\"https:\/\/www.quidhotelvenice.com\/fr\/\" \/>\n<meta property=\"og:locale\" content=\"fr_FR\" \/>\n<meta property=\"og:type\" content=\"article\" \/>\n<meta property=\"og:title\" content=\"Hotel 4 \u00e9toiles Venise | voco\u00ae Venice Mestre - The Quid\" \/>\n<meta property=\"og:description\" content=\"Des voyages d&#039;affaires aux vacances en famille : une exp\u00e9rience unique. D\u00e9couvrez le voco\u00ae Venice Mestre, services et confort pour un s\u00e9jour Bien-\u00eatre.\" \/>\n<meta property=\"og:url\" content=\"https:\/\/www.quidhotelvenice.com\/fr\/\" \/>\n<meta property=\"og:site_name\" content=\"Voco Venice Mestre\" \/>\n<meta property=\"article:modified_time\" content=\"2026-03-24T11:16:33+00:00\" \/>\n<meta property=\"og:image\" content=\"https:\/\/www.quidhotelvenice.com\/wp-content\/uploads\/sites\/557\/2023\/07\/02-Hotel-Reception-voco-Venice-Mestre-The-Quid-1.jpeg\" \/>\n\t<meta property=\"og:image:width\" content=\"2200\" \/>\n\t<meta property=\"og:image:height\" content=\"1200\" \/>\n\t<meta property=\"og:image:type\" content=\"image\/jpeg\" \/>\n<meta name=\"twitter:card\" content=\"summary_large_image\" \/>\n<meta name=\"twitter:label1\" content=\"Dur\u00e9e de lecture estim\u00e9e\" \/>\n\t<meta name=\"twitter:data1\" content=\"2 minutes\" \/>\n<script type=\"application\/ld+json\" class=\"yoast-schema-graph\">{\"@context\":\"https:\/\/schema.org\",\"@graph\":[{\"@type\":\"WebPage\",\"@id\":\"https:\/\/www.quidhotelvenice.com\/fr\/\",\"url\":\"https:\/\/www.quidhotelvenice.com\/fr\/\",\"name\":\"Hotel 4 \u00e9toiles Venise | voco\u00ae Venice Mestre - The Quid\",\"isPartOf\":{\"@id\":\"https:\/\/www.quidhotelvenice.com\/fr\/#website\"},\"primaryImageOfPage\":{\"@id\":\"https:\/\/www.quidhotelvenice.com\/fr\/#primaryimage\"},\"image\":{\"@id\":\"https:\/\/www.quidhotelvenice.com\/fr\/#primaryimage\"},\"thumbnailUrl\":\"https:\/\/www.quidhotelvenice.com\/wp-content\/uploads\/sites\/557\/2023\/07\/02-Hotel-Reception-voco-Venice-Mestre-The-Quid-1.jpeg\",\"datePublished\":\"2023-06-07T12:16:12+00:00\",\"dateModified\":\"2026-03-24T11:16:33+00:00\",\"description\":\"Des voyages d'affaires aux vacances en famille : une exp\u00e9rience unique. D\u00e9couvrez le voco\u00ae Venice Mestre, services et confort pour un s\u00e9jour Bien-\u00eatre.\",\"breadcrumb\":{\"@id\":\"https:\/\/www.quidhotelvenice.com\/fr\/#breadcrumb\"},\"inLanguage\":\"fr-FR\",\"potentialAction\":[{\"@type\":\"ReadAction\",\"target\":[\"https:\/\/www.quidhotelvenice.com\/fr\/\"]}]},{\"@type\":\"ImageObject\",\"inLanguage\":\"fr-FR\",\"@id\":\"https:\/\/www.quidhotelvenice.com\/fr\/#primaryimage\",\"url\":\"https:\/\/www.quidhotelvenice.com\/wp-content\/uploads\/sites\/557\/2023\/07\/02-Hotel-Reception-voco-Venice-Mestre-The-Quid-1.jpeg\",\"contentUrl\":\"https:\/\/www.quidhotelvenice.com\/wp-content\/uploads\/sites\/557\/2023\/07\/02-Hotel-Reception-voco-Venice-Mestre-The-Quid-1.jpeg\",\"width\":2200,\"height\":1200},{\"@type\":\"BreadcrumbList\",\"@id\":\"https:\/\/www.quidhotelvenice.com\/fr\/#breadcrumb\",\"itemListElement\":[{\"@type\":\"ListItem\",\"position\":1,\"name\":\"Home\",\"item\":\"https:\/\/www.quidhotelvenice.com\/fr\/\"},{\"@type\":\"ListItem\",\"position\":2,\"name\":\"Bienvenue au voco\u00ae Venice Mestre\"}]},{\"@type\":\"WebSite\",\"@id\":\"https:\/\/www.quidhotelvenice.com\/fr\/#website\",\"url\":\"https:\/\/www.quidhotelvenice.com\/fr\/\",\"name\":\"Voco Venice Mestre\",\"description\":\"\",\"potentialAction\":[{\"@type\":\"SearchAction\",\"target\":{\"@type\":\"EntryPoint\",\"urlTemplate\":\"https:\/\/www.quidhotelvenice.com\/fr\/?s={search_term_string}\"},\"query-input\":{\"@type\":\"PropertyValueSpecification\",\"valueRequired\":true,\"valueName\":\"search_term_string\"}}],\"inLanguage\":\"fr-FR\"}]}<\/script>\n<!-- \/ Yoast SEO plugin. -->","yoast_head_json":{"title":"Hotel 4 \u00e9toiles Venise | voco\u00ae Venice Mestre - The Quid","description":"Des voyages d'affaires aux vacances en famille : une exp\u00e9rience unique. D\u00e9couvrez le voco\u00ae Venice Mestre, services et confort pour un s\u00e9jour Bien-\u00eatre.","robots":{"index":"index","follow":"follow","max-snippet":"max-snippet:-1","max-image-preview":"max-image-preview:large","max-video-preview":"max-video-preview:-1"},"canonical":"https:\/\/www.quidhotelvenice.com\/fr\/","og_locale":"fr_FR","og_type":"article","og_title":"Hotel 4 \u00e9toiles Venise | voco\u00ae Venice Mestre - The Quid","og_description":"Des voyages d'affaires aux vacances en famille : une exp\u00e9rience unique. D\u00e9couvrez le voco\u00ae Venice Mestre, services et confort pour un s\u00e9jour Bien-\u00eatre.","og_url":"https:\/\/www.quidhotelvenice.com\/fr\/","og_site_name":"Voco Venice Mestre","article_modified_time":"2026-03-24T11:16:33+00:00","og_image":[{"width":2200,"height":1200,"url":"https:\/\/www.quidhotelvenice.com\/wp-content\/uploads\/sites\/557\/2023\/07\/02-Hotel-Reception-voco-Venice-Mestre-The-Quid-1.jpeg","type":"image\/jpeg"}],"twitter_card":"summary_large_image","twitter_misc":{"Dur\u00e9e de lecture estim\u00e9e":"2 minutes"},"schema":{"@context":"https:\/\/schema.org","@graph":[{"@type":"WebPage","@id":"https:\/\/www.quidhotelvenice.com\/fr\/","url":"https:\/\/www.quidhotelvenice.com\/fr\/","name":"Hotel 4 \u00e9toiles Venise | voco\u00ae Venice Mestre - The Quid","isPartOf":{"@id":"https:\/\/www.quidhotelvenice.com\/fr\/#website"},"primaryImageOfPage":{"@id":"https:\/\/www.quidhotelvenice.com\/fr\/#primaryimage"},"image":{"@id":"https:\/\/www.quidhotelvenice.com\/fr\/#primaryimage"},"thumbnailUrl":"https:\/\/www.quidhotelvenice.com\/wp-content\/uploads\/sites\/557\/2023\/07\/02-Hotel-Reception-voco-Venice-Mestre-The-Quid-1.jpeg","datePublished":"2023-06-07T12:16:12+00:00","dateModified":"2026-03-24T11:16:33+00:00","description":"Des voyages d'affaires aux vacances en famille : une exp\u00e9rience unique. D\u00e9couvrez le voco\u00ae Venice Mestre, services et confort pour un s\u00e9jour Bien-\u00eatre.","breadcrumb":{"@id":"https:\/\/www.quidhotelvenice.com\/fr\/#breadcrumb"},"inLanguage":"fr-FR","potentialAction":[{"@type":"ReadAction","target":["https:\/\/www.quidhotelvenice.com\/fr\/"]}]},{"@type":"ImageObject","inLanguage":"fr-FR","@id":"https:\/\/www.quidhotelvenice.com\/fr\/#primaryimage","url":"https:\/\/www.quidhotelvenice.com\/wp-content\/uploads\/sites\/557\/2023\/07\/02-Hotel-Reception-voco-Venice-Mestre-The-Quid-1.jpeg","contentUrl":"https:\/\/www.quidhotelvenice.com\/wp-content\/uploads\/sites\/557\/2023\/07\/02-Hotel-Reception-voco-Venice-Mestre-The-Quid-1.jpeg","width":2200,"height":1200},{"@type":"BreadcrumbList","@id":"https:\/\/www.quidhotelvenice.com\/fr\/#breadcrumb","itemListElement":[{"@type":"ListItem","position":1,"name":"Home","item":"https:\/\/www.quidhotelvenice.com\/fr\/"},{"@type":"ListItem","position":2,"name":"Bienvenue au voco\u00ae Venice Mestre"}]},{"@type":"WebSite","@id":"https:\/\/www.quidhotelvenice.com\/fr\/#website","url":"https:\/\/www.quidhotelvenice.com\/fr\/","name":"Voco Venice Mestre","description":"","potentialAction":[{"@type":"SearchAction","target":{"@type":"EntryPoint","urlTemplate":"https:\/\/www.quidhotelvenice.com\/fr\/?s={search_term_string}"},"query-input":{"@type":"PropertyValueSpecification","valueRequired":true,"valueName":"search_term_string"}}],"inLanguage":"fr-FR"}]}},"acf":[],"_links":{"self":[{"href":"https:\/\/www.quidhotelvenice.com\/fr\/wp-json\/wp\/v2\/pages\/6","targetHints":{"allow":["GET"]}}],"collection":[{"href":"https:\/\/www.quidhotelvenice.com\/fr\/wp-json\/wp\/v2\/pages"}],"about":[{"href":"https:\/\/www.quidhotelvenice.com\/fr\/wp-json\/wp\/v2\/types\/page"}],"author":[{"embeddable":true,"href":"https:\/\/www.quidhotelvenice.com\/fr\/wp-json\/wp\/v2\/users\/9"}],"replies":[{"embeddable":true,"href":"https:\/\/www.quidhotelvenice.com\/fr\/wp-json\/wp\/v2\/comments?post=6"}],"version-history":[{"count":0,"href":"https:\/\/www.quidhotelvenice.com\/fr\/wp-json\/wp\/v2\/pages\/6\/revisions"}],"wp:featuredmedia":[{"embeddable":true,"href":"https:\/\/www.quidhotelvenice.com\/fr\/wp-json\/wp\/v2\/media\/523"}],"wp:attachment":[{"href":"https:\/\/www.quidhotelvenice.com\/fr\/wp-json\/wp\/v2\/media?parent=6"}],"curies":[{"name":"wp","href":"https:\/\/api.w.org\/{rel}","templated":true}]}}