{"id":51,"date":"2023-07-19T17:16:05","date_gmt":"2023-07-19T17:16:05","guid":{"rendered":"https:\/\/voco-venice.ms.decms.eu\/camere\/camere-accessibili\/"},"modified":"2025-03-20T16:28:17","modified_gmt":"2025-03-20T16:28:17","slug":"les-chambres-pmr","status":"publish","type":"page","link":"https:\/\/www.quidhotelvenice.com\/fr\/les-chambres\/les-chambres-pmr\/","title":{"rendered":"Les chambres PMR"},"content":{"rendered":"<p><span style=\"font-weight: 400\">Soucieux de vous offrir le <\/span><b>meilleur confort possible<\/b><span style=\"font-weight: 400\">, nous avons con\u00e7u le voco\u00ae Venice Mestre &#8211; The Quid comme un <\/span><b>environnement sans barri\u00e8res architecturales<\/b><span style=\"font-weight: 400\">. Chaque chambre accessible dispose d&rsquo;un <\/span><b>espace g\u00e9n\u00e9reux<\/b><span style=\"font-weight: 400\"> pour permettre aux personnes \u00e0 mobilit\u00e9 r\u00e9duite ou partielle de se d\u00e9placer en toute tranquillit\u00e9. Le <\/span><b>mobilier<\/b><span style=\"font-weight: 400\"> a \u00e9t\u00e9 con\u00e7u pour \u00eatre <\/span><b>utilisable en toute facilit\u00e9<\/b><span style=\"font-weight: 400\"> par les personnes en fauteuil roulant, et leur offrir un s\u00e9jour \u00e0 la fois confortable et relaxant.<\/span><\/p>\n","protected":false},"excerpt":{"rendered":"<p>Soucieux de vous offrir le meilleur confort possible, nous avons con\u00e7u le voco\u00ae Venice Mestre &#8211; The Quid comme un environnement sans barri\u00e8res architecturales. Chaque chambre accessible dispose d&rsquo;un espace g\u00e9n\u00e9reux pour permettre aux personnes \u00e0 mobilit\u00e9 r\u00e9duite ou partielle de se d\u00e9placer en toute tranquillit\u00e9. Le mobilier a \u00e9t\u00e9 con\u00e7u pour \u00eatre utilisable en [&hellip;]<\/p>\n","protected":false},"author":6,"featured_media":642,"parent":31,"menu_order":24,"comment_status":"closed","ping_status":"closed","template":"template-single-room.php","meta":{"footnotes":""},"class_list":["post-51","page","type-page","status-publish","has-post-thumbnail","hentry"],"yoast_head":"<!-- This site is optimized with the Yoast SEO plugin v26.9 - https:\/\/yoast.com\/product\/yoast-seo-wordpress\/ -->\n<title>Chambres accessibles | voco\u00ae Venice Mestre - The Quid<\/title>\n<meta name=\"description\" content=\"D\u00e9couvrez les chambres PMR voco\u00ae pour un s\u00e9jour sans limites. Aucune barri\u00e8res architecturales et services tout confort. Cliquer pour r\u00e9server !\" \/>\n<meta name=\"robots\" content=\"index, follow, max-snippet:-1, max-image-preview:large, max-video-preview:-1\" \/>\n<link rel=\"canonical\" href=\"https:\/\/www.quidhotelvenice.com\/fr\/les-chambres\/les-chambres-pmr\/\" \/>\n<meta property=\"og:locale\" content=\"fr_FR\" \/>\n<meta property=\"og:type\" content=\"article\" \/>\n<meta property=\"og:title\" content=\"Chambres accessibles | voco\u00ae Venice Mestre - The Quid\" \/>\n<meta property=\"og:description\" content=\"D\u00e9couvrez les chambres PMR voco\u00ae pour un s\u00e9jour sans limites. Aucune barri\u00e8res architecturales et services tout confort. Cliquer pour r\u00e9server !\" \/>\n<meta property=\"og:url\" content=\"https:\/\/www.quidhotelvenice.com\/fr\/les-chambres\/les-chambres-pmr\/\" \/>\n<meta property=\"og:site_name\" content=\"Voco Venice Mestre\" \/>\n<meta property=\"article:modified_time\" content=\"2025-03-20T16:28:17+00:00\" \/>\n<meta property=\"og:image\" content=\"https:\/\/www.quidhotelvenice.com\/wp-content\/uploads\/sites\/557\/2023\/07\/Standard-Room-Accessible-voco-Venice-Mestre-The-Quid.jpeg\" \/>\n\t<meta property=\"og:image:width\" content=\"2200\" \/>\n\t<meta property=\"og:image:height\" content=\"1200\" \/>\n\t<meta property=\"og:image:type\" content=\"image\/jpeg\" \/>\n<meta name=\"twitter:card\" content=\"summary_large_image\" \/>\n<meta name=\"twitter:label1\" content=\"Dur\u00e9e de lecture estim\u00e9e\" \/>\n\t<meta name=\"twitter:data1\" content=\"1 minute\" \/>\n<script type=\"application\/ld+json\" class=\"yoast-schema-graph\">{\"@context\":\"https:\/\/schema.org\",\"@graph\":[{\"@type\":\"WebPage\",\"@id\":\"https:\/\/www.quidhotelvenice.com\/fr\/les-chambres\/les-chambres-pmr\/\",\"url\":\"https:\/\/www.quidhotelvenice.com\/fr\/les-chambres\/les-chambres-pmr\/\",\"name\":\"Chambres accessibles | voco\u00ae Venice Mestre - The Quid\",\"isPartOf\":{\"@id\":\"https:\/\/www.quidhotelvenice.com\/fr\/#website\"},\"primaryImageOfPage\":{\"@id\":\"https:\/\/www.quidhotelvenice.com\/fr\/les-chambres\/les-chambres-pmr\/#primaryimage\"},\"image\":{\"@id\":\"https:\/\/www.quidhotelvenice.com\/fr\/les-chambres\/les-chambres-pmr\/#primaryimage\"},\"thumbnailUrl\":\"https:\/\/www.quidhotelvenice.com\/wp-content\/uploads\/sites\/557\/2023\/07\/Standard-Room-Accessible-voco-Venice-Mestre-The-Quid.jpeg\",\"datePublished\":\"2023-07-19T17:16:05+00:00\",\"dateModified\":\"2025-03-20T16:28:17+00:00\",\"description\":\"D\u00e9couvrez les chambres PMR voco\u00ae pour un s\u00e9jour sans limites. Aucune barri\u00e8res architecturales et services tout confort. Cliquer pour r\u00e9server !\",\"breadcrumb\":{\"@id\":\"https:\/\/www.quidhotelvenice.com\/fr\/les-chambres\/les-chambres-pmr\/#breadcrumb\"},\"inLanguage\":\"fr-FR\",\"potentialAction\":[{\"@type\":\"ReadAction\",\"target\":[\"https:\/\/www.quidhotelvenice.com\/fr\/les-chambres\/les-chambres-pmr\/\"]}]},{\"@type\":\"ImageObject\",\"inLanguage\":\"fr-FR\",\"@id\":\"https:\/\/www.quidhotelvenice.com\/fr\/les-chambres\/les-chambres-pmr\/#primaryimage\",\"url\":\"https:\/\/www.quidhotelvenice.com\/wp-content\/uploads\/sites\/557\/2023\/07\/Standard-Room-Accessible-voco-Venice-Mestre-The-Quid.jpeg\",\"contentUrl\":\"https:\/\/www.quidhotelvenice.com\/wp-content\/uploads\/sites\/557\/2023\/07\/Standard-Room-Accessible-voco-Venice-Mestre-The-Quid.jpeg\",\"width\":2200,\"height\":1200},{\"@type\":\"BreadcrumbList\",\"@id\":\"https:\/\/www.quidhotelvenice.com\/fr\/les-chambres\/les-chambres-pmr\/#breadcrumb\",\"itemListElement\":[{\"@type\":\"ListItem\",\"position\":1,\"name\":\"Home\",\"item\":\"https:\/\/www.quidhotelvenice.com\/fr\/\"},{\"@type\":\"ListItem\",\"position\":2,\"name\":\"Les chambres\",\"item\":\"https:\/\/www.quidhotelvenice.com\/fr\/les-chambres\/\"},{\"@type\":\"ListItem\",\"position\":3,\"name\":\"Les chambres PMR\"}]},{\"@type\":\"WebSite\",\"@id\":\"https:\/\/www.quidhotelvenice.com\/fr\/#website\",\"url\":\"https:\/\/www.quidhotelvenice.com\/fr\/\",\"name\":\"Voco Venice Mestre\",\"description\":\"\",\"potentialAction\":[{\"@type\":\"SearchAction\",\"target\":{\"@type\":\"EntryPoint\",\"urlTemplate\":\"https:\/\/www.quidhotelvenice.com\/fr\/?s={search_term_string}\"},\"query-input\":{\"@type\":\"PropertyValueSpecification\",\"valueRequired\":true,\"valueName\":\"search_term_string\"}}],\"inLanguage\":\"fr-FR\"}]}<\/script>\n<!-- \/ Yoast SEO plugin. -->","yoast_head_json":{"title":"Chambres accessibles | voco\u00ae Venice Mestre - The Quid","description":"D\u00e9couvrez les chambres PMR voco\u00ae pour un s\u00e9jour sans limites. Aucune barri\u00e8res architecturales et services tout confort. Cliquer pour r\u00e9server !","robots":{"index":"index","follow":"follow","max-snippet":"max-snippet:-1","max-image-preview":"max-image-preview:large","max-video-preview":"max-video-preview:-1"},"canonical":"https:\/\/www.quidhotelvenice.com\/fr\/les-chambres\/les-chambres-pmr\/","og_locale":"fr_FR","og_type":"article","og_title":"Chambres accessibles | voco\u00ae Venice Mestre - The Quid","og_description":"D\u00e9couvrez les chambres PMR voco\u00ae pour un s\u00e9jour sans limites. Aucune barri\u00e8res architecturales et services tout confort. Cliquer pour r\u00e9server !","og_url":"https:\/\/www.quidhotelvenice.com\/fr\/les-chambres\/les-chambres-pmr\/","og_site_name":"Voco Venice Mestre","article_modified_time":"2025-03-20T16:28:17+00:00","og_image":[{"width":2200,"height":1200,"url":"https:\/\/www.quidhotelvenice.com\/wp-content\/uploads\/sites\/557\/2023\/07\/Standard-Room-Accessible-voco-Venice-Mestre-The-Quid.jpeg","type":"image\/jpeg"}],"twitter_card":"summary_large_image","twitter_misc":{"Dur\u00e9e de lecture estim\u00e9e":"1 minute"},"schema":{"@context":"https:\/\/schema.org","@graph":[{"@type":"WebPage","@id":"https:\/\/www.quidhotelvenice.com\/fr\/les-chambres\/les-chambres-pmr\/","url":"https:\/\/www.quidhotelvenice.com\/fr\/les-chambres\/les-chambres-pmr\/","name":"Chambres accessibles | voco\u00ae Venice Mestre - The Quid","isPartOf":{"@id":"https:\/\/www.quidhotelvenice.com\/fr\/#website"},"primaryImageOfPage":{"@id":"https:\/\/www.quidhotelvenice.com\/fr\/les-chambres\/les-chambres-pmr\/#primaryimage"},"image":{"@id":"https:\/\/www.quidhotelvenice.com\/fr\/les-chambres\/les-chambres-pmr\/#primaryimage"},"thumbnailUrl":"https:\/\/www.quidhotelvenice.com\/wp-content\/uploads\/sites\/557\/2023\/07\/Standard-Room-Accessible-voco-Venice-Mestre-The-Quid.jpeg","datePublished":"2023-07-19T17:16:05+00:00","dateModified":"2025-03-20T16:28:17+00:00","description":"D\u00e9couvrez les chambres PMR voco\u00ae pour un s\u00e9jour sans limites. Aucune barri\u00e8res architecturales et services tout confort. Cliquer pour r\u00e9server !","breadcrumb":{"@id":"https:\/\/www.quidhotelvenice.com\/fr\/les-chambres\/les-chambres-pmr\/#breadcrumb"},"inLanguage":"fr-FR","potentialAction":[{"@type":"ReadAction","target":["https:\/\/www.quidhotelvenice.com\/fr\/les-chambres\/les-chambres-pmr\/"]}]},{"@type":"ImageObject","inLanguage":"fr-FR","@id":"https:\/\/www.quidhotelvenice.com\/fr\/les-chambres\/les-chambres-pmr\/#primaryimage","url":"https:\/\/www.quidhotelvenice.com\/wp-content\/uploads\/sites\/557\/2023\/07\/Standard-Room-Accessible-voco-Venice-Mestre-The-Quid.jpeg","contentUrl":"https:\/\/www.quidhotelvenice.com\/wp-content\/uploads\/sites\/557\/2023\/07\/Standard-Room-Accessible-voco-Venice-Mestre-The-Quid.jpeg","width":2200,"height":1200},{"@type":"BreadcrumbList","@id":"https:\/\/www.quidhotelvenice.com\/fr\/les-chambres\/les-chambres-pmr\/#breadcrumb","itemListElement":[{"@type":"ListItem","position":1,"name":"Home","item":"https:\/\/www.quidhotelvenice.com\/fr\/"},{"@type":"ListItem","position":2,"name":"Les chambres","item":"https:\/\/www.quidhotelvenice.com\/fr\/les-chambres\/"},{"@type":"ListItem","position":3,"name":"Les chambres PMR"}]},{"@type":"WebSite","@id":"https:\/\/www.quidhotelvenice.com\/fr\/#website","url":"https:\/\/www.quidhotelvenice.com\/fr\/","name":"Voco Venice Mestre","description":"","potentialAction":[{"@type":"SearchAction","target":{"@type":"EntryPoint","urlTemplate":"https:\/\/www.quidhotelvenice.com\/fr\/?s={search_term_string}"},"query-input":{"@type":"PropertyValueSpecification","valueRequired":true,"valueName":"search_term_string"}}],"inLanguage":"fr-FR"}]}},"acf":[],"_links":{"self":[{"href":"https:\/\/www.quidhotelvenice.com\/fr\/wp-json\/wp\/v2\/pages\/51","targetHints":{"allow":["GET"]}}],"collection":[{"href":"https:\/\/www.quidhotelvenice.com\/fr\/wp-json\/wp\/v2\/pages"}],"about":[{"href":"https:\/\/www.quidhotelvenice.com\/fr\/wp-json\/wp\/v2\/types\/page"}],"author":[{"embeddable":true,"href":"https:\/\/www.quidhotelvenice.com\/fr\/wp-json\/wp\/v2\/users\/6"}],"replies":[{"embeddable":true,"href":"https:\/\/www.quidhotelvenice.com\/fr\/wp-json\/wp\/v2\/comments?post=51"}],"version-history":[{"count":0,"href":"https:\/\/www.quidhotelvenice.com\/fr\/wp-json\/wp\/v2\/pages\/51\/revisions"}],"up":[{"embeddable":true,"href":"https:\/\/www.quidhotelvenice.com\/fr\/wp-json\/wp\/v2\/pages\/31"}],"wp:featuredmedia":[{"embeddable":true,"href":"https:\/\/www.quidhotelvenice.com\/fr\/wp-json\/wp\/v2\/media\/642"}],"wp:attachment":[{"href":"https:\/\/www.quidhotelvenice.com\/fr\/wp-json\/wp\/v2\/media?parent=51"}],"curies":[{"name":"wp","href":"https:\/\/api.w.org\/{rel}","templated":true}]}}