{"id":42,"date":"2023-07-19T16:54:56","date_gmt":"2023-07-19T16:54:56","guid":{"rendered":"https:\/\/voco-venice.ms.decms.eu\/hotel\/corporate-social-responsability\/"},"modified":"2024-06-26T14:03:08","modified_gmt":"2024-06-26T14:03:08","slug":"corporate-social-responsability","status":"publish","type":"page","link":"https:\/\/www.quidhotelvenice.com\/fr\/hotel\/corporate-social-responsability\/","title":{"rendered":"Corporate Social Responsability"},"content":{"rendered":"<p><span style=\"font-weight: 400\">\u00c0 l\u2019instar de la marque voco\u00ae, le voco\u00ae Venice Mestre &#8211; The Quid s&rsquo;engage au quotidien \u00e0 tout mettre en \u0153uvre pour <\/span><b>pr\u00e9server la plan\u00e8te et son territoire<\/b><span style=\"font-weight: 400\">.\u00a0<\/span><\/p>\n<p><span style=\"font-weight: 400\">D\u00e9termin\u00e9s \u00e0 faire de l\u2019<\/span><b>\u00e9co-responsabilit\u00e9<\/b><span style=\"font-weight: 400\"> l&rsquo;\u00e9pine dorsale de l\u2019\u00e9tablissement, nous avons am\u00e9nag\u00e9 les int\u00e9rieurs de l&rsquo;h\u00f4tel en utilisant uniquement des <\/span><b>mat\u00e9riaux respectueux de l&rsquo;environnement<\/b><span style=\"font-weight: 400\">. Avec l&rsquo;objectif de nous passer bient\u00f4t totalement de produits plastique, nous en avons d\u00e9j\u00e0 r\u00e9duit fortement la consommation, pr\u00e9f\u00e9rant des mat\u00e9riaux facilement recyclables comme le verre et le papier plut\u00f4t que des produits jetables. <\/span><span style=\"font-weight: 400\"><br \/>\n<\/span><span style=\"font-weight: 400\">Notre engagement se manifeste \u00e9galement dans les produits d\u2019accueil, remplac\u00e9s par des distributeurs tr\u00e8s pratiques, afin d\u2019\u00e9viter les d\u00e9chets d&#8217;emballage. Une alternative mise en \u0153uvre dans l&rsquo;ensemble de notre \u00e9tablissement, et pas uniquement dans les chambres.\u00a0<\/span><\/p>\n<p><span style=\"font-weight: 400\">En outre, nous avons le plaisir d\u2019informer nos h\u00f4tes que nos <\/span><b>oreillers et couettes<\/b><span style=\"font-weight: 400\"> sont issus du recyclage de bouteilles PET et que nous leur proposons <\/span><b>une<\/b> <b>option Entretien journalier<\/b><span style=\"font-weight: 400\"> 100% \u00e9cologique. Nous nous effor\u00e7ons \u00e9galement chaque jour de r\u00e9duire notre consommation d&rsquo;eau et d&rsquo;\u00e9nergie en adh\u00e9rant au programme <\/span><b>IHG Green Engage.<\/b><span style=\"font-weight: 400\">\u00a0<\/span><\/p>\n<p><span style=\"font-weight: 400\">Au voco\u00ae Venice Mestre &#8211; The Quid, vous ne trouverez pas seulement une \u00e9co- responsabilit\u00e9 environnementale, mais aussi l&rsquo;amour de notre territoire : partenaires de la <\/span><b>Pasticceria Giotto<\/b><span style=\"font-weight: 400\">, notre buffet propose une s\u00e9lection de p\u00e2tisseries et douceurs, concoct\u00e9es en collaboration avec la <\/span><i><span style=\"font-weight: 400\">prison Due Palazzi de Padoue<\/span><\/i><span style=\"font-weight: 400\">. Cette collaboration vise \u00e0 fournir aux d\u00e9tenus une formation professionnelle en leur enseignant l&rsquo;art subtil de la p\u00e2tisserie.\u00a0<\/span><\/p>\n","protected":false},"excerpt":{"rendered":"<p>\u00c0 l\u2019instar de la marque voco\u00ae, le voco\u00ae Venice Mestre &#8211; The Quid s&rsquo;engage au quotidien \u00e0 tout mettre en \u0153uvre pour pr\u00e9server la plan\u00e8te et son territoire.\u00a0 D\u00e9termin\u00e9s \u00e0 faire de l\u2019\u00e9co-responsabilit\u00e9 l&rsquo;\u00e9pine dorsale de l\u2019\u00e9tablissement, nous avons am\u00e9nag\u00e9 les int\u00e9rieurs de l&rsquo;h\u00f4tel en utilisant uniquement des mat\u00e9riaux respectueux de l&rsquo;environnement. Avec l&rsquo;objectif de [&hellip;]<\/p>\n","protected":false},"author":6,"featured_media":573,"parent":10,"menu_order":15,"comment_status":"closed","ping_status":"closed","template":"template-default-4.php","meta":{"footnotes":""},"class_list":["post-42","page","type-page","status-publish","has-post-thumbnail","hentry"],"yoast_head":"<!-- This site is optimized with the Yoast SEO plugin v26.9 - https:\/\/yoast.com\/product\/yoast-seo-wordpress\/ -->\n<title>Hotel 4 \u00e9toiles \u00e9cofriendly | voco\u00ae Venice Mestre - The Quid<\/title>\n<meta name=\"description\" content=\"Notre engagement pour la plan\u00e8te : limitation du plastique, utilisation de mat\u00e9riaux recyclables et plus encore. D\u00e9couvrir les initiatives voco\u00ae !\" \/>\n<meta name=\"robots\" content=\"index, follow, max-snippet:-1, max-image-preview:large, max-video-preview:-1\" \/>\n<link rel=\"canonical\" href=\"https:\/\/www.quidhotelvenice.com\/fr\/hotel\/corporate-social-responsability\/\" \/>\n<meta property=\"og:locale\" content=\"fr_FR\" \/>\n<meta property=\"og:type\" content=\"article\" \/>\n<meta property=\"og:title\" content=\"Hotel 4 \u00e9toiles \u00e9cofriendly | voco\u00ae Venice Mestre - The Quid\" \/>\n<meta property=\"og:description\" content=\"Notre engagement pour la plan\u00e8te : limitation du plastique, utilisation de mat\u00e9riaux recyclables et plus encore. D\u00e9couvrir les initiatives voco\u00ae !\" \/>\n<meta property=\"og:url\" content=\"https:\/\/www.quidhotelvenice.com\/fr\/hotel\/corporate-social-responsability\/\" \/>\n<meta property=\"og:site_name\" content=\"Voco Venice Mestre\" \/>\n<meta property=\"article:modified_time\" content=\"2024-06-26T14:03:08+00:00\" \/>\n<meta property=\"og:image\" content=\"https:\/\/www.quidhotelvenice.com\/wp-content\/uploads\/sites\/557\/2023\/07\/Sustainability-voco-Venice-Mestre-The-Quid_5.jpg\" \/>\n\t<meta property=\"og:image:width\" content=\"2200\" \/>\n\t<meta property=\"og:image:height\" content=\"1200\" \/>\n\t<meta property=\"og:image:type\" content=\"image\/jpeg\" \/>\n<meta name=\"twitter:card\" content=\"summary_large_image\" \/>\n<meta name=\"twitter:label1\" content=\"Dur\u00e9e de lecture estim\u00e9e\" \/>\n\t<meta name=\"twitter:data1\" content=\"2 minutes\" \/>\n<script type=\"application\/ld+json\" class=\"yoast-schema-graph\">{\"@context\":\"https:\/\/schema.org\",\"@graph\":[{\"@type\":\"WebPage\",\"@id\":\"https:\/\/www.quidhotelvenice.com\/fr\/hotel\/corporate-social-responsability\/\",\"url\":\"https:\/\/www.quidhotelvenice.com\/fr\/hotel\/corporate-social-responsability\/\",\"name\":\"Hotel 4 \u00e9toiles \u00e9cofriendly | voco\u00ae Venice Mestre - The Quid\",\"isPartOf\":{\"@id\":\"https:\/\/www.quidhotelvenice.com\/fr\/#website\"},\"primaryImageOfPage\":{\"@id\":\"https:\/\/www.quidhotelvenice.com\/fr\/hotel\/corporate-social-responsability\/#primaryimage\"},\"image\":{\"@id\":\"https:\/\/www.quidhotelvenice.com\/fr\/hotel\/corporate-social-responsability\/#primaryimage\"},\"thumbnailUrl\":\"https:\/\/www.quidhotelvenice.com\/wp-content\/uploads\/sites\/557\/2023\/07\/Sustainability-voco-Venice-Mestre-The-Quid_5.jpg\",\"datePublished\":\"2023-07-19T16:54:56+00:00\",\"dateModified\":\"2024-06-26T14:03:08+00:00\",\"description\":\"Notre engagement pour la plan\u00e8te : limitation du plastique, utilisation de mat\u00e9riaux recyclables et plus encore. D\u00e9couvrir les initiatives voco\u00ae !\",\"breadcrumb\":{\"@id\":\"https:\/\/www.quidhotelvenice.com\/fr\/hotel\/corporate-social-responsability\/#breadcrumb\"},\"inLanguage\":\"fr-FR\",\"potentialAction\":[{\"@type\":\"ReadAction\",\"target\":[\"https:\/\/www.quidhotelvenice.com\/fr\/hotel\/corporate-social-responsability\/\"]}]},{\"@type\":\"ImageObject\",\"inLanguage\":\"fr-FR\",\"@id\":\"https:\/\/www.quidhotelvenice.com\/fr\/hotel\/corporate-social-responsability\/#primaryimage\",\"url\":\"https:\/\/www.quidhotelvenice.com\/wp-content\/uploads\/sites\/557\/2023\/07\/Sustainability-voco-Venice-Mestre-The-Quid_5.jpg\",\"contentUrl\":\"https:\/\/www.quidhotelvenice.com\/wp-content\/uploads\/sites\/557\/2023\/07\/Sustainability-voco-Venice-Mestre-The-Quid_5.jpg\",\"width\":2200,\"height\":1200},{\"@type\":\"BreadcrumbList\",\"@id\":\"https:\/\/www.quidhotelvenice.com\/fr\/hotel\/corporate-social-responsability\/#breadcrumb\",\"itemListElement\":[{\"@type\":\"ListItem\",\"position\":1,\"name\":\"Home\",\"item\":\"https:\/\/www.quidhotelvenice.com\/fr\/\"},{\"@type\":\"ListItem\",\"position\":2,\"name\":\"Hotel\",\"item\":\"https:\/\/www.quidhotelvenice.com\/fr\/hotel\/\"},{\"@type\":\"ListItem\",\"position\":3,\"name\":\"Corporate Social Responsability\"}]},{\"@type\":\"WebSite\",\"@id\":\"https:\/\/www.quidhotelvenice.com\/fr\/#website\",\"url\":\"https:\/\/www.quidhotelvenice.com\/fr\/\",\"name\":\"Voco Venice Mestre\",\"description\":\"\",\"potentialAction\":[{\"@type\":\"SearchAction\",\"target\":{\"@type\":\"EntryPoint\",\"urlTemplate\":\"https:\/\/www.quidhotelvenice.com\/fr\/?s={search_term_string}\"},\"query-input\":{\"@type\":\"PropertyValueSpecification\",\"valueRequired\":true,\"valueName\":\"search_term_string\"}}],\"inLanguage\":\"fr-FR\"}]}<\/script>\n<!-- \/ Yoast SEO plugin. -->","yoast_head_json":{"title":"Hotel 4 \u00e9toiles \u00e9cofriendly | voco\u00ae Venice Mestre - The Quid","description":"Notre engagement pour la plan\u00e8te : limitation du plastique, utilisation de mat\u00e9riaux recyclables et plus encore. D\u00e9couvrir les initiatives voco\u00ae !","robots":{"index":"index","follow":"follow","max-snippet":"max-snippet:-1","max-image-preview":"max-image-preview:large","max-video-preview":"max-video-preview:-1"},"canonical":"https:\/\/www.quidhotelvenice.com\/fr\/hotel\/corporate-social-responsability\/","og_locale":"fr_FR","og_type":"article","og_title":"Hotel 4 \u00e9toiles \u00e9cofriendly | voco\u00ae Venice Mestre - The Quid","og_description":"Notre engagement pour la plan\u00e8te : limitation du plastique, utilisation de mat\u00e9riaux recyclables et plus encore. D\u00e9couvrir les initiatives voco\u00ae !","og_url":"https:\/\/www.quidhotelvenice.com\/fr\/hotel\/corporate-social-responsability\/","og_site_name":"Voco Venice Mestre","article_modified_time":"2024-06-26T14:03:08+00:00","og_image":[{"width":2200,"height":1200,"url":"https:\/\/www.quidhotelvenice.com\/wp-content\/uploads\/sites\/557\/2023\/07\/Sustainability-voco-Venice-Mestre-The-Quid_5.jpg","type":"image\/jpeg"}],"twitter_card":"summary_large_image","twitter_misc":{"Dur\u00e9e de lecture estim\u00e9e":"2 minutes"},"schema":{"@context":"https:\/\/schema.org","@graph":[{"@type":"WebPage","@id":"https:\/\/www.quidhotelvenice.com\/fr\/hotel\/corporate-social-responsability\/","url":"https:\/\/www.quidhotelvenice.com\/fr\/hotel\/corporate-social-responsability\/","name":"Hotel 4 \u00e9toiles \u00e9cofriendly | voco\u00ae Venice Mestre - The Quid","isPartOf":{"@id":"https:\/\/www.quidhotelvenice.com\/fr\/#website"},"primaryImageOfPage":{"@id":"https:\/\/www.quidhotelvenice.com\/fr\/hotel\/corporate-social-responsability\/#primaryimage"},"image":{"@id":"https:\/\/www.quidhotelvenice.com\/fr\/hotel\/corporate-social-responsability\/#primaryimage"},"thumbnailUrl":"https:\/\/www.quidhotelvenice.com\/wp-content\/uploads\/sites\/557\/2023\/07\/Sustainability-voco-Venice-Mestre-The-Quid_5.jpg","datePublished":"2023-07-19T16:54:56+00:00","dateModified":"2024-06-26T14:03:08+00:00","description":"Notre engagement pour la plan\u00e8te : limitation du plastique, utilisation de mat\u00e9riaux recyclables et plus encore. D\u00e9couvrir les initiatives voco\u00ae !","breadcrumb":{"@id":"https:\/\/www.quidhotelvenice.com\/fr\/hotel\/corporate-social-responsability\/#breadcrumb"},"inLanguage":"fr-FR","potentialAction":[{"@type":"ReadAction","target":["https:\/\/www.quidhotelvenice.com\/fr\/hotel\/corporate-social-responsability\/"]}]},{"@type":"ImageObject","inLanguage":"fr-FR","@id":"https:\/\/www.quidhotelvenice.com\/fr\/hotel\/corporate-social-responsability\/#primaryimage","url":"https:\/\/www.quidhotelvenice.com\/wp-content\/uploads\/sites\/557\/2023\/07\/Sustainability-voco-Venice-Mestre-The-Quid_5.jpg","contentUrl":"https:\/\/www.quidhotelvenice.com\/wp-content\/uploads\/sites\/557\/2023\/07\/Sustainability-voco-Venice-Mestre-The-Quid_5.jpg","width":2200,"height":1200},{"@type":"BreadcrumbList","@id":"https:\/\/www.quidhotelvenice.com\/fr\/hotel\/corporate-social-responsability\/#breadcrumb","itemListElement":[{"@type":"ListItem","position":1,"name":"Home","item":"https:\/\/www.quidhotelvenice.com\/fr\/"},{"@type":"ListItem","position":2,"name":"Hotel","item":"https:\/\/www.quidhotelvenice.com\/fr\/hotel\/"},{"@type":"ListItem","position":3,"name":"Corporate Social Responsability"}]},{"@type":"WebSite","@id":"https:\/\/www.quidhotelvenice.com\/fr\/#website","url":"https:\/\/www.quidhotelvenice.com\/fr\/","name":"Voco Venice Mestre","description":"","potentialAction":[{"@type":"SearchAction","target":{"@type":"EntryPoint","urlTemplate":"https:\/\/www.quidhotelvenice.com\/fr\/?s={search_term_string}"},"query-input":{"@type":"PropertyValueSpecification","valueRequired":true,"valueName":"search_term_string"}}],"inLanguage":"fr-FR"}]}},"acf":[],"_links":{"self":[{"href":"https:\/\/www.quidhotelvenice.com\/fr\/wp-json\/wp\/v2\/pages\/42","targetHints":{"allow":["GET"]}}],"collection":[{"href":"https:\/\/www.quidhotelvenice.com\/fr\/wp-json\/wp\/v2\/pages"}],"about":[{"href":"https:\/\/www.quidhotelvenice.com\/fr\/wp-json\/wp\/v2\/types\/page"}],"author":[{"embeddable":true,"href":"https:\/\/www.quidhotelvenice.com\/fr\/wp-json\/wp\/v2\/users\/6"}],"replies":[{"embeddable":true,"href":"https:\/\/www.quidhotelvenice.com\/fr\/wp-json\/wp\/v2\/comments?post=42"}],"version-history":[{"count":0,"href":"https:\/\/www.quidhotelvenice.com\/fr\/wp-json\/wp\/v2\/pages\/42\/revisions"}],"up":[{"embeddable":true,"href":"https:\/\/www.quidhotelvenice.com\/fr\/wp-json\/wp\/v2\/pages\/10"}],"wp:featuredmedia":[{"embeddable":true,"href":"https:\/\/www.quidhotelvenice.com\/fr\/wp-json\/wp\/v2\/media\/573"}],"wp:attachment":[{"href":"https:\/\/www.quidhotelvenice.com\/fr\/wp-json\/wp\/v2\/media?parent=42"}],"curies":[{"name":"wp","href":"https:\/\/api.w.org\/{rel}","templated":true}]}}