{"id":35,"date":"2023-07-19T17:02:30","date_gmt":"2023-07-19T17:02:30","guid":{"rendered":"https:\/\/voco-venice.ms.decms.eu\/camere\/camere-standard\/"},"modified":"2025-03-20T16:24:06","modified_gmt":"2025-03-20T16:24:06","slug":"les-chambres-standard","status":"publish","type":"page","link":"https:\/\/www.quidhotelvenice.com\/fr\/les-chambres\/les-chambres-standard\/","title":{"rendered":"Les chambres Standard"},"content":{"rendered":"<p><span style=\"font-weight: 400\">Id\u00e9ales pour tous les voyageurs en qu\u00eate de <\/span><b>luminosit\u00e9<\/b><span style=\"font-weight: 400\"> et <\/span><b>confort<\/b><span style=\"font-weight: 400\"> propices \u00e0 la d\u00e9tente, nos chambres Standard seront tr\u00e8s appr\u00e9ci\u00e9es aussi bien des vacanciers que des <\/span><b>business travellers<\/b><span style=\"font-weight: 400\"> qui ont fait du monde leur bureau de travail nomade. Opter pour le voco\u00ae Venice Mestre &#8211; The Quid, c\u2019est faire le choix d\u2019une configuration id\u00e9ale pour un s\u00e9jour sur mesure adapt\u00e9 \u00e0 vos besoins. <\/span><span style=\"font-weight: 400\"><br \/>\n<\/span><span style=\"font-weight: 400\">Chaque chambre dispose d\u2019une TV LCD avec Chromecast, une connexion Wi-Fi rapide, un bureau spacieux d\u2019environ deux m\u00e8tres avec si\u00e8ge ergonomique, id\u00e9al pour les longues s\u00e9ances de smart working. \u00c9galement \u00e0 votre disposition : un minibar avec produits plastic-less (payant) et un room service disponible H24.<\/span><\/p>\n","protected":false},"excerpt":{"rendered":"<p>Id\u00e9ales pour tous les voyageurs en qu\u00eate de luminosit\u00e9 et confort propices \u00e0 la d\u00e9tente, nos chambres Standard seront tr\u00e8s appr\u00e9ci\u00e9es aussi bien des vacanciers que des business travellers qui ont fait du monde leur bureau de travail nomade. Opter pour le voco\u00ae Venice Mestre &#8211; The Quid, c\u2019est faire le choix d\u2019une configuration id\u00e9ale [&hellip;]<\/p>\n","protected":false},"author":6,"featured_media":586,"parent":31,"menu_order":21,"comment_status":"closed","ping_status":"closed","template":"template-single-room.php","meta":{"footnotes":""},"class_list":["post-35","page","type-page","status-publish","has-post-thumbnail","hentry"],"yoast_head":"<!-- This site is optimized with the Yoast SEO plugin v26.9 - https:\/\/yoast.com\/product\/yoast-seo-wordpress\/ -->\n<title>Chambres Standard confort | voco\u00ae Venice Mestre - The Quid<\/title>\n<meta name=\"description\" content=\"Profitez des chambres Standard voco\u00ae et vivez un s\u00e9jour tout confort : lits King-size, Queen-size ou simples selon vos besoins. Cliquer pour r\u00e9server !\" \/>\n<meta name=\"robots\" content=\"index, follow, max-snippet:-1, max-image-preview:large, max-video-preview:-1\" \/>\n<link rel=\"canonical\" href=\"https:\/\/www.quidhotelvenice.com\/fr\/les-chambres\/les-chambres-standard\/\" \/>\n<meta property=\"og:locale\" content=\"fr_FR\" \/>\n<meta property=\"og:type\" content=\"article\" \/>\n<meta property=\"og:title\" content=\"Chambres Standard confort | voco\u00ae Venice Mestre - The Quid\" \/>\n<meta property=\"og:description\" content=\"Profitez des chambres Standard voco\u00ae et vivez un s\u00e9jour tout confort : lits King-size, Queen-size ou simples selon vos besoins. Cliquer pour r\u00e9server !\" \/>\n<meta property=\"og:url\" content=\"https:\/\/www.quidhotelvenice.com\/fr\/les-chambres\/les-chambres-standard\/\" \/>\n<meta property=\"og:site_name\" content=\"Voco Venice Mestre\" \/>\n<meta property=\"article:modified_time\" content=\"2025-03-20T16:24:06+00:00\" \/>\n<meta property=\"og:image\" content=\"https:\/\/www.quidhotelvenice.com\/wp-content\/uploads\/sites\/557\/2023\/07\/Standard-Room-King-voco-Venice-Mestre-The-Quid.jpeg\" \/>\n\t<meta property=\"og:image:width\" content=\"2200\" \/>\n\t<meta property=\"og:image:height\" content=\"1200\" \/>\n\t<meta property=\"og:image:type\" content=\"image\/jpeg\" \/>\n<meta name=\"twitter:card\" content=\"summary_large_image\" \/>\n<meta name=\"twitter:label1\" content=\"Dur\u00e9e de lecture estim\u00e9e\" \/>\n\t<meta name=\"twitter:data1\" content=\"1 minute\" \/>\n<script type=\"application\/ld+json\" class=\"yoast-schema-graph\">{\"@context\":\"https:\/\/schema.org\",\"@graph\":[{\"@type\":\"WebPage\",\"@id\":\"https:\/\/www.quidhotelvenice.com\/fr\/les-chambres\/les-chambres-standard\/\",\"url\":\"https:\/\/www.quidhotelvenice.com\/fr\/les-chambres\/les-chambres-standard\/\",\"name\":\"Chambres Standard confort | voco\u00ae Venice Mestre - The Quid\",\"isPartOf\":{\"@id\":\"https:\/\/www.quidhotelvenice.com\/fr\/#website\"},\"primaryImageOfPage\":{\"@id\":\"https:\/\/www.quidhotelvenice.com\/fr\/les-chambres\/les-chambres-standard\/#primaryimage\"},\"image\":{\"@id\":\"https:\/\/www.quidhotelvenice.com\/fr\/les-chambres\/les-chambres-standard\/#primaryimage\"},\"thumbnailUrl\":\"https:\/\/www.quidhotelvenice.com\/wp-content\/uploads\/sites\/557\/2023\/07\/Standard-Room-King-voco-Venice-Mestre-The-Quid.jpeg\",\"datePublished\":\"2023-07-19T17:02:30+00:00\",\"dateModified\":\"2025-03-20T16:24:06+00:00\",\"description\":\"Profitez des chambres Standard voco\u00ae et vivez un s\u00e9jour tout confort : lits King-size, Queen-size ou simples selon vos besoins. Cliquer pour r\u00e9server !\",\"breadcrumb\":{\"@id\":\"https:\/\/www.quidhotelvenice.com\/fr\/les-chambres\/les-chambres-standard\/#breadcrumb\"},\"inLanguage\":\"fr-FR\",\"potentialAction\":[{\"@type\":\"ReadAction\",\"target\":[\"https:\/\/www.quidhotelvenice.com\/fr\/les-chambres\/les-chambres-standard\/\"]}]},{\"@type\":\"ImageObject\",\"inLanguage\":\"fr-FR\",\"@id\":\"https:\/\/www.quidhotelvenice.com\/fr\/les-chambres\/les-chambres-standard\/#primaryimage\",\"url\":\"https:\/\/www.quidhotelvenice.com\/wp-content\/uploads\/sites\/557\/2023\/07\/Standard-Room-King-voco-Venice-Mestre-The-Quid.jpeg\",\"contentUrl\":\"https:\/\/www.quidhotelvenice.com\/wp-content\/uploads\/sites\/557\/2023\/07\/Standard-Room-King-voco-Venice-Mestre-The-Quid.jpeg\",\"width\":2200,\"height\":1200},{\"@type\":\"BreadcrumbList\",\"@id\":\"https:\/\/www.quidhotelvenice.com\/fr\/les-chambres\/les-chambres-standard\/#breadcrumb\",\"itemListElement\":[{\"@type\":\"ListItem\",\"position\":1,\"name\":\"Home\",\"item\":\"https:\/\/www.quidhotelvenice.com\/fr\/\"},{\"@type\":\"ListItem\",\"position\":2,\"name\":\"Les chambres\",\"item\":\"https:\/\/www.quidhotelvenice.com\/fr\/les-chambres\/\"},{\"@type\":\"ListItem\",\"position\":3,\"name\":\"Les chambres Standard\"}]},{\"@type\":\"WebSite\",\"@id\":\"https:\/\/www.quidhotelvenice.com\/fr\/#website\",\"url\":\"https:\/\/www.quidhotelvenice.com\/fr\/\",\"name\":\"Voco Venice Mestre\",\"description\":\"\",\"potentialAction\":[{\"@type\":\"SearchAction\",\"target\":{\"@type\":\"EntryPoint\",\"urlTemplate\":\"https:\/\/www.quidhotelvenice.com\/fr\/?s={search_term_string}\"},\"query-input\":{\"@type\":\"PropertyValueSpecification\",\"valueRequired\":true,\"valueName\":\"search_term_string\"}}],\"inLanguage\":\"fr-FR\"}]}<\/script>\n<!-- \/ Yoast SEO plugin. -->","yoast_head_json":{"title":"Chambres Standard confort | voco\u00ae Venice Mestre - The Quid","description":"Profitez des chambres Standard voco\u00ae et vivez un s\u00e9jour tout confort : lits King-size, Queen-size ou simples selon vos besoins. Cliquer pour r\u00e9server !","robots":{"index":"index","follow":"follow","max-snippet":"max-snippet:-1","max-image-preview":"max-image-preview:large","max-video-preview":"max-video-preview:-1"},"canonical":"https:\/\/www.quidhotelvenice.com\/fr\/les-chambres\/les-chambres-standard\/","og_locale":"fr_FR","og_type":"article","og_title":"Chambres Standard confort | voco\u00ae Venice Mestre - The Quid","og_description":"Profitez des chambres Standard voco\u00ae et vivez un s\u00e9jour tout confort : lits King-size, Queen-size ou simples selon vos besoins. Cliquer pour r\u00e9server !","og_url":"https:\/\/www.quidhotelvenice.com\/fr\/les-chambres\/les-chambres-standard\/","og_site_name":"Voco Venice Mestre","article_modified_time":"2025-03-20T16:24:06+00:00","og_image":[{"width":2200,"height":1200,"url":"https:\/\/www.quidhotelvenice.com\/wp-content\/uploads\/sites\/557\/2023\/07\/Standard-Room-King-voco-Venice-Mestre-The-Quid.jpeg","type":"image\/jpeg"}],"twitter_card":"summary_large_image","twitter_misc":{"Dur\u00e9e de lecture estim\u00e9e":"1 minute"},"schema":{"@context":"https:\/\/schema.org","@graph":[{"@type":"WebPage","@id":"https:\/\/www.quidhotelvenice.com\/fr\/les-chambres\/les-chambres-standard\/","url":"https:\/\/www.quidhotelvenice.com\/fr\/les-chambres\/les-chambres-standard\/","name":"Chambres Standard confort | voco\u00ae Venice Mestre - The Quid","isPartOf":{"@id":"https:\/\/www.quidhotelvenice.com\/fr\/#website"},"primaryImageOfPage":{"@id":"https:\/\/www.quidhotelvenice.com\/fr\/les-chambres\/les-chambres-standard\/#primaryimage"},"image":{"@id":"https:\/\/www.quidhotelvenice.com\/fr\/les-chambres\/les-chambres-standard\/#primaryimage"},"thumbnailUrl":"https:\/\/www.quidhotelvenice.com\/wp-content\/uploads\/sites\/557\/2023\/07\/Standard-Room-King-voco-Venice-Mestre-The-Quid.jpeg","datePublished":"2023-07-19T17:02:30+00:00","dateModified":"2025-03-20T16:24:06+00:00","description":"Profitez des chambres Standard voco\u00ae et vivez un s\u00e9jour tout confort : lits King-size, Queen-size ou simples selon vos besoins. Cliquer pour r\u00e9server !","breadcrumb":{"@id":"https:\/\/www.quidhotelvenice.com\/fr\/les-chambres\/les-chambres-standard\/#breadcrumb"},"inLanguage":"fr-FR","potentialAction":[{"@type":"ReadAction","target":["https:\/\/www.quidhotelvenice.com\/fr\/les-chambres\/les-chambres-standard\/"]}]},{"@type":"ImageObject","inLanguage":"fr-FR","@id":"https:\/\/www.quidhotelvenice.com\/fr\/les-chambres\/les-chambres-standard\/#primaryimage","url":"https:\/\/www.quidhotelvenice.com\/wp-content\/uploads\/sites\/557\/2023\/07\/Standard-Room-King-voco-Venice-Mestre-The-Quid.jpeg","contentUrl":"https:\/\/www.quidhotelvenice.com\/wp-content\/uploads\/sites\/557\/2023\/07\/Standard-Room-King-voco-Venice-Mestre-The-Quid.jpeg","width":2200,"height":1200},{"@type":"BreadcrumbList","@id":"https:\/\/www.quidhotelvenice.com\/fr\/les-chambres\/les-chambres-standard\/#breadcrumb","itemListElement":[{"@type":"ListItem","position":1,"name":"Home","item":"https:\/\/www.quidhotelvenice.com\/fr\/"},{"@type":"ListItem","position":2,"name":"Les chambres","item":"https:\/\/www.quidhotelvenice.com\/fr\/les-chambres\/"},{"@type":"ListItem","position":3,"name":"Les chambres Standard"}]},{"@type":"WebSite","@id":"https:\/\/www.quidhotelvenice.com\/fr\/#website","url":"https:\/\/www.quidhotelvenice.com\/fr\/","name":"Voco Venice Mestre","description":"","potentialAction":[{"@type":"SearchAction","target":{"@type":"EntryPoint","urlTemplate":"https:\/\/www.quidhotelvenice.com\/fr\/?s={search_term_string}"},"query-input":{"@type":"PropertyValueSpecification","valueRequired":true,"valueName":"search_term_string"}}],"inLanguage":"fr-FR"}]}},"acf":[],"_links":{"self":[{"href":"https:\/\/www.quidhotelvenice.com\/fr\/wp-json\/wp\/v2\/pages\/35","targetHints":{"allow":["GET"]}}],"collection":[{"href":"https:\/\/www.quidhotelvenice.com\/fr\/wp-json\/wp\/v2\/pages"}],"about":[{"href":"https:\/\/www.quidhotelvenice.com\/fr\/wp-json\/wp\/v2\/types\/page"}],"author":[{"embeddable":true,"href":"https:\/\/www.quidhotelvenice.com\/fr\/wp-json\/wp\/v2\/users\/6"}],"replies":[{"embeddable":true,"href":"https:\/\/www.quidhotelvenice.com\/fr\/wp-json\/wp\/v2\/comments?post=35"}],"version-history":[{"count":0,"href":"https:\/\/www.quidhotelvenice.com\/fr\/wp-json\/wp\/v2\/pages\/35\/revisions"}],"up":[{"embeddable":true,"href":"https:\/\/www.quidhotelvenice.com\/fr\/wp-json\/wp\/v2\/pages\/31"}],"wp:featuredmedia":[{"embeddable":true,"href":"https:\/\/www.quidhotelvenice.com\/fr\/wp-json\/wp\/v2\/media\/586"}],"wp:attachment":[{"href":"https:\/\/www.quidhotelvenice.com\/fr\/wp-json\/wp\/v2\/media?parent=35"}],"curies":[{"name":"wp","href":"https:\/\/api.w.org\/{rel}","templated":true}]}}