{"id":31,"date":"2023-07-19T16:55:39","date_gmt":"2023-07-19T16:55:39","guid":{"rendered":"https:\/\/voco-venice.ms.decms.eu\/camere\/"},"modified":"2025-03-20T16:22:35","modified_gmt":"2025-03-20T16:22:35","slug":"les-chambres","status":"publish","type":"page","link":"https:\/\/www.quidhotelvenice.com\/fr\/les-chambres\/","title":{"rendered":"Les chambres"},"content":{"rendered":"<p><span style=\"font-weight: 400\">Au voco\u00ae Venice Mestre &#8211; The Quid, chaque chambre a \u00e9t\u00e9 con\u00e7ue en pensant \u00e0 votre <\/span><b>bien-\u00eatre<\/b><span style=\"font-weight: 400\">, de fa\u00e7on \u00e0 les rendre parfaites aussi bien pour vous d\u00e9tendre apr\u00e8s une longue journ\u00e9e de travail que pour vous permettre de rester concentr\u00e9 durant vos s\u00e9ances de smart working. <\/span><span style=\"font-weight: 400\"><br \/>\n<\/span><span style=\"font-weight: 400\">Vous pourrez ainsi choisir parmi un total de 128 chambres r\u00e9parties sur 8 \u00e9tages, divis\u00e9es en 2 cat\u00e9gories Standard et Premium, afin de garantir une satisfaction maximale. Chaque espace offre des <\/span><b>volumes g\u00e9n\u00e9reux, lumineux et extr\u00eamement confortables<\/b><span style=\"font-weight: 400\">, avec des couleurs reposantes et un <\/span><b>room service<\/b><span style=\"font-weight: 400\"> 24h\/24.<\/span><\/p>\n","protected":false},"excerpt":{"rendered":"<p>Au voco\u00ae Venice Mestre &#8211; The Quid, chaque chambre a \u00e9t\u00e9 con\u00e7ue en pensant \u00e0 votre bien-\u00eatre, de fa\u00e7on \u00e0 les rendre parfaites aussi bien pour vous d\u00e9tendre apr\u00e8s une longue journ\u00e9e de travail que pour vous permettre de rester concentr\u00e9 durant vos s\u00e9ances de smart working. Vous pourrez ainsi choisir parmi un total de [&hellip;]<\/p>\n","protected":false},"author":6,"featured_media":582,"parent":0,"menu_order":20,"comment_status":"closed","ping_status":"closed","template":"template-rooms.php","meta":{"footnotes":""},"class_list":["post-31","page","type-page","status-publish","has-post-thumbnail","hentry"],"yoast_head":"<!-- This site is optimized with the Yoast SEO plugin v26.9 - https:\/\/yoast.com\/product\/yoast-seo-wordpress\/ -->\n<title>Chambres Standard - Premium | voco\u00ae Venice Mestre - The Quid<\/title>\n<meta name=\"description\" content=\"D\u00e9couvrez les chambres : Premium, Standard et accessible pour les voyages d&#039;affaires ou en famille. D\u00e9couvrir les offres du voco\u00ae Venice Mestre.\" \/>\n<meta name=\"robots\" content=\"index, follow, max-snippet:-1, max-image-preview:large, max-video-preview:-1\" \/>\n<link rel=\"canonical\" href=\"https:\/\/www.quidhotelvenice.com\/fr\/les-chambres\/\" \/>\n<meta property=\"og:locale\" content=\"fr_FR\" \/>\n<meta property=\"og:type\" content=\"article\" \/>\n<meta property=\"og:title\" content=\"Chambres Standard - Premium | voco\u00ae Venice Mestre - The Quid\" \/>\n<meta property=\"og:description\" content=\"D\u00e9couvrez les chambres : Premium, Standard et accessible pour les voyages d&#039;affaires ou en famille. D\u00e9couvrir les offres du voco\u00ae Venice Mestre.\" \/>\n<meta property=\"og:url\" content=\"https:\/\/www.quidhotelvenice.com\/fr\/les-chambres\/\" \/>\n<meta property=\"og:site_name\" content=\"Voco Venice Mestre\" \/>\n<meta property=\"article:modified_time\" content=\"2025-03-20T16:22:35+00:00\" \/>\n<meta property=\"og:image\" content=\"https:\/\/www.quidhotelvenice.com\/wp-content\/uploads\/sites\/557\/2023\/07\/02-Standard-Room-King-voco-Venice-Mestre-The-Quid_3.jpeg\" \/>\n\t<meta property=\"og:image:width\" content=\"2200\" \/>\n\t<meta property=\"og:image:height\" content=\"1200\" \/>\n\t<meta property=\"og:image:type\" content=\"image\/jpeg\" \/>\n<meta name=\"twitter:card\" content=\"summary_large_image\" \/>\n<meta name=\"twitter:label1\" content=\"Dur\u00e9e de lecture estim\u00e9e\" \/>\n\t<meta name=\"twitter:data1\" content=\"1 minute\" \/>\n<script type=\"application\/ld+json\" class=\"yoast-schema-graph\">{\"@context\":\"https:\/\/schema.org\",\"@graph\":[{\"@type\":\"WebPage\",\"@id\":\"https:\/\/www.quidhotelvenice.com\/fr\/les-chambres\/\",\"url\":\"https:\/\/www.quidhotelvenice.com\/fr\/les-chambres\/\",\"name\":\"Chambres Standard - Premium | voco\u00ae Venice Mestre - The Quid\",\"isPartOf\":{\"@id\":\"https:\/\/www.quidhotelvenice.com\/fr\/#website\"},\"primaryImageOfPage\":{\"@id\":\"https:\/\/www.quidhotelvenice.com\/fr\/les-chambres\/#primaryimage\"},\"image\":{\"@id\":\"https:\/\/www.quidhotelvenice.com\/fr\/les-chambres\/#primaryimage\"},\"thumbnailUrl\":\"https:\/\/www.quidhotelvenice.com\/wp-content\/uploads\/sites\/557\/2023\/07\/02-Standard-Room-King-voco-Venice-Mestre-The-Quid_3.jpeg\",\"datePublished\":\"2023-07-19T16:55:39+00:00\",\"dateModified\":\"2025-03-20T16:22:35+00:00\",\"description\":\"D\u00e9couvrez les chambres : Premium, Standard et accessible pour les voyages d'affaires ou en famille. D\u00e9couvrir les offres du voco\u00ae Venice Mestre.\",\"breadcrumb\":{\"@id\":\"https:\/\/www.quidhotelvenice.com\/fr\/les-chambres\/#breadcrumb\"},\"inLanguage\":\"fr-FR\",\"potentialAction\":[{\"@type\":\"ReadAction\",\"target\":[\"https:\/\/www.quidhotelvenice.com\/fr\/les-chambres\/\"]}]},{\"@type\":\"ImageObject\",\"inLanguage\":\"fr-FR\",\"@id\":\"https:\/\/www.quidhotelvenice.com\/fr\/les-chambres\/#primaryimage\",\"url\":\"https:\/\/www.quidhotelvenice.com\/wp-content\/uploads\/sites\/557\/2023\/07\/02-Standard-Room-King-voco-Venice-Mestre-The-Quid_3.jpeg\",\"contentUrl\":\"https:\/\/www.quidhotelvenice.com\/wp-content\/uploads\/sites\/557\/2023\/07\/02-Standard-Room-King-voco-Venice-Mestre-The-Quid_3.jpeg\",\"width\":2200,\"height\":1200},{\"@type\":\"BreadcrumbList\",\"@id\":\"https:\/\/www.quidhotelvenice.com\/fr\/les-chambres\/#breadcrumb\",\"itemListElement\":[{\"@type\":\"ListItem\",\"position\":1,\"name\":\"Home\",\"item\":\"https:\/\/www.quidhotelvenice.com\/fr\/\"},{\"@type\":\"ListItem\",\"position\":2,\"name\":\"Les chambres\"}]},{\"@type\":\"WebSite\",\"@id\":\"https:\/\/www.quidhotelvenice.com\/fr\/#website\",\"url\":\"https:\/\/www.quidhotelvenice.com\/fr\/\",\"name\":\"Voco Venice Mestre\",\"description\":\"\",\"potentialAction\":[{\"@type\":\"SearchAction\",\"target\":{\"@type\":\"EntryPoint\",\"urlTemplate\":\"https:\/\/www.quidhotelvenice.com\/fr\/?s={search_term_string}\"},\"query-input\":{\"@type\":\"PropertyValueSpecification\",\"valueRequired\":true,\"valueName\":\"search_term_string\"}}],\"inLanguage\":\"fr-FR\"}]}<\/script>\n<!-- \/ Yoast SEO plugin. -->","yoast_head_json":{"title":"Chambres Standard - Premium | voco\u00ae Venice Mestre - The Quid","description":"D\u00e9couvrez les chambres : Premium, Standard et accessible pour les voyages d'affaires ou en famille. D\u00e9couvrir les offres du voco\u00ae Venice Mestre.","robots":{"index":"index","follow":"follow","max-snippet":"max-snippet:-1","max-image-preview":"max-image-preview:large","max-video-preview":"max-video-preview:-1"},"canonical":"https:\/\/www.quidhotelvenice.com\/fr\/les-chambres\/","og_locale":"fr_FR","og_type":"article","og_title":"Chambres Standard - Premium | voco\u00ae Venice Mestre - The Quid","og_description":"D\u00e9couvrez les chambres : Premium, Standard et accessible pour les voyages d'affaires ou en famille. D\u00e9couvrir les offres du voco\u00ae Venice Mestre.","og_url":"https:\/\/www.quidhotelvenice.com\/fr\/les-chambres\/","og_site_name":"Voco Venice Mestre","article_modified_time":"2025-03-20T16:22:35+00:00","og_image":[{"width":2200,"height":1200,"url":"https:\/\/www.quidhotelvenice.com\/wp-content\/uploads\/sites\/557\/2023\/07\/02-Standard-Room-King-voco-Venice-Mestre-The-Quid_3.jpeg","type":"image\/jpeg"}],"twitter_card":"summary_large_image","twitter_misc":{"Dur\u00e9e de lecture estim\u00e9e":"1 minute"},"schema":{"@context":"https:\/\/schema.org","@graph":[{"@type":"WebPage","@id":"https:\/\/www.quidhotelvenice.com\/fr\/les-chambres\/","url":"https:\/\/www.quidhotelvenice.com\/fr\/les-chambres\/","name":"Chambres Standard - Premium | voco\u00ae Venice Mestre - The Quid","isPartOf":{"@id":"https:\/\/www.quidhotelvenice.com\/fr\/#website"},"primaryImageOfPage":{"@id":"https:\/\/www.quidhotelvenice.com\/fr\/les-chambres\/#primaryimage"},"image":{"@id":"https:\/\/www.quidhotelvenice.com\/fr\/les-chambres\/#primaryimage"},"thumbnailUrl":"https:\/\/www.quidhotelvenice.com\/wp-content\/uploads\/sites\/557\/2023\/07\/02-Standard-Room-King-voco-Venice-Mestre-The-Quid_3.jpeg","datePublished":"2023-07-19T16:55:39+00:00","dateModified":"2025-03-20T16:22:35+00:00","description":"D\u00e9couvrez les chambres : Premium, Standard et accessible pour les voyages d'affaires ou en famille. D\u00e9couvrir les offres du voco\u00ae Venice Mestre.","breadcrumb":{"@id":"https:\/\/www.quidhotelvenice.com\/fr\/les-chambres\/#breadcrumb"},"inLanguage":"fr-FR","potentialAction":[{"@type":"ReadAction","target":["https:\/\/www.quidhotelvenice.com\/fr\/les-chambres\/"]}]},{"@type":"ImageObject","inLanguage":"fr-FR","@id":"https:\/\/www.quidhotelvenice.com\/fr\/les-chambres\/#primaryimage","url":"https:\/\/www.quidhotelvenice.com\/wp-content\/uploads\/sites\/557\/2023\/07\/02-Standard-Room-King-voco-Venice-Mestre-The-Quid_3.jpeg","contentUrl":"https:\/\/www.quidhotelvenice.com\/wp-content\/uploads\/sites\/557\/2023\/07\/02-Standard-Room-King-voco-Venice-Mestre-The-Quid_3.jpeg","width":2200,"height":1200},{"@type":"BreadcrumbList","@id":"https:\/\/www.quidhotelvenice.com\/fr\/les-chambres\/#breadcrumb","itemListElement":[{"@type":"ListItem","position":1,"name":"Home","item":"https:\/\/www.quidhotelvenice.com\/fr\/"},{"@type":"ListItem","position":2,"name":"Les chambres"}]},{"@type":"WebSite","@id":"https:\/\/www.quidhotelvenice.com\/fr\/#website","url":"https:\/\/www.quidhotelvenice.com\/fr\/","name":"Voco Venice Mestre","description":"","potentialAction":[{"@type":"SearchAction","target":{"@type":"EntryPoint","urlTemplate":"https:\/\/www.quidhotelvenice.com\/fr\/?s={search_term_string}"},"query-input":{"@type":"PropertyValueSpecification","valueRequired":true,"valueName":"search_term_string"}}],"inLanguage":"fr-FR"}]}},"acf":[],"_links":{"self":[{"href":"https:\/\/www.quidhotelvenice.com\/fr\/wp-json\/wp\/v2\/pages\/31","targetHints":{"allow":["GET"]}}],"collection":[{"href":"https:\/\/www.quidhotelvenice.com\/fr\/wp-json\/wp\/v2\/pages"}],"about":[{"href":"https:\/\/www.quidhotelvenice.com\/fr\/wp-json\/wp\/v2\/types\/page"}],"author":[{"embeddable":true,"href":"https:\/\/www.quidhotelvenice.com\/fr\/wp-json\/wp\/v2\/users\/6"}],"replies":[{"embeddable":true,"href":"https:\/\/www.quidhotelvenice.com\/fr\/wp-json\/wp\/v2\/comments?post=31"}],"version-history":[{"count":0,"href":"https:\/\/www.quidhotelvenice.com\/fr\/wp-json\/wp\/v2\/pages\/31\/revisions"}],"wp:featuredmedia":[{"embeddable":true,"href":"https:\/\/www.quidhotelvenice.com\/fr\/wp-json\/wp\/v2\/media\/582"}],"wp:attachment":[{"href":"https:\/\/www.quidhotelvenice.com\/fr\/wp-json\/wp\/v2\/media?parent=31"}],"curies":[{"name":"wp","href":"https:\/\/api.w.org\/{rel}","templated":true}]}}