{"id":26,"date":"2023-07-19T16:51:46","date_gmt":"2023-07-19T16:51:46","guid":{"rendered":"https:\/\/voco-venice.ms.decms.eu\/hotel\/lifestyle-hotel\/"},"modified":"2023-08-29T10:45:00","modified_gmt":"2023-08-29T10:45:00","slug":"lifestyle-hotel","status":"publish","type":"page","link":"https:\/\/www.quidhotelvenice.com\/fr\/hotel\/lifestyle-hotel\/","title":{"rendered":"Lifestyle hotel"},"content":{"rendered":"<p><span style=\"font-weight: 400;\">Id\u00e9alement situ\u00e9, le voco\u00ae Venice Mestre &#8211; The Quid est le choix parfait pour tous ceux qui r\u00eavent d\u2019un s\u00e9jour dans un h\u00f4tel avant-gardiste et branch\u00e9.<\/span><span style=\"font-weight: 400;\"><br \/>\n<\/span><\/p>\n<p><span style=\"font-weight: 400;\">\u00c0 seulement <\/span><b>deux minutes de l&rsquo;autoroute A4<\/b><span style=\"font-weight: 400;\">, notre structure est facilement accessible depuis les <\/span><b>a\u00e9roports de Venise et de Tr\u00e9vise<\/b><span style=\"font-weight: 400;\">, mais pas que ! En s\u00e9journant au voco\u00ae, vous pourrez rejoindre rapidement <\/span><b>Mestre<\/b><span style=\"font-weight: 400;\"> et <\/span><b>Venise<\/b><span style=\"font-weight: 400;\">, mais aussi <\/span><b>Tr\u00e9vise<\/b><span style=\"font-weight: 400;\"> et la plupart des villes d&rsquo;art de la V\u00e9n\u00e9tie.\u00a0<\/span><\/p>\n<p><i><span style=\"font-weight: 400;\">Nous avons soigneusement choisi notre emplacement<\/span><\/i><span style=\"font-weight: 400;\"> pour faire du voco\u00ae un centre n\u00e9vralgique pour chaque itin\u00e9raire, autoriser tous les d\u00e9placements et rendre chaque destination imm\u00e9diatement accessible. De plus, le voco\u00ae Venice Mestre &#8211; The Quid met \u00e0 votre disposition un <\/span><b>double parking<\/b><span style=\"font-weight: 400;\"> et est parfaitement desservi par les <\/span><b>transports en commun<\/b><span style=\"font-weight: 400;\"> : d\u00e9couvrez Venise sans prise de t\u00eate pour chercher une place de stationnement, et profitez de la po\u00e9sie de ses canaux en toute s\u00e9r\u00e9nit\u00e9.\u00a0<\/span><\/p>\n<p><span style=\"font-weight: 400;\">Apr\u00e8s une journ\u00e9e de visites et promenades buissonni\u00e8res, offrez-vous un d\u00eener au <\/span><b>Ludico Restaurant<\/b><span style=\"font-weight: 400;\"> ou d\u00e9tendez-vous dans votre chambre en profitant du <\/span><b>room service disponible H24<\/b><span style=\"font-weight: 400;\">. Laissez-vous dorloter par notre \u00e9quipe hautement qualifi\u00e9e et passez un s\u00e9jour \u00e0 l\u2019enseigne du relax dans un cocon raffin\u00e9 et moderne, au design p\u00e9tillant et branch\u00e9. <\/span><span style=\"font-weight: 400;\"><br \/>\n<\/span><span style=\"font-weight: 400;\">S\u00e9journer au voco\u00ae Venice Mestre &#8211; The Quid, c\u2019est disposer d&rsquo;une salle de fitness, d&rsquo;un bar o\u00f9 vous pourrez d\u00e9guster drinks et ap\u00e9ritifs et d&rsquo;un espace Gaming pour d\u00e9fier vos amis ou vous challenger en famille.\u00a0\u00a0<\/span><\/p>\n","protected":false},"excerpt":{"rendered":"<p>Id\u00e9alement situ\u00e9, le voco\u00ae Venice Mestre &#8211; The Quid est le choix parfait pour tous ceux qui r\u00eavent d\u2019un s\u00e9jour dans un h\u00f4tel avant-gardiste et branch\u00e9. \u00c0 seulement deux minutes de l&rsquo;autoroute A4, notre structure est facilement accessible depuis les a\u00e9roports de Venise et de Tr\u00e9vise, mais pas que ! En s\u00e9journant au voco\u00ae, vous [&hellip;]<\/p>\n","protected":false},"author":6,"featured_media":569,"parent":10,"menu_order":14,"comment_status":"closed","ping_status":"closed","template":"template-default-4.php","meta":{"footnotes":""},"class_list":["post-26","page","type-page","status-publish","has-post-thumbnail","hentry"],"yoast_head":"<!-- This site is optimized with the Yoast SEO plugin v26.9 - https:\/\/yoast.com\/product\/yoast-seo-wordpress\/ -->\n<title>Relax et divertissement | voco\u00ae Venice Mestre - The Quid<\/title>\n<meta name=\"description\" content=\"Vous \u00eates \u00e0 Venise juste pour le plaisir ? Au menu d\u2019un s\u00e9jour voco\u00ae : restaurant, bar, chambres spacieuses et espace Gaming. D\u00e9couvrir les services !\" \/>\n<meta name=\"robots\" content=\"index, follow, max-snippet:-1, max-image-preview:large, max-video-preview:-1\" \/>\n<link rel=\"canonical\" href=\"https:\/\/www.quidhotelvenice.com\/fr\/hotel\/lifestyle-hotel\/\" \/>\n<meta property=\"og:locale\" content=\"fr_FR\" \/>\n<meta property=\"og:type\" content=\"article\" \/>\n<meta property=\"og:title\" content=\"Relax et divertissement | voco\u00ae Venice Mestre - The Quid\" \/>\n<meta property=\"og:description\" content=\"Vous \u00eates \u00e0 Venise juste pour le plaisir ? Au menu d\u2019un s\u00e9jour voco\u00ae : restaurant, bar, chambres spacieuses et espace Gaming. D\u00e9couvrir les services !\" \/>\n<meta property=\"og:url\" content=\"https:\/\/www.quidhotelvenice.com\/fr\/hotel\/lifestyle-hotel\/\" \/>\n<meta property=\"og:site_name\" content=\"Voco Venice Mestre\" \/>\n<meta property=\"article:modified_time\" content=\"2023-08-29T10:45:00+00:00\" \/>\n<meta property=\"og:image\" content=\"https:\/\/www.quidhotelvenice.com\/wp-content\/uploads\/sites\/557\/2023\/07\/Guest-Relaxing-voco-Venice-Mestre-The-Quid_1.jpg\" \/>\n\t<meta property=\"og:image:width\" content=\"2200\" \/>\n\t<meta property=\"og:image:height\" content=\"1200\" \/>\n\t<meta property=\"og:image:type\" content=\"image\/jpeg\" \/>\n<meta name=\"twitter:card\" content=\"summary_large_image\" \/>\n<meta name=\"twitter:label1\" content=\"Dur\u00e9e de lecture estim\u00e9e\" \/>\n\t<meta name=\"twitter:data1\" content=\"1 minute\" \/>\n<script type=\"application\/ld+json\" class=\"yoast-schema-graph\">{\"@context\":\"https:\/\/schema.org\",\"@graph\":[{\"@type\":\"WebPage\",\"@id\":\"https:\/\/www.quidhotelvenice.com\/fr\/hotel\/lifestyle-hotel\/\",\"url\":\"https:\/\/www.quidhotelvenice.com\/fr\/hotel\/lifestyle-hotel\/\",\"name\":\"Relax et divertissement | voco\u00ae Venice Mestre - The Quid\",\"isPartOf\":{\"@id\":\"https:\/\/www.quidhotelvenice.com\/fr\/#website\"},\"primaryImageOfPage\":{\"@id\":\"https:\/\/www.quidhotelvenice.com\/fr\/hotel\/lifestyle-hotel\/#primaryimage\"},\"image\":{\"@id\":\"https:\/\/www.quidhotelvenice.com\/fr\/hotel\/lifestyle-hotel\/#primaryimage\"},\"thumbnailUrl\":\"https:\/\/www.quidhotelvenice.com\/wp-content\/uploads\/sites\/557\/2023\/07\/Guest-Relaxing-voco-Venice-Mestre-The-Quid_1.jpg\",\"datePublished\":\"2023-07-19T16:51:46+00:00\",\"dateModified\":\"2023-08-29T10:45:00+00:00\",\"description\":\"Vous \u00eates \u00e0 Venise juste pour le plaisir ? Au menu d\u2019un s\u00e9jour voco\u00ae : restaurant, bar, chambres spacieuses et espace Gaming. D\u00e9couvrir les services !\",\"breadcrumb\":{\"@id\":\"https:\/\/www.quidhotelvenice.com\/fr\/hotel\/lifestyle-hotel\/#breadcrumb\"},\"inLanguage\":\"fr-FR\",\"potentialAction\":[{\"@type\":\"ReadAction\",\"target\":[\"https:\/\/www.quidhotelvenice.com\/fr\/hotel\/lifestyle-hotel\/\"]}]},{\"@type\":\"ImageObject\",\"inLanguage\":\"fr-FR\",\"@id\":\"https:\/\/www.quidhotelvenice.com\/fr\/hotel\/lifestyle-hotel\/#primaryimage\",\"url\":\"https:\/\/www.quidhotelvenice.com\/wp-content\/uploads\/sites\/557\/2023\/07\/Guest-Relaxing-voco-Venice-Mestre-The-Quid_1.jpg\",\"contentUrl\":\"https:\/\/www.quidhotelvenice.com\/wp-content\/uploads\/sites\/557\/2023\/07\/Guest-Relaxing-voco-Venice-Mestre-The-Quid_1.jpg\",\"width\":2200,\"height\":1200},{\"@type\":\"BreadcrumbList\",\"@id\":\"https:\/\/www.quidhotelvenice.com\/fr\/hotel\/lifestyle-hotel\/#breadcrumb\",\"itemListElement\":[{\"@type\":\"ListItem\",\"position\":1,\"name\":\"Home\",\"item\":\"https:\/\/www.quidhotelvenice.com\/fr\/\"},{\"@type\":\"ListItem\",\"position\":2,\"name\":\"Hotel\",\"item\":\"https:\/\/www.quidhotelvenice.com\/fr\/hotel\/\"},{\"@type\":\"ListItem\",\"position\":3,\"name\":\"Lifestyle hotel\"}]},{\"@type\":\"WebSite\",\"@id\":\"https:\/\/www.quidhotelvenice.com\/fr\/#website\",\"url\":\"https:\/\/www.quidhotelvenice.com\/fr\/\",\"name\":\"Voco Venice Mestre\",\"description\":\"\",\"potentialAction\":[{\"@type\":\"SearchAction\",\"target\":{\"@type\":\"EntryPoint\",\"urlTemplate\":\"https:\/\/www.quidhotelvenice.com\/fr\/?s={search_term_string}\"},\"query-input\":{\"@type\":\"PropertyValueSpecification\",\"valueRequired\":true,\"valueName\":\"search_term_string\"}}],\"inLanguage\":\"fr-FR\"}]}<\/script>\n<!-- \/ Yoast SEO plugin. -->","yoast_head_json":{"title":"Relax et divertissement | voco\u00ae Venice Mestre - The Quid","description":"Vous \u00eates \u00e0 Venise juste pour le plaisir ? Au menu d\u2019un s\u00e9jour voco\u00ae : restaurant, bar, chambres spacieuses et espace Gaming. D\u00e9couvrir les services !","robots":{"index":"index","follow":"follow","max-snippet":"max-snippet:-1","max-image-preview":"max-image-preview:large","max-video-preview":"max-video-preview:-1"},"canonical":"https:\/\/www.quidhotelvenice.com\/fr\/hotel\/lifestyle-hotel\/","og_locale":"fr_FR","og_type":"article","og_title":"Relax et divertissement | voco\u00ae Venice Mestre - The Quid","og_description":"Vous \u00eates \u00e0 Venise juste pour le plaisir ? Au menu d\u2019un s\u00e9jour voco\u00ae : restaurant, bar, chambres spacieuses et espace Gaming. D\u00e9couvrir les services !","og_url":"https:\/\/www.quidhotelvenice.com\/fr\/hotel\/lifestyle-hotel\/","og_site_name":"Voco Venice Mestre","article_modified_time":"2023-08-29T10:45:00+00:00","og_image":[{"width":2200,"height":1200,"url":"https:\/\/www.quidhotelvenice.com\/wp-content\/uploads\/sites\/557\/2023\/07\/Guest-Relaxing-voco-Venice-Mestre-The-Quid_1.jpg","type":"image\/jpeg"}],"twitter_card":"summary_large_image","twitter_misc":{"Dur\u00e9e de lecture estim\u00e9e":"1 minute"},"schema":{"@context":"https:\/\/schema.org","@graph":[{"@type":"WebPage","@id":"https:\/\/www.quidhotelvenice.com\/fr\/hotel\/lifestyle-hotel\/","url":"https:\/\/www.quidhotelvenice.com\/fr\/hotel\/lifestyle-hotel\/","name":"Relax et divertissement | voco\u00ae Venice Mestre - The Quid","isPartOf":{"@id":"https:\/\/www.quidhotelvenice.com\/fr\/#website"},"primaryImageOfPage":{"@id":"https:\/\/www.quidhotelvenice.com\/fr\/hotel\/lifestyle-hotel\/#primaryimage"},"image":{"@id":"https:\/\/www.quidhotelvenice.com\/fr\/hotel\/lifestyle-hotel\/#primaryimage"},"thumbnailUrl":"https:\/\/www.quidhotelvenice.com\/wp-content\/uploads\/sites\/557\/2023\/07\/Guest-Relaxing-voco-Venice-Mestre-The-Quid_1.jpg","datePublished":"2023-07-19T16:51:46+00:00","dateModified":"2023-08-29T10:45:00+00:00","description":"Vous \u00eates \u00e0 Venise juste pour le plaisir ? Au menu d\u2019un s\u00e9jour voco\u00ae : restaurant, bar, chambres spacieuses et espace Gaming. D\u00e9couvrir les services !","breadcrumb":{"@id":"https:\/\/www.quidhotelvenice.com\/fr\/hotel\/lifestyle-hotel\/#breadcrumb"},"inLanguage":"fr-FR","potentialAction":[{"@type":"ReadAction","target":["https:\/\/www.quidhotelvenice.com\/fr\/hotel\/lifestyle-hotel\/"]}]},{"@type":"ImageObject","inLanguage":"fr-FR","@id":"https:\/\/www.quidhotelvenice.com\/fr\/hotel\/lifestyle-hotel\/#primaryimage","url":"https:\/\/www.quidhotelvenice.com\/wp-content\/uploads\/sites\/557\/2023\/07\/Guest-Relaxing-voco-Venice-Mestre-The-Quid_1.jpg","contentUrl":"https:\/\/www.quidhotelvenice.com\/wp-content\/uploads\/sites\/557\/2023\/07\/Guest-Relaxing-voco-Venice-Mestre-The-Quid_1.jpg","width":2200,"height":1200},{"@type":"BreadcrumbList","@id":"https:\/\/www.quidhotelvenice.com\/fr\/hotel\/lifestyle-hotel\/#breadcrumb","itemListElement":[{"@type":"ListItem","position":1,"name":"Home","item":"https:\/\/www.quidhotelvenice.com\/fr\/"},{"@type":"ListItem","position":2,"name":"Hotel","item":"https:\/\/www.quidhotelvenice.com\/fr\/hotel\/"},{"@type":"ListItem","position":3,"name":"Lifestyle hotel"}]},{"@type":"WebSite","@id":"https:\/\/www.quidhotelvenice.com\/fr\/#website","url":"https:\/\/www.quidhotelvenice.com\/fr\/","name":"Voco Venice Mestre","description":"","potentialAction":[{"@type":"SearchAction","target":{"@type":"EntryPoint","urlTemplate":"https:\/\/www.quidhotelvenice.com\/fr\/?s={search_term_string}"},"query-input":{"@type":"PropertyValueSpecification","valueRequired":true,"valueName":"search_term_string"}}],"inLanguage":"fr-FR"}]}},"acf":[],"_links":{"self":[{"href":"https:\/\/www.quidhotelvenice.com\/fr\/wp-json\/wp\/v2\/pages\/26","targetHints":{"allow":["GET"]}}],"collection":[{"href":"https:\/\/www.quidhotelvenice.com\/fr\/wp-json\/wp\/v2\/pages"}],"about":[{"href":"https:\/\/www.quidhotelvenice.com\/fr\/wp-json\/wp\/v2\/types\/page"}],"author":[{"embeddable":true,"href":"https:\/\/www.quidhotelvenice.com\/fr\/wp-json\/wp\/v2\/users\/6"}],"replies":[{"embeddable":true,"href":"https:\/\/www.quidhotelvenice.com\/fr\/wp-json\/wp\/v2\/comments?post=26"}],"version-history":[{"count":0,"href":"https:\/\/www.quidhotelvenice.com\/fr\/wp-json\/wp\/v2\/pages\/26\/revisions"}],"up":[{"embeddable":true,"href":"https:\/\/www.quidhotelvenice.com\/fr\/wp-json\/wp\/v2\/pages\/10"}],"wp:featuredmedia":[{"embeddable":true,"href":"https:\/\/www.quidhotelvenice.com\/fr\/wp-json\/wp\/v2\/media\/569"}],"wp:attachment":[{"href":"https:\/\/www.quidhotelvenice.com\/fr\/wp-json\/wp\/v2\/media?parent=26"}],"curies":[{"name":"wp","href":"https:\/\/api.w.org\/{rel}","templated":true}]}}