{"id":199,"date":"2023-07-20T15:07:31","date_gmt":"2023-07-20T15:07:31","guid":{"rendered":"https:\/\/voco-venice.ms.decms.eu\/contattaci\/"},"modified":"2023-08-29T13:34:29","modified_gmt":"2023-08-29T13:34:29","slug":"contactez-nous","status":"publish","type":"page","link":"https:\/\/www.quidhotelvenice.com\/fr\/contactez-nous\/","title":{"rendered":"Contactez-nous"},"content":{"rendered":"\n                <div class='gf_browser_gecko gform_wrapper contactus-form_wrapper' id='gform_wrapper_5' ><form method='post' enctype='multipart\/form-data'  id='gform_5' class='contactus-form' action='\/fr\/wp-json\/wp\/v2\/pages\/199'>\n                        <div class='gform_body'><ul id='gform_fields_5' class='gform_fields top_label form_sublabel_below description_below'><li id='field_5_1'  class='gfield gfield_contains_required field_sublabel_below field_description_below gfield_visibility_visible' ><label class='gfield_label gfield_label_before_complex'  >Nom<span class='gfield_required'>*<\/span><\/label><div class='ginput_complex ginput_container no_prefix has_first_name no_middle_name has_last_name no_suffix gf_name_has_2 ginput_container_name' id='input_5_1'>\n                            \n                            <span id='input_5_1_3_container' class='name_first' >\n                                                    <input type='text' name='input_1.3' id='input_5_1_3' value='' aria-label='First name'   aria-required=\"true\" aria-invalid=\"false\" \/>\n                                                    <label for='input_5_1_3' >Nom<\/label>\n                                                <\/span>\n                            \n                            <span id='input_5_1_6_container' class='name_last' >\n                                                    <input type='text' name='input_1.6' id='input_5_1_6' value='' aria-label='Last name'   aria-required=\"true\" aria-invalid=\"false\" \/>\n                                                    <label for='input_5_1_6' >Nom de famille<\/label>\n                                                <\/span>\n                            \n                        <\/div><\/li><li id='field_5_2'  class='gfield gfield_contains_required field_sublabel_below field_description_below gfield_visibility_visible' ><label class='gfield_label' for='input_5_2' >E-mail<span class='gfield_required'>*<\/span><\/label><div class='ginput_container ginput_container_email'>\n                            <input name='input_2' id='input_5_2' type='text' value='' class='medium'    aria-required=\"true\" aria-invalid=\"false\" \/>\n                        <\/div><\/li><li id='field_5_6'  class='gfield field_sublabel_below field_description_below gfield_visibility_visible' ><label class='gfield_label' for='input_5_6' >Num\u00e9ro de t\u00e9l\u00e9phone<\/label><div class='ginput_container ginput_container_phone'><input name='input_6' id='input_5_6' type='text' value='' class='medium'    aria-invalid=\"false\"  \/><\/div><\/li><li id='field_5_3'  class='gfield gfield_contains_required field_sublabel_below field_description_below gfield_visibility_visible' ><label class='gfield_label' for='input_5_3' >Message<span class='gfield_required'>*<\/span><\/label><div class='ginput_container ginput_container_textarea'><textarea name='input_3' id='input_5_3' class='textarea medium'     aria-required=\"true\" aria-invalid=\"false\"   rows='10' cols='50'><\/textarea><\/div><\/li><li id='field_5_4'  class='gfield gfield_contains_required field_sublabel_below field_description_below gfield_visibility_visible' ><label class='gfield_label'  >Consentement<span class='gfield_required'>*<\/span><\/label><div class='ginput_container ginput_container_consent'><input name='input_4.1' id='input_5_4_1' type='checkbox' value='1'   aria-required=\"true\" aria-invalid=\"false\"   \/> <label class=\"gfield_consent_label\" for='input_5_4_1' >* Conform\u00e9ment \u00e0 l'art. 13 du r\u00e8glement UE 679\/2016 GDPR J'ai lu la <a href=\"\/fr\/privacy-policy\/\" target=\"_blank\">politique de confidentialit\u00e9y<\/a><\/label><input type='hidden' name='input_4.2' value='* Conform\u00e9ment \u00e0 l&#039;art. 13 du r\u00e8glement UE 679\/2016 GDPR J&#039;ai lu la &lt;a href=&quot;\/fr\/privacy-policy\/&quot; target=&quot;_blank&quot;&gt;politique de confidentialit\u00e9y&lt;\/a&gt;' class='gform_hidden' \/><input type='hidden' name='input_4.3' value='4' class='gform_hidden' \/><\/div><\/li><li id='field_5_5'  class='gfield field_sublabel_below field_description_below hidden_label gfield_visibility_visible' ><label class='gfield_label' for='input_5_5' >CAPTCHA<\/label><div id='input_5_5' class='ginput_container ginput_recaptcha' data-sitekey='6LfdRRAqAAAAANpMbvRhEKtzB9E7N1zmxipY3Bdv'  data-theme='light' data-tabindex='0'  data-badge=''><\/div><\/li><li id='field_5_7'  class='gfield gform_validation_container field_sublabel_below field_description_below gfield_visibility_visible' ><label class='gfield_label' for='input_5_7' >Email<\/label><div class='ginput_container'><input name='input_7' id='input_5_7' type='text' value='' \/><\/div><div class='gfield_description' id='gfield_description_5_7'>Ce champ n\u2019est utilis\u00e9 qu\u2019\u00e0 des fins de validation et devrait rester inchang\u00e9.<\/div><\/li>\n                            <\/ul><\/div>\n        <div class='gform_footer top_label'> <input type='submit' id='gform_submit_button_5' class='gform_button button' value='Envoyer une demande'  onclick='if(window[\"gf_submitting_5\"]){return false;}  window[\"gf_submitting_5\"]=true;  ' onkeypress='if( event.keyCode == 13 ){ if(window[\"gf_submitting_5\"]){return false;} window[\"gf_submitting_5\"]=true;  jQuery(\"#gform_5\").trigger(\"submit\",[true]); }' \/> \n            <input type='hidden' class='gform_hidden' name='is_submit_5' value='1' \/>\n            <input type='hidden' class='gform_hidden' name='gform_submit' value='5' \/>\n            \n            <input type='hidden' class='gform_hidden' name='gform_unique_id' value='' \/>\n            <input type='hidden' class='gform_hidden' name='state_5' value='WyJbXSIsIjMzYmYyMWNkYTJhNzA4YTM1YzdlNzFmY2RiNzcyYTQwIl0=' \/>\n            <input type='hidden' class='gform_hidden' name='gform_target_page_number_5' id='gform_target_page_number_5' value='0' \/>\n            <input type='hidden' class='gform_hidden' name='gform_source_page_number_5' id='gform_source_page_number_5' value='1' \/>\n            <input type='hidden' name='gform_field_values' value='' \/>\n            \n        <\/div>\n                        <\/form>\n                        <\/div><script type='text\/javascript'> jQuery(document).bind('gform_post_render', function(event, formId, currentPage){if(formId == 5) {} } );jQuery(document).bind('gform_post_conditional_logic', function(event, formId, fields, isInit){} );<\/script><script type='text\/javascript'> jQuery(document).ready(function(){jQuery(document).trigger('gform_post_render', [5, 1]) } ); <\/script>\n","protected":false},"excerpt":{"rendered":"","protected":false},"author":6,"featured_media":1013,"parent":0,"menu_order":120,"comment_status":"closed","ping_status":"closed","template":"template-contacts.php","meta":{"footnotes":""},"class_list":["post-199","page","type-page","status-publish","has-post-thumbnail","hentry"],"yoast_head":"<!-- This site is optimized with the Yoast SEO plugin v26.9 - https:\/\/yoast.com\/product\/yoast-seo-wordpress\/ -->\n<title>Contacts : t\u00e9l\u00e9phone, email | voco\u00ae Venice Mestre - The Quid<\/title>\n<meta name=\"description\" content=\"La satisfaction de nos h\u00f4tes est notre priorit\u00e9. Notre \u00e9quipe est \u00e0 votre \u00e9coute pour tout besoin d\u2019informations : contactez-nous !\" \/>\n<meta name=\"robots\" content=\"index, follow, max-snippet:-1, max-image-preview:large, max-video-preview:-1\" \/>\n<link rel=\"canonical\" href=\"https:\/\/www.quidhotelvenice.com\/fr\/contactez-nous\/\" \/>\n<meta property=\"og:locale\" content=\"fr_FR\" \/>\n<meta property=\"og:type\" content=\"article\" \/>\n<meta property=\"og:title\" content=\"Contacts : t\u00e9l\u00e9phone, email | voco\u00ae Venice Mestre - The Quid\" \/>\n<meta property=\"og:description\" content=\"La satisfaction de nos h\u00f4tes est notre priorit\u00e9. Notre \u00e9quipe est \u00e0 votre \u00e9coute pour tout besoin d\u2019informations : contactez-nous !\" \/>\n<meta property=\"og:url\" content=\"https:\/\/www.quidhotelvenice.com\/fr\/contactez-nous\/\" \/>\n<meta property=\"og:site_name\" content=\"Voco Venice Mestre\" \/>\n<meta property=\"article:modified_time\" content=\"2023-08-29T13:34:29+00:00\" \/>\n<meta property=\"og:image\" content=\"https:\/\/www.quidhotelvenice.com\/wp-content\/uploads\/sites\/557\/2023\/07\/Hotel-Reception-voco-Venice-Mestre-The-Quid.jpeg\" \/>\n\t<meta property=\"og:image:width\" content=\"2200\" \/>\n\t<meta property=\"og:image:height\" content=\"1200\" \/>\n\t<meta property=\"og:image:type\" content=\"image\/jpeg\" \/>\n<meta name=\"twitter:card\" content=\"summary_large_image\" \/>\n<script type=\"application\/ld+json\" class=\"yoast-schema-graph\">{\"@context\":\"https:\/\/schema.org\",\"@graph\":[{\"@type\":\"WebPage\",\"@id\":\"https:\/\/www.quidhotelvenice.com\/fr\/contactez-nous\/\",\"url\":\"https:\/\/www.quidhotelvenice.com\/fr\/contactez-nous\/\",\"name\":\"Contacts : t\u00e9l\u00e9phone, email | voco\u00ae Venice Mestre - The Quid\",\"isPartOf\":{\"@id\":\"https:\/\/www.quidhotelvenice.com\/fr\/#website\"},\"primaryImageOfPage\":{\"@id\":\"https:\/\/www.quidhotelvenice.com\/fr\/contactez-nous\/#primaryimage\"},\"image\":{\"@id\":\"https:\/\/www.quidhotelvenice.com\/fr\/contactez-nous\/#primaryimage\"},\"thumbnailUrl\":\"https:\/\/www.quidhotelvenice.com\/wp-content\/uploads\/sites\/557\/2023\/07\/Hotel-Reception-voco-Venice-Mestre-The-Quid.jpeg\",\"datePublished\":\"2023-07-20T15:07:31+00:00\",\"dateModified\":\"2023-08-29T13:34:29+00:00\",\"description\":\"La satisfaction de nos h\u00f4tes est notre priorit\u00e9. Notre \u00e9quipe est \u00e0 votre \u00e9coute pour tout besoin d\u2019informations : contactez-nous !\",\"breadcrumb\":{\"@id\":\"https:\/\/www.quidhotelvenice.com\/fr\/contactez-nous\/#breadcrumb\"},\"inLanguage\":\"fr-FR\",\"potentialAction\":[{\"@type\":\"ReadAction\",\"target\":[\"https:\/\/www.quidhotelvenice.com\/fr\/contactez-nous\/\"]}]},{\"@type\":\"ImageObject\",\"inLanguage\":\"fr-FR\",\"@id\":\"https:\/\/www.quidhotelvenice.com\/fr\/contactez-nous\/#primaryimage\",\"url\":\"https:\/\/www.quidhotelvenice.com\/wp-content\/uploads\/sites\/557\/2023\/07\/Hotel-Reception-voco-Venice-Mestre-The-Quid.jpeg\",\"contentUrl\":\"https:\/\/www.quidhotelvenice.com\/wp-content\/uploads\/sites\/557\/2023\/07\/Hotel-Reception-voco-Venice-Mestre-The-Quid.jpeg\",\"width\":2200,\"height\":1200},{\"@type\":\"BreadcrumbList\",\"@id\":\"https:\/\/www.quidhotelvenice.com\/fr\/contactez-nous\/#breadcrumb\",\"itemListElement\":[{\"@type\":\"ListItem\",\"position\":1,\"name\":\"Home\",\"item\":\"https:\/\/www.quidhotelvenice.com\/fr\/\"},{\"@type\":\"ListItem\",\"position\":2,\"name\":\"Contactez-nous\"}]},{\"@type\":\"WebSite\",\"@id\":\"https:\/\/www.quidhotelvenice.com\/fr\/#website\",\"url\":\"https:\/\/www.quidhotelvenice.com\/fr\/\",\"name\":\"Voco Venice Mestre\",\"description\":\"\",\"potentialAction\":[{\"@type\":\"SearchAction\",\"target\":{\"@type\":\"EntryPoint\",\"urlTemplate\":\"https:\/\/www.quidhotelvenice.com\/fr\/?s={search_term_string}\"},\"query-input\":{\"@type\":\"PropertyValueSpecification\",\"valueRequired\":true,\"valueName\":\"search_term_string\"}}],\"inLanguage\":\"fr-FR\"}]}<\/script>\n<!-- \/ Yoast SEO plugin. -->","yoast_head_json":{"title":"Contacts : t\u00e9l\u00e9phone, email | voco\u00ae Venice Mestre - The Quid","description":"La satisfaction de nos h\u00f4tes est notre priorit\u00e9. Notre \u00e9quipe est \u00e0 votre \u00e9coute pour tout besoin d\u2019informations : contactez-nous !","robots":{"index":"index","follow":"follow","max-snippet":"max-snippet:-1","max-image-preview":"max-image-preview:large","max-video-preview":"max-video-preview:-1"},"canonical":"https:\/\/www.quidhotelvenice.com\/fr\/contactez-nous\/","og_locale":"fr_FR","og_type":"article","og_title":"Contacts : t\u00e9l\u00e9phone, email | voco\u00ae Venice Mestre - The Quid","og_description":"La satisfaction de nos h\u00f4tes est notre priorit\u00e9. Notre \u00e9quipe est \u00e0 votre \u00e9coute pour tout besoin d\u2019informations : contactez-nous !","og_url":"https:\/\/www.quidhotelvenice.com\/fr\/contactez-nous\/","og_site_name":"Voco Venice Mestre","article_modified_time":"2023-08-29T13:34:29+00:00","og_image":[{"width":2200,"height":1200,"url":"https:\/\/www.quidhotelvenice.com\/wp-content\/uploads\/sites\/557\/2023\/07\/Hotel-Reception-voco-Venice-Mestre-The-Quid.jpeg","type":"image\/jpeg"}],"twitter_card":"summary_large_image","schema":{"@context":"https:\/\/schema.org","@graph":[{"@type":"WebPage","@id":"https:\/\/www.quidhotelvenice.com\/fr\/contactez-nous\/","url":"https:\/\/www.quidhotelvenice.com\/fr\/contactez-nous\/","name":"Contacts : t\u00e9l\u00e9phone, email | voco\u00ae Venice Mestre - The Quid","isPartOf":{"@id":"https:\/\/www.quidhotelvenice.com\/fr\/#website"},"primaryImageOfPage":{"@id":"https:\/\/www.quidhotelvenice.com\/fr\/contactez-nous\/#primaryimage"},"image":{"@id":"https:\/\/www.quidhotelvenice.com\/fr\/contactez-nous\/#primaryimage"},"thumbnailUrl":"https:\/\/www.quidhotelvenice.com\/wp-content\/uploads\/sites\/557\/2023\/07\/Hotel-Reception-voco-Venice-Mestre-The-Quid.jpeg","datePublished":"2023-07-20T15:07:31+00:00","dateModified":"2023-08-29T13:34:29+00:00","description":"La satisfaction de nos h\u00f4tes est notre priorit\u00e9. Notre \u00e9quipe est \u00e0 votre \u00e9coute pour tout besoin d\u2019informations : contactez-nous !","breadcrumb":{"@id":"https:\/\/www.quidhotelvenice.com\/fr\/contactez-nous\/#breadcrumb"},"inLanguage":"fr-FR","potentialAction":[{"@type":"ReadAction","target":["https:\/\/www.quidhotelvenice.com\/fr\/contactez-nous\/"]}]},{"@type":"ImageObject","inLanguage":"fr-FR","@id":"https:\/\/www.quidhotelvenice.com\/fr\/contactez-nous\/#primaryimage","url":"https:\/\/www.quidhotelvenice.com\/wp-content\/uploads\/sites\/557\/2023\/07\/Hotel-Reception-voco-Venice-Mestre-The-Quid.jpeg","contentUrl":"https:\/\/www.quidhotelvenice.com\/wp-content\/uploads\/sites\/557\/2023\/07\/Hotel-Reception-voco-Venice-Mestre-The-Quid.jpeg","width":2200,"height":1200},{"@type":"BreadcrumbList","@id":"https:\/\/www.quidhotelvenice.com\/fr\/contactez-nous\/#breadcrumb","itemListElement":[{"@type":"ListItem","position":1,"name":"Home","item":"https:\/\/www.quidhotelvenice.com\/fr\/"},{"@type":"ListItem","position":2,"name":"Contactez-nous"}]},{"@type":"WebSite","@id":"https:\/\/www.quidhotelvenice.com\/fr\/#website","url":"https:\/\/www.quidhotelvenice.com\/fr\/","name":"Voco Venice Mestre","description":"","potentialAction":[{"@type":"SearchAction","target":{"@type":"EntryPoint","urlTemplate":"https:\/\/www.quidhotelvenice.com\/fr\/?s={search_term_string}"},"query-input":{"@type":"PropertyValueSpecification","valueRequired":true,"valueName":"search_term_string"}}],"inLanguage":"fr-FR"}]}},"acf":[],"_links":{"self":[{"href":"https:\/\/www.quidhotelvenice.com\/fr\/wp-json\/wp\/v2\/pages\/199","targetHints":{"allow":["GET"]}}],"collection":[{"href":"https:\/\/www.quidhotelvenice.com\/fr\/wp-json\/wp\/v2\/pages"}],"about":[{"href":"https:\/\/www.quidhotelvenice.com\/fr\/wp-json\/wp\/v2\/types\/page"}],"author":[{"embeddable":true,"href":"https:\/\/www.quidhotelvenice.com\/fr\/wp-json\/wp\/v2\/users\/6"}],"replies":[{"embeddable":true,"href":"https:\/\/www.quidhotelvenice.com\/fr\/wp-json\/wp\/v2\/comments?post=199"}],"version-history":[{"count":0,"href":"https:\/\/www.quidhotelvenice.com\/fr\/wp-json\/wp\/v2\/pages\/199\/revisions"}],"wp:featuredmedia":[{"embeddable":true,"href":"https:\/\/www.quidhotelvenice.com\/fr\/wp-json\/wp\/v2\/media\/1013"}],"wp:attachment":[{"href":"https:\/\/www.quidhotelvenice.com\/fr\/wp-json\/wp\/v2\/media?parent=199"}],"curies":[{"name":"wp","href":"https:\/\/api.w.org\/{rel}","templated":true}]}}