{"id":1914,"date":"2026-03-26T15:00:00","date_gmt":"2026-03-26T15:00:00","guid":{"rendered":"https:\/\/www.quidhotelvenice.com\/?page_id=1914"},"modified":"2026-03-26T17:06:57","modified_gmt":"2026-03-26T17:06:57","slug":"forfait-biennale-de-venise","status":"publish","type":"page","link":"https:\/\/www.quidhotelvenice.com\/fr\/offres-et-formules\/forfait-biennale-de-venise\/","title":{"rendered":"Forfait Biennale de Venise"},"content":{"rendered":"<p data-start=\"6265\" data-end=\"6582\">Vivez la magie de la <strong data-start=\"6286\" data-end=\"6313\">Biennale de Venise 2026<\/strong> avec un s\u00e9jour alliant confort, praticit\u00e9 et exp\u00e9rience locale. Gr\u00e2ce au <strong data-start=\"6387\" data-end=\"6407\">Forfait Biennale<\/strong> de <strong>voco\u00ae Venice Mestre \u2013 The Quid<\/strong>, rejoignez facilement Venise et plongez dans l\u2019un des \u00e9v\u00e9nements majeurs de l\u2019art contemporain, sans stress et avec des avantages exclusifs.<\/p>\n<p data-start=\"6584\" data-end=\"6941\">Situ\u00e9 \u00e0 Mestre, dans une position strat\u00e9gique et bien reli\u00e9e au centre historique de Venise, notre h\u00f4tel 4 \u00e9toiles est le choix id\u00e9al pour visiter la Biennale Arte tout en s\u00e9journant dans un environnement moderne, accueillant et fonctionnel. Apr\u00e8s une journ\u00e9e riche en d\u00e9couvertes, d\u00e9tendez-vous dans nos chambres contemporaines et profitez de nos services.<\/p>\n<p data-start=\"6943\" data-end=\"7212\">Le forfait inclut le <strong>petit-d\u00e9jeuner buffet<\/strong>, un <strong>ap\u00e9ritif th\u00e9matique<\/strong> et des avantages exclusifs comme <strong>20 % de r\u00e9duction sur les billets de la Biennale<\/strong> et les <strong>transports pour Venise inclus<\/strong>. Vous b\u00e9n\u00e9ficierez \u00e9galement du confort d\u2019un <strong>parking couvert<\/strong> directement \u00e0 l\u2019h\u00f4tel.<\/p>\n<p data-start=\"7214\" data-end=\"7394\"><strong>Choisissez voco\u00ae Venice Mestre \u2013 The Quid<\/strong> pour votre s\u00e9jour Biennale : le point de d\u00e9part id\u00e9al pour d\u00e9couvrir Venise et l\u2019un des \u00e9v\u00e9nements culturels les plus importants au monde.<\/p>\n","protected":false},"excerpt":{"rendered":"<p>Vivez la magie de la Biennale de Venise 2026 avec un s\u00e9jour alliant confort, praticit\u00e9 et exp\u00e9rience locale. Gr\u00e2ce au Forfait Biennale de voco\u00ae Venice Mestre \u2013 The Quid, rejoignez facilement Venise et plongez dans l\u2019un des \u00e9v\u00e9nements majeurs de l\u2019art contemporain, sans stress et avec des avantages exclusifs. Situ\u00e9 \u00e0 Mestre, dans une position [&hellip;]<\/p>\n","protected":false},"author":360,"featured_media":1910,"parent":116,"menu_order":0,"comment_status":"closed","ping_status":"closed","template":"template-default-2.php","meta":{"footnotes":""},"class_list":["post-1914","page","type-page","status-publish","has-post-thumbnail","hentry"],"yoast_head":"<!-- This site is optimized with the Yoast SEO plugin v26.9 - https:\/\/yoast.com\/product\/yoast-seo-wordpress\/ -->\n<title>Forfait Biennale Venise | H\u00f4tel 4* voco Venice Mestre<\/title>\n<meta name=\"description\" content=\"Vous visitez la Biennale ? Choisissez le voco Venice Mestre 4* et son forfait : petit-d\u00e9jeuner, ap\u00e9ritif, r\u00e9duction billets et transports inclus.\" \/>\n<meta name=\"robots\" content=\"index, follow, max-snippet:-1, max-image-preview:large, max-video-preview:-1\" \/>\n<link rel=\"canonical\" href=\"https:\/\/www.quidhotelvenice.com\/fr\/offres-et-formules\/forfait-biennale-de-venise\/\" \/>\n<meta property=\"og:locale\" content=\"fr_FR\" \/>\n<meta property=\"og:type\" content=\"article\" \/>\n<meta property=\"og:title\" content=\"Forfait Biennale Venise | H\u00f4tel 4* voco Venice Mestre\" \/>\n<meta property=\"og:description\" content=\"Vous visitez la Biennale ? Choisissez le voco Venice Mestre 4* et son forfait : petit-d\u00e9jeuner, ap\u00e9ritif, r\u00e9duction billets et transports inclus.\" \/>\n<meta property=\"og:url\" content=\"https:\/\/www.quidhotelvenice.com\/fr\/offres-et-formules\/forfait-biennale-de-venise\/\" \/>\n<meta property=\"og:site_name\" content=\"Voco Venice Mestre\" \/>\n<meta property=\"article:modified_time\" content=\"2026-03-26T17:06:57+00:00\" \/>\n<meta property=\"og:image\" content=\"https:\/\/www.quidhotelvenice.com\/wp-content\/uploads\/sites\/557\/2026\/03\/Pacchetto-Biennale-voco-Venice.jpg\" \/>\n\t<meta property=\"og:image:width\" content=\"2133\" \/>\n\t<meta property=\"og:image:height\" content=\"1200\" \/>\n\t<meta property=\"og:image:type\" content=\"image\/jpeg\" \/>\n<meta name=\"twitter:card\" content=\"summary_large_image\" \/>\n<meta name=\"twitter:label1\" content=\"Dur\u00e9e de lecture estim\u00e9e\" \/>\n\t<meta name=\"twitter:data1\" content=\"2 minutes\" \/>\n<script type=\"application\/ld+json\" class=\"yoast-schema-graph\">{\"@context\":\"https:\/\/schema.org\",\"@graph\":[{\"@type\":\"WebPage\",\"@id\":\"https:\/\/www.quidhotelvenice.com\/fr\/offres-et-formules\/forfait-biennale-de-venise\/\",\"url\":\"https:\/\/www.quidhotelvenice.com\/fr\/offres-et-formules\/forfait-biennale-de-venise\/\",\"name\":\"Forfait Biennale Venise | H\u00f4tel 4* voco Venice Mestre\",\"isPartOf\":{\"@id\":\"https:\/\/www.quidhotelvenice.com\/fr\/#website\"},\"primaryImageOfPage\":{\"@id\":\"https:\/\/www.quidhotelvenice.com\/fr\/offres-et-formules\/forfait-biennale-de-venise\/#primaryimage\"},\"image\":{\"@id\":\"https:\/\/www.quidhotelvenice.com\/fr\/offres-et-formules\/forfait-biennale-de-venise\/#primaryimage\"},\"thumbnailUrl\":\"https:\/\/www.quidhotelvenice.com\/wp-content\/uploads\/sites\/557\/2026\/03\/Pacchetto-Biennale-voco-Venice.jpg\",\"datePublished\":\"2026-03-26T15:00:00+00:00\",\"dateModified\":\"2026-03-26T17:06:57+00:00\",\"description\":\"Vous visitez la Biennale ? Choisissez le voco Venice Mestre 4* et son forfait : petit-d\u00e9jeuner, ap\u00e9ritif, r\u00e9duction billets et transports inclus.\",\"breadcrumb\":{\"@id\":\"https:\/\/www.quidhotelvenice.com\/fr\/offres-et-formules\/forfait-biennale-de-venise\/#breadcrumb\"},\"inLanguage\":\"fr-FR\",\"potentialAction\":[{\"@type\":\"ReadAction\",\"target\":[\"https:\/\/www.quidhotelvenice.com\/fr\/offres-et-formules\/forfait-biennale-de-venise\/\"]}]},{\"@type\":\"ImageObject\",\"inLanguage\":\"fr-FR\",\"@id\":\"https:\/\/www.quidhotelvenice.com\/fr\/offres-et-formules\/forfait-biennale-de-venise\/#primaryimage\",\"url\":\"https:\/\/www.quidhotelvenice.com\/wp-content\/uploads\/sites\/557\/2026\/03\/Pacchetto-Biennale-voco-Venice.jpg\",\"contentUrl\":\"https:\/\/www.quidhotelvenice.com\/wp-content\/uploads\/sites\/557\/2026\/03\/Pacchetto-Biennale-voco-Venice.jpg\",\"width\":2133,\"height\":1200,\"caption\":\"Woman visiting Biennale\"},{\"@type\":\"BreadcrumbList\",\"@id\":\"https:\/\/www.quidhotelvenice.com\/fr\/offres-et-formules\/forfait-biennale-de-venise\/#breadcrumb\",\"itemListElement\":[{\"@type\":\"ListItem\",\"position\":1,\"name\":\"Home\",\"item\":\"https:\/\/www.quidhotelvenice.com\/fr\/\"},{\"@type\":\"ListItem\",\"position\":2,\"name\":\"Offres et formules\",\"item\":\"https:\/\/www.quidhotelvenice.com\/fr\/offres-et-formules\/\"},{\"@type\":\"ListItem\",\"position\":3,\"name\":\"Forfait Biennale de Venise\"}]},{\"@type\":\"WebSite\",\"@id\":\"https:\/\/www.quidhotelvenice.com\/fr\/#website\",\"url\":\"https:\/\/www.quidhotelvenice.com\/fr\/\",\"name\":\"Voco Venice Mestre\",\"description\":\"\",\"potentialAction\":[{\"@type\":\"SearchAction\",\"target\":{\"@type\":\"EntryPoint\",\"urlTemplate\":\"https:\/\/www.quidhotelvenice.com\/fr\/?s={search_term_string}\"},\"query-input\":{\"@type\":\"PropertyValueSpecification\",\"valueRequired\":true,\"valueName\":\"search_term_string\"}}],\"inLanguage\":\"fr-FR\"}]}<\/script>\n<!-- \/ Yoast SEO plugin. -->","yoast_head_json":{"title":"Forfait Biennale Venise | H\u00f4tel 4* voco Venice Mestre","description":"Vous visitez la Biennale ? Choisissez le voco Venice Mestre 4* et son forfait : petit-d\u00e9jeuner, ap\u00e9ritif, r\u00e9duction billets et transports inclus.","robots":{"index":"index","follow":"follow","max-snippet":"max-snippet:-1","max-image-preview":"max-image-preview:large","max-video-preview":"max-video-preview:-1"},"canonical":"https:\/\/www.quidhotelvenice.com\/fr\/offres-et-formules\/forfait-biennale-de-venise\/","og_locale":"fr_FR","og_type":"article","og_title":"Forfait Biennale Venise | H\u00f4tel 4* voco Venice Mestre","og_description":"Vous visitez la Biennale ? Choisissez le voco Venice Mestre 4* et son forfait : petit-d\u00e9jeuner, ap\u00e9ritif, r\u00e9duction billets et transports inclus.","og_url":"https:\/\/www.quidhotelvenice.com\/fr\/offres-et-formules\/forfait-biennale-de-venise\/","og_site_name":"Voco Venice Mestre","article_modified_time":"2026-03-26T17:06:57+00:00","og_image":[{"width":2133,"height":1200,"url":"https:\/\/www.quidhotelvenice.com\/wp-content\/uploads\/sites\/557\/2026\/03\/Pacchetto-Biennale-voco-Venice.jpg","type":"image\/jpeg"}],"twitter_card":"summary_large_image","twitter_misc":{"Dur\u00e9e de lecture estim\u00e9e":"2 minutes"},"schema":{"@context":"https:\/\/schema.org","@graph":[{"@type":"WebPage","@id":"https:\/\/www.quidhotelvenice.com\/fr\/offres-et-formules\/forfait-biennale-de-venise\/","url":"https:\/\/www.quidhotelvenice.com\/fr\/offres-et-formules\/forfait-biennale-de-venise\/","name":"Forfait Biennale Venise | H\u00f4tel 4* voco Venice Mestre","isPartOf":{"@id":"https:\/\/www.quidhotelvenice.com\/fr\/#website"},"primaryImageOfPage":{"@id":"https:\/\/www.quidhotelvenice.com\/fr\/offres-et-formules\/forfait-biennale-de-venise\/#primaryimage"},"image":{"@id":"https:\/\/www.quidhotelvenice.com\/fr\/offres-et-formules\/forfait-biennale-de-venise\/#primaryimage"},"thumbnailUrl":"https:\/\/www.quidhotelvenice.com\/wp-content\/uploads\/sites\/557\/2026\/03\/Pacchetto-Biennale-voco-Venice.jpg","datePublished":"2026-03-26T15:00:00+00:00","dateModified":"2026-03-26T17:06:57+00:00","description":"Vous visitez la Biennale ? Choisissez le voco Venice Mestre 4* et son forfait : petit-d\u00e9jeuner, ap\u00e9ritif, r\u00e9duction billets et transports inclus.","breadcrumb":{"@id":"https:\/\/www.quidhotelvenice.com\/fr\/offres-et-formules\/forfait-biennale-de-venise\/#breadcrumb"},"inLanguage":"fr-FR","potentialAction":[{"@type":"ReadAction","target":["https:\/\/www.quidhotelvenice.com\/fr\/offres-et-formules\/forfait-biennale-de-venise\/"]}]},{"@type":"ImageObject","inLanguage":"fr-FR","@id":"https:\/\/www.quidhotelvenice.com\/fr\/offres-et-formules\/forfait-biennale-de-venise\/#primaryimage","url":"https:\/\/www.quidhotelvenice.com\/wp-content\/uploads\/sites\/557\/2026\/03\/Pacchetto-Biennale-voco-Venice.jpg","contentUrl":"https:\/\/www.quidhotelvenice.com\/wp-content\/uploads\/sites\/557\/2026\/03\/Pacchetto-Biennale-voco-Venice.jpg","width":2133,"height":1200,"caption":"Woman visiting Biennale"},{"@type":"BreadcrumbList","@id":"https:\/\/www.quidhotelvenice.com\/fr\/offres-et-formules\/forfait-biennale-de-venise\/#breadcrumb","itemListElement":[{"@type":"ListItem","position":1,"name":"Home","item":"https:\/\/www.quidhotelvenice.com\/fr\/"},{"@type":"ListItem","position":2,"name":"Offres et formules","item":"https:\/\/www.quidhotelvenice.com\/fr\/offres-et-formules\/"},{"@type":"ListItem","position":3,"name":"Forfait Biennale de Venise"}]},{"@type":"WebSite","@id":"https:\/\/www.quidhotelvenice.com\/fr\/#website","url":"https:\/\/www.quidhotelvenice.com\/fr\/","name":"Voco Venice Mestre","description":"","potentialAction":[{"@type":"SearchAction","target":{"@type":"EntryPoint","urlTemplate":"https:\/\/www.quidhotelvenice.com\/fr\/?s={search_term_string}"},"query-input":{"@type":"PropertyValueSpecification","valueRequired":true,"valueName":"search_term_string"}}],"inLanguage":"fr-FR"}]}},"acf":[],"_links":{"self":[{"href":"https:\/\/www.quidhotelvenice.com\/fr\/wp-json\/wp\/v2\/pages\/1914","targetHints":{"allow":["GET"]}}],"collection":[{"href":"https:\/\/www.quidhotelvenice.com\/fr\/wp-json\/wp\/v2\/pages"}],"about":[{"href":"https:\/\/www.quidhotelvenice.com\/fr\/wp-json\/wp\/v2\/types\/page"}],"author":[{"embeddable":true,"href":"https:\/\/www.quidhotelvenice.com\/fr\/wp-json\/wp\/v2\/users\/360"}],"replies":[{"embeddable":true,"href":"https:\/\/www.quidhotelvenice.com\/fr\/wp-json\/wp\/v2\/comments?post=1914"}],"version-history":[{"count":0,"href":"https:\/\/www.quidhotelvenice.com\/fr\/wp-json\/wp\/v2\/pages\/1914\/revisions"}],"up":[{"embeddable":true,"href":"https:\/\/www.quidhotelvenice.com\/fr\/wp-json\/wp\/v2\/pages\/116"}],"wp:featuredmedia":[{"embeddable":true,"href":"https:\/\/www.quidhotelvenice.com\/fr\/wp-json\/wp\/v2\/media\/1910"}],"wp:attachment":[{"href":"https:\/\/www.quidhotelvenice.com\/fr\/wp-json\/wp\/v2\/media?parent=1914"}],"curies":[{"name":"wp","href":"https:\/\/api.w.org\/{rel}","templated":true}]}}