{"id":191,"date":"2023-07-20T14:55:09","date_gmt":"2023-07-20T14:55:09","guid":{"rendered":"https:\/\/voco-venice.ms.decms.eu\/dove-siamo\/"},"modified":"2023-08-29T13:28:31","modified_gmt":"2023-08-29T13:28:31","slug":"situation","status":"publish","type":"page","link":"https:\/\/www.quidhotelvenice.com\/fr\/situation\/","title":{"rendered":"Situation"},"content":{"rendered":"<p><span style=\"font-weight: 400;\">Le <\/span><b>voco\u00ae Venice Mestre<\/b><span style=\"font-weight: 400;\"> a vu le jour avec un objectif bien pr\u00e9cis : garantir \u00e0 nos h\u00f4tes une satisfaction totale ! C&rsquo;est la raison pour laquelle nous avons opt\u00e9 pour un <\/span><b>emplacement strat\u00e9gique<\/b><span style=\"font-weight: 400;\"> exceptionnel.\u00a0<\/span><\/p>\n<p><span style=\"font-weight: 400;\">Situ\u00e9 dans la nouvelle <\/span><b>zone commerciale<\/b><span style=\"font-weight: 400;\"> de l&rsquo;<\/span><b>AEV Terraglio<\/b><span style=\"font-weight: 400;\">, un nouveau quartier \u00e0 l\u2019architecture moderne et \u00e9l\u00e9gante, \u00e0 deux minutes de l&rsquo;autoroute A4 et \u00e0 proximit\u00e9 de <\/span><b>Castellana<\/b><span style=\"font-weight: 400;\"> et <\/span><b>Terraglio<\/b><span style=\"font-weight: 400;\">. Une position id\u00e9ale pour le Business, \u00e0 seulement <\/span><b>dix minutes de l&rsquo;a\u00e9roport de Venise<\/b> <b>&#8211; Marco Polo<\/b><span style=\"font-weight: 400;\"> et \u00e0 quelques minutes \u00e0 pied de la toute nouvelle <\/span><b>gare ferroviaire Venezia Mestre Ospedale<\/b><span style=\"font-weight: 400;\">.\u00a0<\/span><\/p>\n<p><span style=\"font-weight: 400;\">\u00c0 proximit\u00e9 de l&rsquo;h\u00f4tel, vous trouverez l&rsquo;Ospedale dell&rsquo;Angelo et la clinique Villa Salus, ainsi qu&rsquo;un <\/span><b>grand centre commercial<\/b><span style=\"font-weight: 400;\"> et le <\/span><b>centre de remise en forme Virgin Active<\/b><span style=\"font-weight: 400;\">. Vous pourrez vous y d\u00e9tendre et profiter de la piscine, faire de l&rsquo;exercice dans la salle de fitness ou vous laisser choyer par les soins de Beaut\u00e9 du centre de bien-\u00eatre, \u00e0 deux pas de votre chambre d&rsquo;h\u00f4tel.<\/span><\/p>\n<p><span style=\"font-weight: 400;\">Le v\u00e9ritable point fort de notre emplacement est l&rsquo;<\/span><b>extr\u00eame commodit\u00e9<\/b><span style=\"font-weight: 400;\"> offerte par les <\/span><b>transports en commun<\/b><span style=\"font-weight: 400;\"> : vous laissez votre voiture sur notre parking ou dans notre garage souterrain et rejoignez <\/span><b>Venise en bus<\/b><span style=\"font-weight: 400;\"> en toute simplicit\u00e9 avec la ligne 8E en direction de <\/span><b>Mestre Centro<\/b><span style=\"font-weight: 400;\">. Les courses ont lieu <\/span><b>toutes les 30 minutes<\/b><span style=\"font-weight: 400;\"> environ et vous conduisent jusqu\u2019au <\/span><b>terminus (capolinea) de Piazzale Cialdini<\/b><span style=\"font-weight: 400;\">, o\u00f9 la <\/span><b>ligne de tramway T1<\/b><span style=\"font-weight: 400;\"> vous attend pour vous d\u00e9poser <\/span><b>Piazzale Roma<\/b><span style=\"font-weight: 400;\"> \u00e0 <\/span><b>Venise<\/b><span style=\"font-weight: 400;\">. <\/span><span style=\"font-weight: 400;\">\u00a0<\/span><\/p>\n<p><span style=\"font-weight: 400;\">\u00a0<\/span><span style=\"font-weight: 400;\">Aucun probl\u00e8me de stationnement, au <\/span><b>voco\u00ae Venice Mestre<\/b><span style=\"font-weight: 400;\">, votre confort est notre priorit\u00e9.<\/span><\/p>\n","protected":false},"excerpt":{"rendered":"<p>Le voco\u00ae Venice Mestre a vu le jour avec un objectif bien pr\u00e9cis : garantir \u00e0 nos h\u00f4tes une satisfaction totale ! C&rsquo;est la raison pour laquelle nous avons opt\u00e9 pour un emplacement strat\u00e9gique exceptionnel.\u00a0 Situ\u00e9 dans la nouvelle zone commerciale de l&rsquo;AEV Terraglio, un nouveau quartier \u00e0 l\u2019architecture moderne et \u00e9l\u00e9gante, \u00e0 deux minutes [&hellip;]<\/p>\n","protected":false},"author":6,"featured_media":992,"parent":0,"menu_order":110,"comment_status":"closed","ping_status":"closed","template":"template-location.php","meta":{"footnotes":""},"class_list":["post-191","page","type-page","status-publish","has-post-thumbnail","hentry"],"yoast_head":"<!-- This site is optimized with the Yoast SEO plugin v26.9 - https:\/\/yoast.com\/product\/yoast-seo-wordpress\/ -->\n<title>Notre adresse | voco\u00ae Venice Mestre - The Quid<\/title>\n<meta name=\"description\" content=\"Un emplacement id\u00e9al pour arriver en voiture ou en train. Pr\u00e8s de la gare de Mestre et de l&#039;autoroute. D\u00e9couvrez l&#039;adresse du voco\u00ae Venice Mestre Hotel.\" \/>\n<meta name=\"robots\" content=\"index, follow, max-snippet:-1, max-image-preview:large, max-video-preview:-1\" \/>\n<link rel=\"canonical\" href=\"https:\/\/www.quidhotelvenice.com\/fr\/situation\/\" \/>\n<meta property=\"og:locale\" content=\"fr_FR\" \/>\n<meta property=\"og:type\" content=\"article\" \/>\n<meta property=\"og:title\" content=\"Notre adresse | voco\u00ae Venice Mestre - The Quid\" \/>\n<meta property=\"og:description\" content=\"Un emplacement id\u00e9al pour arriver en voiture ou en train. Pr\u00e8s de la gare de Mestre et de l&#039;autoroute. D\u00e9couvrez l&#039;adresse du voco\u00ae Venice Mestre Hotel.\" \/>\n<meta property=\"og:url\" content=\"https:\/\/www.quidhotelvenice.com\/fr\/situation\/\" \/>\n<meta property=\"og:site_name\" content=\"Voco Venice Mestre\" \/>\n<meta property=\"article:modified_time\" content=\"2023-08-29T13:28:31+00:00\" \/>\n<meta property=\"og:image\" content=\"https:\/\/www.quidhotelvenice.com\/wp-content\/uploads\/sites\/557\/2023\/07\/Location-voco-Venice-Mestre-The-Quid.jpg\" \/>\n\t<meta property=\"og:image:width\" content=\"2200\" \/>\n\t<meta property=\"og:image:height\" content=\"1200\" \/>\n\t<meta property=\"og:image:type\" content=\"image\/jpeg\" \/>\n<meta name=\"twitter:card\" content=\"summary_large_image\" \/>\n<meta name=\"twitter:label1\" content=\"Dur\u00e9e de lecture estim\u00e9e\" \/>\n\t<meta name=\"twitter:data1\" content=\"1 minute\" \/>\n<script type=\"application\/ld+json\" class=\"yoast-schema-graph\">{\"@context\":\"https:\/\/schema.org\",\"@graph\":[{\"@type\":\"WebPage\",\"@id\":\"https:\/\/www.quidhotelvenice.com\/fr\/situation\/\",\"url\":\"https:\/\/www.quidhotelvenice.com\/fr\/situation\/\",\"name\":\"Notre adresse | voco\u00ae Venice Mestre - The Quid\",\"isPartOf\":{\"@id\":\"https:\/\/www.quidhotelvenice.com\/fr\/#website\"},\"primaryImageOfPage\":{\"@id\":\"https:\/\/www.quidhotelvenice.com\/fr\/situation\/#primaryimage\"},\"image\":{\"@id\":\"https:\/\/www.quidhotelvenice.com\/fr\/situation\/#primaryimage\"},\"thumbnailUrl\":\"https:\/\/www.quidhotelvenice.com\/wp-content\/uploads\/sites\/557\/2023\/07\/Location-voco-Venice-Mestre-The-Quid.jpg\",\"datePublished\":\"2023-07-20T14:55:09+00:00\",\"dateModified\":\"2023-08-29T13:28:31+00:00\",\"description\":\"Un emplacement id\u00e9al pour arriver en voiture ou en train. Pr\u00e8s de la gare de Mestre et de l'autoroute. D\u00e9couvrez l'adresse du voco\u00ae Venice Mestre Hotel.\",\"breadcrumb\":{\"@id\":\"https:\/\/www.quidhotelvenice.com\/fr\/situation\/#breadcrumb\"},\"inLanguage\":\"fr-FR\",\"potentialAction\":[{\"@type\":\"ReadAction\",\"target\":[\"https:\/\/www.quidhotelvenice.com\/fr\/situation\/\"]}]},{\"@type\":\"ImageObject\",\"inLanguage\":\"fr-FR\",\"@id\":\"https:\/\/www.quidhotelvenice.com\/fr\/situation\/#primaryimage\",\"url\":\"https:\/\/www.quidhotelvenice.com\/wp-content\/uploads\/sites\/557\/2023\/07\/Location-voco-Venice-Mestre-The-Quid.jpg\",\"contentUrl\":\"https:\/\/www.quidhotelvenice.com\/wp-content\/uploads\/sites\/557\/2023\/07\/Location-voco-Venice-Mestre-The-Quid.jpg\",\"width\":2200,\"height\":1200},{\"@type\":\"BreadcrumbList\",\"@id\":\"https:\/\/www.quidhotelvenice.com\/fr\/situation\/#breadcrumb\",\"itemListElement\":[{\"@type\":\"ListItem\",\"position\":1,\"name\":\"Home\",\"item\":\"https:\/\/www.quidhotelvenice.com\/fr\/\"},{\"@type\":\"ListItem\",\"position\":2,\"name\":\"Situation\"}]},{\"@type\":\"WebSite\",\"@id\":\"https:\/\/www.quidhotelvenice.com\/fr\/#website\",\"url\":\"https:\/\/www.quidhotelvenice.com\/fr\/\",\"name\":\"Voco Venice Mestre\",\"description\":\"\",\"potentialAction\":[{\"@type\":\"SearchAction\",\"target\":{\"@type\":\"EntryPoint\",\"urlTemplate\":\"https:\/\/www.quidhotelvenice.com\/fr\/?s={search_term_string}\"},\"query-input\":{\"@type\":\"PropertyValueSpecification\",\"valueRequired\":true,\"valueName\":\"search_term_string\"}}],\"inLanguage\":\"fr-FR\"}]}<\/script>\n<!-- \/ Yoast SEO plugin. -->","yoast_head_json":{"title":"Notre adresse | voco\u00ae Venice Mestre - The Quid","description":"Un emplacement id\u00e9al pour arriver en voiture ou en train. Pr\u00e8s de la gare de Mestre et de l'autoroute. D\u00e9couvrez l'adresse du voco\u00ae Venice Mestre Hotel.","robots":{"index":"index","follow":"follow","max-snippet":"max-snippet:-1","max-image-preview":"max-image-preview:large","max-video-preview":"max-video-preview:-1"},"canonical":"https:\/\/www.quidhotelvenice.com\/fr\/situation\/","og_locale":"fr_FR","og_type":"article","og_title":"Notre adresse | voco\u00ae Venice Mestre - The Quid","og_description":"Un emplacement id\u00e9al pour arriver en voiture ou en train. Pr\u00e8s de la gare de Mestre et de l'autoroute. D\u00e9couvrez l'adresse du voco\u00ae Venice Mestre Hotel.","og_url":"https:\/\/www.quidhotelvenice.com\/fr\/situation\/","og_site_name":"Voco Venice Mestre","article_modified_time":"2023-08-29T13:28:31+00:00","og_image":[{"width":2200,"height":1200,"url":"https:\/\/www.quidhotelvenice.com\/wp-content\/uploads\/sites\/557\/2023\/07\/Location-voco-Venice-Mestre-The-Quid.jpg","type":"image\/jpeg"}],"twitter_card":"summary_large_image","twitter_misc":{"Dur\u00e9e de lecture estim\u00e9e":"1 minute"},"schema":{"@context":"https:\/\/schema.org","@graph":[{"@type":"WebPage","@id":"https:\/\/www.quidhotelvenice.com\/fr\/situation\/","url":"https:\/\/www.quidhotelvenice.com\/fr\/situation\/","name":"Notre adresse | voco\u00ae Venice Mestre - The Quid","isPartOf":{"@id":"https:\/\/www.quidhotelvenice.com\/fr\/#website"},"primaryImageOfPage":{"@id":"https:\/\/www.quidhotelvenice.com\/fr\/situation\/#primaryimage"},"image":{"@id":"https:\/\/www.quidhotelvenice.com\/fr\/situation\/#primaryimage"},"thumbnailUrl":"https:\/\/www.quidhotelvenice.com\/wp-content\/uploads\/sites\/557\/2023\/07\/Location-voco-Venice-Mestre-The-Quid.jpg","datePublished":"2023-07-20T14:55:09+00:00","dateModified":"2023-08-29T13:28:31+00:00","description":"Un emplacement id\u00e9al pour arriver en voiture ou en train. Pr\u00e8s de la gare de Mestre et de l'autoroute. D\u00e9couvrez l'adresse du voco\u00ae Venice Mestre Hotel.","breadcrumb":{"@id":"https:\/\/www.quidhotelvenice.com\/fr\/situation\/#breadcrumb"},"inLanguage":"fr-FR","potentialAction":[{"@type":"ReadAction","target":["https:\/\/www.quidhotelvenice.com\/fr\/situation\/"]}]},{"@type":"ImageObject","inLanguage":"fr-FR","@id":"https:\/\/www.quidhotelvenice.com\/fr\/situation\/#primaryimage","url":"https:\/\/www.quidhotelvenice.com\/wp-content\/uploads\/sites\/557\/2023\/07\/Location-voco-Venice-Mestre-The-Quid.jpg","contentUrl":"https:\/\/www.quidhotelvenice.com\/wp-content\/uploads\/sites\/557\/2023\/07\/Location-voco-Venice-Mestre-The-Quid.jpg","width":2200,"height":1200},{"@type":"BreadcrumbList","@id":"https:\/\/www.quidhotelvenice.com\/fr\/situation\/#breadcrumb","itemListElement":[{"@type":"ListItem","position":1,"name":"Home","item":"https:\/\/www.quidhotelvenice.com\/fr\/"},{"@type":"ListItem","position":2,"name":"Situation"}]},{"@type":"WebSite","@id":"https:\/\/www.quidhotelvenice.com\/fr\/#website","url":"https:\/\/www.quidhotelvenice.com\/fr\/","name":"Voco Venice Mestre","description":"","potentialAction":[{"@type":"SearchAction","target":{"@type":"EntryPoint","urlTemplate":"https:\/\/www.quidhotelvenice.com\/fr\/?s={search_term_string}"},"query-input":{"@type":"PropertyValueSpecification","valueRequired":true,"valueName":"search_term_string"}}],"inLanguage":"fr-FR"}]}},"acf":[],"_links":{"self":[{"href":"https:\/\/www.quidhotelvenice.com\/fr\/wp-json\/wp\/v2\/pages\/191","targetHints":{"allow":["GET"]}}],"collection":[{"href":"https:\/\/www.quidhotelvenice.com\/fr\/wp-json\/wp\/v2\/pages"}],"about":[{"href":"https:\/\/www.quidhotelvenice.com\/fr\/wp-json\/wp\/v2\/types\/page"}],"author":[{"embeddable":true,"href":"https:\/\/www.quidhotelvenice.com\/fr\/wp-json\/wp\/v2\/users\/6"}],"replies":[{"embeddable":true,"href":"https:\/\/www.quidhotelvenice.com\/fr\/wp-json\/wp\/v2\/comments?post=191"}],"version-history":[{"count":0,"href":"https:\/\/www.quidhotelvenice.com\/fr\/wp-json\/wp\/v2\/pages\/191\/revisions"}],"wp:featuredmedia":[{"embeddable":true,"href":"https:\/\/www.quidhotelvenice.com\/fr\/wp-json\/wp\/v2\/media\/992"}],"wp:attachment":[{"href":"https:\/\/www.quidhotelvenice.com\/fr\/wp-json\/wp\/v2\/media?parent=191"}],"curies":[{"name":"wp","href":"https:\/\/api.w.org\/{rel}","templated":true}]}}