{"id":187,"date":"2023-07-20T14:52:18","date_gmt":"2023-07-20T14:52:18","guid":{"rendered":"https:\/\/voco-venice.ms.decms.eu\/cosa-fare-nei-dintorni\/isole-e-spiagge\/"},"modified":"2023-08-29T13:21:04","modified_gmt":"2023-08-29T13:21:04","slug":"iles-et-plages","status":"publish","type":"page","link":"https:\/\/www.quidhotelvenice.com\/fr\/que-faire-aux-alentours\/iles-et-plages\/","title":{"rendered":"\u00celes et plages"},"content":{"rendered":"<p><span style=\"font-weight: 400;\">Vous souhaitez visiter les \u00eeles et profiter des plages de la lagune et n&rsquo;avez pas encore trouv\u00e9 l&rsquo;h\u00f4tel qui vous convient ? Le <\/span><b>voco\u00ae Venice Mestre<\/b><span style=\"font-weight: 400;\"> est l&rsquo;h\u00f4tel qu&rsquo;il vous faut, et vous propose bien plus encore ! Installez-vous dans nos chambres confortables et spacieuses, savourez la cuisine de notre restaurant et d\u00e9tendez-vous sur notre vaste terrasse verdoyante. Opter pour le voco\u00ae Venice Mestre, c\u2019est b\u00e9n\u00e9ficier d&rsquo;un <\/span><b>room service 24 h\/24<\/b><span style=\"font-weight: 400;\">, d&rsquo;un bar \u00e0 cocktails personnalis\u00e9s et d&rsquo;un <\/span><b>espace Gaming<\/b><span style=\"font-weight: 400;\"> pour vous amuser et \u00e9vacuer le stress.<\/span><\/p>\n","protected":false},"excerpt":{"rendered":"<p>Vous souhaitez visiter les \u00eeles et profiter des plages de la lagune et n&rsquo;avez pas encore trouv\u00e9 l&rsquo;h\u00f4tel qui vous convient ? Le voco\u00ae Venice Mestre est l&rsquo;h\u00f4tel qu&rsquo;il vous faut, et vous propose bien plus encore ! Installez-vous dans nos chambres confortables et spacieuses, savourez la cuisine de notre restaurant et d\u00e9tendez-vous sur notre [&hellip;]<\/p>\n","protected":false},"author":6,"featured_media":960,"parent":166,"menu_order":105,"comment_status":"closed","ping_status":"closed","template":"template-default-4.php","meta":{"footnotes":""},"class_list":["post-187","page","type-page","status-publish","has-post-thumbnail","hentry"],"yoast_head":"<!-- This site is optimized with the Yoast SEO plugin v26.9 - https:\/\/yoast.com\/product\/yoast-seo-wordpress\/ -->\n<title>\u00celes et plages \u00e0 Venise et environs | voco\u00ae Venice Mestre<\/title>\n<meta name=\"description\" content=\"Plages fantastiques et \u00eeles caract\u00e9ristiques dans la province de Venise : passez une splendide journ\u00e9e D\u00e9couverte avec les conseils du voco\u00ae Venice Mestre.\" \/>\n<meta name=\"robots\" content=\"index, follow, max-snippet:-1, max-image-preview:large, max-video-preview:-1\" \/>\n<link rel=\"canonical\" href=\"https:\/\/www.quidhotelvenice.com\/fr\/que-faire-aux-alentours\/iles-et-plages\/\" \/>\n<meta property=\"og:locale\" content=\"fr_FR\" \/>\n<meta property=\"og:type\" content=\"article\" \/>\n<meta property=\"og:title\" content=\"\u00celes et plages \u00e0 Venise et environs | voco\u00ae Venice Mestre\" \/>\n<meta property=\"og:description\" content=\"Plages fantastiques et \u00eeles caract\u00e9ristiques dans la province de Venise : passez une splendide journ\u00e9e D\u00e9couverte avec les conseils du voco\u00ae Venice Mestre.\" \/>\n<meta property=\"og:url\" content=\"https:\/\/www.quidhotelvenice.com\/fr\/que-faire-aux-alentours\/iles-et-plages\/\" \/>\n<meta property=\"og:site_name\" content=\"Voco Venice Mestre\" \/>\n<meta property=\"article:modified_time\" content=\"2023-08-29T13:21:04+00:00\" \/>\n<meta property=\"og:image\" content=\"https:\/\/www.quidhotelvenice.com\/wp-content\/uploads\/sites\/557\/2023\/07\/Venice-Lido-voco-Venice-Mestre-The-Quid.jpg\" \/>\n\t<meta property=\"og:image:width\" content=\"2200\" \/>\n\t<meta property=\"og:image:height\" content=\"1200\" \/>\n\t<meta property=\"og:image:type\" content=\"image\/jpeg\" \/>\n<meta name=\"twitter:card\" content=\"summary_large_image\" \/>\n<script type=\"application\/ld+json\" class=\"yoast-schema-graph\">{\"@context\":\"https:\/\/schema.org\",\"@graph\":[{\"@type\":\"WebPage\",\"@id\":\"https:\/\/www.quidhotelvenice.com\/fr\/que-faire-aux-alentours\/iles-et-plages\/\",\"url\":\"https:\/\/www.quidhotelvenice.com\/fr\/que-faire-aux-alentours\/iles-et-plages\/\",\"name\":\"\u00celes et plages \u00e0 Venise et environs | voco\u00ae Venice Mestre\",\"isPartOf\":{\"@id\":\"https:\/\/www.quidhotelvenice.com\/fr\/#website\"},\"primaryImageOfPage\":{\"@id\":\"https:\/\/www.quidhotelvenice.com\/fr\/que-faire-aux-alentours\/iles-et-plages\/#primaryimage\"},\"image\":{\"@id\":\"https:\/\/www.quidhotelvenice.com\/fr\/que-faire-aux-alentours\/iles-et-plages\/#primaryimage\"},\"thumbnailUrl\":\"https:\/\/www.quidhotelvenice.com\/wp-content\/uploads\/sites\/557\/2023\/07\/Venice-Lido-voco-Venice-Mestre-The-Quid.jpg\",\"datePublished\":\"2023-07-20T14:52:18+00:00\",\"dateModified\":\"2023-08-29T13:21:04+00:00\",\"description\":\"Plages fantastiques et \u00eeles caract\u00e9ristiques dans la province de Venise : passez une splendide journ\u00e9e D\u00e9couverte avec les conseils du voco\u00ae Venice Mestre.\",\"breadcrumb\":{\"@id\":\"https:\/\/www.quidhotelvenice.com\/fr\/que-faire-aux-alentours\/iles-et-plages\/#breadcrumb\"},\"inLanguage\":\"fr-FR\",\"potentialAction\":[{\"@type\":\"ReadAction\",\"target\":[\"https:\/\/www.quidhotelvenice.com\/fr\/que-faire-aux-alentours\/iles-et-plages\/\"]}]},{\"@type\":\"ImageObject\",\"inLanguage\":\"fr-FR\",\"@id\":\"https:\/\/www.quidhotelvenice.com\/fr\/que-faire-aux-alentours\/iles-et-plages\/#primaryimage\",\"url\":\"https:\/\/www.quidhotelvenice.com\/wp-content\/uploads\/sites\/557\/2023\/07\/Venice-Lido-voco-Venice-Mestre-The-Quid.jpg\",\"contentUrl\":\"https:\/\/www.quidhotelvenice.com\/wp-content\/uploads\/sites\/557\/2023\/07\/Venice-Lido-voco-Venice-Mestre-The-Quid.jpg\",\"width\":2200,\"height\":1200},{\"@type\":\"BreadcrumbList\",\"@id\":\"https:\/\/www.quidhotelvenice.com\/fr\/que-faire-aux-alentours\/iles-et-plages\/#breadcrumb\",\"itemListElement\":[{\"@type\":\"ListItem\",\"position\":1,\"name\":\"Home\",\"item\":\"https:\/\/www.quidhotelvenice.com\/fr\/\"},{\"@type\":\"ListItem\",\"position\":2,\"name\":\"Que faire aux alentours ?\",\"item\":\"https:\/\/www.quidhotelvenice.com\/fr\/que-faire-aux-alentours\/\"},{\"@type\":\"ListItem\",\"position\":3,\"name\":\"\u00celes et plages\"}]},{\"@type\":\"WebSite\",\"@id\":\"https:\/\/www.quidhotelvenice.com\/fr\/#website\",\"url\":\"https:\/\/www.quidhotelvenice.com\/fr\/\",\"name\":\"Voco Venice Mestre\",\"description\":\"\",\"potentialAction\":[{\"@type\":\"SearchAction\",\"target\":{\"@type\":\"EntryPoint\",\"urlTemplate\":\"https:\/\/www.quidhotelvenice.com\/fr\/?s={search_term_string}\"},\"query-input\":{\"@type\":\"PropertyValueSpecification\",\"valueRequired\":true,\"valueName\":\"search_term_string\"}}],\"inLanguage\":\"fr-FR\"}]}<\/script>\n<!-- \/ Yoast SEO plugin. -->","yoast_head_json":{"title":"\u00celes et plages \u00e0 Venise et environs | voco\u00ae Venice Mestre","description":"Plages fantastiques et \u00eeles caract\u00e9ristiques dans la province de Venise : passez une splendide journ\u00e9e D\u00e9couverte avec les conseils du voco\u00ae Venice Mestre.","robots":{"index":"index","follow":"follow","max-snippet":"max-snippet:-1","max-image-preview":"max-image-preview:large","max-video-preview":"max-video-preview:-1"},"canonical":"https:\/\/www.quidhotelvenice.com\/fr\/que-faire-aux-alentours\/iles-et-plages\/","og_locale":"fr_FR","og_type":"article","og_title":"\u00celes et plages \u00e0 Venise et environs | voco\u00ae Venice Mestre","og_description":"Plages fantastiques et \u00eeles caract\u00e9ristiques dans la province de Venise : passez une splendide journ\u00e9e D\u00e9couverte avec les conseils du voco\u00ae Venice Mestre.","og_url":"https:\/\/www.quidhotelvenice.com\/fr\/que-faire-aux-alentours\/iles-et-plages\/","og_site_name":"Voco Venice Mestre","article_modified_time":"2023-08-29T13:21:04+00:00","og_image":[{"width":2200,"height":1200,"url":"https:\/\/www.quidhotelvenice.com\/wp-content\/uploads\/sites\/557\/2023\/07\/Venice-Lido-voco-Venice-Mestre-The-Quid.jpg","type":"image\/jpeg"}],"twitter_card":"summary_large_image","schema":{"@context":"https:\/\/schema.org","@graph":[{"@type":"WebPage","@id":"https:\/\/www.quidhotelvenice.com\/fr\/que-faire-aux-alentours\/iles-et-plages\/","url":"https:\/\/www.quidhotelvenice.com\/fr\/que-faire-aux-alentours\/iles-et-plages\/","name":"\u00celes et plages \u00e0 Venise et environs | voco\u00ae Venice Mestre","isPartOf":{"@id":"https:\/\/www.quidhotelvenice.com\/fr\/#website"},"primaryImageOfPage":{"@id":"https:\/\/www.quidhotelvenice.com\/fr\/que-faire-aux-alentours\/iles-et-plages\/#primaryimage"},"image":{"@id":"https:\/\/www.quidhotelvenice.com\/fr\/que-faire-aux-alentours\/iles-et-plages\/#primaryimage"},"thumbnailUrl":"https:\/\/www.quidhotelvenice.com\/wp-content\/uploads\/sites\/557\/2023\/07\/Venice-Lido-voco-Venice-Mestre-The-Quid.jpg","datePublished":"2023-07-20T14:52:18+00:00","dateModified":"2023-08-29T13:21:04+00:00","description":"Plages fantastiques et \u00eeles caract\u00e9ristiques dans la province de Venise : passez une splendide journ\u00e9e D\u00e9couverte avec les conseils du voco\u00ae Venice Mestre.","breadcrumb":{"@id":"https:\/\/www.quidhotelvenice.com\/fr\/que-faire-aux-alentours\/iles-et-plages\/#breadcrumb"},"inLanguage":"fr-FR","potentialAction":[{"@type":"ReadAction","target":["https:\/\/www.quidhotelvenice.com\/fr\/que-faire-aux-alentours\/iles-et-plages\/"]}]},{"@type":"ImageObject","inLanguage":"fr-FR","@id":"https:\/\/www.quidhotelvenice.com\/fr\/que-faire-aux-alentours\/iles-et-plages\/#primaryimage","url":"https:\/\/www.quidhotelvenice.com\/wp-content\/uploads\/sites\/557\/2023\/07\/Venice-Lido-voco-Venice-Mestre-The-Quid.jpg","contentUrl":"https:\/\/www.quidhotelvenice.com\/wp-content\/uploads\/sites\/557\/2023\/07\/Venice-Lido-voco-Venice-Mestre-The-Quid.jpg","width":2200,"height":1200},{"@type":"BreadcrumbList","@id":"https:\/\/www.quidhotelvenice.com\/fr\/que-faire-aux-alentours\/iles-et-plages\/#breadcrumb","itemListElement":[{"@type":"ListItem","position":1,"name":"Home","item":"https:\/\/www.quidhotelvenice.com\/fr\/"},{"@type":"ListItem","position":2,"name":"Que faire aux alentours ?","item":"https:\/\/www.quidhotelvenice.com\/fr\/que-faire-aux-alentours\/"},{"@type":"ListItem","position":3,"name":"\u00celes et plages"}]},{"@type":"WebSite","@id":"https:\/\/www.quidhotelvenice.com\/fr\/#website","url":"https:\/\/www.quidhotelvenice.com\/fr\/","name":"Voco Venice Mestre","description":"","potentialAction":[{"@type":"SearchAction","target":{"@type":"EntryPoint","urlTemplate":"https:\/\/www.quidhotelvenice.com\/fr\/?s={search_term_string}"},"query-input":{"@type":"PropertyValueSpecification","valueRequired":true,"valueName":"search_term_string"}}],"inLanguage":"fr-FR"}]}},"acf":[],"_links":{"self":[{"href":"https:\/\/www.quidhotelvenice.com\/fr\/wp-json\/wp\/v2\/pages\/187","targetHints":{"allow":["GET"]}}],"collection":[{"href":"https:\/\/www.quidhotelvenice.com\/fr\/wp-json\/wp\/v2\/pages"}],"about":[{"href":"https:\/\/www.quidhotelvenice.com\/fr\/wp-json\/wp\/v2\/types\/page"}],"author":[{"embeddable":true,"href":"https:\/\/www.quidhotelvenice.com\/fr\/wp-json\/wp\/v2\/users\/6"}],"replies":[{"embeddable":true,"href":"https:\/\/www.quidhotelvenice.com\/fr\/wp-json\/wp\/v2\/comments?post=187"}],"version-history":[{"count":0,"href":"https:\/\/www.quidhotelvenice.com\/fr\/wp-json\/wp\/v2\/pages\/187\/revisions"}],"up":[{"embeddable":true,"href":"https:\/\/www.quidhotelvenice.com\/fr\/wp-json\/wp\/v2\/pages\/166"}],"wp:featuredmedia":[{"embeddable":true,"href":"https:\/\/www.quidhotelvenice.com\/fr\/wp-json\/wp\/v2\/media\/960"}],"wp:attachment":[{"href":"https:\/\/www.quidhotelvenice.com\/fr\/wp-json\/wp\/v2\/media?parent=187"}],"curies":[{"name":"wp","href":"https:\/\/api.w.org\/{rel}","templated":true}]}}