{"id":183,"date":"2023-07-20T14:50:34","date_gmt":"2023-07-20T14:50:34","guid":{"rendered":"https:\/\/voco-venice.ms.decms.eu\/cosa-fare-nei-dintorni\/musei-ed-esposizioni\/"},"modified":"2023-08-29T13:19:32","modified_gmt":"2023-08-29T13:19:32","slug":"musees-et-expositions","status":"publish","type":"page","link":"https:\/\/www.quidhotelvenice.com\/fr\/que-faire-aux-alentours\/musees-et-expositions\/","title":{"rendered":"Mus\u00e9es et expositions"},"content":{"rendered":"<p><span style=\"font-weight: 400;\">Vous cherchez \u00e0 savoir quels sont les mus\u00e9es et expositions \u00e0 ne pas manquer \u00e0 <\/span><b>Padoue<\/b><span style=\"font-weight: 400;\">, <\/span><b>Tr\u00e9vise<\/b><span style=\"font-weight: 400;\"> et <\/span><b>Vicence<\/b><span style=\"font-weight: 400;\"> ? Au <\/span><b>voco\u00ae Venice Mestre<\/b><span style=\"font-weight: 400;\">, on vous dit tout !<\/span><b><br \/>\n<\/b><span style=\"font-weight: 400;\">Voici un aper\u00e7u de tout ce qui m\u00e9rite d&rsquo;\u00eatre visit\u00e9 dans ces coins d\u2019Italie.<\/span><\/p>\n","protected":false},"excerpt":{"rendered":"<p>Vous cherchez \u00e0 savoir quels sont les mus\u00e9es et expositions \u00e0 ne pas manquer \u00e0 Padoue, Tr\u00e9vise et Vicence ? Au voco\u00ae Venice Mestre, on vous dit tout ! Voici un aper\u00e7u de tout ce qui m\u00e9rite d&rsquo;\u00eatre visit\u00e9 dans ces coins d\u2019Italie.<\/p>\n","protected":false},"author":6,"featured_media":956,"parent":166,"menu_order":104,"comment_status":"closed","ping_status":"closed","template":"template-default-4.php","meta":{"footnotes":""},"class_list":["post-183","page","type-page","status-publish","has-post-thumbnail","hentry"],"yoast_head":"<!-- This site is optimized with the Yoast SEO plugin v26.9 - https:\/\/yoast.com\/product\/yoast-seo-wordpress\/ -->\n<title>Alentours : mus\u00e9es et expos | voco\u00ae Venice Mestre - The Quid<\/title>\n<meta name=\"description\" content=\"D\u00e9couvrez des mus\u00e9es caract\u00e9ristiques et des expositions passionnantes entre Tr\u00e9vise et Padoue avec les conseils du voco\u00ae Venise Mestre, h\u00f4tel 4 \u00e9toiles.\" \/>\n<meta name=\"robots\" content=\"index, follow, max-snippet:-1, max-image-preview:large, max-video-preview:-1\" \/>\n<link rel=\"canonical\" href=\"https:\/\/www.quidhotelvenice.com\/fr\/que-faire-aux-alentours\/musees-et-expositions\/\" \/>\n<meta property=\"og:locale\" content=\"fr_FR\" \/>\n<meta property=\"og:type\" content=\"article\" \/>\n<meta property=\"og:title\" content=\"Alentours : mus\u00e9es et expos | voco\u00ae Venice Mestre - The Quid\" \/>\n<meta property=\"og:description\" content=\"D\u00e9couvrez des mus\u00e9es caract\u00e9ristiques et des expositions passionnantes entre Tr\u00e9vise et Padoue avec les conseils du voco\u00ae Venise Mestre, h\u00f4tel 4 \u00e9toiles.\" \/>\n<meta property=\"og:url\" content=\"https:\/\/www.quidhotelvenice.com\/fr\/que-faire-aux-alentours\/musees-et-expositions\/\" \/>\n<meta property=\"og:site_name\" content=\"Voco Venice Mestre\" \/>\n<meta property=\"article:modified_time\" content=\"2023-08-29T13:19:32+00:00\" \/>\n<meta property=\"og:image\" content=\"https:\/\/www.quidhotelvenice.com\/wp-content\/uploads\/sites\/557\/2023\/07\/Tourist-Visiting-voco-Venice-Mestre-The-Quid_1.jpg\" \/>\n\t<meta property=\"og:image:width\" content=\"2200\" \/>\n\t<meta property=\"og:image:height\" content=\"1200\" \/>\n\t<meta property=\"og:image:type\" content=\"image\/jpeg\" \/>\n<meta name=\"twitter:card\" content=\"summary_large_image\" \/>\n<script type=\"application\/ld+json\" class=\"yoast-schema-graph\">{\"@context\":\"https:\/\/schema.org\",\"@graph\":[{\"@type\":\"WebPage\",\"@id\":\"https:\/\/www.quidhotelvenice.com\/fr\/que-faire-aux-alentours\/musees-et-expositions\/\",\"url\":\"https:\/\/www.quidhotelvenice.com\/fr\/que-faire-aux-alentours\/musees-et-expositions\/\",\"name\":\"Alentours : mus\u00e9es et expos | voco\u00ae Venice Mestre - The Quid\",\"isPartOf\":{\"@id\":\"https:\/\/www.quidhotelvenice.com\/fr\/#website\"},\"primaryImageOfPage\":{\"@id\":\"https:\/\/www.quidhotelvenice.com\/fr\/que-faire-aux-alentours\/musees-et-expositions\/#primaryimage\"},\"image\":{\"@id\":\"https:\/\/www.quidhotelvenice.com\/fr\/que-faire-aux-alentours\/musees-et-expositions\/#primaryimage\"},\"thumbnailUrl\":\"https:\/\/www.quidhotelvenice.com\/wp-content\/uploads\/sites\/557\/2023\/07\/Tourist-Visiting-voco-Venice-Mestre-The-Quid_1.jpg\",\"datePublished\":\"2023-07-20T14:50:34+00:00\",\"dateModified\":\"2023-08-29T13:19:32+00:00\",\"description\":\"D\u00e9couvrez des mus\u00e9es caract\u00e9ristiques et des expositions passionnantes entre Tr\u00e9vise et Padoue avec les conseils du voco\u00ae Venise Mestre, h\u00f4tel 4 \u00e9toiles.\",\"breadcrumb\":{\"@id\":\"https:\/\/www.quidhotelvenice.com\/fr\/que-faire-aux-alentours\/musees-et-expositions\/#breadcrumb\"},\"inLanguage\":\"fr-FR\",\"potentialAction\":[{\"@type\":\"ReadAction\",\"target\":[\"https:\/\/www.quidhotelvenice.com\/fr\/que-faire-aux-alentours\/musees-et-expositions\/\"]}]},{\"@type\":\"ImageObject\",\"inLanguage\":\"fr-FR\",\"@id\":\"https:\/\/www.quidhotelvenice.com\/fr\/que-faire-aux-alentours\/musees-et-expositions\/#primaryimage\",\"url\":\"https:\/\/www.quidhotelvenice.com\/wp-content\/uploads\/sites\/557\/2023\/07\/Tourist-Visiting-voco-Venice-Mestre-The-Quid_1.jpg\",\"contentUrl\":\"https:\/\/www.quidhotelvenice.com\/wp-content\/uploads\/sites\/557\/2023\/07\/Tourist-Visiting-voco-Venice-Mestre-The-Quid_1.jpg\",\"width\":2200,\"height\":1200},{\"@type\":\"BreadcrumbList\",\"@id\":\"https:\/\/www.quidhotelvenice.com\/fr\/que-faire-aux-alentours\/musees-et-expositions\/#breadcrumb\",\"itemListElement\":[{\"@type\":\"ListItem\",\"position\":1,\"name\":\"Home\",\"item\":\"https:\/\/www.quidhotelvenice.com\/fr\/\"},{\"@type\":\"ListItem\",\"position\":2,\"name\":\"Que faire aux alentours ?\",\"item\":\"https:\/\/www.quidhotelvenice.com\/fr\/que-faire-aux-alentours\/\"},{\"@type\":\"ListItem\",\"position\":3,\"name\":\"Mus\u00e9es et expositions\"}]},{\"@type\":\"WebSite\",\"@id\":\"https:\/\/www.quidhotelvenice.com\/fr\/#website\",\"url\":\"https:\/\/www.quidhotelvenice.com\/fr\/\",\"name\":\"Voco Venice Mestre\",\"description\":\"\",\"potentialAction\":[{\"@type\":\"SearchAction\",\"target\":{\"@type\":\"EntryPoint\",\"urlTemplate\":\"https:\/\/www.quidhotelvenice.com\/fr\/?s={search_term_string}\"},\"query-input\":{\"@type\":\"PropertyValueSpecification\",\"valueRequired\":true,\"valueName\":\"search_term_string\"}}],\"inLanguage\":\"fr-FR\"}]}<\/script>\n<!-- \/ Yoast SEO plugin. -->","yoast_head_json":{"title":"Alentours : mus\u00e9es et expos | voco\u00ae Venice Mestre - The Quid","description":"D\u00e9couvrez des mus\u00e9es caract\u00e9ristiques et des expositions passionnantes entre Tr\u00e9vise et Padoue avec les conseils du voco\u00ae Venise Mestre, h\u00f4tel 4 \u00e9toiles.","robots":{"index":"index","follow":"follow","max-snippet":"max-snippet:-1","max-image-preview":"max-image-preview:large","max-video-preview":"max-video-preview:-1"},"canonical":"https:\/\/www.quidhotelvenice.com\/fr\/que-faire-aux-alentours\/musees-et-expositions\/","og_locale":"fr_FR","og_type":"article","og_title":"Alentours : mus\u00e9es et expos | voco\u00ae Venice Mestre - The Quid","og_description":"D\u00e9couvrez des mus\u00e9es caract\u00e9ristiques et des expositions passionnantes entre Tr\u00e9vise et Padoue avec les conseils du voco\u00ae Venise Mestre, h\u00f4tel 4 \u00e9toiles.","og_url":"https:\/\/www.quidhotelvenice.com\/fr\/que-faire-aux-alentours\/musees-et-expositions\/","og_site_name":"Voco Venice Mestre","article_modified_time":"2023-08-29T13:19:32+00:00","og_image":[{"width":2200,"height":1200,"url":"https:\/\/www.quidhotelvenice.com\/wp-content\/uploads\/sites\/557\/2023\/07\/Tourist-Visiting-voco-Venice-Mestre-The-Quid_1.jpg","type":"image\/jpeg"}],"twitter_card":"summary_large_image","schema":{"@context":"https:\/\/schema.org","@graph":[{"@type":"WebPage","@id":"https:\/\/www.quidhotelvenice.com\/fr\/que-faire-aux-alentours\/musees-et-expositions\/","url":"https:\/\/www.quidhotelvenice.com\/fr\/que-faire-aux-alentours\/musees-et-expositions\/","name":"Alentours : mus\u00e9es et expos | voco\u00ae Venice Mestre - The Quid","isPartOf":{"@id":"https:\/\/www.quidhotelvenice.com\/fr\/#website"},"primaryImageOfPage":{"@id":"https:\/\/www.quidhotelvenice.com\/fr\/que-faire-aux-alentours\/musees-et-expositions\/#primaryimage"},"image":{"@id":"https:\/\/www.quidhotelvenice.com\/fr\/que-faire-aux-alentours\/musees-et-expositions\/#primaryimage"},"thumbnailUrl":"https:\/\/www.quidhotelvenice.com\/wp-content\/uploads\/sites\/557\/2023\/07\/Tourist-Visiting-voco-Venice-Mestre-The-Quid_1.jpg","datePublished":"2023-07-20T14:50:34+00:00","dateModified":"2023-08-29T13:19:32+00:00","description":"D\u00e9couvrez des mus\u00e9es caract\u00e9ristiques et des expositions passionnantes entre Tr\u00e9vise et Padoue avec les conseils du voco\u00ae Venise Mestre, h\u00f4tel 4 \u00e9toiles.","breadcrumb":{"@id":"https:\/\/www.quidhotelvenice.com\/fr\/que-faire-aux-alentours\/musees-et-expositions\/#breadcrumb"},"inLanguage":"fr-FR","potentialAction":[{"@type":"ReadAction","target":["https:\/\/www.quidhotelvenice.com\/fr\/que-faire-aux-alentours\/musees-et-expositions\/"]}]},{"@type":"ImageObject","inLanguage":"fr-FR","@id":"https:\/\/www.quidhotelvenice.com\/fr\/que-faire-aux-alentours\/musees-et-expositions\/#primaryimage","url":"https:\/\/www.quidhotelvenice.com\/wp-content\/uploads\/sites\/557\/2023\/07\/Tourist-Visiting-voco-Venice-Mestre-The-Quid_1.jpg","contentUrl":"https:\/\/www.quidhotelvenice.com\/wp-content\/uploads\/sites\/557\/2023\/07\/Tourist-Visiting-voco-Venice-Mestre-The-Quid_1.jpg","width":2200,"height":1200},{"@type":"BreadcrumbList","@id":"https:\/\/www.quidhotelvenice.com\/fr\/que-faire-aux-alentours\/musees-et-expositions\/#breadcrumb","itemListElement":[{"@type":"ListItem","position":1,"name":"Home","item":"https:\/\/www.quidhotelvenice.com\/fr\/"},{"@type":"ListItem","position":2,"name":"Que faire aux alentours ?","item":"https:\/\/www.quidhotelvenice.com\/fr\/que-faire-aux-alentours\/"},{"@type":"ListItem","position":3,"name":"Mus\u00e9es et expositions"}]},{"@type":"WebSite","@id":"https:\/\/www.quidhotelvenice.com\/fr\/#website","url":"https:\/\/www.quidhotelvenice.com\/fr\/","name":"Voco Venice Mestre","description":"","potentialAction":[{"@type":"SearchAction","target":{"@type":"EntryPoint","urlTemplate":"https:\/\/www.quidhotelvenice.com\/fr\/?s={search_term_string}"},"query-input":{"@type":"PropertyValueSpecification","valueRequired":true,"valueName":"search_term_string"}}],"inLanguage":"fr-FR"}]}},"acf":[],"_links":{"self":[{"href":"https:\/\/www.quidhotelvenice.com\/fr\/wp-json\/wp\/v2\/pages\/183","targetHints":{"allow":["GET"]}}],"collection":[{"href":"https:\/\/www.quidhotelvenice.com\/fr\/wp-json\/wp\/v2\/pages"}],"about":[{"href":"https:\/\/www.quidhotelvenice.com\/fr\/wp-json\/wp\/v2\/types\/page"}],"author":[{"embeddable":true,"href":"https:\/\/www.quidhotelvenice.com\/fr\/wp-json\/wp\/v2\/users\/6"}],"replies":[{"embeddable":true,"href":"https:\/\/www.quidhotelvenice.com\/fr\/wp-json\/wp\/v2\/comments?post=183"}],"version-history":[{"count":0,"href":"https:\/\/www.quidhotelvenice.com\/fr\/wp-json\/wp\/v2\/pages\/183\/revisions"}],"up":[{"embeddable":true,"href":"https:\/\/www.quidhotelvenice.com\/fr\/wp-json\/wp\/v2\/pages\/166"}],"wp:featuredmedia":[{"embeddable":true,"href":"https:\/\/www.quidhotelvenice.com\/fr\/wp-json\/wp\/v2\/media\/956"}],"wp:attachment":[{"href":"https:\/\/www.quidhotelvenice.com\/fr\/wp-json\/wp\/v2\/media?parent=183"}],"curies":[{"name":"wp","href":"https:\/\/api.w.org\/{rel}","templated":true}]}}