{"id":176,"date":"2023-07-20T14:47:44","date_gmt":"2023-07-20T14:47:44","guid":{"rendered":"https:\/\/voco-venice.ms.decms.eu\/cosa-fare-nei-dintorni\/citta-nei-dintorni\/"},"modified":"2023-08-29T13:15:59","modified_gmt":"2023-08-29T13:15:59","slug":"villes-des-environs","status":"publish","type":"page","link":"https:\/\/www.quidhotelvenice.com\/fr\/que-faire-aux-alentours\/villes-des-environs\/","title":{"rendered":"Villes des environs"},"content":{"rendered":"<p><span style=\"font-weight: 400;\">Vous recherchez un h\u00f4tel pr\u00e8s de <\/span><b>Mestre<\/b><span style=\"font-weight: 400;\"> et <\/span><b>Venise<\/b><span style=\"font-weight: 400;\"> en position id\u00e9ale pour visiter les villes voisines comme <\/span><b>Tr\u00e9vise<\/b><span style=\"font-weight: 400;\"> et <\/span><b>Vicence<\/b><span style=\"font-weight: 400;\"> ? Le <\/span><b>voco\u00ae Venice Mestre<\/b><span style=\"font-weight: 400;\"> est exactement ce que vous cherchez ! Situ\u00e9e \u00e0 deux minutes de l&rsquo;autoroute A4, notre structure est le point de d\u00e9part id\u00e9al pour d\u00e9couvrir les plus belles villes de la V\u00e9n\u00e9tie. <\/span><\/p>\n<p><span style=\"font-weight: 400;\">Vous trouverez sur cette page un aper\u00e7u de Tr\u00e9vise, Padoue et Vicence, cit\u00e9s historiques de charme qu&rsquo;il serait dommage de ne pas visiter !\u00a0<\/span><\/p>\n","protected":false},"excerpt":{"rendered":"<p>Vous recherchez un h\u00f4tel pr\u00e8s de Mestre et Venise en position id\u00e9ale pour visiter les villes voisines comme Tr\u00e9vise et Vicence ? Le voco\u00ae Venice Mestre est exactement ce que vous cherchez ! Situ\u00e9e \u00e0 deux minutes de l&rsquo;autoroute A4, notre structure est le point de d\u00e9part id\u00e9al pour d\u00e9couvrir les plus belles villes de [&hellip;]<\/p>\n","protected":false},"author":6,"featured_media":923,"parent":166,"menu_order":102,"comment_status":"closed","ping_status":"closed","template":"template-default-4.php","meta":{"footnotes":""},"class_list":["post-176","page","type-page","status-publish","has-post-thumbnail","hentry"],"yoast_head":"<!-- This site is optimized with the Yoast SEO plugin v26.9 - https:\/\/yoast.com\/product\/yoast-seo-wordpress\/ -->\n<title>Villes pr\u00e8s de Venise | voco\u00ae Venice Mestre - The Quid<\/title>\n<meta name=\"description\" content=\"Partez \u00e0 l&#039;aventure dans les environs de Venise. Laissez-vous guider \u00e0 Tr\u00e9vise, Padoue et dans les villages de charme avec les conseils du voco\u00ae.\" \/>\n<meta name=\"robots\" content=\"index, follow, max-snippet:-1, max-image-preview:large, max-video-preview:-1\" \/>\n<link rel=\"canonical\" href=\"https:\/\/www.quidhotelvenice.com\/fr\/que-faire-aux-alentours\/villes-des-environs\/\" \/>\n<meta property=\"og:locale\" content=\"fr_FR\" \/>\n<meta property=\"og:type\" content=\"article\" \/>\n<meta property=\"og:title\" content=\"Villes pr\u00e8s de Venise | voco\u00ae Venice Mestre - The Quid\" \/>\n<meta property=\"og:description\" content=\"Partez \u00e0 l&#039;aventure dans les environs de Venise. Laissez-vous guider \u00e0 Tr\u00e9vise, Padoue et dans les villages de charme avec les conseils du voco\u00ae.\" \/>\n<meta property=\"og:url\" content=\"https:\/\/www.quidhotelvenice.com\/fr\/que-faire-aux-alentours\/villes-des-environs\/\" \/>\n<meta property=\"og:site_name\" content=\"Voco Venice Mestre\" \/>\n<meta property=\"article:modified_time\" content=\"2023-08-29T13:15:59+00:00\" \/>\n<meta property=\"og:image\" content=\"https:\/\/www.quidhotelvenice.com\/wp-content\/uploads\/sites\/557\/2023\/07\/Treviso-voco-Venice-Mestre-The-Quid.jpg\" \/>\n\t<meta property=\"og:image:width\" content=\"2200\" \/>\n\t<meta property=\"og:image:height\" content=\"1200\" \/>\n\t<meta property=\"og:image:type\" content=\"image\/jpeg\" \/>\n<meta name=\"twitter:card\" content=\"summary_large_image\" \/>\n<script type=\"application\/ld+json\" class=\"yoast-schema-graph\">{\"@context\":\"https:\/\/schema.org\",\"@graph\":[{\"@type\":\"WebPage\",\"@id\":\"https:\/\/www.quidhotelvenice.com\/fr\/que-faire-aux-alentours\/villes-des-environs\/\",\"url\":\"https:\/\/www.quidhotelvenice.com\/fr\/que-faire-aux-alentours\/villes-des-environs\/\",\"name\":\"Villes pr\u00e8s de Venise | voco\u00ae Venice Mestre - The Quid\",\"isPartOf\":{\"@id\":\"https:\/\/www.quidhotelvenice.com\/fr\/#website\"},\"primaryImageOfPage\":{\"@id\":\"https:\/\/www.quidhotelvenice.com\/fr\/que-faire-aux-alentours\/villes-des-environs\/#primaryimage\"},\"image\":{\"@id\":\"https:\/\/www.quidhotelvenice.com\/fr\/que-faire-aux-alentours\/villes-des-environs\/#primaryimage\"},\"thumbnailUrl\":\"https:\/\/www.quidhotelvenice.com\/wp-content\/uploads\/sites\/557\/2023\/07\/Treviso-voco-Venice-Mestre-The-Quid.jpg\",\"datePublished\":\"2023-07-20T14:47:44+00:00\",\"dateModified\":\"2023-08-29T13:15:59+00:00\",\"description\":\"Partez \u00e0 l'aventure dans les environs de Venise. Laissez-vous guider \u00e0 Tr\u00e9vise, Padoue et dans les villages de charme avec les conseils du voco\u00ae.\",\"breadcrumb\":{\"@id\":\"https:\/\/www.quidhotelvenice.com\/fr\/que-faire-aux-alentours\/villes-des-environs\/#breadcrumb\"},\"inLanguage\":\"fr-FR\",\"potentialAction\":[{\"@type\":\"ReadAction\",\"target\":[\"https:\/\/www.quidhotelvenice.com\/fr\/que-faire-aux-alentours\/villes-des-environs\/\"]}]},{\"@type\":\"ImageObject\",\"inLanguage\":\"fr-FR\",\"@id\":\"https:\/\/www.quidhotelvenice.com\/fr\/que-faire-aux-alentours\/villes-des-environs\/#primaryimage\",\"url\":\"https:\/\/www.quidhotelvenice.com\/wp-content\/uploads\/sites\/557\/2023\/07\/Treviso-voco-Venice-Mestre-The-Quid.jpg\",\"contentUrl\":\"https:\/\/www.quidhotelvenice.com\/wp-content\/uploads\/sites\/557\/2023\/07\/Treviso-voco-Venice-Mestre-The-Quid.jpg\",\"width\":2200,\"height\":1200},{\"@type\":\"BreadcrumbList\",\"@id\":\"https:\/\/www.quidhotelvenice.com\/fr\/que-faire-aux-alentours\/villes-des-environs\/#breadcrumb\",\"itemListElement\":[{\"@type\":\"ListItem\",\"position\":1,\"name\":\"Home\",\"item\":\"https:\/\/www.quidhotelvenice.com\/fr\/\"},{\"@type\":\"ListItem\",\"position\":2,\"name\":\"Que faire aux alentours ?\",\"item\":\"https:\/\/www.quidhotelvenice.com\/fr\/que-faire-aux-alentours\/\"},{\"@type\":\"ListItem\",\"position\":3,\"name\":\"Villes des environs\"}]},{\"@type\":\"WebSite\",\"@id\":\"https:\/\/www.quidhotelvenice.com\/fr\/#website\",\"url\":\"https:\/\/www.quidhotelvenice.com\/fr\/\",\"name\":\"Voco Venice Mestre\",\"description\":\"\",\"potentialAction\":[{\"@type\":\"SearchAction\",\"target\":{\"@type\":\"EntryPoint\",\"urlTemplate\":\"https:\/\/www.quidhotelvenice.com\/fr\/?s={search_term_string}\"},\"query-input\":{\"@type\":\"PropertyValueSpecification\",\"valueRequired\":true,\"valueName\":\"search_term_string\"}}],\"inLanguage\":\"fr-FR\"}]}<\/script>\n<!-- \/ Yoast SEO plugin. -->","yoast_head_json":{"title":"Villes pr\u00e8s de Venise | voco\u00ae Venice Mestre - The Quid","description":"Partez \u00e0 l'aventure dans les environs de Venise. Laissez-vous guider \u00e0 Tr\u00e9vise, Padoue et dans les villages de charme avec les conseils du voco\u00ae.","robots":{"index":"index","follow":"follow","max-snippet":"max-snippet:-1","max-image-preview":"max-image-preview:large","max-video-preview":"max-video-preview:-1"},"canonical":"https:\/\/www.quidhotelvenice.com\/fr\/que-faire-aux-alentours\/villes-des-environs\/","og_locale":"fr_FR","og_type":"article","og_title":"Villes pr\u00e8s de Venise | voco\u00ae Venice Mestre - The Quid","og_description":"Partez \u00e0 l'aventure dans les environs de Venise. Laissez-vous guider \u00e0 Tr\u00e9vise, Padoue et dans les villages de charme avec les conseils du voco\u00ae.","og_url":"https:\/\/www.quidhotelvenice.com\/fr\/que-faire-aux-alentours\/villes-des-environs\/","og_site_name":"Voco Venice Mestre","article_modified_time":"2023-08-29T13:15:59+00:00","og_image":[{"width":2200,"height":1200,"url":"https:\/\/www.quidhotelvenice.com\/wp-content\/uploads\/sites\/557\/2023\/07\/Treviso-voco-Venice-Mestre-The-Quid.jpg","type":"image\/jpeg"}],"twitter_card":"summary_large_image","schema":{"@context":"https:\/\/schema.org","@graph":[{"@type":"WebPage","@id":"https:\/\/www.quidhotelvenice.com\/fr\/que-faire-aux-alentours\/villes-des-environs\/","url":"https:\/\/www.quidhotelvenice.com\/fr\/que-faire-aux-alentours\/villes-des-environs\/","name":"Villes pr\u00e8s de Venise | voco\u00ae Venice Mestre - The Quid","isPartOf":{"@id":"https:\/\/www.quidhotelvenice.com\/fr\/#website"},"primaryImageOfPage":{"@id":"https:\/\/www.quidhotelvenice.com\/fr\/que-faire-aux-alentours\/villes-des-environs\/#primaryimage"},"image":{"@id":"https:\/\/www.quidhotelvenice.com\/fr\/que-faire-aux-alentours\/villes-des-environs\/#primaryimage"},"thumbnailUrl":"https:\/\/www.quidhotelvenice.com\/wp-content\/uploads\/sites\/557\/2023\/07\/Treviso-voco-Venice-Mestre-The-Quid.jpg","datePublished":"2023-07-20T14:47:44+00:00","dateModified":"2023-08-29T13:15:59+00:00","description":"Partez \u00e0 l'aventure dans les environs de Venise. Laissez-vous guider \u00e0 Tr\u00e9vise, Padoue et dans les villages de charme avec les conseils du voco\u00ae.","breadcrumb":{"@id":"https:\/\/www.quidhotelvenice.com\/fr\/que-faire-aux-alentours\/villes-des-environs\/#breadcrumb"},"inLanguage":"fr-FR","potentialAction":[{"@type":"ReadAction","target":["https:\/\/www.quidhotelvenice.com\/fr\/que-faire-aux-alentours\/villes-des-environs\/"]}]},{"@type":"ImageObject","inLanguage":"fr-FR","@id":"https:\/\/www.quidhotelvenice.com\/fr\/que-faire-aux-alentours\/villes-des-environs\/#primaryimage","url":"https:\/\/www.quidhotelvenice.com\/wp-content\/uploads\/sites\/557\/2023\/07\/Treviso-voco-Venice-Mestre-The-Quid.jpg","contentUrl":"https:\/\/www.quidhotelvenice.com\/wp-content\/uploads\/sites\/557\/2023\/07\/Treviso-voco-Venice-Mestre-The-Quid.jpg","width":2200,"height":1200},{"@type":"BreadcrumbList","@id":"https:\/\/www.quidhotelvenice.com\/fr\/que-faire-aux-alentours\/villes-des-environs\/#breadcrumb","itemListElement":[{"@type":"ListItem","position":1,"name":"Home","item":"https:\/\/www.quidhotelvenice.com\/fr\/"},{"@type":"ListItem","position":2,"name":"Que faire aux alentours ?","item":"https:\/\/www.quidhotelvenice.com\/fr\/que-faire-aux-alentours\/"},{"@type":"ListItem","position":3,"name":"Villes des environs"}]},{"@type":"WebSite","@id":"https:\/\/www.quidhotelvenice.com\/fr\/#website","url":"https:\/\/www.quidhotelvenice.com\/fr\/","name":"Voco Venice Mestre","description":"","potentialAction":[{"@type":"SearchAction","target":{"@type":"EntryPoint","urlTemplate":"https:\/\/www.quidhotelvenice.com\/fr\/?s={search_term_string}"},"query-input":{"@type":"PropertyValueSpecification","valueRequired":true,"valueName":"search_term_string"}}],"inLanguage":"fr-FR"}]}},"acf":[],"_links":{"self":[{"href":"https:\/\/www.quidhotelvenice.com\/fr\/wp-json\/wp\/v2\/pages\/176","targetHints":{"allow":["GET"]}}],"collection":[{"href":"https:\/\/www.quidhotelvenice.com\/fr\/wp-json\/wp\/v2\/pages"}],"about":[{"href":"https:\/\/www.quidhotelvenice.com\/fr\/wp-json\/wp\/v2\/types\/page"}],"author":[{"embeddable":true,"href":"https:\/\/www.quidhotelvenice.com\/fr\/wp-json\/wp\/v2\/users\/6"}],"replies":[{"embeddable":true,"href":"https:\/\/www.quidhotelvenice.com\/fr\/wp-json\/wp\/v2\/comments?post=176"}],"version-history":[{"count":0,"href":"https:\/\/www.quidhotelvenice.com\/fr\/wp-json\/wp\/v2\/pages\/176\/revisions"}],"up":[{"embeddable":true,"href":"https:\/\/www.quidhotelvenice.com\/fr\/wp-json\/wp\/v2\/pages\/166"}],"wp:featuredmedia":[{"embeddable":true,"href":"https:\/\/www.quidhotelvenice.com\/fr\/wp-json\/wp\/v2\/media\/923"}],"wp:attachment":[{"href":"https:\/\/www.quidhotelvenice.com\/fr\/wp-json\/wp\/v2\/media?parent=176"}],"curies":[{"name":"wp","href":"https:\/\/api.w.org\/{rel}","templated":true}]}}