{"id":1649,"date":"2025-01-03T13:44:07","date_gmt":"2025-01-03T13:44:07","guid":{"rendered":"https:\/\/www.quidhotelvenice.com\/?page_id=1649"},"modified":"2025-01-03T13:53:14","modified_gmt":"2025-01-03T13:53:14","slug":"offre-book-early-save","status":"publish","type":"page","link":"https:\/\/www.quidhotelvenice.com\/fr\/offres-et-formules\/offre-book-early-save\/","title":{"rendered":"Offre Book Early &amp; Save"},"content":{"rendered":"<p>R\u00e9servez votre s\u00e9jour maintenant et<strong> \u00e9conomisez jusqu&rsquo;\u00e0 25%<\/strong>! Offrez-vous des vacances inoubliables \u00e0 Venise et d\u00e9couvrez toutes les beaut\u00e9s qu&rsquo;offre cette ville <strong>avec l&rsquo;h\u00f4tel voco\u00ae Venice Mestre &#8211; The Quid<\/strong>.<\/p>\n<p>Avec <strong>l&rsquo;offre sp\u00e9ciale Book Early &amp; Save<\/strong>, r\u00e9servable jusqu&rsquo;\u00e0 5 jours \u00e0 compter de la date de votre arriv\u00e9e, en plus de b\u00e9n\u00e9ficier d&rsquo;une r\u00e9duction allant jusqu&rsquo;\u00e0 25% sur votre s\u00e9jour, vous pourrez profiter de <strong>nombreux services inclus<\/strong>. qui rendront votre s\u00e9jour unique : parking ext\u00e9rieur, bouilloire avec th\u00e9, infusions et caf\u00e9, TV LCD avec Chromecast dans la chambre, <strong>salle de fitness, espace de jeux et bien plus encore<\/strong>!<\/p>\n<p>Gr\u00e2ce \u00e0 sa position strat\u00e9gique et facilement accessible en voiture, l&rsquo;h\u00f4tel voco\u00ae Venice Mestre &#8211; The Quid est l&rsquo;endroit id\u00e9al pour votre prochain s\u00e9jour \u00e0 Venise.<\/p>\n<p>Qu&rsquo;est-ce que tu attends ? R\u00e9servez votre s\u00e9jour d\u00e8s maintenant en profitant de l&rsquo;offre sp\u00e9ciale Book Early &amp; Save et pr\u00e9parez-vous \u00e0 vous faire dorloter par notre personnel attentif et form\u00e9. <strong>Cliquez sur le bouton \u00ab R\u00e9server maintenant \u00bb, s\u00e9lectionnez le plan tarifaire \u00abBook Early &amp; Save\u00bb<\/strong> et commencez \u00e0 planifier un week-end inoubliable !<\/p>\n","protected":false},"excerpt":{"rendered":"<p>R\u00e9servez votre s\u00e9jour maintenant et \u00e9conomisez jusqu&rsquo;\u00e0 25%! Offrez-vous des vacances inoubliables \u00e0 Venise et d\u00e9couvrez toutes les beaut\u00e9s qu&rsquo;offre cette ville avec l&rsquo;h\u00f4tel voco\u00ae Venice Mestre &#8211; The Quid. Avec l&rsquo;offre sp\u00e9ciale Book Early &amp; Save, r\u00e9servable jusqu&rsquo;\u00e0 5 jours \u00e0 compter de la date de votre arriv\u00e9e, en plus de b\u00e9n\u00e9ficier d&rsquo;une r\u00e9duction [&hellip;]<\/p>\n","protected":false},"author":499,"featured_media":835,"parent":116,"menu_order":5,"comment_status":"closed","ping_status":"closed","template":"template-default-2.php","meta":{"footnotes":""},"class_list":["post-1649","page","type-page","status-publish","has-post-thumbnail","hentry"],"yoast_head":"<!-- This site is optimized with the Yoast SEO plugin v26.9 - https:\/\/yoast.com\/product\/yoast-seo-wordpress\/ -->\n<title>Offre Book Early &amp; Save | H\u00f4tel voco\u00ae Venice Mestre - The Quid<\/title>\n<meta name=\"description\" content=\"\u00c9conomisez 25% avec l&#039;Offre Book Early &amp; Save, acc\u00e8s gratuit \u00e0 la salle de sport et \u00e0 l&#039;espace gaming inclus. D\u00e9couvrez toutes les offres du voco\u00ae Venice Mestre - The Quid.\" \/>\n<meta name=\"robots\" content=\"index, follow, max-snippet:-1, max-image-preview:large, max-video-preview:-1\" \/>\n<link rel=\"canonical\" href=\"https:\/\/www.quidhotelvenice.com\/fr\/offres-et-formules\/offre-book-early-save\/\" \/>\n<meta property=\"og:locale\" content=\"fr_FR\" \/>\n<meta property=\"og:type\" content=\"article\" \/>\n<meta property=\"og:title\" content=\"Offre Book Early &amp; Save | H\u00f4tel voco\u00ae Venice Mestre - The Quid\" \/>\n<meta property=\"og:description\" content=\"\u00c9conomisez 25% avec l&#039;Offre Book Early &amp; Save, acc\u00e8s gratuit \u00e0 la salle de sport et \u00e0 l&#039;espace gaming inclus. D\u00e9couvrez toutes les offres du voco\u00ae Venice Mestre - The Quid.\" \/>\n<meta property=\"og:url\" content=\"https:\/\/www.quidhotelvenice.com\/fr\/offres-et-formules\/offre-book-early-save\/\" \/>\n<meta property=\"og:site_name\" content=\"Voco Venice Mestre\" \/>\n<meta property=\"article:modified_time\" content=\"2025-01-03T13:53:14+00:00\" \/>\n<meta property=\"og:image\" content=\"https:\/\/www.quidhotelvenice.com\/wp-content\/uploads\/sites\/557\/2023\/07\/Venice-voco-Venice-Mestre-The-Quid_1.jpg\" \/>\n\t<meta property=\"og:image:width\" content=\"2200\" \/>\n\t<meta property=\"og:image:height\" content=\"1200\" \/>\n\t<meta property=\"og:image:type\" content=\"image\/jpeg\" \/>\n<meta name=\"twitter:card\" content=\"summary_large_image\" \/>\n<meta name=\"twitter:label1\" content=\"Dur\u00e9e de lecture estim\u00e9e\" \/>\n\t<meta name=\"twitter:data1\" content=\"2 minutes\" \/>\n<script type=\"application\/ld+json\" class=\"yoast-schema-graph\">{\"@context\":\"https:\/\/schema.org\",\"@graph\":[{\"@type\":\"WebPage\",\"@id\":\"https:\/\/www.quidhotelvenice.com\/fr\/offres-et-formules\/offre-book-early-save\/\",\"url\":\"https:\/\/www.quidhotelvenice.com\/fr\/offres-et-formules\/offre-book-early-save\/\",\"name\":\"Offre Book Early & Save | H\u00f4tel voco\u00ae Venice Mestre - The Quid\",\"isPartOf\":{\"@id\":\"https:\/\/www.quidhotelvenice.com\/fr\/#website\"},\"primaryImageOfPage\":{\"@id\":\"https:\/\/www.quidhotelvenice.com\/fr\/offres-et-formules\/offre-book-early-save\/#primaryimage\"},\"image\":{\"@id\":\"https:\/\/www.quidhotelvenice.com\/fr\/offres-et-formules\/offre-book-early-save\/#primaryimage\"},\"thumbnailUrl\":\"https:\/\/www.quidhotelvenice.com\/wp-content\/uploads\/sites\/557\/2023\/07\/Venice-voco-Venice-Mestre-The-Quid_1.jpg\",\"datePublished\":\"2025-01-03T13:44:07+00:00\",\"dateModified\":\"2025-01-03T13:53:14+00:00\",\"description\":\"\u00c9conomisez 25% avec l'Offre Book Early & Save, acc\u00e8s gratuit \u00e0 la salle de sport et \u00e0 l'espace gaming inclus. D\u00e9couvrez toutes les offres du voco\u00ae Venice Mestre - The Quid.\",\"breadcrumb\":{\"@id\":\"https:\/\/www.quidhotelvenice.com\/fr\/offres-et-formules\/offre-book-early-save\/#breadcrumb\"},\"inLanguage\":\"fr-FR\",\"potentialAction\":[{\"@type\":\"ReadAction\",\"target\":[\"https:\/\/www.quidhotelvenice.com\/fr\/offres-et-formules\/offre-book-early-save\/\"]}]},{\"@type\":\"ImageObject\",\"inLanguage\":\"fr-FR\",\"@id\":\"https:\/\/www.quidhotelvenice.com\/fr\/offres-et-formules\/offre-book-early-save\/#primaryimage\",\"url\":\"https:\/\/www.quidhotelvenice.com\/wp-content\/uploads\/sites\/557\/2023\/07\/Venice-voco-Venice-Mestre-The-Quid_1.jpg\",\"contentUrl\":\"https:\/\/www.quidhotelvenice.com\/wp-content\/uploads\/sites\/557\/2023\/07\/Venice-voco-Venice-Mestre-The-Quid_1.jpg\",\"width\":2200,\"height\":1200},{\"@type\":\"BreadcrumbList\",\"@id\":\"https:\/\/www.quidhotelvenice.com\/fr\/offres-et-formules\/offre-book-early-save\/#breadcrumb\",\"itemListElement\":[{\"@type\":\"ListItem\",\"position\":1,\"name\":\"Home\",\"item\":\"https:\/\/www.quidhotelvenice.com\/fr\/\"},{\"@type\":\"ListItem\",\"position\":2,\"name\":\"Offres et formules\",\"item\":\"https:\/\/www.quidhotelvenice.com\/fr\/offres-et-formules\/\"},{\"@type\":\"ListItem\",\"position\":3,\"name\":\"Offre Book Early &amp; Save\"}]},{\"@type\":\"WebSite\",\"@id\":\"https:\/\/www.quidhotelvenice.com\/fr\/#website\",\"url\":\"https:\/\/www.quidhotelvenice.com\/fr\/\",\"name\":\"Voco Venice Mestre\",\"description\":\"\",\"potentialAction\":[{\"@type\":\"SearchAction\",\"target\":{\"@type\":\"EntryPoint\",\"urlTemplate\":\"https:\/\/www.quidhotelvenice.com\/fr\/?s={search_term_string}\"},\"query-input\":{\"@type\":\"PropertyValueSpecification\",\"valueRequired\":true,\"valueName\":\"search_term_string\"}}],\"inLanguage\":\"fr-FR\"}]}<\/script>\n<!-- \/ Yoast SEO plugin. -->","yoast_head_json":{"title":"Offre Book Early & Save | H\u00f4tel voco\u00ae Venice Mestre - The Quid","description":"\u00c9conomisez 25% avec l'Offre Book Early & Save, acc\u00e8s gratuit \u00e0 la salle de sport et \u00e0 l'espace gaming inclus. D\u00e9couvrez toutes les offres du voco\u00ae Venice Mestre - The Quid.","robots":{"index":"index","follow":"follow","max-snippet":"max-snippet:-1","max-image-preview":"max-image-preview:large","max-video-preview":"max-video-preview:-1"},"canonical":"https:\/\/www.quidhotelvenice.com\/fr\/offres-et-formules\/offre-book-early-save\/","og_locale":"fr_FR","og_type":"article","og_title":"Offre Book Early & Save | H\u00f4tel voco\u00ae Venice Mestre - The Quid","og_description":"\u00c9conomisez 25% avec l'Offre Book Early & Save, acc\u00e8s gratuit \u00e0 la salle de sport et \u00e0 l'espace gaming inclus. D\u00e9couvrez toutes les offres du voco\u00ae Venice Mestre - The Quid.","og_url":"https:\/\/www.quidhotelvenice.com\/fr\/offres-et-formules\/offre-book-early-save\/","og_site_name":"Voco Venice Mestre","article_modified_time":"2025-01-03T13:53:14+00:00","og_image":[{"width":2200,"height":1200,"url":"https:\/\/www.quidhotelvenice.com\/wp-content\/uploads\/sites\/557\/2023\/07\/Venice-voco-Venice-Mestre-The-Quid_1.jpg","type":"image\/jpeg"}],"twitter_card":"summary_large_image","twitter_misc":{"Dur\u00e9e de lecture estim\u00e9e":"2 minutes"},"schema":{"@context":"https:\/\/schema.org","@graph":[{"@type":"WebPage","@id":"https:\/\/www.quidhotelvenice.com\/fr\/offres-et-formules\/offre-book-early-save\/","url":"https:\/\/www.quidhotelvenice.com\/fr\/offres-et-formules\/offre-book-early-save\/","name":"Offre Book Early & Save | H\u00f4tel voco\u00ae Venice Mestre - The Quid","isPartOf":{"@id":"https:\/\/www.quidhotelvenice.com\/fr\/#website"},"primaryImageOfPage":{"@id":"https:\/\/www.quidhotelvenice.com\/fr\/offres-et-formules\/offre-book-early-save\/#primaryimage"},"image":{"@id":"https:\/\/www.quidhotelvenice.com\/fr\/offres-et-formules\/offre-book-early-save\/#primaryimage"},"thumbnailUrl":"https:\/\/www.quidhotelvenice.com\/wp-content\/uploads\/sites\/557\/2023\/07\/Venice-voco-Venice-Mestre-The-Quid_1.jpg","datePublished":"2025-01-03T13:44:07+00:00","dateModified":"2025-01-03T13:53:14+00:00","description":"\u00c9conomisez 25% avec l'Offre Book Early & Save, acc\u00e8s gratuit \u00e0 la salle de sport et \u00e0 l'espace gaming inclus. D\u00e9couvrez toutes les offres du voco\u00ae Venice Mestre - The Quid.","breadcrumb":{"@id":"https:\/\/www.quidhotelvenice.com\/fr\/offres-et-formules\/offre-book-early-save\/#breadcrumb"},"inLanguage":"fr-FR","potentialAction":[{"@type":"ReadAction","target":["https:\/\/www.quidhotelvenice.com\/fr\/offres-et-formules\/offre-book-early-save\/"]}]},{"@type":"ImageObject","inLanguage":"fr-FR","@id":"https:\/\/www.quidhotelvenice.com\/fr\/offres-et-formules\/offre-book-early-save\/#primaryimage","url":"https:\/\/www.quidhotelvenice.com\/wp-content\/uploads\/sites\/557\/2023\/07\/Venice-voco-Venice-Mestre-The-Quid_1.jpg","contentUrl":"https:\/\/www.quidhotelvenice.com\/wp-content\/uploads\/sites\/557\/2023\/07\/Venice-voco-Venice-Mestre-The-Quid_1.jpg","width":2200,"height":1200},{"@type":"BreadcrumbList","@id":"https:\/\/www.quidhotelvenice.com\/fr\/offres-et-formules\/offre-book-early-save\/#breadcrumb","itemListElement":[{"@type":"ListItem","position":1,"name":"Home","item":"https:\/\/www.quidhotelvenice.com\/fr\/"},{"@type":"ListItem","position":2,"name":"Offres et formules","item":"https:\/\/www.quidhotelvenice.com\/fr\/offres-et-formules\/"},{"@type":"ListItem","position":3,"name":"Offre Book Early &amp; Save"}]},{"@type":"WebSite","@id":"https:\/\/www.quidhotelvenice.com\/fr\/#website","url":"https:\/\/www.quidhotelvenice.com\/fr\/","name":"Voco Venice Mestre","description":"","potentialAction":[{"@type":"SearchAction","target":{"@type":"EntryPoint","urlTemplate":"https:\/\/www.quidhotelvenice.com\/fr\/?s={search_term_string}"},"query-input":{"@type":"PropertyValueSpecification","valueRequired":true,"valueName":"search_term_string"}}],"inLanguage":"fr-FR"}]}},"acf":[],"_links":{"self":[{"href":"https:\/\/www.quidhotelvenice.com\/fr\/wp-json\/wp\/v2\/pages\/1649","targetHints":{"allow":["GET"]}}],"collection":[{"href":"https:\/\/www.quidhotelvenice.com\/fr\/wp-json\/wp\/v2\/pages"}],"about":[{"href":"https:\/\/www.quidhotelvenice.com\/fr\/wp-json\/wp\/v2\/types\/page"}],"author":[{"embeddable":true,"href":"https:\/\/www.quidhotelvenice.com\/fr\/wp-json\/wp\/v2\/users\/499"}],"replies":[{"embeddable":true,"href":"https:\/\/www.quidhotelvenice.com\/fr\/wp-json\/wp\/v2\/comments?post=1649"}],"version-history":[{"count":0,"href":"https:\/\/www.quidhotelvenice.com\/fr\/wp-json\/wp\/v2\/pages\/1649\/revisions"}],"up":[{"embeddable":true,"href":"https:\/\/www.quidhotelvenice.com\/fr\/wp-json\/wp\/v2\/pages\/116"}],"wp:featuredmedia":[{"embeddable":true,"href":"https:\/\/www.quidhotelvenice.com\/fr\/wp-json\/wp\/v2\/media\/835"}],"wp:attachment":[{"href":"https:\/\/www.quidhotelvenice.com\/fr\/wp-json\/wp\/v2\/media?parent=1649"}],"curies":[{"name":"wp","href":"https:\/\/api.w.org\/{rel}","templated":true}]}}