{"id":162,"date":"2023-07-20T14:45:17","date_gmt":"2023-07-20T14:45:17","guid":{"rendered":"https:\/\/voco-venice.ms.decms.eu\/cosa-fare-a-venezia\/cibo-tipico-e-bacari\/"},"modified":"2023-08-29T13:13:23","modified_gmt":"2023-08-29T13:13:23","slug":"cuisine-typique-et-bacari","status":"publish","type":"page","link":"https:\/\/www.quidhotelvenice.com\/fr\/que-faire-a-venise\/cuisine-typique-et-bacari\/","title":{"rendered":"Cuisine typique et Bacari"},"content":{"rendered":"<p><span style=\"font-weight: 400;\">Venise n&rsquo;est pas seulement c\u00e9l\u00e8bre pour son carnaval, ses expositions d&rsquo;art et ses paysages grandioses, mais aussi (peut-\u00eatre devrions-nous dire surtout ?) pour sa <\/span><b>richissime tradition culinaire<\/b><span style=\"font-weight: 400;\">. Le <\/span><b>voco\u00ae Venice Mestre<\/b><span style=\"font-weight: 400;\"> vous invite \u00e0 savourer sa cuisine v\u00e9nitienne revisit\u00e9e de fa\u00e7on moderne, avec des plats compos\u00e9s uniquement d&rsquo;ingr\u00e9dients de saison et rigoureusement pr\u00e9par\u00e9s sur place par le chef et sa brigade. <\/span><span style=\"font-weight: 400;\"><br \/>\n<\/span><span style=\"font-weight: 400;\">Cela ne nous emp\u00eache pas de vous donner <\/span><b>quelques bons plans<\/b><span style=\"font-weight: 400;\"> sur ce qu&rsquo;il faut absolument go\u00fbter dans la <\/span><b>lagune<\/b><span style=\"font-weight: 400;\"> ! Une \u00e9tape incontournable est celle des c\u00e9l\u00e8bres <\/span><b><i>bacari<\/i><\/b> <b>v\u00e9nitiens<\/b><span style=\"font-weight: 400;\">, ces auberges historiques diss\u00e9min\u00e9es partout dans le paysage lagunaire. Nous vous conseillons d&rsquo;y savourer une <\/span><b>ombra<\/b><span style=\"font-weight: 400;\"> (un petit verre) de vin rouge ou blanc et les fameux <\/span><b><i>cicchetti<\/i><\/b> <span style=\"font-weight: 400;\">(les amuse-gueule locaux).\u00a0<\/span><\/p>\n<p><span style=\"font-weight: 400;\">Jetez un coup d&rsquo;\u0153il \u00e0 ces bacari : <\/span><\/p>\n","protected":false},"excerpt":{"rendered":"<p>Venise n&rsquo;est pas seulement c\u00e9l\u00e8bre pour son carnaval, ses expositions d&rsquo;art et ses paysages grandioses, mais aussi (peut-\u00eatre devrions-nous dire surtout ?) pour sa richissime tradition culinaire. Le voco\u00ae Venice Mestre vous invite \u00e0 savourer sa cuisine v\u00e9nitienne revisit\u00e9e de fa\u00e7on moderne, avec des plats compos\u00e9s uniquement d&rsquo;ingr\u00e9dients de saison et rigoureusement pr\u00e9par\u00e9s sur place [&hellip;]<\/p>\n","protected":false},"author":6,"featured_media":895,"parent":137,"menu_order":91,"comment_status":"closed","ping_status":"closed","template":"template-surroundings.php","meta":{"footnotes":""},"class_list":["post-162","page","type-page","status-publish","has-post-thumbnail","hentry"],"yoast_head":"<!-- This site is optimized with the Yoast SEO plugin v26.9 - https:\/\/yoast.com\/product\/yoast-seo-wordpress\/ -->\n<title>Cuisine locale et bacari | voco\u00ae Venice Mestre - The Quid<\/title>\n<meta name=\"description\" content=\"Venise gastronome ! Go\u00fbtez aux plats typiques et faites le tour des bacari les plus iconiques avec les conseils du voco\u00ae Venice Mestre Hotel 4 \u00e9toiles.\" \/>\n<meta name=\"robots\" content=\"index, follow, max-snippet:-1, max-image-preview:large, max-video-preview:-1\" \/>\n<link rel=\"canonical\" href=\"https:\/\/www.quidhotelvenice.com\/fr\/que-faire-a-venise\/cuisine-typique-et-bacari\/\" \/>\n<meta property=\"og:locale\" content=\"fr_FR\" \/>\n<meta property=\"og:type\" content=\"article\" \/>\n<meta property=\"og:title\" content=\"Cuisine locale et bacari | voco\u00ae Venice Mestre - The Quid\" \/>\n<meta property=\"og:description\" content=\"Venise gastronome ! Go\u00fbtez aux plats typiques et faites le tour des bacari les plus iconiques avec les conseils du voco\u00ae Venice Mestre Hotel 4 \u00e9toiles.\" \/>\n<meta property=\"og:url\" content=\"https:\/\/www.quidhotelvenice.com\/fr\/que-faire-a-venise\/cuisine-typique-et-bacari\/\" \/>\n<meta property=\"og:site_name\" content=\"Voco Venice Mestre\" \/>\n<meta property=\"article:modified_time\" content=\"2023-08-29T13:13:23+00:00\" \/>\n<meta property=\"og:image\" content=\"https:\/\/www.quidhotelvenice.com\/wp-content\/uploads\/sites\/557\/2023\/07\/Spritz-voco-Venice-Mestre-The-Quid.jpg\" \/>\n\t<meta property=\"og:image:width\" content=\"2200\" \/>\n\t<meta property=\"og:image:height\" content=\"1200\" \/>\n\t<meta property=\"og:image:type\" content=\"image\/jpeg\" \/>\n<meta name=\"twitter:card\" content=\"summary_large_image\" \/>\n<meta name=\"twitter:label1\" content=\"Dur\u00e9e de lecture estim\u00e9e\" \/>\n\t<meta name=\"twitter:data1\" content=\"1 minute\" \/>\n<script type=\"application\/ld+json\" class=\"yoast-schema-graph\">{\"@context\":\"https:\/\/schema.org\",\"@graph\":[{\"@type\":\"WebPage\",\"@id\":\"https:\/\/www.quidhotelvenice.com\/fr\/que-faire-a-venise\/cuisine-typique-et-bacari\/\",\"url\":\"https:\/\/www.quidhotelvenice.com\/fr\/que-faire-a-venise\/cuisine-typique-et-bacari\/\",\"name\":\"Cuisine locale et bacari | voco\u00ae Venice Mestre - The Quid\",\"isPartOf\":{\"@id\":\"https:\/\/www.quidhotelvenice.com\/fr\/#website\"},\"primaryImageOfPage\":{\"@id\":\"https:\/\/www.quidhotelvenice.com\/fr\/que-faire-a-venise\/cuisine-typique-et-bacari\/#primaryimage\"},\"image\":{\"@id\":\"https:\/\/www.quidhotelvenice.com\/fr\/que-faire-a-venise\/cuisine-typique-et-bacari\/#primaryimage\"},\"thumbnailUrl\":\"https:\/\/www.quidhotelvenice.com\/wp-content\/uploads\/sites\/557\/2023\/07\/Spritz-voco-Venice-Mestre-The-Quid.jpg\",\"datePublished\":\"2023-07-20T14:45:17+00:00\",\"dateModified\":\"2023-08-29T13:13:23+00:00\",\"description\":\"Venise gastronome ! Go\u00fbtez aux plats typiques et faites le tour des bacari les plus iconiques avec les conseils du voco\u00ae Venice Mestre Hotel 4 \u00e9toiles.\",\"breadcrumb\":{\"@id\":\"https:\/\/www.quidhotelvenice.com\/fr\/que-faire-a-venise\/cuisine-typique-et-bacari\/#breadcrumb\"},\"inLanguage\":\"fr-FR\",\"potentialAction\":[{\"@type\":\"ReadAction\",\"target\":[\"https:\/\/www.quidhotelvenice.com\/fr\/que-faire-a-venise\/cuisine-typique-et-bacari\/\"]}]},{\"@type\":\"ImageObject\",\"inLanguage\":\"fr-FR\",\"@id\":\"https:\/\/www.quidhotelvenice.com\/fr\/que-faire-a-venise\/cuisine-typique-et-bacari\/#primaryimage\",\"url\":\"https:\/\/www.quidhotelvenice.com\/wp-content\/uploads\/sites\/557\/2023\/07\/Spritz-voco-Venice-Mestre-The-Quid.jpg\",\"contentUrl\":\"https:\/\/www.quidhotelvenice.com\/wp-content\/uploads\/sites\/557\/2023\/07\/Spritz-voco-Venice-Mestre-The-Quid.jpg\",\"width\":2200,\"height\":1200},{\"@type\":\"BreadcrumbList\",\"@id\":\"https:\/\/www.quidhotelvenice.com\/fr\/que-faire-a-venise\/cuisine-typique-et-bacari\/#breadcrumb\",\"itemListElement\":[{\"@type\":\"ListItem\",\"position\":1,\"name\":\"Home\",\"item\":\"https:\/\/www.quidhotelvenice.com\/fr\/\"},{\"@type\":\"ListItem\",\"position\":2,\"name\":\"Que faire \u00e0 Venise ?\",\"item\":\"https:\/\/www.quidhotelvenice.com\/fr\/que-faire-a-venise\/\"},{\"@type\":\"ListItem\",\"position\":3,\"name\":\"Cuisine typique et Bacari\"}]},{\"@type\":\"WebSite\",\"@id\":\"https:\/\/www.quidhotelvenice.com\/fr\/#website\",\"url\":\"https:\/\/www.quidhotelvenice.com\/fr\/\",\"name\":\"Voco Venice Mestre\",\"description\":\"\",\"potentialAction\":[{\"@type\":\"SearchAction\",\"target\":{\"@type\":\"EntryPoint\",\"urlTemplate\":\"https:\/\/www.quidhotelvenice.com\/fr\/?s={search_term_string}\"},\"query-input\":{\"@type\":\"PropertyValueSpecification\",\"valueRequired\":true,\"valueName\":\"search_term_string\"}}],\"inLanguage\":\"fr-FR\"}]}<\/script>\n<!-- \/ Yoast SEO plugin. -->","yoast_head_json":{"title":"Cuisine locale et bacari | voco\u00ae Venice Mestre - The Quid","description":"Venise gastronome ! Go\u00fbtez aux plats typiques et faites le tour des bacari les plus iconiques avec les conseils du voco\u00ae Venice Mestre Hotel 4 \u00e9toiles.","robots":{"index":"index","follow":"follow","max-snippet":"max-snippet:-1","max-image-preview":"max-image-preview:large","max-video-preview":"max-video-preview:-1"},"canonical":"https:\/\/www.quidhotelvenice.com\/fr\/que-faire-a-venise\/cuisine-typique-et-bacari\/","og_locale":"fr_FR","og_type":"article","og_title":"Cuisine locale et bacari | voco\u00ae Venice Mestre - The Quid","og_description":"Venise gastronome ! Go\u00fbtez aux plats typiques et faites le tour des bacari les plus iconiques avec les conseils du voco\u00ae Venice Mestre Hotel 4 \u00e9toiles.","og_url":"https:\/\/www.quidhotelvenice.com\/fr\/que-faire-a-venise\/cuisine-typique-et-bacari\/","og_site_name":"Voco Venice Mestre","article_modified_time":"2023-08-29T13:13:23+00:00","og_image":[{"width":2200,"height":1200,"url":"https:\/\/www.quidhotelvenice.com\/wp-content\/uploads\/sites\/557\/2023\/07\/Spritz-voco-Venice-Mestre-The-Quid.jpg","type":"image\/jpeg"}],"twitter_card":"summary_large_image","twitter_misc":{"Dur\u00e9e de lecture estim\u00e9e":"1 minute"},"schema":{"@context":"https:\/\/schema.org","@graph":[{"@type":"WebPage","@id":"https:\/\/www.quidhotelvenice.com\/fr\/que-faire-a-venise\/cuisine-typique-et-bacari\/","url":"https:\/\/www.quidhotelvenice.com\/fr\/que-faire-a-venise\/cuisine-typique-et-bacari\/","name":"Cuisine locale et bacari | voco\u00ae Venice Mestre - The Quid","isPartOf":{"@id":"https:\/\/www.quidhotelvenice.com\/fr\/#website"},"primaryImageOfPage":{"@id":"https:\/\/www.quidhotelvenice.com\/fr\/que-faire-a-venise\/cuisine-typique-et-bacari\/#primaryimage"},"image":{"@id":"https:\/\/www.quidhotelvenice.com\/fr\/que-faire-a-venise\/cuisine-typique-et-bacari\/#primaryimage"},"thumbnailUrl":"https:\/\/www.quidhotelvenice.com\/wp-content\/uploads\/sites\/557\/2023\/07\/Spritz-voco-Venice-Mestre-The-Quid.jpg","datePublished":"2023-07-20T14:45:17+00:00","dateModified":"2023-08-29T13:13:23+00:00","description":"Venise gastronome ! Go\u00fbtez aux plats typiques et faites le tour des bacari les plus iconiques avec les conseils du voco\u00ae Venice Mestre Hotel 4 \u00e9toiles.","breadcrumb":{"@id":"https:\/\/www.quidhotelvenice.com\/fr\/que-faire-a-venise\/cuisine-typique-et-bacari\/#breadcrumb"},"inLanguage":"fr-FR","potentialAction":[{"@type":"ReadAction","target":["https:\/\/www.quidhotelvenice.com\/fr\/que-faire-a-venise\/cuisine-typique-et-bacari\/"]}]},{"@type":"ImageObject","inLanguage":"fr-FR","@id":"https:\/\/www.quidhotelvenice.com\/fr\/que-faire-a-venise\/cuisine-typique-et-bacari\/#primaryimage","url":"https:\/\/www.quidhotelvenice.com\/wp-content\/uploads\/sites\/557\/2023\/07\/Spritz-voco-Venice-Mestre-The-Quid.jpg","contentUrl":"https:\/\/www.quidhotelvenice.com\/wp-content\/uploads\/sites\/557\/2023\/07\/Spritz-voco-Venice-Mestre-The-Quid.jpg","width":2200,"height":1200},{"@type":"BreadcrumbList","@id":"https:\/\/www.quidhotelvenice.com\/fr\/que-faire-a-venise\/cuisine-typique-et-bacari\/#breadcrumb","itemListElement":[{"@type":"ListItem","position":1,"name":"Home","item":"https:\/\/www.quidhotelvenice.com\/fr\/"},{"@type":"ListItem","position":2,"name":"Que faire \u00e0 Venise ?","item":"https:\/\/www.quidhotelvenice.com\/fr\/que-faire-a-venise\/"},{"@type":"ListItem","position":3,"name":"Cuisine typique et Bacari"}]},{"@type":"WebSite","@id":"https:\/\/www.quidhotelvenice.com\/fr\/#website","url":"https:\/\/www.quidhotelvenice.com\/fr\/","name":"Voco Venice Mestre","description":"","potentialAction":[{"@type":"SearchAction","target":{"@type":"EntryPoint","urlTemplate":"https:\/\/www.quidhotelvenice.com\/fr\/?s={search_term_string}"},"query-input":{"@type":"PropertyValueSpecification","valueRequired":true,"valueName":"search_term_string"}}],"inLanguage":"fr-FR"}]}},"acf":[],"_links":{"self":[{"href":"https:\/\/www.quidhotelvenice.com\/fr\/wp-json\/wp\/v2\/pages\/162","targetHints":{"allow":["GET"]}}],"collection":[{"href":"https:\/\/www.quidhotelvenice.com\/fr\/wp-json\/wp\/v2\/pages"}],"about":[{"href":"https:\/\/www.quidhotelvenice.com\/fr\/wp-json\/wp\/v2\/types\/page"}],"author":[{"embeddable":true,"href":"https:\/\/www.quidhotelvenice.com\/fr\/wp-json\/wp\/v2\/users\/6"}],"replies":[{"embeddable":true,"href":"https:\/\/www.quidhotelvenice.com\/fr\/wp-json\/wp\/v2\/comments?post=162"}],"version-history":[{"count":0,"href":"https:\/\/www.quidhotelvenice.com\/fr\/wp-json\/wp\/v2\/pages\/162\/revisions"}],"up":[{"embeddable":true,"href":"https:\/\/www.quidhotelvenice.com\/fr\/wp-json\/wp\/v2\/pages\/137"}],"wp:featuredmedia":[{"embeddable":true,"href":"https:\/\/www.quidhotelvenice.com\/fr\/wp-json\/wp\/v2\/media\/895"}],"wp:attachment":[{"href":"https:\/\/www.quidhotelvenice.com\/fr\/wp-json\/wp\/v2\/media?parent=162"}],"curies":[{"name":"wp","href":"https:\/\/api.w.org\/{rel}","templated":true}]}}