{"id":158,"date":"2023-07-20T14:42:35","date_gmt":"2023-07-20T14:42:35","guid":{"rendered":"https:\/\/voco-venice.ms.decms.eu\/cosa-fare-a-venezia\/principali-eventi\/"},"modified":"2025-07-02T08:50:44","modified_gmt":"2025-07-02T08:50:44","slug":"principaux-evenements","status":"publish","type":"page","link":"https:\/\/www.quidhotelvenice.com\/fr\/que-faire-a-venise\/principaux-evenements\/","title":{"rendered":"Principaux \u00e9v\u00e9nements"},"content":{"rendered":"<p><span style=\"font-weight: 400\">Vous recherchez un <\/span><b>h\u00f4tel 4 \u00e9toiles<\/b><span style=\"font-weight: 400\"> en position strat\u00e9gique, bien reli\u00e9 \u00e0 la lagune, mais sans les inconv\u00e9nients ? <\/span><span style=\"font-weight: 400\"><br \/>\n<\/span><span style=\"font-weight: 400\">Bienvenue au <\/span><b>voco\u00ae Venice Mestre<\/b><span style=\"font-weight: 400\"> ! Vous y trouverez tout le confort pour passer un s\u00e9jour v\u00e9nitien unique et inoubliable !<\/span><span style=\"font-weight: 400\"><br \/>\n<\/span><span style=\"font-weight: 400\">Qu&rsquo;attendez-vous pour nous rendre visite ? Nous avons dress\u00e9 pour vous une liste des \u00e9v\u00e9nements les plus iconiques de Venise. D\u00e9couvrons-les ensemble !<\/span><\/p>\n","protected":false},"excerpt":{"rendered":"<p>Vous recherchez un h\u00f4tel 4 \u00e9toiles en position strat\u00e9gique, bien reli\u00e9 \u00e0 la lagune, mais sans les inconv\u00e9nients ? Bienvenue au voco\u00ae Venice Mestre ! Vous y trouverez tout le confort pour passer un s\u00e9jour v\u00e9nitien unique et inoubliable ! Qu&rsquo;attendez-vous pour nous rendre visite ? Nous avons dress\u00e9 pour vous une liste des \u00e9v\u00e9nements [&hellip;]<\/p>\n","protected":false},"author":6,"featured_media":911,"parent":137,"menu_order":90,"comment_status":"closed","ping_status":"closed","template":"template-surroundings.php","meta":{"footnotes":""},"class_list":["post-158","page","type-page","status-publish","has-post-thumbnail","hentry"],"yoast_head":"<!-- This site is optimized with the Yoast SEO plugin v26.9 - https:\/\/yoast.com\/product\/yoast-seo-wordpress\/ -->\n<title>\u00c9v\u00e9nements Venise : carnaval, Biennale | voco\u00ae Venice Mestre<\/title>\n<meta name=\"description\" content=\"D\u00e9couvrez les \u00e9v\u00e9nements les plus importants de Venise durant votre s\u00e9jour au voco\u00ae Venice Mestre : carnaval, Biennale, f\u00eates historiques et plus encore.\" \/>\n<meta name=\"robots\" content=\"index, follow, max-snippet:-1, max-image-preview:large, max-video-preview:-1\" \/>\n<link rel=\"canonical\" href=\"https:\/\/www.quidhotelvenice.com\/fr\/que-faire-a-venise\/principaux-evenements\/\" \/>\n<meta property=\"og:locale\" content=\"fr_FR\" \/>\n<meta property=\"og:type\" content=\"article\" \/>\n<meta property=\"og:title\" content=\"\u00c9v\u00e9nements Venise : carnaval, Biennale | voco\u00ae Venice Mestre\" \/>\n<meta property=\"og:description\" content=\"D\u00e9couvrez les \u00e9v\u00e9nements les plus importants de Venise durant votre s\u00e9jour au voco\u00ae Venice Mestre : carnaval, Biennale, f\u00eates historiques et plus encore.\" \/>\n<meta property=\"og:url\" content=\"https:\/\/www.quidhotelvenice.com\/fr\/que-faire-a-venise\/principaux-evenements\/\" \/>\n<meta property=\"og:site_name\" content=\"Voco Venice Mestre\" \/>\n<meta property=\"article:modified_time\" content=\"2025-07-02T08:50:44+00:00\" \/>\n<meta property=\"og:image\" content=\"https:\/\/www.quidhotelvenice.com\/wp-content\/uploads\/sites\/557\/2023\/07\/Redentore-voco-Venice-Mestre-The-Quid.jpg\" \/>\n\t<meta property=\"og:image:width\" content=\"2200\" \/>\n\t<meta property=\"og:image:height\" content=\"1200\" \/>\n\t<meta property=\"og:image:type\" content=\"image\/jpeg\" \/>\n<meta name=\"twitter:card\" content=\"summary_large_image\" \/>\n<meta name=\"twitter:label1\" content=\"Dur\u00e9e de lecture estim\u00e9e\" \/>\n\t<meta name=\"twitter:data1\" content=\"1 minute\" \/>\n<script type=\"application\/ld+json\" class=\"yoast-schema-graph\">{\"@context\":\"https:\/\/schema.org\",\"@graph\":[{\"@type\":\"WebPage\",\"@id\":\"https:\/\/www.quidhotelvenice.com\/fr\/que-faire-a-venise\/principaux-evenements\/\",\"url\":\"https:\/\/www.quidhotelvenice.com\/fr\/que-faire-a-venise\/principaux-evenements\/\",\"name\":\"\u00c9v\u00e9nements Venise : carnaval, Biennale | voco\u00ae Venice Mestre\",\"isPartOf\":{\"@id\":\"https:\/\/www.quidhotelvenice.com\/fr\/#website\"},\"primaryImageOfPage\":{\"@id\":\"https:\/\/www.quidhotelvenice.com\/fr\/que-faire-a-venise\/principaux-evenements\/#primaryimage\"},\"image\":{\"@id\":\"https:\/\/www.quidhotelvenice.com\/fr\/que-faire-a-venise\/principaux-evenements\/#primaryimage\"},\"thumbnailUrl\":\"https:\/\/www.quidhotelvenice.com\/wp-content\/uploads\/sites\/557\/2023\/07\/Redentore-voco-Venice-Mestre-The-Quid.jpg\",\"datePublished\":\"2023-07-20T14:42:35+00:00\",\"dateModified\":\"2025-07-02T08:50:44+00:00\",\"description\":\"D\u00e9couvrez les \u00e9v\u00e9nements les plus importants de Venise durant votre s\u00e9jour au voco\u00ae Venice Mestre : carnaval, Biennale, f\u00eates historiques et plus encore.\",\"breadcrumb\":{\"@id\":\"https:\/\/www.quidhotelvenice.com\/fr\/que-faire-a-venise\/principaux-evenements\/#breadcrumb\"},\"inLanguage\":\"fr-FR\",\"potentialAction\":[{\"@type\":\"ReadAction\",\"target\":[\"https:\/\/www.quidhotelvenice.com\/fr\/que-faire-a-venise\/principaux-evenements\/\"]}]},{\"@type\":\"ImageObject\",\"inLanguage\":\"fr-FR\",\"@id\":\"https:\/\/www.quidhotelvenice.com\/fr\/que-faire-a-venise\/principaux-evenements\/#primaryimage\",\"url\":\"https:\/\/www.quidhotelvenice.com\/wp-content\/uploads\/sites\/557\/2023\/07\/Redentore-voco-Venice-Mestre-The-Quid.jpg\",\"contentUrl\":\"https:\/\/www.quidhotelvenice.com\/wp-content\/uploads\/sites\/557\/2023\/07\/Redentore-voco-Venice-Mestre-The-Quid.jpg\",\"width\":2200,\"height\":1200},{\"@type\":\"BreadcrumbList\",\"@id\":\"https:\/\/www.quidhotelvenice.com\/fr\/que-faire-a-venise\/principaux-evenements\/#breadcrumb\",\"itemListElement\":[{\"@type\":\"ListItem\",\"position\":1,\"name\":\"Home\",\"item\":\"https:\/\/www.quidhotelvenice.com\/fr\/\"},{\"@type\":\"ListItem\",\"position\":2,\"name\":\"Que faire \u00e0 Venise ?\",\"item\":\"https:\/\/www.quidhotelvenice.com\/fr\/que-faire-a-venise\/\"},{\"@type\":\"ListItem\",\"position\":3,\"name\":\"Principaux \u00e9v\u00e9nements\"}]},{\"@type\":\"WebSite\",\"@id\":\"https:\/\/www.quidhotelvenice.com\/fr\/#website\",\"url\":\"https:\/\/www.quidhotelvenice.com\/fr\/\",\"name\":\"Voco Venice Mestre\",\"description\":\"\",\"potentialAction\":[{\"@type\":\"SearchAction\",\"target\":{\"@type\":\"EntryPoint\",\"urlTemplate\":\"https:\/\/www.quidhotelvenice.com\/fr\/?s={search_term_string}\"},\"query-input\":{\"@type\":\"PropertyValueSpecification\",\"valueRequired\":true,\"valueName\":\"search_term_string\"}}],\"inLanguage\":\"fr-FR\"}]}<\/script>\n<!-- \/ Yoast SEO plugin. -->","yoast_head_json":{"title":"\u00c9v\u00e9nements Venise : carnaval, Biennale | voco\u00ae Venice Mestre","description":"D\u00e9couvrez les \u00e9v\u00e9nements les plus importants de Venise durant votre s\u00e9jour au voco\u00ae Venice Mestre : carnaval, Biennale, f\u00eates historiques et plus encore.","robots":{"index":"index","follow":"follow","max-snippet":"max-snippet:-1","max-image-preview":"max-image-preview:large","max-video-preview":"max-video-preview:-1"},"canonical":"https:\/\/www.quidhotelvenice.com\/fr\/que-faire-a-venise\/principaux-evenements\/","og_locale":"fr_FR","og_type":"article","og_title":"\u00c9v\u00e9nements Venise : carnaval, Biennale | voco\u00ae Venice Mestre","og_description":"D\u00e9couvrez les \u00e9v\u00e9nements les plus importants de Venise durant votre s\u00e9jour au voco\u00ae Venice Mestre : carnaval, Biennale, f\u00eates historiques et plus encore.","og_url":"https:\/\/www.quidhotelvenice.com\/fr\/que-faire-a-venise\/principaux-evenements\/","og_site_name":"Voco Venice Mestre","article_modified_time":"2025-07-02T08:50:44+00:00","og_image":[{"width":2200,"height":1200,"url":"https:\/\/www.quidhotelvenice.com\/wp-content\/uploads\/sites\/557\/2023\/07\/Redentore-voco-Venice-Mestre-The-Quid.jpg","type":"image\/jpeg"}],"twitter_card":"summary_large_image","twitter_misc":{"Dur\u00e9e de lecture estim\u00e9e":"1 minute"},"schema":{"@context":"https:\/\/schema.org","@graph":[{"@type":"WebPage","@id":"https:\/\/www.quidhotelvenice.com\/fr\/que-faire-a-venise\/principaux-evenements\/","url":"https:\/\/www.quidhotelvenice.com\/fr\/que-faire-a-venise\/principaux-evenements\/","name":"\u00c9v\u00e9nements Venise : carnaval, Biennale | voco\u00ae Venice Mestre","isPartOf":{"@id":"https:\/\/www.quidhotelvenice.com\/fr\/#website"},"primaryImageOfPage":{"@id":"https:\/\/www.quidhotelvenice.com\/fr\/que-faire-a-venise\/principaux-evenements\/#primaryimage"},"image":{"@id":"https:\/\/www.quidhotelvenice.com\/fr\/que-faire-a-venise\/principaux-evenements\/#primaryimage"},"thumbnailUrl":"https:\/\/www.quidhotelvenice.com\/wp-content\/uploads\/sites\/557\/2023\/07\/Redentore-voco-Venice-Mestre-The-Quid.jpg","datePublished":"2023-07-20T14:42:35+00:00","dateModified":"2025-07-02T08:50:44+00:00","description":"D\u00e9couvrez les \u00e9v\u00e9nements les plus importants de Venise durant votre s\u00e9jour au voco\u00ae Venice Mestre : carnaval, Biennale, f\u00eates historiques et plus encore.","breadcrumb":{"@id":"https:\/\/www.quidhotelvenice.com\/fr\/que-faire-a-venise\/principaux-evenements\/#breadcrumb"},"inLanguage":"fr-FR","potentialAction":[{"@type":"ReadAction","target":["https:\/\/www.quidhotelvenice.com\/fr\/que-faire-a-venise\/principaux-evenements\/"]}]},{"@type":"ImageObject","inLanguage":"fr-FR","@id":"https:\/\/www.quidhotelvenice.com\/fr\/que-faire-a-venise\/principaux-evenements\/#primaryimage","url":"https:\/\/www.quidhotelvenice.com\/wp-content\/uploads\/sites\/557\/2023\/07\/Redentore-voco-Venice-Mestre-The-Quid.jpg","contentUrl":"https:\/\/www.quidhotelvenice.com\/wp-content\/uploads\/sites\/557\/2023\/07\/Redentore-voco-Venice-Mestre-The-Quid.jpg","width":2200,"height":1200},{"@type":"BreadcrumbList","@id":"https:\/\/www.quidhotelvenice.com\/fr\/que-faire-a-venise\/principaux-evenements\/#breadcrumb","itemListElement":[{"@type":"ListItem","position":1,"name":"Home","item":"https:\/\/www.quidhotelvenice.com\/fr\/"},{"@type":"ListItem","position":2,"name":"Que faire \u00e0 Venise ?","item":"https:\/\/www.quidhotelvenice.com\/fr\/que-faire-a-venise\/"},{"@type":"ListItem","position":3,"name":"Principaux \u00e9v\u00e9nements"}]},{"@type":"WebSite","@id":"https:\/\/www.quidhotelvenice.com\/fr\/#website","url":"https:\/\/www.quidhotelvenice.com\/fr\/","name":"Voco Venice Mestre","description":"","potentialAction":[{"@type":"SearchAction","target":{"@type":"EntryPoint","urlTemplate":"https:\/\/www.quidhotelvenice.com\/fr\/?s={search_term_string}"},"query-input":{"@type":"PropertyValueSpecification","valueRequired":true,"valueName":"search_term_string"}}],"inLanguage":"fr-FR"}]}},"acf":[],"_links":{"self":[{"href":"https:\/\/www.quidhotelvenice.com\/fr\/wp-json\/wp\/v2\/pages\/158","targetHints":{"allow":["GET"]}}],"collection":[{"href":"https:\/\/www.quidhotelvenice.com\/fr\/wp-json\/wp\/v2\/pages"}],"about":[{"href":"https:\/\/www.quidhotelvenice.com\/fr\/wp-json\/wp\/v2\/types\/page"}],"author":[{"embeddable":true,"href":"https:\/\/www.quidhotelvenice.com\/fr\/wp-json\/wp\/v2\/users\/6"}],"replies":[{"embeddable":true,"href":"https:\/\/www.quidhotelvenice.com\/fr\/wp-json\/wp\/v2\/comments?post=158"}],"version-history":[{"count":0,"href":"https:\/\/www.quidhotelvenice.com\/fr\/wp-json\/wp\/v2\/pages\/158\/revisions"}],"up":[{"embeddable":true,"href":"https:\/\/www.quidhotelvenice.com\/fr\/wp-json\/wp\/v2\/pages\/137"}],"wp:featuredmedia":[{"embeddable":true,"href":"https:\/\/www.quidhotelvenice.com\/fr\/wp-json\/wp\/v2\/media\/911"}],"wp:attachment":[{"href":"https:\/\/www.quidhotelvenice.com\/fr\/wp-json\/wp\/v2\/media?parent=158"}],"curies":[{"name":"wp","href":"https:\/\/api.w.org\/{rel}","templated":true}]}}