{"id":154,"date":"2023-07-20T10:34:58","date_gmt":"2023-07-20T10:34:58","guid":{"rendered":"https:\/\/voco-venice.ms.decms.eu\/cosa-fare-a-venezia\/centro-storico\/shopping-in-citta\/"},"modified":"2025-09-03T14:21:21","modified_gmt":"2025-09-03T14:21:21","slug":"shopping-en-ville","status":"publish","type":"page","link":"https:\/\/www.quidhotelvenice.com\/fr\/que-faire-a-venise\/centre-historique\/shopping-en-ville\/","title":{"rendered":"Shopping en ville"},"content":{"rendered":"<p><span style=\"font-weight: 400\">Si vous cherchez un h\u00f4tel 4 \u00e9toiles pour vous adonner au shopping \u00e0 Venise, le <\/span><b>voco\u00ae Venice Mestre<\/b><span style=\"font-weight: 400\"> est le choix id\u00e9al : laisser votre voiture dans notre garage souterrain et gagnez facilement la lagune par transfert priv\u00e9 ou avec les transports en commun.<\/span><span style=\"font-weight: 400\"><br \/>\n<\/span><span style=\"font-weight: 400\">Venise est un foyer culturel, mais pas que : la choisir comme destination pour le <\/span><b>shopping<\/b><span style=\"font-weight: 400\"> permet de vivre une exp\u00e9rience de r\u00eave, sublim\u00e9e aussi bien par la <\/span><b>beaut\u00e9 du d\u00e9cor<\/b><span style=\"font-weight: 400\"> que par la <\/span><b>qualit\u00e9 et la quantit\u00e9 des produits<\/b><span style=\"font-weight: 400\"> que l\u2019on peut y d\u00e9nicher. <\/span><\/p>\n","protected":false},"excerpt":{"rendered":"<p>Si vous cherchez un h\u00f4tel 4 \u00e9toiles pour vous adonner au shopping \u00e0 Venise, le voco\u00ae Venice Mestre est le choix id\u00e9al : laisser votre voiture dans notre garage souterrain et gagnez facilement la lagune par transfert priv\u00e9 ou avec les transports en commun. Venise est un foyer culturel, mais pas que : la choisir [&hellip;]<\/p>\n","protected":false},"author":6,"featured_media":875,"parent":142,"menu_order":84,"comment_status":"closed","ping_status":"closed","template":"template-surroundings.php","meta":{"footnotes":""},"class_list":["post-154","page","type-page","status-publish","has-post-thumbnail","hentry"],"yoast_head":"<!-- This site is optimized with the Yoast SEO plugin v26.9 - https:\/\/yoast.com\/product\/yoast-seo-wordpress\/ -->\n<title>O\u00f9 faire du shopping \u00e0 Venise centre | voco\u00ae Venice Mestre<\/title>\n<meta name=\"description\" content=\"Shoppingmania \u00e0 Venise. Suivez nos conseils et d\u00e9couvrez boutiques et centres commerciaux \u00e0 proximit\u00e9 du voco\u00ae Venise Mestre, h\u00f4tel 4 \u00e9toiles.\" \/>\n<meta name=\"robots\" content=\"index, follow, max-snippet:-1, max-image-preview:large, max-video-preview:-1\" \/>\n<link rel=\"canonical\" href=\"https:\/\/www.quidhotelvenice.com\/fr\/que-faire-a-venise\/centre-historique\/shopping-en-ville\/\" \/>\n<meta property=\"og:locale\" content=\"fr_FR\" \/>\n<meta property=\"og:type\" content=\"article\" \/>\n<meta property=\"og:title\" content=\"O\u00f9 faire du shopping \u00e0 Venise centre | voco\u00ae Venice Mestre\" \/>\n<meta property=\"og:description\" content=\"Shoppingmania \u00e0 Venise. Suivez nos conseils et d\u00e9couvrez boutiques et centres commerciaux \u00e0 proximit\u00e9 du voco\u00ae Venise Mestre, h\u00f4tel 4 \u00e9toiles.\" \/>\n<meta property=\"og:url\" content=\"https:\/\/www.quidhotelvenice.com\/fr\/que-faire-a-venise\/centre-historique\/shopping-en-ville\/\" \/>\n<meta property=\"og:site_name\" content=\"Voco Venice Mestre\" \/>\n<meta property=\"article:modified_time\" content=\"2025-09-03T14:21:21+00:00\" \/>\n<meta property=\"og:image\" content=\"https:\/\/www.quidhotelvenice.com\/wp-content\/uploads\/sites\/557\/2023\/07\/Shopping-voco-Venice-Mestre-The-Quid.jpg\" \/>\n\t<meta property=\"og:image:width\" content=\"2200\" \/>\n\t<meta property=\"og:image:height\" content=\"1200\" \/>\n\t<meta property=\"og:image:type\" content=\"image\/jpeg\" \/>\n<meta name=\"twitter:card\" content=\"summary_large_image\" \/>\n<meta name=\"twitter:label1\" content=\"Dur\u00e9e de lecture estim\u00e9e\" \/>\n\t<meta name=\"twitter:data1\" content=\"1 minute\" \/>\n<script type=\"application\/ld+json\" class=\"yoast-schema-graph\">{\"@context\":\"https:\/\/schema.org\",\"@graph\":[{\"@type\":\"WebPage\",\"@id\":\"https:\/\/www.quidhotelvenice.com\/fr\/que-faire-a-venise\/centre-historique\/shopping-en-ville\/\",\"url\":\"https:\/\/www.quidhotelvenice.com\/fr\/que-faire-a-venise\/centre-historique\/shopping-en-ville\/\",\"name\":\"O\u00f9 faire du shopping \u00e0 Venise centre | voco\u00ae Venice Mestre\",\"isPartOf\":{\"@id\":\"https:\/\/www.quidhotelvenice.com\/fr\/#website\"},\"primaryImageOfPage\":{\"@id\":\"https:\/\/www.quidhotelvenice.com\/fr\/que-faire-a-venise\/centre-historique\/shopping-en-ville\/#primaryimage\"},\"image\":{\"@id\":\"https:\/\/www.quidhotelvenice.com\/fr\/que-faire-a-venise\/centre-historique\/shopping-en-ville\/#primaryimage\"},\"thumbnailUrl\":\"https:\/\/www.quidhotelvenice.com\/wp-content\/uploads\/sites\/557\/2023\/07\/Shopping-voco-Venice-Mestre-The-Quid.jpg\",\"datePublished\":\"2023-07-20T10:34:58+00:00\",\"dateModified\":\"2025-09-03T14:21:21+00:00\",\"description\":\"Shoppingmania \u00e0 Venise. Suivez nos conseils et d\u00e9couvrez boutiques et centres commerciaux \u00e0 proximit\u00e9 du voco\u00ae Venise Mestre, h\u00f4tel 4 \u00e9toiles.\",\"breadcrumb\":{\"@id\":\"https:\/\/www.quidhotelvenice.com\/fr\/que-faire-a-venise\/centre-historique\/shopping-en-ville\/#breadcrumb\"},\"inLanguage\":\"fr-FR\",\"potentialAction\":[{\"@type\":\"ReadAction\",\"target\":[\"https:\/\/www.quidhotelvenice.com\/fr\/que-faire-a-venise\/centre-historique\/shopping-en-ville\/\"]}]},{\"@type\":\"ImageObject\",\"inLanguage\":\"fr-FR\",\"@id\":\"https:\/\/www.quidhotelvenice.com\/fr\/que-faire-a-venise\/centre-historique\/shopping-en-ville\/#primaryimage\",\"url\":\"https:\/\/www.quidhotelvenice.com\/wp-content\/uploads\/sites\/557\/2023\/07\/Shopping-voco-Venice-Mestre-The-Quid.jpg\",\"contentUrl\":\"https:\/\/www.quidhotelvenice.com\/wp-content\/uploads\/sites\/557\/2023\/07\/Shopping-voco-Venice-Mestre-The-Quid.jpg\",\"width\":2200,\"height\":1200},{\"@type\":\"BreadcrumbList\",\"@id\":\"https:\/\/www.quidhotelvenice.com\/fr\/que-faire-a-venise\/centre-historique\/shopping-en-ville\/#breadcrumb\",\"itemListElement\":[{\"@type\":\"ListItem\",\"position\":1,\"name\":\"Home\",\"item\":\"https:\/\/www.quidhotelvenice.com\/fr\/\"},{\"@type\":\"ListItem\",\"position\":2,\"name\":\"Que faire \u00e0 Venise ?\",\"item\":\"https:\/\/www.quidhotelvenice.com\/fr\/que-faire-a-venise\/\"},{\"@type\":\"ListItem\",\"position\":3,\"name\":\"Centre historique\",\"item\":\"https:\/\/www.quidhotelvenice.com\/fr\/que-faire-a-venise\/centre-historique\/\"},{\"@type\":\"ListItem\",\"position\":4,\"name\":\"Shopping en ville\"}]},{\"@type\":\"WebSite\",\"@id\":\"https:\/\/www.quidhotelvenice.com\/fr\/#website\",\"url\":\"https:\/\/www.quidhotelvenice.com\/fr\/\",\"name\":\"Voco Venice Mestre\",\"description\":\"\",\"potentialAction\":[{\"@type\":\"SearchAction\",\"target\":{\"@type\":\"EntryPoint\",\"urlTemplate\":\"https:\/\/www.quidhotelvenice.com\/fr\/?s={search_term_string}\"},\"query-input\":{\"@type\":\"PropertyValueSpecification\",\"valueRequired\":true,\"valueName\":\"search_term_string\"}}],\"inLanguage\":\"fr-FR\"}]}<\/script>\n<!-- \/ Yoast SEO plugin. -->","yoast_head_json":{"title":"O\u00f9 faire du shopping \u00e0 Venise centre | voco\u00ae Venice Mestre","description":"Shoppingmania \u00e0 Venise. Suivez nos conseils et d\u00e9couvrez boutiques et centres commerciaux \u00e0 proximit\u00e9 du voco\u00ae Venise Mestre, h\u00f4tel 4 \u00e9toiles.","robots":{"index":"index","follow":"follow","max-snippet":"max-snippet:-1","max-image-preview":"max-image-preview:large","max-video-preview":"max-video-preview:-1"},"canonical":"https:\/\/www.quidhotelvenice.com\/fr\/que-faire-a-venise\/centre-historique\/shopping-en-ville\/","og_locale":"fr_FR","og_type":"article","og_title":"O\u00f9 faire du shopping \u00e0 Venise centre | voco\u00ae Venice Mestre","og_description":"Shoppingmania \u00e0 Venise. Suivez nos conseils et d\u00e9couvrez boutiques et centres commerciaux \u00e0 proximit\u00e9 du voco\u00ae Venise Mestre, h\u00f4tel 4 \u00e9toiles.","og_url":"https:\/\/www.quidhotelvenice.com\/fr\/que-faire-a-venise\/centre-historique\/shopping-en-ville\/","og_site_name":"Voco Venice Mestre","article_modified_time":"2025-09-03T14:21:21+00:00","og_image":[{"width":2200,"height":1200,"url":"https:\/\/www.quidhotelvenice.com\/wp-content\/uploads\/sites\/557\/2023\/07\/Shopping-voco-Venice-Mestre-The-Quid.jpg","type":"image\/jpeg"}],"twitter_card":"summary_large_image","twitter_misc":{"Dur\u00e9e de lecture estim\u00e9e":"1 minute"},"schema":{"@context":"https:\/\/schema.org","@graph":[{"@type":"WebPage","@id":"https:\/\/www.quidhotelvenice.com\/fr\/que-faire-a-venise\/centre-historique\/shopping-en-ville\/","url":"https:\/\/www.quidhotelvenice.com\/fr\/que-faire-a-venise\/centre-historique\/shopping-en-ville\/","name":"O\u00f9 faire du shopping \u00e0 Venise centre | voco\u00ae Venice Mestre","isPartOf":{"@id":"https:\/\/www.quidhotelvenice.com\/fr\/#website"},"primaryImageOfPage":{"@id":"https:\/\/www.quidhotelvenice.com\/fr\/que-faire-a-venise\/centre-historique\/shopping-en-ville\/#primaryimage"},"image":{"@id":"https:\/\/www.quidhotelvenice.com\/fr\/que-faire-a-venise\/centre-historique\/shopping-en-ville\/#primaryimage"},"thumbnailUrl":"https:\/\/www.quidhotelvenice.com\/wp-content\/uploads\/sites\/557\/2023\/07\/Shopping-voco-Venice-Mestre-The-Quid.jpg","datePublished":"2023-07-20T10:34:58+00:00","dateModified":"2025-09-03T14:21:21+00:00","description":"Shoppingmania \u00e0 Venise. Suivez nos conseils et d\u00e9couvrez boutiques et centres commerciaux \u00e0 proximit\u00e9 du voco\u00ae Venise Mestre, h\u00f4tel 4 \u00e9toiles.","breadcrumb":{"@id":"https:\/\/www.quidhotelvenice.com\/fr\/que-faire-a-venise\/centre-historique\/shopping-en-ville\/#breadcrumb"},"inLanguage":"fr-FR","potentialAction":[{"@type":"ReadAction","target":["https:\/\/www.quidhotelvenice.com\/fr\/que-faire-a-venise\/centre-historique\/shopping-en-ville\/"]}]},{"@type":"ImageObject","inLanguage":"fr-FR","@id":"https:\/\/www.quidhotelvenice.com\/fr\/que-faire-a-venise\/centre-historique\/shopping-en-ville\/#primaryimage","url":"https:\/\/www.quidhotelvenice.com\/wp-content\/uploads\/sites\/557\/2023\/07\/Shopping-voco-Venice-Mestre-The-Quid.jpg","contentUrl":"https:\/\/www.quidhotelvenice.com\/wp-content\/uploads\/sites\/557\/2023\/07\/Shopping-voco-Venice-Mestre-The-Quid.jpg","width":2200,"height":1200},{"@type":"BreadcrumbList","@id":"https:\/\/www.quidhotelvenice.com\/fr\/que-faire-a-venise\/centre-historique\/shopping-en-ville\/#breadcrumb","itemListElement":[{"@type":"ListItem","position":1,"name":"Home","item":"https:\/\/www.quidhotelvenice.com\/fr\/"},{"@type":"ListItem","position":2,"name":"Que faire \u00e0 Venise ?","item":"https:\/\/www.quidhotelvenice.com\/fr\/que-faire-a-venise\/"},{"@type":"ListItem","position":3,"name":"Centre historique","item":"https:\/\/www.quidhotelvenice.com\/fr\/que-faire-a-venise\/centre-historique\/"},{"@type":"ListItem","position":4,"name":"Shopping en ville"}]},{"@type":"WebSite","@id":"https:\/\/www.quidhotelvenice.com\/fr\/#website","url":"https:\/\/www.quidhotelvenice.com\/fr\/","name":"Voco Venice Mestre","description":"","potentialAction":[{"@type":"SearchAction","target":{"@type":"EntryPoint","urlTemplate":"https:\/\/www.quidhotelvenice.com\/fr\/?s={search_term_string}"},"query-input":{"@type":"PropertyValueSpecification","valueRequired":true,"valueName":"search_term_string"}}],"inLanguage":"fr-FR"}]}},"acf":[],"_links":{"self":[{"href":"https:\/\/www.quidhotelvenice.com\/fr\/wp-json\/wp\/v2\/pages\/154","targetHints":{"allow":["GET"]}}],"collection":[{"href":"https:\/\/www.quidhotelvenice.com\/fr\/wp-json\/wp\/v2\/pages"}],"about":[{"href":"https:\/\/www.quidhotelvenice.com\/fr\/wp-json\/wp\/v2\/types\/page"}],"author":[{"embeddable":true,"href":"https:\/\/www.quidhotelvenice.com\/fr\/wp-json\/wp\/v2\/users\/6"}],"replies":[{"embeddable":true,"href":"https:\/\/www.quidhotelvenice.com\/fr\/wp-json\/wp\/v2\/comments?post=154"}],"version-history":[{"count":0,"href":"https:\/\/www.quidhotelvenice.com\/fr\/wp-json\/wp\/v2\/pages\/154\/revisions"}],"up":[{"embeddable":true,"href":"https:\/\/www.quidhotelvenice.com\/fr\/wp-json\/wp\/v2\/pages\/142"}],"wp:featuredmedia":[{"embeddable":true,"href":"https:\/\/www.quidhotelvenice.com\/fr\/wp-json\/wp\/v2\/media\/875"}],"wp:attachment":[{"href":"https:\/\/www.quidhotelvenice.com\/fr\/wp-json\/wp\/v2\/media?parent=154"}],"curies":[{"name":"wp","href":"https:\/\/api.w.org\/{rel}","templated":true}]}}