{"id":149,"date":"2023-07-20T10:33:29","date_gmt":"2023-07-20T10:33:29","guid":{"rendered":"https:\/\/voco-venice.ms.decms.eu\/cosa-fare-a-venezia\/centro-storico\/musei-e-mostre\/"},"modified":"2025-09-08T10:07:27","modified_gmt":"2025-09-08T10:07:27","slug":"musees-et-expositions","status":"publish","type":"page","link":"https:\/\/www.quidhotelvenice.com\/fr\/que-faire-a-venise\/centre-historique\/musees-et-expositions\/","title":{"rendered":"Mus\u00e9es et expositions"},"content":{"rendered":"<p><span style=\"font-weight: 400\">Venise est un p\u00f4le culturel bouillonnant de vitalit\u00e9, c&rsquo;est pourquoi l\u2019\u00e9quipe du <\/span><b>voco\u00ae Venice Mestre<\/b><span style=\"font-weight: 400\"> a dress\u00e9 pour vous une petite liste de mus\u00e9es et expositions \u00e0 ne pas manquer durant votre s\u00e9jour \u00e0 Venise. <\/span><span style=\"font-weight: 400\"><br \/>\n<\/span><span style=\"font-weight: 400\">Nous vous invitons \u00e9galement \u00e0 consulter les autres sections du site, notamment le <a href=\"https:\/\/www.quidhotelvenice.com\/fr\/que-faire-a-venise\/centre-historique\/\">Centre historique<\/a> et les <a href=\"https:\/\/www.quidhotelvenice.com\/fr\/que-faire-a-venise\/centre-historique\/monuments-et-places\/\">Monuments et places<\/a>, o\u00f9 nous vous avons d\u00e9j\u00e0 \u00e9voqu\u00e9 le <\/span><b>Palais des Doges<\/b><span style=\"font-weight: 400\"> et la <\/span><b>Tour de l&rsquo;Horloge<\/b><span style=\"font-weight: 400\">.<\/span><\/p>\n","protected":false},"excerpt":{"rendered":"<p>Venise est un p\u00f4le culturel bouillonnant de vitalit\u00e9, c&rsquo;est pourquoi l\u2019\u00e9quipe du voco\u00ae Venice Mestre a dress\u00e9 pour vous une petite liste de mus\u00e9es et expositions \u00e0 ne pas manquer durant votre s\u00e9jour \u00e0 Venise. Nous vous invitons \u00e9galement \u00e0 consulter les autres sections du site, notamment le Centre historique et les Monuments et places, [&hellip;]<\/p>\n","protected":false},"author":6,"featured_media":859,"parent":142,"menu_order":83,"comment_status":"closed","ping_status":"closed","template":"template-surroundings.php","meta":{"footnotes":""},"class_list":["post-149","page","type-page","status-publish","has-post-thumbnail","hentry"],"yoast_head":"<!-- This site is optimized with the Yoast SEO plugin v26.9 - https:\/\/yoast.com\/product\/yoast-seo-wordpress\/ -->\n<title>Mus\u00e9es - expositions Venise | voco\u00ae Venice Mestre - The Quid<\/title>\n<meta name=\"description\" content=\"Envie de mus\u00e9es et d&#039;expositions \u00e0 Venise ? Gagnez du temps avec nos conseils en ligne ! D\u00e9couvrez les mus\u00e9es et expos avec le voco\u00ae Venice Mestre.\" \/>\n<meta name=\"robots\" content=\"index, follow, max-snippet:-1, max-image-preview:large, max-video-preview:-1\" \/>\n<link rel=\"canonical\" href=\"https:\/\/www.quidhotelvenice.com\/fr\/que-faire-a-venise\/centre-historique\/musees-et-expositions\/\" \/>\n<meta property=\"og:locale\" content=\"fr_FR\" \/>\n<meta property=\"og:type\" content=\"article\" \/>\n<meta property=\"og:title\" content=\"Mus\u00e9es - expositions Venise | voco\u00ae Venice Mestre - The Quid\" \/>\n<meta property=\"og:description\" content=\"Envie de mus\u00e9es et d&#039;expositions \u00e0 Venise ? Gagnez du temps avec nos conseils en ligne ! D\u00e9couvrez les mus\u00e9es et expos avec le voco\u00ae Venice Mestre.\" \/>\n<meta property=\"og:url\" content=\"https:\/\/www.quidhotelvenice.com\/fr\/que-faire-a-venise\/centre-historique\/musees-et-expositions\/\" \/>\n<meta property=\"og:site_name\" content=\"Voco Venice Mestre\" \/>\n<meta property=\"article:modified_time\" content=\"2025-09-08T10:07:27+00:00\" \/>\n<meta property=\"og:image\" content=\"https:\/\/www.quidhotelvenice.com\/wp-content\/uploads\/sites\/557\/2023\/07\/Museum-voco-Venice-Mestre-The-Quid_2.jpg\" \/>\n\t<meta property=\"og:image:width\" content=\"2200\" \/>\n\t<meta property=\"og:image:height\" content=\"1200\" \/>\n\t<meta property=\"og:image:type\" content=\"image\/jpeg\" \/>\n<meta name=\"twitter:card\" content=\"summary_large_image\" \/>\n<meta name=\"twitter:label1\" content=\"Dur\u00e9e de lecture estim\u00e9e\" \/>\n\t<meta name=\"twitter:data1\" content=\"1 minute\" \/>\n<script type=\"application\/ld+json\" class=\"yoast-schema-graph\">{\"@context\":\"https:\/\/schema.org\",\"@graph\":[{\"@type\":\"WebPage\",\"@id\":\"https:\/\/www.quidhotelvenice.com\/fr\/que-faire-a-venise\/centre-historique\/musees-et-expositions\/\",\"url\":\"https:\/\/www.quidhotelvenice.com\/fr\/que-faire-a-venise\/centre-historique\/musees-et-expositions\/\",\"name\":\"Mus\u00e9es - expositions Venise | voco\u00ae Venice Mestre - The Quid\",\"isPartOf\":{\"@id\":\"https:\/\/www.quidhotelvenice.com\/fr\/#website\"},\"primaryImageOfPage\":{\"@id\":\"https:\/\/www.quidhotelvenice.com\/fr\/que-faire-a-venise\/centre-historique\/musees-et-expositions\/#primaryimage\"},\"image\":{\"@id\":\"https:\/\/www.quidhotelvenice.com\/fr\/que-faire-a-venise\/centre-historique\/musees-et-expositions\/#primaryimage\"},\"thumbnailUrl\":\"https:\/\/www.quidhotelvenice.com\/wp-content\/uploads\/sites\/557\/2023\/07\/Museum-voco-Venice-Mestre-The-Quid_2.jpg\",\"datePublished\":\"2023-07-20T10:33:29+00:00\",\"dateModified\":\"2025-09-08T10:07:27+00:00\",\"description\":\"Envie de mus\u00e9es et d'expositions \u00e0 Venise ? Gagnez du temps avec nos conseils en ligne ! D\u00e9couvrez les mus\u00e9es et expos avec le voco\u00ae Venice Mestre.\",\"breadcrumb\":{\"@id\":\"https:\/\/www.quidhotelvenice.com\/fr\/que-faire-a-venise\/centre-historique\/musees-et-expositions\/#breadcrumb\"},\"inLanguage\":\"fr-FR\",\"potentialAction\":[{\"@type\":\"ReadAction\",\"target\":[\"https:\/\/www.quidhotelvenice.com\/fr\/que-faire-a-venise\/centre-historique\/musees-et-expositions\/\"]}]},{\"@type\":\"ImageObject\",\"inLanguage\":\"fr-FR\",\"@id\":\"https:\/\/www.quidhotelvenice.com\/fr\/que-faire-a-venise\/centre-historique\/musees-et-expositions\/#primaryimage\",\"url\":\"https:\/\/www.quidhotelvenice.com\/wp-content\/uploads\/sites\/557\/2023\/07\/Museum-voco-Venice-Mestre-The-Quid_2.jpg\",\"contentUrl\":\"https:\/\/www.quidhotelvenice.com\/wp-content\/uploads\/sites\/557\/2023\/07\/Museum-voco-Venice-Mestre-The-Quid_2.jpg\",\"width\":2200,\"height\":1200},{\"@type\":\"BreadcrumbList\",\"@id\":\"https:\/\/www.quidhotelvenice.com\/fr\/que-faire-a-venise\/centre-historique\/musees-et-expositions\/#breadcrumb\",\"itemListElement\":[{\"@type\":\"ListItem\",\"position\":1,\"name\":\"Home\",\"item\":\"https:\/\/www.quidhotelvenice.com\/fr\/\"},{\"@type\":\"ListItem\",\"position\":2,\"name\":\"Que faire \u00e0 Venise ?\",\"item\":\"https:\/\/www.quidhotelvenice.com\/fr\/que-faire-a-venise\/\"},{\"@type\":\"ListItem\",\"position\":3,\"name\":\"Centre historique\",\"item\":\"https:\/\/www.quidhotelvenice.com\/fr\/que-faire-a-venise\/centre-historique\/\"},{\"@type\":\"ListItem\",\"position\":4,\"name\":\"Mus\u00e9es et expositions\"}]},{\"@type\":\"WebSite\",\"@id\":\"https:\/\/www.quidhotelvenice.com\/fr\/#website\",\"url\":\"https:\/\/www.quidhotelvenice.com\/fr\/\",\"name\":\"Voco Venice Mestre\",\"description\":\"\",\"potentialAction\":[{\"@type\":\"SearchAction\",\"target\":{\"@type\":\"EntryPoint\",\"urlTemplate\":\"https:\/\/www.quidhotelvenice.com\/fr\/?s={search_term_string}\"},\"query-input\":{\"@type\":\"PropertyValueSpecification\",\"valueRequired\":true,\"valueName\":\"search_term_string\"}}],\"inLanguage\":\"fr-FR\"}]}<\/script>\n<!-- \/ Yoast SEO plugin. -->","yoast_head_json":{"title":"Mus\u00e9es - expositions Venise | voco\u00ae Venice Mestre - The Quid","description":"Envie de mus\u00e9es et d'expositions \u00e0 Venise ? Gagnez du temps avec nos conseils en ligne ! D\u00e9couvrez les mus\u00e9es et expos avec le voco\u00ae Venice Mestre.","robots":{"index":"index","follow":"follow","max-snippet":"max-snippet:-1","max-image-preview":"max-image-preview:large","max-video-preview":"max-video-preview:-1"},"canonical":"https:\/\/www.quidhotelvenice.com\/fr\/que-faire-a-venise\/centre-historique\/musees-et-expositions\/","og_locale":"fr_FR","og_type":"article","og_title":"Mus\u00e9es - expositions Venise | voco\u00ae Venice Mestre - The Quid","og_description":"Envie de mus\u00e9es et d'expositions \u00e0 Venise ? Gagnez du temps avec nos conseils en ligne ! D\u00e9couvrez les mus\u00e9es et expos avec le voco\u00ae Venice Mestre.","og_url":"https:\/\/www.quidhotelvenice.com\/fr\/que-faire-a-venise\/centre-historique\/musees-et-expositions\/","og_site_name":"Voco Venice Mestre","article_modified_time":"2025-09-08T10:07:27+00:00","og_image":[{"width":2200,"height":1200,"url":"https:\/\/www.quidhotelvenice.com\/wp-content\/uploads\/sites\/557\/2023\/07\/Museum-voco-Venice-Mestre-The-Quid_2.jpg","type":"image\/jpeg"}],"twitter_card":"summary_large_image","twitter_misc":{"Dur\u00e9e de lecture estim\u00e9e":"1 minute"},"schema":{"@context":"https:\/\/schema.org","@graph":[{"@type":"WebPage","@id":"https:\/\/www.quidhotelvenice.com\/fr\/que-faire-a-venise\/centre-historique\/musees-et-expositions\/","url":"https:\/\/www.quidhotelvenice.com\/fr\/que-faire-a-venise\/centre-historique\/musees-et-expositions\/","name":"Mus\u00e9es - expositions Venise | voco\u00ae Venice Mestre - The Quid","isPartOf":{"@id":"https:\/\/www.quidhotelvenice.com\/fr\/#website"},"primaryImageOfPage":{"@id":"https:\/\/www.quidhotelvenice.com\/fr\/que-faire-a-venise\/centre-historique\/musees-et-expositions\/#primaryimage"},"image":{"@id":"https:\/\/www.quidhotelvenice.com\/fr\/que-faire-a-venise\/centre-historique\/musees-et-expositions\/#primaryimage"},"thumbnailUrl":"https:\/\/www.quidhotelvenice.com\/wp-content\/uploads\/sites\/557\/2023\/07\/Museum-voco-Venice-Mestre-The-Quid_2.jpg","datePublished":"2023-07-20T10:33:29+00:00","dateModified":"2025-09-08T10:07:27+00:00","description":"Envie de mus\u00e9es et d'expositions \u00e0 Venise ? Gagnez du temps avec nos conseils en ligne ! D\u00e9couvrez les mus\u00e9es et expos avec le voco\u00ae Venice Mestre.","breadcrumb":{"@id":"https:\/\/www.quidhotelvenice.com\/fr\/que-faire-a-venise\/centre-historique\/musees-et-expositions\/#breadcrumb"},"inLanguage":"fr-FR","potentialAction":[{"@type":"ReadAction","target":["https:\/\/www.quidhotelvenice.com\/fr\/que-faire-a-venise\/centre-historique\/musees-et-expositions\/"]}]},{"@type":"ImageObject","inLanguage":"fr-FR","@id":"https:\/\/www.quidhotelvenice.com\/fr\/que-faire-a-venise\/centre-historique\/musees-et-expositions\/#primaryimage","url":"https:\/\/www.quidhotelvenice.com\/wp-content\/uploads\/sites\/557\/2023\/07\/Museum-voco-Venice-Mestre-The-Quid_2.jpg","contentUrl":"https:\/\/www.quidhotelvenice.com\/wp-content\/uploads\/sites\/557\/2023\/07\/Museum-voco-Venice-Mestre-The-Quid_2.jpg","width":2200,"height":1200},{"@type":"BreadcrumbList","@id":"https:\/\/www.quidhotelvenice.com\/fr\/que-faire-a-venise\/centre-historique\/musees-et-expositions\/#breadcrumb","itemListElement":[{"@type":"ListItem","position":1,"name":"Home","item":"https:\/\/www.quidhotelvenice.com\/fr\/"},{"@type":"ListItem","position":2,"name":"Que faire \u00e0 Venise ?","item":"https:\/\/www.quidhotelvenice.com\/fr\/que-faire-a-venise\/"},{"@type":"ListItem","position":3,"name":"Centre historique","item":"https:\/\/www.quidhotelvenice.com\/fr\/que-faire-a-venise\/centre-historique\/"},{"@type":"ListItem","position":4,"name":"Mus\u00e9es et expositions"}]},{"@type":"WebSite","@id":"https:\/\/www.quidhotelvenice.com\/fr\/#website","url":"https:\/\/www.quidhotelvenice.com\/fr\/","name":"Voco Venice Mestre","description":"","potentialAction":[{"@type":"SearchAction","target":{"@type":"EntryPoint","urlTemplate":"https:\/\/www.quidhotelvenice.com\/fr\/?s={search_term_string}"},"query-input":{"@type":"PropertyValueSpecification","valueRequired":true,"valueName":"search_term_string"}}],"inLanguage":"fr-FR"}]}},"acf":[],"_links":{"self":[{"href":"https:\/\/www.quidhotelvenice.com\/fr\/wp-json\/wp\/v2\/pages\/149","targetHints":{"allow":["GET"]}}],"collection":[{"href":"https:\/\/www.quidhotelvenice.com\/fr\/wp-json\/wp\/v2\/pages"}],"about":[{"href":"https:\/\/www.quidhotelvenice.com\/fr\/wp-json\/wp\/v2\/types\/page"}],"author":[{"embeddable":true,"href":"https:\/\/www.quidhotelvenice.com\/fr\/wp-json\/wp\/v2\/users\/6"}],"replies":[{"embeddable":true,"href":"https:\/\/www.quidhotelvenice.com\/fr\/wp-json\/wp\/v2\/comments?post=149"}],"version-history":[{"count":0,"href":"https:\/\/www.quidhotelvenice.com\/fr\/wp-json\/wp\/v2\/pages\/149\/revisions"}],"up":[{"embeddable":true,"href":"https:\/\/www.quidhotelvenice.com\/fr\/wp-json\/wp\/v2\/pages\/142"}],"wp:featuredmedia":[{"embeddable":true,"href":"https:\/\/www.quidhotelvenice.com\/fr\/wp-json\/wp\/v2\/media\/859"}],"wp:attachment":[{"href":"https:\/\/www.quidhotelvenice.com\/fr\/wp-json\/wp\/v2\/media?parent=149"}],"curies":[{"name":"wp","href":"https:\/\/api.w.org\/{rel}","templated":true}]}}