{"id":142,"date":"2023-07-20T10:29:35","date_gmt":"2023-07-20T10:29:35","guid":{"rendered":"https:\/\/voco-venice.ms.decms.eu\/cosa-fare-a-venezia\/centro-storico\/"},"modified":"2023-08-29T13:05:23","modified_gmt":"2023-08-29T13:05:23","slug":"centre-historique","status":"publish","type":"page","link":"https:\/\/www.quidhotelvenice.com\/fr\/que-faire-a-venise\/centre-historique\/","title":{"rendered":"Centre historique"},"content":{"rendered":"<p><span style=\"font-weight: 400;\">Autrefois connue comme la plus grande puissance commerciale et navale de la M\u00e9diterran\u00e9e, Venise est aujourd&rsquo;hui r\u00e9put\u00e9e pour son \u00e9poustouflante <\/span><b>beaut\u00e9 architecturale<\/b><span style=\"font-weight: 400;\">, ses mus\u00e9es et ses <\/span><b>palais aux fa\u00e7ades somptueuses<\/b><span style=\"font-weight: 400;\">.\u00a0<\/span><\/p>\n<p><span style=\"font-weight: 400;\">D\u00e9coup\u00e9e en six zones principales, chacune avec son propre charme, c&rsquo;est le quartier de <\/span><b>San Marco<\/b><span style=\"font-weight: 400;\"> qui attire chaque ann\u00e9e un nombre croissant de visiteurs.\u00a0<\/span><\/p>\n<p><span style=\"font-weight: 400;\">S\u00e9journer au <\/span><b>voco\u00ae Venice Mestre<\/b><span style=\"font-weight: 400;\"> vous permettra de laisser votre voiture dans notre grand parking, loin de l&rsquo;agitation de la lagune, et de prendre quelques heures pour la d\u00e9couvrir \u00e0 pied en toute s\u00e9r\u00e9nit\u00e9. Laissez-vous s\u00e9duire par le <\/span><b>charme intemporel<\/b><span style=\"font-weight: 400;\"> de ses ruelles \u00e9troites, ses vues saisissantes sur la mer et ses ponts reliant chaque partie de la ville avec des arches d&rsquo;une sublime beaut\u00e9.<\/span><span style=\"font-weight: 400;\"><br \/>\n<\/span><b>Marcher dans Venise<\/b><span style=\"font-weight: 400;\"> est une exp\u00e9rience incontournable, faite de petites et de grandes d\u00e9couvertes qui vous laisseront sans voix.<\/span><\/p>\n","protected":false},"excerpt":{"rendered":"<p>Autrefois connue comme la plus grande puissance commerciale et navale de la M\u00e9diterran\u00e9e, Venise est aujourd&rsquo;hui r\u00e9put\u00e9e pour son \u00e9poustouflante beaut\u00e9 architecturale, ses mus\u00e9es et ses palais aux fa\u00e7ades somptueuses.\u00a0 D\u00e9coup\u00e9e en six zones principales, chacune avec son propre charme, c&rsquo;est le quartier de San Marco qui attire chaque ann\u00e9e un nombre croissant de visiteurs.\u00a0 [&hellip;]<\/p>\n","protected":false},"author":6,"featured_media":823,"parent":137,"menu_order":81,"comment_status":"closed","ping_status":"closed","template":"template-surroundings.php","meta":{"footnotes":""},"class_list":["post-142","page","type-page","status-publish","has-post-thumbnail","hentry"],"yoast_head":"<!-- This site is optimized with the Yoast SEO plugin v26.9 - https:\/\/yoast.com\/product\/yoast-seo-wordpress\/ -->\n<title>Venise centre : shopping et monuments | voco\u00ae Venice Mestre<\/title>\n<meta name=\"description\" content=\"D\u00e9couvrez le centre historique de Venise : attractions, cuisine locale, \u00e9v\u00e9nements etc. Voir en ligne les conseils du voco\u00ae Venice Mestre Hotel 4 \u00e9toiles.\" \/>\n<meta name=\"robots\" content=\"index, follow, max-snippet:-1, max-image-preview:large, max-video-preview:-1\" \/>\n<link rel=\"canonical\" href=\"https:\/\/www.quidhotelvenice.com\/fr\/que-faire-a-venise\/centre-historique\/\" \/>\n<meta property=\"og:locale\" content=\"fr_FR\" \/>\n<meta property=\"og:type\" content=\"article\" \/>\n<meta property=\"og:title\" content=\"Venise centre : shopping et monuments | voco\u00ae Venice Mestre\" \/>\n<meta property=\"og:description\" content=\"D\u00e9couvrez le centre historique de Venise : attractions, cuisine locale, \u00e9v\u00e9nements etc. Voir en ligne les conseils du voco\u00ae Venice Mestre Hotel 4 \u00e9toiles.\" \/>\n<meta property=\"og:url\" content=\"https:\/\/www.quidhotelvenice.com\/fr\/que-faire-a-venise\/centre-historique\/\" \/>\n<meta property=\"og:site_name\" content=\"Voco Venice Mestre\" \/>\n<meta property=\"article:modified_time\" content=\"2023-08-29T13:05:23+00:00\" \/>\n<meta property=\"og:image\" content=\"https:\/\/www.quidhotelvenice.com\/wp-content\/uploads\/sites\/557\/2023\/07\/Rialto-voco-Venice-Mestre-The-Quid.jpg\" \/>\n\t<meta property=\"og:image:width\" content=\"2200\" \/>\n\t<meta property=\"og:image:height\" content=\"1200\" \/>\n\t<meta property=\"og:image:type\" content=\"image\/jpeg\" \/>\n<meta name=\"twitter:card\" content=\"summary_large_image\" \/>\n<meta name=\"twitter:label1\" content=\"Dur\u00e9e de lecture estim\u00e9e\" \/>\n\t<meta name=\"twitter:data1\" content=\"1 minute\" \/>\n<script type=\"application\/ld+json\" class=\"yoast-schema-graph\">{\"@context\":\"https:\/\/schema.org\",\"@graph\":[{\"@type\":\"WebPage\",\"@id\":\"https:\/\/www.quidhotelvenice.com\/fr\/que-faire-a-venise\/centre-historique\/\",\"url\":\"https:\/\/www.quidhotelvenice.com\/fr\/que-faire-a-venise\/centre-historique\/\",\"name\":\"Venise centre : shopping et monuments | voco\u00ae Venice Mestre\",\"isPartOf\":{\"@id\":\"https:\/\/www.quidhotelvenice.com\/fr\/#website\"},\"primaryImageOfPage\":{\"@id\":\"https:\/\/www.quidhotelvenice.com\/fr\/que-faire-a-venise\/centre-historique\/#primaryimage\"},\"image\":{\"@id\":\"https:\/\/www.quidhotelvenice.com\/fr\/que-faire-a-venise\/centre-historique\/#primaryimage\"},\"thumbnailUrl\":\"https:\/\/www.quidhotelvenice.com\/wp-content\/uploads\/sites\/557\/2023\/07\/Rialto-voco-Venice-Mestre-The-Quid.jpg\",\"datePublished\":\"2023-07-20T10:29:35+00:00\",\"dateModified\":\"2023-08-29T13:05:23+00:00\",\"description\":\"D\u00e9couvrez le centre historique de Venise : attractions, cuisine locale, \u00e9v\u00e9nements etc. Voir en ligne les conseils du voco\u00ae Venice Mestre Hotel 4 \u00e9toiles.\",\"breadcrumb\":{\"@id\":\"https:\/\/www.quidhotelvenice.com\/fr\/que-faire-a-venise\/centre-historique\/#breadcrumb\"},\"inLanguage\":\"fr-FR\",\"potentialAction\":[{\"@type\":\"ReadAction\",\"target\":[\"https:\/\/www.quidhotelvenice.com\/fr\/que-faire-a-venise\/centre-historique\/\"]}]},{\"@type\":\"ImageObject\",\"inLanguage\":\"fr-FR\",\"@id\":\"https:\/\/www.quidhotelvenice.com\/fr\/que-faire-a-venise\/centre-historique\/#primaryimage\",\"url\":\"https:\/\/www.quidhotelvenice.com\/wp-content\/uploads\/sites\/557\/2023\/07\/Rialto-voco-Venice-Mestre-The-Quid.jpg\",\"contentUrl\":\"https:\/\/www.quidhotelvenice.com\/wp-content\/uploads\/sites\/557\/2023\/07\/Rialto-voco-Venice-Mestre-The-Quid.jpg\",\"width\":2200,\"height\":1200},{\"@type\":\"BreadcrumbList\",\"@id\":\"https:\/\/www.quidhotelvenice.com\/fr\/que-faire-a-venise\/centre-historique\/#breadcrumb\",\"itemListElement\":[{\"@type\":\"ListItem\",\"position\":1,\"name\":\"Home\",\"item\":\"https:\/\/www.quidhotelvenice.com\/fr\/\"},{\"@type\":\"ListItem\",\"position\":2,\"name\":\"Que faire \u00e0 Venise ?\",\"item\":\"https:\/\/www.quidhotelvenice.com\/fr\/que-faire-a-venise\/\"},{\"@type\":\"ListItem\",\"position\":3,\"name\":\"Centre historique\"}]},{\"@type\":\"WebSite\",\"@id\":\"https:\/\/www.quidhotelvenice.com\/fr\/#website\",\"url\":\"https:\/\/www.quidhotelvenice.com\/fr\/\",\"name\":\"Voco Venice Mestre\",\"description\":\"\",\"potentialAction\":[{\"@type\":\"SearchAction\",\"target\":{\"@type\":\"EntryPoint\",\"urlTemplate\":\"https:\/\/www.quidhotelvenice.com\/fr\/?s={search_term_string}\"},\"query-input\":{\"@type\":\"PropertyValueSpecification\",\"valueRequired\":true,\"valueName\":\"search_term_string\"}}],\"inLanguage\":\"fr-FR\"}]}<\/script>\n<!-- \/ Yoast SEO plugin. -->","yoast_head_json":{"title":"Venise centre : shopping et monuments | voco\u00ae Venice Mestre","description":"D\u00e9couvrez le centre historique de Venise : attractions, cuisine locale, \u00e9v\u00e9nements etc. Voir en ligne les conseils du voco\u00ae Venice Mestre Hotel 4 \u00e9toiles.","robots":{"index":"index","follow":"follow","max-snippet":"max-snippet:-1","max-image-preview":"max-image-preview:large","max-video-preview":"max-video-preview:-1"},"canonical":"https:\/\/www.quidhotelvenice.com\/fr\/que-faire-a-venise\/centre-historique\/","og_locale":"fr_FR","og_type":"article","og_title":"Venise centre : shopping et monuments | voco\u00ae Venice Mestre","og_description":"D\u00e9couvrez le centre historique de Venise : attractions, cuisine locale, \u00e9v\u00e9nements etc. Voir en ligne les conseils du voco\u00ae Venice Mestre Hotel 4 \u00e9toiles.","og_url":"https:\/\/www.quidhotelvenice.com\/fr\/que-faire-a-venise\/centre-historique\/","og_site_name":"Voco Venice Mestre","article_modified_time":"2023-08-29T13:05:23+00:00","og_image":[{"width":2200,"height":1200,"url":"https:\/\/www.quidhotelvenice.com\/wp-content\/uploads\/sites\/557\/2023\/07\/Rialto-voco-Venice-Mestre-The-Quid.jpg","type":"image\/jpeg"}],"twitter_card":"summary_large_image","twitter_misc":{"Dur\u00e9e de lecture estim\u00e9e":"1 minute"},"schema":{"@context":"https:\/\/schema.org","@graph":[{"@type":"WebPage","@id":"https:\/\/www.quidhotelvenice.com\/fr\/que-faire-a-venise\/centre-historique\/","url":"https:\/\/www.quidhotelvenice.com\/fr\/que-faire-a-venise\/centre-historique\/","name":"Venise centre : shopping et monuments | voco\u00ae Venice Mestre","isPartOf":{"@id":"https:\/\/www.quidhotelvenice.com\/fr\/#website"},"primaryImageOfPage":{"@id":"https:\/\/www.quidhotelvenice.com\/fr\/que-faire-a-venise\/centre-historique\/#primaryimage"},"image":{"@id":"https:\/\/www.quidhotelvenice.com\/fr\/que-faire-a-venise\/centre-historique\/#primaryimage"},"thumbnailUrl":"https:\/\/www.quidhotelvenice.com\/wp-content\/uploads\/sites\/557\/2023\/07\/Rialto-voco-Venice-Mestre-The-Quid.jpg","datePublished":"2023-07-20T10:29:35+00:00","dateModified":"2023-08-29T13:05:23+00:00","description":"D\u00e9couvrez le centre historique de Venise : attractions, cuisine locale, \u00e9v\u00e9nements etc. Voir en ligne les conseils du voco\u00ae Venice Mestre Hotel 4 \u00e9toiles.","breadcrumb":{"@id":"https:\/\/www.quidhotelvenice.com\/fr\/que-faire-a-venise\/centre-historique\/#breadcrumb"},"inLanguage":"fr-FR","potentialAction":[{"@type":"ReadAction","target":["https:\/\/www.quidhotelvenice.com\/fr\/que-faire-a-venise\/centre-historique\/"]}]},{"@type":"ImageObject","inLanguage":"fr-FR","@id":"https:\/\/www.quidhotelvenice.com\/fr\/que-faire-a-venise\/centre-historique\/#primaryimage","url":"https:\/\/www.quidhotelvenice.com\/wp-content\/uploads\/sites\/557\/2023\/07\/Rialto-voco-Venice-Mestre-The-Quid.jpg","contentUrl":"https:\/\/www.quidhotelvenice.com\/wp-content\/uploads\/sites\/557\/2023\/07\/Rialto-voco-Venice-Mestre-The-Quid.jpg","width":2200,"height":1200},{"@type":"BreadcrumbList","@id":"https:\/\/www.quidhotelvenice.com\/fr\/que-faire-a-venise\/centre-historique\/#breadcrumb","itemListElement":[{"@type":"ListItem","position":1,"name":"Home","item":"https:\/\/www.quidhotelvenice.com\/fr\/"},{"@type":"ListItem","position":2,"name":"Que faire \u00e0 Venise ?","item":"https:\/\/www.quidhotelvenice.com\/fr\/que-faire-a-venise\/"},{"@type":"ListItem","position":3,"name":"Centre historique"}]},{"@type":"WebSite","@id":"https:\/\/www.quidhotelvenice.com\/fr\/#website","url":"https:\/\/www.quidhotelvenice.com\/fr\/","name":"Voco Venice Mestre","description":"","potentialAction":[{"@type":"SearchAction","target":{"@type":"EntryPoint","urlTemplate":"https:\/\/www.quidhotelvenice.com\/fr\/?s={search_term_string}"},"query-input":{"@type":"PropertyValueSpecification","valueRequired":true,"valueName":"search_term_string"}}],"inLanguage":"fr-FR"}]}},"acf":[],"_links":{"self":[{"href":"https:\/\/www.quidhotelvenice.com\/fr\/wp-json\/wp\/v2\/pages\/142","targetHints":{"allow":["GET"]}}],"collection":[{"href":"https:\/\/www.quidhotelvenice.com\/fr\/wp-json\/wp\/v2\/pages"}],"about":[{"href":"https:\/\/www.quidhotelvenice.com\/fr\/wp-json\/wp\/v2\/types\/page"}],"author":[{"embeddable":true,"href":"https:\/\/www.quidhotelvenice.com\/fr\/wp-json\/wp\/v2\/users\/6"}],"replies":[{"embeddable":true,"href":"https:\/\/www.quidhotelvenice.com\/fr\/wp-json\/wp\/v2\/comments?post=142"}],"version-history":[{"count":0,"href":"https:\/\/www.quidhotelvenice.com\/fr\/wp-json\/wp\/v2\/pages\/142\/revisions"}],"up":[{"embeddable":true,"href":"https:\/\/www.quidhotelvenice.com\/fr\/wp-json\/wp\/v2\/pages\/137"}],"wp:featuredmedia":[{"embeddable":true,"href":"https:\/\/www.quidhotelvenice.com\/fr\/wp-json\/wp\/v2\/media\/823"}],"wp:attachment":[{"href":"https:\/\/www.quidhotelvenice.com\/fr\/wp-json\/wp\/v2\/media?parent=142"}],"curies":[{"name":"wp","href":"https:\/\/api.w.org\/{rel}","templated":true}]}}