{"id":14,"date":"2023-07-19T16:49:37","date_gmt":"2023-07-19T16:49:37","guid":{"rendered":"https:\/\/voco-venice.ms.decms.eu\/hotel\/il-brand-voco\/"},"modified":"2023-08-29T10:37:28","modified_gmt":"2023-08-29T10:37:28","slug":"la-marque-voco","status":"publish","type":"page","link":"https:\/\/www.quidhotelvenice.com\/fr\/hotel\/la-marque-voco\/","title":{"rendered":"La marque voco"},"content":{"rendered":"<p><span style=\"font-weight: 400;\">N\u00e9 sous la marque <\/span><b>IHG\u00ae Hotels &amp; Resorts<\/b><span style=\"font-weight: 400;\">, le voco\u00ae fait partie de l&rsquo;une des cha\u00eenes h\u00f4teli\u00e8res les plus connues au monde, actuellement pr\u00e9sente dans plus de 100 pays et en constant d\u00e9veloppement.\u00a0<\/span><\/p>\n<p><span style=\"font-weight: 400;\">Cr\u00e9\u00e9 pour \u00eatre notamment au plus proche de la jeunesse et des business travellers, le voco\u00ae se distingue de ses concurrents par un \u00e9tat d\u2019esprit tonique, percutant et haut en couleur. Capable de <\/span><i><span style=\"font-weight: 400;\">laisser son empreinte<\/span><\/i><span style=\"font-weight: 400;\">, le voco\u00ae se caract\u00e9rise par une approche <\/span><b>jeune et dynamique<\/b><span style=\"font-weight: 400;\"> qui se refl\u00e8te \u00e0 la fois dans le d\u00e9cor au design contemporain et dans une \u00e9quipe form\u00e9e pour accueillir chaleureusement ses h\u00f4tes avec un professionnalisme irr\u00e9prochable.\u00a0<\/span><\/p>\n<p><span style=\"font-weight: 400;\">Unique en son genre, le voco\u00ae <\/span><b>sait se d\u00e9marquer avec bonheur<\/b><span style=\"font-weight: 400;\"> en vous offrant tout le <\/span><b>confort d&rsquo;un h\u00f4tel 4 \u00e9toiles<\/b><span style=\"font-weight: 400;\">, tout en vous faisant sentir aussi bien que chez vous. Sa particularit\u00e9 ? Sa capacit\u00e9 \u00e0 <\/span><b>s&rsquo;am\u00e9liorer en permanence<\/b><span style=\"font-weight: 400;\"> pour vous offrir des s\u00e9jours tout simplement inoubliables.<\/span><\/p>\n","protected":false},"excerpt":{"rendered":"<p>N\u00e9 sous la marque IHG\u00ae Hotels &amp; Resorts, le voco\u00ae fait partie de l&rsquo;une des cha\u00eenes h\u00f4teli\u00e8res les plus connues au monde, actuellement pr\u00e9sente dans plus de 100 pays et en constant d\u00e9veloppement.\u00a0 Cr\u00e9\u00e9 pour \u00eatre notamment au plus proche de la jeunesse et des business travellers, le voco\u00ae se distingue de ses concurrents par [&hellip;]<\/p>\n","protected":false},"author":6,"featured_media":556,"parent":10,"menu_order":11,"comment_status":"closed","ping_status":"closed","template":"template-default-4.php","meta":{"footnotes":""},"class_list":["post-14","page","type-page","status-publish","has-post-thumbnail","hentry"],"yoast_head":"<!-- This site is optimized with the Yoast SEO plugin v26.9 - https:\/\/yoast.com\/product\/yoast-seo-wordpress\/ -->\n<title>voco\u00ae : confort&amp;hospitalit\u00e9 | voco\u00ae Venice Mestre - The Quid<\/title>\n<meta name=\"description\" content=\"Profitez d&#039;un s\u00e9jour unique \u00e0 Mestre au voco\u00ae Hotel. Une exp\u00e9rience Lifestyle \u00e0 l\u2019enseigne du confort et de l\u2019hospitalit\u00e9. D\u00e9couvrez notre concept.\" \/>\n<meta name=\"robots\" content=\"index, follow, max-snippet:-1, max-image-preview:large, max-video-preview:-1\" \/>\n<link rel=\"canonical\" href=\"https:\/\/www.quidhotelvenice.com\/fr\/hotel\/la-marque-voco\/\" \/>\n<meta property=\"og:locale\" content=\"fr_FR\" \/>\n<meta property=\"og:type\" content=\"article\" \/>\n<meta property=\"og:title\" content=\"voco\u00ae : confort&amp;hospitalit\u00e9 | voco\u00ae Venice Mestre - The Quid\" \/>\n<meta property=\"og:description\" content=\"Profitez d&#039;un s\u00e9jour unique \u00e0 Mestre au voco\u00ae Hotel. Une exp\u00e9rience Lifestyle \u00e0 l\u2019enseigne du confort et de l\u2019hospitalit\u00e9. D\u00e9couvrez notre concept.\" \/>\n<meta property=\"og:url\" content=\"https:\/\/www.quidhotelvenice.com\/fr\/hotel\/la-marque-voco\/\" \/>\n<meta property=\"og:site_name\" content=\"Voco Venice Mestre\" \/>\n<meta property=\"article:modified_time\" content=\"2023-08-29T10:37:28+00:00\" \/>\n<meta property=\"og:image\" content=\"https:\/\/www.quidhotelvenice.com\/wp-content\/uploads\/sites\/557\/2023\/07\/Hotel-Hall-voco-Venice-Mestre-The-Quid.jpeg\" \/>\n\t<meta property=\"og:image:width\" content=\"2200\" \/>\n\t<meta property=\"og:image:height\" content=\"1200\" \/>\n\t<meta property=\"og:image:type\" content=\"image\/jpeg\" \/>\n<meta name=\"twitter:card\" content=\"summary_large_image\" \/>\n<meta name=\"twitter:label1\" content=\"Dur\u00e9e de lecture estim\u00e9e\" \/>\n\t<meta name=\"twitter:data1\" content=\"1 minute\" \/>\n<script type=\"application\/ld+json\" class=\"yoast-schema-graph\">{\"@context\":\"https:\/\/schema.org\",\"@graph\":[{\"@type\":\"WebPage\",\"@id\":\"https:\/\/www.quidhotelvenice.com\/fr\/hotel\/la-marque-voco\/\",\"url\":\"https:\/\/www.quidhotelvenice.com\/fr\/hotel\/la-marque-voco\/\",\"name\":\"voco\u00ae : confort&hospitalit\u00e9 | voco\u00ae Venice Mestre - The Quid\",\"isPartOf\":{\"@id\":\"https:\/\/www.quidhotelvenice.com\/fr\/#website\"},\"primaryImageOfPage\":{\"@id\":\"https:\/\/www.quidhotelvenice.com\/fr\/hotel\/la-marque-voco\/#primaryimage\"},\"image\":{\"@id\":\"https:\/\/www.quidhotelvenice.com\/fr\/hotel\/la-marque-voco\/#primaryimage\"},\"thumbnailUrl\":\"https:\/\/www.quidhotelvenice.com\/wp-content\/uploads\/sites\/557\/2023\/07\/Hotel-Hall-voco-Venice-Mestre-The-Quid.jpeg\",\"datePublished\":\"2023-07-19T16:49:37+00:00\",\"dateModified\":\"2023-08-29T10:37:28+00:00\",\"description\":\"Profitez d'un s\u00e9jour unique \u00e0 Mestre au voco\u00ae Hotel. Une exp\u00e9rience Lifestyle \u00e0 l\u2019enseigne du confort et de l\u2019hospitalit\u00e9. D\u00e9couvrez notre concept.\",\"breadcrumb\":{\"@id\":\"https:\/\/www.quidhotelvenice.com\/fr\/hotel\/la-marque-voco\/#breadcrumb\"},\"inLanguage\":\"fr-FR\",\"potentialAction\":[{\"@type\":\"ReadAction\",\"target\":[\"https:\/\/www.quidhotelvenice.com\/fr\/hotel\/la-marque-voco\/\"]}]},{\"@type\":\"ImageObject\",\"inLanguage\":\"fr-FR\",\"@id\":\"https:\/\/www.quidhotelvenice.com\/fr\/hotel\/la-marque-voco\/#primaryimage\",\"url\":\"https:\/\/www.quidhotelvenice.com\/wp-content\/uploads\/sites\/557\/2023\/07\/Hotel-Hall-voco-Venice-Mestre-The-Quid.jpeg\",\"contentUrl\":\"https:\/\/www.quidhotelvenice.com\/wp-content\/uploads\/sites\/557\/2023\/07\/Hotel-Hall-voco-Venice-Mestre-The-Quid.jpeg\",\"width\":2200,\"height\":1200},{\"@type\":\"BreadcrumbList\",\"@id\":\"https:\/\/www.quidhotelvenice.com\/fr\/hotel\/la-marque-voco\/#breadcrumb\",\"itemListElement\":[{\"@type\":\"ListItem\",\"position\":1,\"name\":\"Home\",\"item\":\"https:\/\/www.quidhotelvenice.com\/fr\/\"},{\"@type\":\"ListItem\",\"position\":2,\"name\":\"Hotel\",\"item\":\"https:\/\/www.quidhotelvenice.com\/fr\/hotel\/\"},{\"@type\":\"ListItem\",\"position\":3,\"name\":\"La marque voco\"}]},{\"@type\":\"WebSite\",\"@id\":\"https:\/\/www.quidhotelvenice.com\/fr\/#website\",\"url\":\"https:\/\/www.quidhotelvenice.com\/fr\/\",\"name\":\"Voco Venice Mestre\",\"description\":\"\",\"potentialAction\":[{\"@type\":\"SearchAction\",\"target\":{\"@type\":\"EntryPoint\",\"urlTemplate\":\"https:\/\/www.quidhotelvenice.com\/fr\/?s={search_term_string}\"},\"query-input\":{\"@type\":\"PropertyValueSpecification\",\"valueRequired\":true,\"valueName\":\"search_term_string\"}}],\"inLanguage\":\"fr-FR\"}]}<\/script>\n<!-- \/ Yoast SEO plugin. -->","yoast_head_json":{"title":"voco\u00ae : confort&hospitalit\u00e9 | voco\u00ae Venice Mestre - The Quid","description":"Profitez d'un s\u00e9jour unique \u00e0 Mestre au voco\u00ae Hotel. Une exp\u00e9rience Lifestyle \u00e0 l\u2019enseigne du confort et de l\u2019hospitalit\u00e9. D\u00e9couvrez notre concept.","robots":{"index":"index","follow":"follow","max-snippet":"max-snippet:-1","max-image-preview":"max-image-preview:large","max-video-preview":"max-video-preview:-1"},"canonical":"https:\/\/www.quidhotelvenice.com\/fr\/hotel\/la-marque-voco\/","og_locale":"fr_FR","og_type":"article","og_title":"voco\u00ae : confort&hospitalit\u00e9 | voco\u00ae Venice Mestre - The Quid","og_description":"Profitez d'un s\u00e9jour unique \u00e0 Mestre au voco\u00ae Hotel. Une exp\u00e9rience Lifestyle \u00e0 l\u2019enseigne du confort et de l\u2019hospitalit\u00e9. D\u00e9couvrez notre concept.","og_url":"https:\/\/www.quidhotelvenice.com\/fr\/hotel\/la-marque-voco\/","og_site_name":"Voco Venice Mestre","article_modified_time":"2023-08-29T10:37:28+00:00","og_image":[{"width":2200,"height":1200,"url":"https:\/\/www.quidhotelvenice.com\/wp-content\/uploads\/sites\/557\/2023\/07\/Hotel-Hall-voco-Venice-Mestre-The-Quid.jpeg","type":"image\/jpeg"}],"twitter_card":"summary_large_image","twitter_misc":{"Dur\u00e9e de lecture estim\u00e9e":"1 minute"},"schema":{"@context":"https:\/\/schema.org","@graph":[{"@type":"WebPage","@id":"https:\/\/www.quidhotelvenice.com\/fr\/hotel\/la-marque-voco\/","url":"https:\/\/www.quidhotelvenice.com\/fr\/hotel\/la-marque-voco\/","name":"voco\u00ae : confort&hospitalit\u00e9 | voco\u00ae Venice Mestre - The Quid","isPartOf":{"@id":"https:\/\/www.quidhotelvenice.com\/fr\/#website"},"primaryImageOfPage":{"@id":"https:\/\/www.quidhotelvenice.com\/fr\/hotel\/la-marque-voco\/#primaryimage"},"image":{"@id":"https:\/\/www.quidhotelvenice.com\/fr\/hotel\/la-marque-voco\/#primaryimage"},"thumbnailUrl":"https:\/\/www.quidhotelvenice.com\/wp-content\/uploads\/sites\/557\/2023\/07\/Hotel-Hall-voco-Venice-Mestre-The-Quid.jpeg","datePublished":"2023-07-19T16:49:37+00:00","dateModified":"2023-08-29T10:37:28+00:00","description":"Profitez d'un s\u00e9jour unique \u00e0 Mestre au voco\u00ae Hotel. Une exp\u00e9rience Lifestyle \u00e0 l\u2019enseigne du confort et de l\u2019hospitalit\u00e9. D\u00e9couvrez notre concept.","breadcrumb":{"@id":"https:\/\/www.quidhotelvenice.com\/fr\/hotel\/la-marque-voco\/#breadcrumb"},"inLanguage":"fr-FR","potentialAction":[{"@type":"ReadAction","target":["https:\/\/www.quidhotelvenice.com\/fr\/hotel\/la-marque-voco\/"]}]},{"@type":"ImageObject","inLanguage":"fr-FR","@id":"https:\/\/www.quidhotelvenice.com\/fr\/hotel\/la-marque-voco\/#primaryimage","url":"https:\/\/www.quidhotelvenice.com\/wp-content\/uploads\/sites\/557\/2023\/07\/Hotel-Hall-voco-Venice-Mestre-The-Quid.jpeg","contentUrl":"https:\/\/www.quidhotelvenice.com\/wp-content\/uploads\/sites\/557\/2023\/07\/Hotel-Hall-voco-Venice-Mestre-The-Quid.jpeg","width":2200,"height":1200},{"@type":"BreadcrumbList","@id":"https:\/\/www.quidhotelvenice.com\/fr\/hotel\/la-marque-voco\/#breadcrumb","itemListElement":[{"@type":"ListItem","position":1,"name":"Home","item":"https:\/\/www.quidhotelvenice.com\/fr\/"},{"@type":"ListItem","position":2,"name":"Hotel","item":"https:\/\/www.quidhotelvenice.com\/fr\/hotel\/"},{"@type":"ListItem","position":3,"name":"La marque voco"}]},{"@type":"WebSite","@id":"https:\/\/www.quidhotelvenice.com\/fr\/#website","url":"https:\/\/www.quidhotelvenice.com\/fr\/","name":"Voco Venice Mestre","description":"","potentialAction":[{"@type":"SearchAction","target":{"@type":"EntryPoint","urlTemplate":"https:\/\/www.quidhotelvenice.com\/fr\/?s={search_term_string}"},"query-input":{"@type":"PropertyValueSpecification","valueRequired":true,"valueName":"search_term_string"}}],"inLanguage":"fr-FR"}]}},"acf":[],"_links":{"self":[{"href":"https:\/\/www.quidhotelvenice.com\/fr\/wp-json\/wp\/v2\/pages\/14","targetHints":{"allow":["GET"]}}],"collection":[{"href":"https:\/\/www.quidhotelvenice.com\/fr\/wp-json\/wp\/v2\/pages"}],"about":[{"href":"https:\/\/www.quidhotelvenice.com\/fr\/wp-json\/wp\/v2\/types\/page"}],"author":[{"embeddable":true,"href":"https:\/\/www.quidhotelvenice.com\/fr\/wp-json\/wp\/v2\/users\/6"}],"replies":[{"embeddable":true,"href":"https:\/\/www.quidhotelvenice.com\/fr\/wp-json\/wp\/v2\/comments?post=14"}],"version-history":[{"count":0,"href":"https:\/\/www.quidhotelvenice.com\/fr\/wp-json\/wp\/v2\/pages\/14\/revisions"}],"up":[{"embeddable":true,"href":"https:\/\/www.quidhotelvenice.com\/fr\/wp-json\/wp\/v2\/pages\/10"}],"wp:featuredmedia":[{"embeddable":true,"href":"https:\/\/www.quidhotelvenice.com\/fr\/wp-json\/wp\/v2\/media\/556"}],"wp:attachment":[{"href":"https:\/\/www.quidhotelvenice.com\/fr\/wp-json\/wp\/v2\/media?parent=14"}],"curies":[{"name":"wp","href":"https:\/\/api.w.org\/{rel}","templated":true}]}}