{"id":137,"date":"2023-07-20T10:28:35","date_gmt":"2023-07-20T10:28:35","guid":{"rendered":"https:\/\/voco-venice.ms.decms.eu\/cosa-fare-a-venezia\/"},"modified":"2023-08-29T13:03:51","modified_gmt":"2023-08-29T13:03:51","slug":"que-faire-a-venise","status":"publish","type":"page","link":"https:\/\/www.quidhotelvenice.com\/fr\/que-faire-a-venise\/","title":{"rendered":"Que faire \u00e0 Venise ?"},"content":{"rendered":"<p><span style=\"font-weight: 400;\">Venise, les origines de cette ville aux mille facettes oscillent entre mythe et r\u00e9alit\u00e9, entre histoires et l\u00e9gendes, mais qui convergent toutes vers une seule date historique : le <\/span><b>25 mars 421<\/b><span style=\"font-weight: 400;\">.<\/span><\/p>\n<p><span style=\"font-weight: 400;\">Depuis plus de <\/span><b>1 600 ans<\/b><span style=\"font-weight: 400;\">, cette <\/span><b>cit\u00e9 magique<\/b><span style=\"font-weight: 400;\"> implant\u00e9e sur la lagune enchante les touristes du monde entier et fait tomber amoureux des g\u00e9n\u00e9rations enti\u00e8res de voyageurs, ann\u00e9e apr\u00e8s ann\u00e9e. D\u00e9couvrir Venise et ses \u00eeles demande du temps : c&rsquo;est pourquoi l\u2019\u00e9quipe du <\/span><b>voco\u00ae Venice Mestre<\/b><span style=\"font-weight: 400;\"> a pr\u00e9par\u00e9 pour vous un guide pratique des plus belles attractions de la ville.<\/span><\/p>\n<p><span style=\"font-weight: 400;\">Accordez-vous quelques jours pour d\u00e9ambuler dans ses <\/span><b>ruelles<\/b><span style=\"font-weight: 400;\">, explorer les cours \u00e0 demi cach\u00e9es et vous familiariser avec les <\/span><i><span style=\"font-weight: 400;\">calle<\/span><\/i><span style=\"font-weight: 400;\"> et les <\/span><b>vues<\/b><span style=\"font-weight: 400;\"> d\u2019une beaut\u00e9 fulgurante. Vous succomberez au charme de ses <\/span><b>ponts suspendus<\/b><span style=\"font-weight: 400;\">, sous lesquels les gondoles, tels des animaux marins, glissent en silence.<\/span><\/p>\n<p><span style=\"font-weight: 400;\">Que vous soyez \u00e0 Venise pour quelques jours seulement ou pr\u00e9voyiez d\u2019y s\u00e9journer plus longtemps, le <\/span><b>voco\u00ae Venice Mestre<\/b><span style=\"font-weight: 400;\"> vous donne un bon plan : cr\u00e9ez <\/span><a href=\"https:\/\/www.veneziaunica.it\/it\/e-commerce\/services\"><span style=\"font-weight: 400;\">sur ce site<\/span><\/a><span style=\"font-weight: 400;\"> votre <\/span><b>city card<\/b><span style=\"font-weight: 400;\"> personnalis\u00e9e, elle vous garantira un acc\u00e8s gratuit aux principales attractions de la ville. Nous vous conseillons d&rsquo;y ajouter un <\/span><b>Venezia daily pass<\/b><span style=\"font-weight: 400;\">, qui vous permettra d&rsquo;utiliser les transports en commun en mode illimit\u00e9.<\/span><\/p>\n","protected":false},"excerpt":{"rendered":"<p>Venise, les origines de cette ville aux mille facettes oscillent entre mythe et r\u00e9alit\u00e9, entre histoires et l\u00e9gendes, mais qui convergent toutes vers une seule date historique : le 25 mars 421. Depuis plus de 1 600 ans, cette cit\u00e9 magique implant\u00e9e sur la lagune enchante les touristes du monde entier et fait tomber amoureux [&hellip;]<\/p>\n","protected":false},"author":6,"featured_media":819,"parent":0,"menu_order":80,"comment_status":"closed","ping_status":"closed","template":"","meta":{"footnotes":""},"class_list":["post-137","page","type-page","status-publish","has-post-thumbnail","hentry"],"yoast_head":"<!-- This site is optimized with the Yoast SEO plugin v26.9 - https:\/\/yoast.com\/product\/yoast-seo-wordpress\/ -->\n<title>\u00c9v\u00e9nements et attractions \u00e0 Venise | voco\u00ae Venice Mestre<\/title>\n<meta name=\"description\" content=\"Vous souhaitez d\u00e9couvrir Venise et ses merveilles ? Visitez des lieux enchanteurs et des attractions uniques avec les conseils du voco\u00ae Venice Mestre.\" \/>\n<meta name=\"robots\" content=\"index, follow, max-snippet:-1, max-image-preview:large, max-video-preview:-1\" \/>\n<link rel=\"canonical\" href=\"https:\/\/www.quidhotelvenice.com\/fr\/que-faire-a-venise\/\" \/>\n<meta property=\"og:locale\" content=\"fr_FR\" \/>\n<meta property=\"og:type\" content=\"article\" \/>\n<meta property=\"og:title\" content=\"\u00c9v\u00e9nements et attractions \u00e0 Venise | voco\u00ae Venice Mestre\" \/>\n<meta property=\"og:description\" content=\"Vous souhaitez d\u00e9couvrir Venise et ses merveilles ? Visitez des lieux enchanteurs et des attractions uniques avec les conseils du voco\u00ae Venice Mestre.\" \/>\n<meta property=\"og:url\" content=\"https:\/\/www.quidhotelvenice.com\/fr\/que-faire-a-venise\/\" \/>\n<meta property=\"og:site_name\" content=\"Voco Venice Mestre\" \/>\n<meta property=\"article:modified_time\" content=\"2023-08-29T13:03:51+00:00\" \/>\n<meta property=\"og:image\" content=\"https:\/\/www.quidhotelvenice.com\/wp-content\/uploads\/sites\/557\/2023\/07\/Venice-voco-Venice-Mestre-The-Quid.jpg\" \/>\n\t<meta property=\"og:image:width\" content=\"2200\" \/>\n\t<meta property=\"og:image:height\" content=\"1200\" \/>\n\t<meta property=\"og:image:type\" content=\"image\/jpeg\" \/>\n<meta name=\"twitter:card\" content=\"summary_large_image\" \/>\n<meta name=\"twitter:label1\" content=\"Dur\u00e9e de lecture estim\u00e9e\" \/>\n\t<meta name=\"twitter:data1\" content=\"1 minute\" \/>\n<script type=\"application\/ld+json\" class=\"yoast-schema-graph\">{\"@context\":\"https:\/\/schema.org\",\"@graph\":[{\"@type\":\"WebPage\",\"@id\":\"https:\/\/www.quidhotelvenice.com\/fr\/que-faire-a-venise\/\",\"url\":\"https:\/\/www.quidhotelvenice.com\/fr\/que-faire-a-venise\/\",\"name\":\"\u00c9v\u00e9nements et attractions \u00e0 Venise | voco\u00ae Venice Mestre\",\"isPartOf\":{\"@id\":\"https:\/\/www.quidhotelvenice.com\/fr\/#website\"},\"primaryImageOfPage\":{\"@id\":\"https:\/\/www.quidhotelvenice.com\/fr\/que-faire-a-venise\/#primaryimage\"},\"image\":{\"@id\":\"https:\/\/www.quidhotelvenice.com\/fr\/que-faire-a-venise\/#primaryimage\"},\"thumbnailUrl\":\"https:\/\/www.quidhotelvenice.com\/wp-content\/uploads\/sites\/557\/2023\/07\/Venice-voco-Venice-Mestre-The-Quid.jpg\",\"datePublished\":\"2023-07-20T10:28:35+00:00\",\"dateModified\":\"2023-08-29T13:03:51+00:00\",\"description\":\"Vous souhaitez d\u00e9couvrir Venise et ses merveilles ? Visitez des lieux enchanteurs et des attractions uniques avec les conseils du voco\u00ae Venice Mestre.\",\"breadcrumb\":{\"@id\":\"https:\/\/www.quidhotelvenice.com\/fr\/que-faire-a-venise\/#breadcrumb\"},\"inLanguage\":\"fr-FR\",\"potentialAction\":[{\"@type\":\"ReadAction\",\"target\":[\"https:\/\/www.quidhotelvenice.com\/fr\/que-faire-a-venise\/\"]}]},{\"@type\":\"ImageObject\",\"inLanguage\":\"fr-FR\",\"@id\":\"https:\/\/www.quidhotelvenice.com\/fr\/que-faire-a-venise\/#primaryimage\",\"url\":\"https:\/\/www.quidhotelvenice.com\/wp-content\/uploads\/sites\/557\/2023\/07\/Venice-voco-Venice-Mestre-The-Quid.jpg\",\"contentUrl\":\"https:\/\/www.quidhotelvenice.com\/wp-content\/uploads\/sites\/557\/2023\/07\/Venice-voco-Venice-Mestre-The-Quid.jpg\",\"width\":2200,\"height\":1200},{\"@type\":\"BreadcrumbList\",\"@id\":\"https:\/\/www.quidhotelvenice.com\/fr\/que-faire-a-venise\/#breadcrumb\",\"itemListElement\":[{\"@type\":\"ListItem\",\"position\":1,\"name\":\"Home\",\"item\":\"https:\/\/www.quidhotelvenice.com\/fr\/\"},{\"@type\":\"ListItem\",\"position\":2,\"name\":\"Que faire \u00e0 Venise ?\"}]},{\"@type\":\"WebSite\",\"@id\":\"https:\/\/www.quidhotelvenice.com\/fr\/#website\",\"url\":\"https:\/\/www.quidhotelvenice.com\/fr\/\",\"name\":\"Voco Venice Mestre\",\"description\":\"\",\"potentialAction\":[{\"@type\":\"SearchAction\",\"target\":{\"@type\":\"EntryPoint\",\"urlTemplate\":\"https:\/\/www.quidhotelvenice.com\/fr\/?s={search_term_string}\"},\"query-input\":{\"@type\":\"PropertyValueSpecification\",\"valueRequired\":true,\"valueName\":\"search_term_string\"}}],\"inLanguage\":\"fr-FR\"}]}<\/script>\n<!-- \/ Yoast SEO plugin. -->","yoast_head_json":{"title":"\u00c9v\u00e9nements et attractions \u00e0 Venise | voco\u00ae Venice Mestre","description":"Vous souhaitez d\u00e9couvrir Venise et ses merveilles ? Visitez des lieux enchanteurs et des attractions uniques avec les conseils du voco\u00ae Venice Mestre.","robots":{"index":"index","follow":"follow","max-snippet":"max-snippet:-1","max-image-preview":"max-image-preview:large","max-video-preview":"max-video-preview:-1"},"canonical":"https:\/\/www.quidhotelvenice.com\/fr\/que-faire-a-venise\/","og_locale":"fr_FR","og_type":"article","og_title":"\u00c9v\u00e9nements et attractions \u00e0 Venise | voco\u00ae Venice Mestre","og_description":"Vous souhaitez d\u00e9couvrir Venise et ses merveilles ? Visitez des lieux enchanteurs et des attractions uniques avec les conseils du voco\u00ae Venice Mestre.","og_url":"https:\/\/www.quidhotelvenice.com\/fr\/que-faire-a-venise\/","og_site_name":"Voco Venice Mestre","article_modified_time":"2023-08-29T13:03:51+00:00","og_image":[{"width":2200,"height":1200,"url":"https:\/\/www.quidhotelvenice.com\/wp-content\/uploads\/sites\/557\/2023\/07\/Venice-voco-Venice-Mestre-The-Quid.jpg","type":"image\/jpeg"}],"twitter_card":"summary_large_image","twitter_misc":{"Dur\u00e9e de lecture estim\u00e9e":"1 minute"},"schema":{"@context":"https:\/\/schema.org","@graph":[{"@type":"WebPage","@id":"https:\/\/www.quidhotelvenice.com\/fr\/que-faire-a-venise\/","url":"https:\/\/www.quidhotelvenice.com\/fr\/que-faire-a-venise\/","name":"\u00c9v\u00e9nements et attractions \u00e0 Venise | voco\u00ae Venice Mestre","isPartOf":{"@id":"https:\/\/www.quidhotelvenice.com\/fr\/#website"},"primaryImageOfPage":{"@id":"https:\/\/www.quidhotelvenice.com\/fr\/que-faire-a-venise\/#primaryimage"},"image":{"@id":"https:\/\/www.quidhotelvenice.com\/fr\/que-faire-a-venise\/#primaryimage"},"thumbnailUrl":"https:\/\/www.quidhotelvenice.com\/wp-content\/uploads\/sites\/557\/2023\/07\/Venice-voco-Venice-Mestre-The-Quid.jpg","datePublished":"2023-07-20T10:28:35+00:00","dateModified":"2023-08-29T13:03:51+00:00","description":"Vous souhaitez d\u00e9couvrir Venise et ses merveilles ? Visitez des lieux enchanteurs et des attractions uniques avec les conseils du voco\u00ae Venice Mestre.","breadcrumb":{"@id":"https:\/\/www.quidhotelvenice.com\/fr\/que-faire-a-venise\/#breadcrumb"},"inLanguage":"fr-FR","potentialAction":[{"@type":"ReadAction","target":["https:\/\/www.quidhotelvenice.com\/fr\/que-faire-a-venise\/"]}]},{"@type":"ImageObject","inLanguage":"fr-FR","@id":"https:\/\/www.quidhotelvenice.com\/fr\/que-faire-a-venise\/#primaryimage","url":"https:\/\/www.quidhotelvenice.com\/wp-content\/uploads\/sites\/557\/2023\/07\/Venice-voco-Venice-Mestre-The-Quid.jpg","contentUrl":"https:\/\/www.quidhotelvenice.com\/wp-content\/uploads\/sites\/557\/2023\/07\/Venice-voco-Venice-Mestre-The-Quid.jpg","width":2200,"height":1200},{"@type":"BreadcrumbList","@id":"https:\/\/www.quidhotelvenice.com\/fr\/que-faire-a-venise\/#breadcrumb","itemListElement":[{"@type":"ListItem","position":1,"name":"Home","item":"https:\/\/www.quidhotelvenice.com\/fr\/"},{"@type":"ListItem","position":2,"name":"Que faire \u00e0 Venise ?"}]},{"@type":"WebSite","@id":"https:\/\/www.quidhotelvenice.com\/fr\/#website","url":"https:\/\/www.quidhotelvenice.com\/fr\/","name":"Voco Venice Mestre","description":"","potentialAction":[{"@type":"SearchAction","target":{"@type":"EntryPoint","urlTemplate":"https:\/\/www.quidhotelvenice.com\/fr\/?s={search_term_string}"},"query-input":{"@type":"PropertyValueSpecification","valueRequired":true,"valueName":"search_term_string"}}],"inLanguage":"fr-FR"}]}},"acf":[],"_links":{"self":[{"href":"https:\/\/www.quidhotelvenice.com\/fr\/wp-json\/wp\/v2\/pages\/137","targetHints":{"allow":["GET"]}}],"collection":[{"href":"https:\/\/www.quidhotelvenice.com\/fr\/wp-json\/wp\/v2\/pages"}],"about":[{"href":"https:\/\/www.quidhotelvenice.com\/fr\/wp-json\/wp\/v2\/types\/page"}],"author":[{"embeddable":true,"href":"https:\/\/www.quidhotelvenice.com\/fr\/wp-json\/wp\/v2\/users\/6"}],"replies":[{"embeddable":true,"href":"https:\/\/www.quidhotelvenice.com\/fr\/wp-json\/wp\/v2\/comments?post=137"}],"version-history":[{"count":0,"href":"https:\/\/www.quidhotelvenice.com\/fr\/wp-json\/wp\/v2\/pages\/137\/revisions"}],"wp:featuredmedia":[{"embeddable":true,"href":"https:\/\/www.quidhotelvenice.com\/fr\/wp-json\/wp\/v2\/media\/819"}],"wp:attachment":[{"href":"https:\/\/www.quidhotelvenice.com\/fr\/wp-json\/wp\/v2\/media?parent=137"}],"curies":[{"name":"wp","href":"https:\/\/api.w.org\/{rel}","templated":true}]}}