{"id":1350,"date":"2024-01-25T09:06:01","date_gmt":"2024-01-25T09:06:01","guid":{"rendered":"https:\/\/www.quidhotelvenice.com\/?page_id=1350"},"modified":"2025-04-08T12:37:21","modified_gmt":"2025-04-08T12:37:21","slug":"stay-longer-pay-less-offer","status":"publish","type":"page","link":"https:\/\/www.quidhotelvenice.com\/fr\/offres-et-formules\/stay-longer-pay-less-offer\/","title":{"rendered":"Stay Longer Pay Less Offer"},"content":{"rendered":"<p>Venise m\u00e9rite d&rsquo;\u00eatre d\u00e9couverte au maximum : c&rsquo;est pourquoi nous avons cr\u00e9\u00e9 l&rsquo;offre Stay Longer Pay Less ! Avec notre offre, plus vous restez \u00e0 voco\u00ae Venice Mestre &#8211; The Quid, plus vous \u00e9conomisez.<\/p>\n<p><span style=\"font-weight: 400\">L&rsquo;offre comprend un <\/span><b>riche petit-d\u00e9jeuner buffet<\/b><span style=\"font-weight: 400\">, ainsi qu&rsquo;un acc\u00e8s gratuit et illimit\u00e9 \u00e0 l&rsquo;<\/span><b>espace gaming<\/b><span style=\"font-weight: 400\">, id\u00e9al pour \u00e9vacuer le stress et d\u00e9fier amis et coll\u00e8gues lors d&rsquo;une partie de billard ou de baby-foot. La fomule comprend \u00e9galement l&rsquo;acc\u00e8s \u00e0 la <\/span><b>salle de fitness<\/b><span style=\"font-weight: 400\"> \u00e9quip\u00e9e Technogym.<\/span><\/p>\n<p>Vous voyagez avec des <strong>enfants<\/strong> ? Pour eux, en cadeau, une <strong>Puppy Box<\/strong> sp\u00e9ciale avec des jeux et des activit\u00e9s, le tout \u00e0 colorier !<\/p>\n","protected":false},"excerpt":{"rendered":"<p>Venise m\u00e9rite d&rsquo;\u00eatre d\u00e9couverte au maximum : c&rsquo;est pourquoi nous avons cr\u00e9\u00e9 l&rsquo;offre Stay Longer Pay Less ! Avec notre offre, plus vous restez \u00e0 voco\u00ae Venice Mestre &#8211; The Quid, plus vous \u00e9conomisez. L&rsquo;offre comprend un riche petit-d\u00e9jeuner buffet, ainsi qu&rsquo;un acc\u00e8s gratuit et illimit\u00e9 \u00e0 l&rsquo;espace gaming, id\u00e9al pour \u00e9vacuer le stress et [&hellip;]<\/p>\n","protected":false},"author":652,"featured_media":1381,"parent":116,"menu_order":6,"comment_status":"closed","ping_status":"closed","template":"template-default-2.php","meta":{"footnotes":""},"class_list":["post-1350","page","type-page","status-publish","has-post-thumbnail","hentry"],"yoast_head":"<!-- This site is optimized with the Yoast SEO plugin v26.9 - https:\/\/yoast.com\/product\/yoast-seo-wordpress\/ -->\n<title>Stay Longer Pay Less Offer - Voco Venice Mestre<\/title>\n<meta name=\"description\" content=\"Vous pr\u00e9voyez un s\u00e9jour prolong\u00e9 \u00e0 Venise? \u00c9conomisez avec l&#039;offre Stay Longer Pay Less: petit-d\u00e9jeuner buffet, salle de fitness et espace de jeux. D\u00e9couvrez l&#039;offre!\" \/>\n<meta name=\"robots\" content=\"index, follow, max-snippet:-1, max-image-preview:large, max-video-preview:-1\" \/>\n<link rel=\"canonical\" href=\"https:\/\/www.quidhotelvenice.com\/fr\/offres-et-formules\/stay-longer-pay-less-offer\/\" \/>\n<meta property=\"og:locale\" content=\"fr_FR\" \/>\n<meta property=\"og:type\" content=\"article\" \/>\n<meta property=\"og:title\" content=\"Stay Longer Pay Less Offer - Voco Venice Mestre\" \/>\n<meta property=\"og:description\" content=\"Vous pr\u00e9voyez un s\u00e9jour prolong\u00e9 \u00e0 Venise? \u00c9conomisez avec l&#039;offre Stay Longer Pay Less: petit-d\u00e9jeuner buffet, salle de fitness et espace de jeux. D\u00e9couvrez l&#039;offre!\" \/>\n<meta property=\"og:url\" content=\"https:\/\/www.quidhotelvenice.com\/fr\/offres-et-formules\/stay-longer-pay-less-offer\/\" \/>\n<meta property=\"og:site_name\" content=\"Voco Venice Mestre\" \/>\n<meta property=\"article:modified_time\" content=\"2025-04-08T12:37:21+00:00\" \/>\n<meta property=\"og:image\" content=\"https:\/\/www.quidhotelvenice.com\/wp-content\/uploads\/sites\/557\/2024\/02\/voco-Venice-Mestre-Offerte-e-Pacchetti.jpg\" \/>\n\t<meta property=\"og:image:width\" content=\"2133\" \/>\n\t<meta property=\"og:image:height\" content=\"1200\" \/>\n\t<meta property=\"og:image:type\" content=\"image\/jpeg\" \/>\n<meta name=\"twitter:card\" content=\"summary_large_image\" \/>\n<meta name=\"twitter:label1\" content=\"Dur\u00e9e de lecture estim\u00e9e\" \/>\n\t<meta name=\"twitter:data1\" content=\"1 minute\" \/>\n<script type=\"application\/ld+json\" class=\"yoast-schema-graph\">{\"@context\":\"https:\/\/schema.org\",\"@graph\":[{\"@type\":\"WebPage\",\"@id\":\"https:\/\/www.quidhotelvenice.com\/fr\/offres-et-formules\/stay-longer-pay-less-offer\/\",\"url\":\"https:\/\/www.quidhotelvenice.com\/fr\/offres-et-formules\/stay-longer-pay-less-offer\/\",\"name\":\"Stay Longer Pay Less Offer - Voco Venice Mestre\",\"isPartOf\":{\"@id\":\"https:\/\/www.quidhotelvenice.com\/fr\/#website\"},\"primaryImageOfPage\":{\"@id\":\"https:\/\/www.quidhotelvenice.com\/fr\/offres-et-formules\/stay-longer-pay-less-offer\/#primaryimage\"},\"image\":{\"@id\":\"https:\/\/www.quidhotelvenice.com\/fr\/offres-et-formules\/stay-longer-pay-less-offer\/#primaryimage\"},\"thumbnailUrl\":\"https:\/\/www.quidhotelvenice.com\/wp-content\/uploads\/sites\/557\/2024\/02\/voco-Venice-Mestre-Offerte-e-Pacchetti.jpg\",\"datePublished\":\"2024-01-25T09:06:01+00:00\",\"dateModified\":\"2025-04-08T12:37:21+00:00\",\"description\":\"Vous pr\u00e9voyez un s\u00e9jour prolong\u00e9 \u00e0 Venise? \u00c9conomisez avec l'offre Stay Longer Pay Less: petit-d\u00e9jeuner buffet, salle de fitness et espace de jeux. D\u00e9couvrez l'offre!\",\"breadcrumb\":{\"@id\":\"https:\/\/www.quidhotelvenice.com\/fr\/offres-et-formules\/stay-longer-pay-less-offer\/#breadcrumb\"},\"inLanguage\":\"fr-FR\",\"potentialAction\":[{\"@type\":\"ReadAction\",\"target\":[\"https:\/\/www.quidhotelvenice.com\/fr\/offres-et-formules\/stay-longer-pay-less-offer\/\"]}]},{\"@type\":\"ImageObject\",\"inLanguage\":\"fr-FR\",\"@id\":\"https:\/\/www.quidhotelvenice.com\/fr\/offres-et-formules\/stay-longer-pay-less-offer\/#primaryimage\",\"url\":\"https:\/\/www.quidhotelvenice.com\/wp-content\/uploads\/sites\/557\/2024\/02\/voco-Venice-Mestre-Offerte-e-Pacchetti.jpg\",\"contentUrl\":\"https:\/\/www.quidhotelvenice.com\/wp-content\/uploads\/sites\/557\/2024\/02\/voco-Venice-Mestre-Offerte-e-Pacchetti.jpg\",\"width\":2133,\"height\":1200,\"caption\":\"veduta delle case colorate a murano\"},{\"@type\":\"BreadcrumbList\",\"@id\":\"https:\/\/www.quidhotelvenice.com\/fr\/offres-et-formules\/stay-longer-pay-less-offer\/#breadcrumb\",\"itemListElement\":[{\"@type\":\"ListItem\",\"position\":1,\"name\":\"Home\",\"item\":\"https:\/\/www.quidhotelvenice.com\/fr\/\"},{\"@type\":\"ListItem\",\"position\":2,\"name\":\"Offres et formules\",\"item\":\"https:\/\/www.quidhotelvenice.com\/fr\/offres-et-formules\/\"},{\"@type\":\"ListItem\",\"position\":3,\"name\":\"Stay Longer Pay Less Offer\"}]},{\"@type\":\"WebSite\",\"@id\":\"https:\/\/www.quidhotelvenice.com\/fr\/#website\",\"url\":\"https:\/\/www.quidhotelvenice.com\/fr\/\",\"name\":\"Voco Venice Mestre\",\"description\":\"\",\"potentialAction\":[{\"@type\":\"SearchAction\",\"target\":{\"@type\":\"EntryPoint\",\"urlTemplate\":\"https:\/\/www.quidhotelvenice.com\/fr\/?s={search_term_string}\"},\"query-input\":{\"@type\":\"PropertyValueSpecification\",\"valueRequired\":true,\"valueName\":\"search_term_string\"}}],\"inLanguage\":\"fr-FR\"}]}<\/script>\n<!-- \/ Yoast SEO plugin. -->","yoast_head_json":{"title":"Stay Longer Pay Less Offer - Voco Venice Mestre","description":"Vous pr\u00e9voyez un s\u00e9jour prolong\u00e9 \u00e0 Venise? \u00c9conomisez avec l'offre Stay Longer Pay Less: petit-d\u00e9jeuner buffet, salle de fitness et espace de jeux. D\u00e9couvrez l'offre!","robots":{"index":"index","follow":"follow","max-snippet":"max-snippet:-1","max-image-preview":"max-image-preview:large","max-video-preview":"max-video-preview:-1"},"canonical":"https:\/\/www.quidhotelvenice.com\/fr\/offres-et-formules\/stay-longer-pay-less-offer\/","og_locale":"fr_FR","og_type":"article","og_title":"Stay Longer Pay Less Offer - Voco Venice Mestre","og_description":"Vous pr\u00e9voyez un s\u00e9jour prolong\u00e9 \u00e0 Venise? \u00c9conomisez avec l'offre Stay Longer Pay Less: petit-d\u00e9jeuner buffet, salle de fitness et espace de jeux. D\u00e9couvrez l'offre!","og_url":"https:\/\/www.quidhotelvenice.com\/fr\/offres-et-formules\/stay-longer-pay-less-offer\/","og_site_name":"Voco Venice Mestre","article_modified_time":"2025-04-08T12:37:21+00:00","og_image":[{"width":2133,"height":1200,"url":"https:\/\/www.quidhotelvenice.com\/wp-content\/uploads\/sites\/557\/2024\/02\/voco-Venice-Mestre-Offerte-e-Pacchetti.jpg","type":"image\/jpeg"}],"twitter_card":"summary_large_image","twitter_misc":{"Dur\u00e9e de lecture estim\u00e9e":"1 minute"},"schema":{"@context":"https:\/\/schema.org","@graph":[{"@type":"WebPage","@id":"https:\/\/www.quidhotelvenice.com\/fr\/offres-et-formules\/stay-longer-pay-less-offer\/","url":"https:\/\/www.quidhotelvenice.com\/fr\/offres-et-formules\/stay-longer-pay-less-offer\/","name":"Stay Longer Pay Less Offer - Voco Venice Mestre","isPartOf":{"@id":"https:\/\/www.quidhotelvenice.com\/fr\/#website"},"primaryImageOfPage":{"@id":"https:\/\/www.quidhotelvenice.com\/fr\/offres-et-formules\/stay-longer-pay-less-offer\/#primaryimage"},"image":{"@id":"https:\/\/www.quidhotelvenice.com\/fr\/offres-et-formules\/stay-longer-pay-less-offer\/#primaryimage"},"thumbnailUrl":"https:\/\/www.quidhotelvenice.com\/wp-content\/uploads\/sites\/557\/2024\/02\/voco-Venice-Mestre-Offerte-e-Pacchetti.jpg","datePublished":"2024-01-25T09:06:01+00:00","dateModified":"2025-04-08T12:37:21+00:00","description":"Vous pr\u00e9voyez un s\u00e9jour prolong\u00e9 \u00e0 Venise? \u00c9conomisez avec l'offre Stay Longer Pay Less: petit-d\u00e9jeuner buffet, salle de fitness et espace de jeux. D\u00e9couvrez l'offre!","breadcrumb":{"@id":"https:\/\/www.quidhotelvenice.com\/fr\/offres-et-formules\/stay-longer-pay-less-offer\/#breadcrumb"},"inLanguage":"fr-FR","potentialAction":[{"@type":"ReadAction","target":["https:\/\/www.quidhotelvenice.com\/fr\/offres-et-formules\/stay-longer-pay-less-offer\/"]}]},{"@type":"ImageObject","inLanguage":"fr-FR","@id":"https:\/\/www.quidhotelvenice.com\/fr\/offres-et-formules\/stay-longer-pay-less-offer\/#primaryimage","url":"https:\/\/www.quidhotelvenice.com\/wp-content\/uploads\/sites\/557\/2024\/02\/voco-Venice-Mestre-Offerte-e-Pacchetti.jpg","contentUrl":"https:\/\/www.quidhotelvenice.com\/wp-content\/uploads\/sites\/557\/2024\/02\/voco-Venice-Mestre-Offerte-e-Pacchetti.jpg","width":2133,"height":1200,"caption":"veduta delle case colorate a murano"},{"@type":"BreadcrumbList","@id":"https:\/\/www.quidhotelvenice.com\/fr\/offres-et-formules\/stay-longer-pay-less-offer\/#breadcrumb","itemListElement":[{"@type":"ListItem","position":1,"name":"Home","item":"https:\/\/www.quidhotelvenice.com\/fr\/"},{"@type":"ListItem","position":2,"name":"Offres et formules","item":"https:\/\/www.quidhotelvenice.com\/fr\/offres-et-formules\/"},{"@type":"ListItem","position":3,"name":"Stay Longer Pay Less Offer"}]},{"@type":"WebSite","@id":"https:\/\/www.quidhotelvenice.com\/fr\/#website","url":"https:\/\/www.quidhotelvenice.com\/fr\/","name":"Voco Venice Mestre","description":"","potentialAction":[{"@type":"SearchAction","target":{"@type":"EntryPoint","urlTemplate":"https:\/\/www.quidhotelvenice.com\/fr\/?s={search_term_string}"},"query-input":{"@type":"PropertyValueSpecification","valueRequired":true,"valueName":"search_term_string"}}],"inLanguage":"fr-FR"}]}},"acf":[],"_links":{"self":[{"href":"https:\/\/www.quidhotelvenice.com\/fr\/wp-json\/wp\/v2\/pages\/1350","targetHints":{"allow":["GET"]}}],"collection":[{"href":"https:\/\/www.quidhotelvenice.com\/fr\/wp-json\/wp\/v2\/pages"}],"about":[{"href":"https:\/\/www.quidhotelvenice.com\/fr\/wp-json\/wp\/v2\/types\/page"}],"author":[{"embeddable":true,"href":"https:\/\/www.quidhotelvenice.com\/fr\/wp-json\/wp\/v2\/users\/652"}],"replies":[{"embeddable":true,"href":"https:\/\/www.quidhotelvenice.com\/fr\/wp-json\/wp\/v2\/comments?post=1350"}],"version-history":[{"count":0,"href":"https:\/\/www.quidhotelvenice.com\/fr\/wp-json\/wp\/v2\/pages\/1350\/revisions"}],"up":[{"embeddable":true,"href":"https:\/\/www.quidhotelvenice.com\/fr\/wp-json\/wp\/v2\/pages\/116"}],"wp:featuredmedia":[{"embeddable":true,"href":"https:\/\/www.quidhotelvenice.com\/fr\/wp-json\/wp\/v2\/media\/1381"}],"wp:attachment":[{"href":"https:\/\/www.quidhotelvenice.com\/fr\/wp-json\/wp\/v2\/media?parent=1350"}],"curies":[{"name":"wp","href":"https:\/\/api.w.org\/{rel}","templated":true}]}}