{"id":133,"date":"2023-07-20T10:25:18","date_gmt":"2023-07-20T10:25:18","guid":{"rendered":"https:\/\/voco-venice.ms.decms.eu\/offerte-e-pacchetti\/programma-fedelta-ihg-rewards-club\/"},"modified":"2024-02-16T13:56:23","modified_gmt":"2024-02-16T13:56:23","slug":"programme-de-fidelisation-ihg-rewards-club","status":"publish","type":"page","link":"https:\/\/www.quidhotelvenice.com\/fr\/offres-et-formules\/programme-de-fidelisation-ihg-rewards-club\/","title":{"rendered":"Programme de fid\u00e9lisation IHG\u00ae One Rewards"},"content":{"rendered":"<p><span style=\"font-weight: 400\">Le programme IHG\u00ae One Rewards est notre fa\u00e7on de vous dire \u00ab\u00a0Merci\u00a0\u00bb pour votre fid\u00e9lit\u00e9. Le programme vous permet de gagner des points chaque fois que vous s\u00e9journez dans l\u2019un de nos 5 200 h\u00f4tels \u00e0 travers le monde (InterContinental\u00ae Hotels &amp; Resorts, HUALUXE\u2122 Hotels and Resorts, Crowne Plaza\u00ae Hotels &amp; Resorts, Hotel Indigo\u00ae, EVEN\u2122 Hotels, Holiday Inn\u00ae Hotels, Holiday Inn Express\u00ae Hotels, Holiday Inn Resort\u00ae, Holiday Inn Club Vacations\u00ae, Staybridge Suites\u00ae, Candlewood Suites\u00ae) et vous r\u00e9compense avec des prix fantastiques.<\/span><\/p>\n<p><span style=\"font-weight: 400\">Vous n&rsquo;\u00eates pas encore membre du IHG\u00ae One Rewards?<\/span><\/p>\n","protected":false},"excerpt":{"rendered":"<p>Le programme IHG\u00ae One Rewards est notre fa\u00e7on de vous dire \u00ab\u00a0Merci\u00a0\u00bb pour votre fid\u00e9lit\u00e9. Le programme vous permet de gagner des points chaque fois que vous s\u00e9journez dans l\u2019un de nos 5 200 h\u00f4tels \u00e0 travers le monde (InterContinental\u00ae Hotels &amp; Resorts, HUALUXE\u2122 Hotels and Resorts, Crowne Plaza\u00ae Hotels &amp; Resorts, Hotel Indigo\u00ae, EVEN\u2122 [&hellip;]<\/p>\n","protected":false},"author":6,"featured_media":815,"parent":116,"menu_order":7,"comment_status":"closed","ping_status":"closed","template":"","meta":{"footnotes":""},"class_list":["post-133","page","type-page","status-publish","has-post-thumbnail","hentry"],"yoast_head":"<!-- This site is optimized with the Yoast SEO plugin v26.9 - https:\/\/yoast.com\/product\/yoast-seo-wordpress\/ -->\n<title>Programme Fid\u00e9lit\u00e9 IHG\u00ae Rewards Club | voco\u00ae Venice Mestre<\/title>\n<meta name=\"description\" content=\"Rewards Club voco\u00ae Hotel : accumulez des points chaque fois que vous s\u00e9journez dans l&#039;un de nos 5 200 h\u00f4tels et gagnez de prix fantastiques. D\u00e9couvrir !\" \/>\n<meta name=\"robots\" content=\"index, follow, max-snippet:-1, max-image-preview:large, max-video-preview:-1\" \/>\n<link rel=\"canonical\" href=\"https:\/\/www.quidhotelvenice.com\/fr\/offres-et-formules\/programme-de-fidelisation-ihg-rewards-club\/\" \/>\n<meta property=\"og:locale\" content=\"fr_FR\" \/>\n<meta property=\"og:type\" content=\"article\" \/>\n<meta property=\"og:title\" content=\"Programme Fid\u00e9lit\u00e9 IHG\u00ae Rewards Club | voco\u00ae Venice Mestre\" \/>\n<meta property=\"og:description\" content=\"Rewards Club voco\u00ae Hotel : accumulez des points chaque fois que vous s\u00e9journez dans l&#039;un de nos 5 200 h\u00f4tels et gagnez de prix fantastiques. D\u00e9couvrir !\" \/>\n<meta property=\"og:url\" content=\"https:\/\/www.quidhotelvenice.com\/fr\/offres-et-formules\/programme-de-fidelisation-ihg-rewards-club\/\" \/>\n<meta property=\"og:site_name\" content=\"Voco Venice Mestre\" \/>\n<meta property=\"article:modified_time\" content=\"2024-02-16T13:56:23+00:00\" \/>\n<meta property=\"og:image\" content=\"https:\/\/www.quidhotelvenice.com\/wp-content\/uploads\/sites\/557\/2023\/07\/Guest-Relaxing-voco-Venice-Mestre-The-Quid.jpg\" \/>\n\t<meta property=\"og:image:width\" content=\"2200\" \/>\n\t<meta property=\"og:image:height\" content=\"1200\" \/>\n\t<meta property=\"og:image:type\" content=\"image\/jpeg\" \/>\n<meta name=\"twitter:card\" content=\"summary_large_image\" \/>\n<script type=\"application\/ld+json\" class=\"yoast-schema-graph\">{\"@context\":\"https:\/\/schema.org\",\"@graph\":[{\"@type\":\"WebPage\",\"@id\":\"https:\/\/www.quidhotelvenice.com\/fr\/offres-et-formules\/programme-de-fidelisation-ihg-rewards-club\/\",\"url\":\"https:\/\/www.quidhotelvenice.com\/fr\/offres-et-formules\/programme-de-fidelisation-ihg-rewards-club\/\",\"name\":\"Programme Fid\u00e9lit\u00e9 IHG\u00ae Rewards Club | voco\u00ae Venice Mestre\",\"isPartOf\":{\"@id\":\"https:\/\/www.quidhotelvenice.com\/fr\/#website\"},\"primaryImageOfPage\":{\"@id\":\"https:\/\/www.quidhotelvenice.com\/fr\/offres-et-formules\/programme-de-fidelisation-ihg-rewards-club\/#primaryimage\"},\"image\":{\"@id\":\"https:\/\/www.quidhotelvenice.com\/fr\/offres-et-formules\/programme-de-fidelisation-ihg-rewards-club\/#primaryimage\"},\"thumbnailUrl\":\"https:\/\/www.quidhotelvenice.com\/wp-content\/uploads\/sites\/557\/2023\/07\/Guest-Relaxing-voco-Venice-Mestre-The-Quid.jpg\",\"datePublished\":\"2023-07-20T10:25:18+00:00\",\"dateModified\":\"2024-02-16T13:56:23+00:00\",\"description\":\"Rewards Club voco\u00ae Hotel : accumulez des points chaque fois que vous s\u00e9journez dans l'un de nos 5 200 h\u00f4tels et gagnez de prix fantastiques. D\u00e9couvrir !\",\"breadcrumb\":{\"@id\":\"https:\/\/www.quidhotelvenice.com\/fr\/offres-et-formules\/programme-de-fidelisation-ihg-rewards-club\/#breadcrumb\"},\"inLanguage\":\"fr-FR\",\"potentialAction\":[{\"@type\":\"ReadAction\",\"target\":[\"https:\/\/www.quidhotelvenice.com\/fr\/offres-et-formules\/programme-de-fidelisation-ihg-rewards-club\/\"]}]},{\"@type\":\"ImageObject\",\"inLanguage\":\"fr-FR\",\"@id\":\"https:\/\/www.quidhotelvenice.com\/fr\/offres-et-formules\/programme-de-fidelisation-ihg-rewards-club\/#primaryimage\",\"url\":\"https:\/\/www.quidhotelvenice.com\/wp-content\/uploads\/sites\/557\/2023\/07\/Guest-Relaxing-voco-Venice-Mestre-The-Quid.jpg\",\"contentUrl\":\"https:\/\/www.quidhotelvenice.com\/wp-content\/uploads\/sites\/557\/2023\/07\/Guest-Relaxing-voco-Venice-Mestre-The-Quid.jpg\",\"width\":2200,\"height\":1200},{\"@type\":\"BreadcrumbList\",\"@id\":\"https:\/\/www.quidhotelvenice.com\/fr\/offres-et-formules\/programme-de-fidelisation-ihg-rewards-club\/#breadcrumb\",\"itemListElement\":[{\"@type\":\"ListItem\",\"position\":1,\"name\":\"Home\",\"item\":\"https:\/\/www.quidhotelvenice.com\/fr\/\"},{\"@type\":\"ListItem\",\"position\":2,\"name\":\"Offres et formules\",\"item\":\"https:\/\/www.quidhotelvenice.com\/fr\/offres-et-formules\/\"},{\"@type\":\"ListItem\",\"position\":3,\"name\":\"Programme de fid\u00e9lisation IHG\u00ae One Rewards\"}]},{\"@type\":\"WebSite\",\"@id\":\"https:\/\/www.quidhotelvenice.com\/fr\/#website\",\"url\":\"https:\/\/www.quidhotelvenice.com\/fr\/\",\"name\":\"Voco Venice Mestre\",\"description\":\"\",\"potentialAction\":[{\"@type\":\"SearchAction\",\"target\":{\"@type\":\"EntryPoint\",\"urlTemplate\":\"https:\/\/www.quidhotelvenice.com\/fr\/?s={search_term_string}\"},\"query-input\":{\"@type\":\"PropertyValueSpecification\",\"valueRequired\":true,\"valueName\":\"search_term_string\"}}],\"inLanguage\":\"fr-FR\"}]}<\/script>\n<!-- \/ Yoast SEO plugin. -->","yoast_head_json":{"title":"Programme Fid\u00e9lit\u00e9 IHG\u00ae Rewards Club | voco\u00ae Venice Mestre","description":"Rewards Club voco\u00ae Hotel : accumulez des points chaque fois que vous s\u00e9journez dans l'un de nos 5 200 h\u00f4tels et gagnez de prix fantastiques. D\u00e9couvrir !","robots":{"index":"index","follow":"follow","max-snippet":"max-snippet:-1","max-image-preview":"max-image-preview:large","max-video-preview":"max-video-preview:-1"},"canonical":"https:\/\/www.quidhotelvenice.com\/fr\/offres-et-formules\/programme-de-fidelisation-ihg-rewards-club\/","og_locale":"fr_FR","og_type":"article","og_title":"Programme Fid\u00e9lit\u00e9 IHG\u00ae Rewards Club | voco\u00ae Venice Mestre","og_description":"Rewards Club voco\u00ae Hotel : accumulez des points chaque fois que vous s\u00e9journez dans l'un de nos 5 200 h\u00f4tels et gagnez de prix fantastiques. D\u00e9couvrir !","og_url":"https:\/\/www.quidhotelvenice.com\/fr\/offres-et-formules\/programme-de-fidelisation-ihg-rewards-club\/","og_site_name":"Voco Venice Mestre","article_modified_time":"2024-02-16T13:56:23+00:00","og_image":[{"width":2200,"height":1200,"url":"https:\/\/www.quidhotelvenice.com\/wp-content\/uploads\/sites\/557\/2023\/07\/Guest-Relaxing-voco-Venice-Mestre-The-Quid.jpg","type":"image\/jpeg"}],"twitter_card":"summary_large_image","schema":{"@context":"https:\/\/schema.org","@graph":[{"@type":"WebPage","@id":"https:\/\/www.quidhotelvenice.com\/fr\/offres-et-formules\/programme-de-fidelisation-ihg-rewards-club\/","url":"https:\/\/www.quidhotelvenice.com\/fr\/offres-et-formules\/programme-de-fidelisation-ihg-rewards-club\/","name":"Programme Fid\u00e9lit\u00e9 IHG\u00ae Rewards Club | voco\u00ae Venice Mestre","isPartOf":{"@id":"https:\/\/www.quidhotelvenice.com\/fr\/#website"},"primaryImageOfPage":{"@id":"https:\/\/www.quidhotelvenice.com\/fr\/offres-et-formules\/programme-de-fidelisation-ihg-rewards-club\/#primaryimage"},"image":{"@id":"https:\/\/www.quidhotelvenice.com\/fr\/offres-et-formules\/programme-de-fidelisation-ihg-rewards-club\/#primaryimage"},"thumbnailUrl":"https:\/\/www.quidhotelvenice.com\/wp-content\/uploads\/sites\/557\/2023\/07\/Guest-Relaxing-voco-Venice-Mestre-The-Quid.jpg","datePublished":"2023-07-20T10:25:18+00:00","dateModified":"2024-02-16T13:56:23+00:00","description":"Rewards Club voco\u00ae Hotel : accumulez des points chaque fois que vous s\u00e9journez dans l'un de nos 5 200 h\u00f4tels et gagnez de prix fantastiques. D\u00e9couvrir !","breadcrumb":{"@id":"https:\/\/www.quidhotelvenice.com\/fr\/offres-et-formules\/programme-de-fidelisation-ihg-rewards-club\/#breadcrumb"},"inLanguage":"fr-FR","potentialAction":[{"@type":"ReadAction","target":["https:\/\/www.quidhotelvenice.com\/fr\/offres-et-formules\/programme-de-fidelisation-ihg-rewards-club\/"]}]},{"@type":"ImageObject","inLanguage":"fr-FR","@id":"https:\/\/www.quidhotelvenice.com\/fr\/offres-et-formules\/programme-de-fidelisation-ihg-rewards-club\/#primaryimage","url":"https:\/\/www.quidhotelvenice.com\/wp-content\/uploads\/sites\/557\/2023\/07\/Guest-Relaxing-voco-Venice-Mestre-The-Quid.jpg","contentUrl":"https:\/\/www.quidhotelvenice.com\/wp-content\/uploads\/sites\/557\/2023\/07\/Guest-Relaxing-voco-Venice-Mestre-The-Quid.jpg","width":2200,"height":1200},{"@type":"BreadcrumbList","@id":"https:\/\/www.quidhotelvenice.com\/fr\/offres-et-formules\/programme-de-fidelisation-ihg-rewards-club\/#breadcrumb","itemListElement":[{"@type":"ListItem","position":1,"name":"Home","item":"https:\/\/www.quidhotelvenice.com\/fr\/"},{"@type":"ListItem","position":2,"name":"Offres et formules","item":"https:\/\/www.quidhotelvenice.com\/fr\/offres-et-formules\/"},{"@type":"ListItem","position":3,"name":"Programme de fid\u00e9lisation IHG\u00ae One Rewards"}]},{"@type":"WebSite","@id":"https:\/\/www.quidhotelvenice.com\/fr\/#website","url":"https:\/\/www.quidhotelvenice.com\/fr\/","name":"Voco Venice Mestre","description":"","potentialAction":[{"@type":"SearchAction","target":{"@type":"EntryPoint","urlTemplate":"https:\/\/www.quidhotelvenice.com\/fr\/?s={search_term_string}"},"query-input":{"@type":"PropertyValueSpecification","valueRequired":true,"valueName":"search_term_string"}}],"inLanguage":"fr-FR"}]}},"acf":[],"_links":{"self":[{"href":"https:\/\/www.quidhotelvenice.com\/fr\/wp-json\/wp\/v2\/pages\/133","targetHints":{"allow":["GET"]}}],"collection":[{"href":"https:\/\/www.quidhotelvenice.com\/fr\/wp-json\/wp\/v2\/pages"}],"about":[{"href":"https:\/\/www.quidhotelvenice.com\/fr\/wp-json\/wp\/v2\/types\/page"}],"author":[{"embeddable":true,"href":"https:\/\/www.quidhotelvenice.com\/fr\/wp-json\/wp\/v2\/users\/6"}],"replies":[{"embeddable":true,"href":"https:\/\/www.quidhotelvenice.com\/fr\/wp-json\/wp\/v2\/comments?post=133"}],"version-history":[{"count":0,"href":"https:\/\/www.quidhotelvenice.com\/fr\/wp-json\/wp\/v2\/pages\/133\/revisions"}],"up":[{"embeddable":true,"href":"https:\/\/www.quidhotelvenice.com\/fr\/wp-json\/wp\/v2\/pages\/116"}],"wp:featuredmedia":[{"embeddable":true,"href":"https:\/\/www.quidhotelvenice.com\/fr\/wp-json\/wp\/v2\/media\/815"}],"wp:attachment":[{"href":"https:\/\/www.quidhotelvenice.com\/fr\/wp-json\/wp\/v2\/media?parent=133"}],"curies":[{"name":"wp","href":"https:\/\/api.w.org\/{rel}","templated":true}]}}