{"id":116,"date":"2023-07-20T08:33:59","date_gmt":"2023-07-20T08:33:59","guid":{"rendered":"https:\/\/voco-venice.ms.decms.eu\/offerte-e-pacchetti\/"},"modified":"2026-02-18T14:16:04","modified_gmt":"2026-02-18T14:16:04","slug":"offres-et-formules","status":"publish","type":"page","link":"https:\/\/www.quidhotelvenice.com\/fr\/offres-et-formules\/","title":{"rendered":"Offres et formules"},"content":{"rendered":"<p><span style=\"font-weight: 400\">Vous recherchez un <\/span><b>h\u00f4tel 4 \u00e9toiles<\/b><span style=\"font-weight: 400\"> \u00e0 Venise ou \u00e0 Mestre, parfaitement reli\u00e9 et <\/span><b>\u00e0 proximit\u00e9<\/b><span style=\"font-weight: 400\"> de la lagune ? <\/span><span style=\"font-weight: 400\"><br \/>\n<\/span><span style=\"font-weight: 400\">Ne cherchez plus, le voco\u00ae Venice Mestre vous offre bien plus encore !<\/span><\/p>\n<p><span style=\"font-weight: 400\">Un emplacement id\u00e9al pour les voyages d&rsquo;affaires, les familles ou les groupes d\u2019amis, et une <\/span><b>\u00e9quipe professionnelle<\/b><span style=\"font-weight: 400\"> pr\u00eate \u00e0 satisfaire tous vos besoins et vos envies de s\u00e9jour ! Consultez nos <\/span><b>offres<\/b><span style=\"font-weight: 400\">, jetez un coup d&rsquo;\u0153il \u00e0 nos formules s\u00e9jour ou vacances et d\u00e9nichez <\/span><b>celle qui vous convient<\/b><span style=\"font-weight: 400\">. <\/span><span style=\"font-weight: 400\"><br \/>\n<\/span><span style=\"font-weight: 400\">Nous vous ferons vivre une exp\u00e9rience inoubliable, sign\u00e9e voco\u00ae !<\/span><\/p>\n<p><span style=\"font-weight: 400\">En savoir plus !<\/span><\/p>\n","protected":false},"excerpt":{"rendered":"<p>Vous recherchez un h\u00f4tel 4 \u00e9toiles \u00e0 Venise ou \u00e0 Mestre, parfaitement reli\u00e9 et \u00e0 proximit\u00e9 de la lagune ? Ne cherchez plus, le voco\u00ae Venice Mestre vous offre bien plus encore ! Un emplacement id\u00e9al pour les voyages d&rsquo;affaires, les familles ou les groupes d\u2019amis, et une \u00e9quipe professionnelle pr\u00eate \u00e0 satisfaire tous vos [&hellip;]<\/p>\n","protected":false},"author":6,"featured_media":1359,"parent":0,"menu_order":70,"comment_status":"closed","ping_status":"closed","template":"template-offers.php","meta":{"footnotes":""},"class_list":["post-116","page","type-page","status-publish","has-post-thumbnail","hentry"],"yoast_head":"<!-- This site is optimized with the Yoast SEO plugin v26.9 - https:\/\/yoast.com\/product\/yoast-seo-wordpress\/ -->\n<title>Offres et Formules Hotel | voco\u00ae Venice Mestre - The Quid<\/title>\n<meta name=\"description\" content=\"Offres et Formules d\u00e9di\u00e9es voco\u00ae Venice Mestre Hotel. Une s\u00e9lection d&#039;offres et de formules pour optimiser votre s\u00e9jour \u00e0 Mestre. Voir les offres !\" \/>\n<meta name=\"robots\" content=\"index, follow, max-snippet:-1, max-image-preview:large, max-video-preview:-1\" \/>\n<link rel=\"canonical\" href=\"https:\/\/www.quidhotelvenice.com\/fr\/offres-et-formules\/\" \/>\n<meta property=\"og:locale\" content=\"fr_FR\" \/>\n<meta property=\"og:type\" content=\"article\" \/>\n<meta property=\"og:title\" content=\"Offres et Formules Hotel | voco\u00ae Venice Mestre - The Quid\" \/>\n<meta property=\"og:description\" content=\"Offres et Formules d\u00e9di\u00e9es voco\u00ae Venice Mestre Hotel. Une s\u00e9lection d&#039;offres et de formules pour optimiser votre s\u00e9jour \u00e0 Mestre. Voir les offres !\" \/>\n<meta property=\"og:url\" content=\"https:\/\/www.quidhotelvenice.com\/fr\/offres-et-formules\/\" \/>\n<meta property=\"og:site_name\" content=\"Voco Venice Mestre\" \/>\n<meta property=\"article:modified_time\" content=\"2026-02-18T14:16:04+00:00\" \/>\n<meta property=\"og:image\" content=\"https:\/\/www.quidhotelvenice.com\/wp-content\/uploads\/sites\/557\/2024\/01\/voco-Venice-Mestre-The-Quid-Stay-Longer-Pay-Less-Offer.jpg\" \/>\n\t<meta property=\"og:image:width\" content=\"2133\" \/>\n\t<meta property=\"og:image:height\" content=\"1200\" \/>\n\t<meta property=\"og:image:type\" content=\"image\/jpeg\" \/>\n<meta name=\"twitter:card\" content=\"summary_large_image\" \/>\n<meta name=\"twitter:label1\" content=\"Dur\u00e9e de lecture estim\u00e9e\" \/>\n\t<meta name=\"twitter:data1\" content=\"1 minute\" \/>\n<script type=\"application\/ld+json\" class=\"yoast-schema-graph\">{\"@context\":\"https:\/\/schema.org\",\"@graph\":[{\"@type\":\"WebPage\",\"@id\":\"https:\/\/www.quidhotelvenice.com\/fr\/offres-et-formules\/\",\"url\":\"https:\/\/www.quidhotelvenice.com\/fr\/offres-et-formules\/\",\"name\":\"Offres et Formules Hotel | voco\u00ae Venice Mestre - The Quid\",\"isPartOf\":{\"@id\":\"https:\/\/www.quidhotelvenice.com\/fr\/#website\"},\"primaryImageOfPage\":{\"@id\":\"https:\/\/www.quidhotelvenice.com\/fr\/offres-et-formules\/#primaryimage\"},\"image\":{\"@id\":\"https:\/\/www.quidhotelvenice.com\/fr\/offres-et-formules\/#primaryimage\"},\"thumbnailUrl\":\"https:\/\/www.quidhotelvenice.com\/wp-content\/uploads\/sites\/557\/2024\/01\/voco-Venice-Mestre-The-Quid-Stay-Longer-Pay-Less-Offer.jpg\",\"datePublished\":\"2023-07-20T08:33:59+00:00\",\"dateModified\":\"2026-02-18T14:16:04+00:00\",\"description\":\"Offres et Formules d\u00e9di\u00e9es voco\u00ae Venice Mestre Hotel. Une s\u00e9lection d'offres et de formules pour optimiser votre s\u00e9jour \u00e0 Mestre. Voir les offres !\",\"breadcrumb\":{\"@id\":\"https:\/\/www.quidhotelvenice.com\/fr\/offres-et-formules\/#breadcrumb\"},\"inLanguage\":\"fr-FR\",\"potentialAction\":[{\"@type\":\"ReadAction\",\"target\":[\"https:\/\/www.quidhotelvenice.com\/fr\/offres-et-formules\/\"]}]},{\"@type\":\"ImageObject\",\"inLanguage\":\"fr-FR\",\"@id\":\"https:\/\/www.quidhotelvenice.com\/fr\/offres-et-formules\/#primaryimage\",\"url\":\"https:\/\/www.quidhotelvenice.com\/wp-content\/uploads\/sites\/557\/2024\/01\/voco-Venice-Mestre-The-Quid-Stay-Longer-Pay-Less-Offer.jpg\",\"contentUrl\":\"https:\/\/www.quidhotelvenice.com\/wp-content\/uploads\/sites\/557\/2024\/01\/voco-Venice-Mestre-The-Quid-Stay-Longer-Pay-Less-Offer.jpg\",\"width\":2133,\"height\":1200,\"caption\":\"Turista che visita Isola di Burano a Venezia\"},{\"@type\":\"BreadcrumbList\",\"@id\":\"https:\/\/www.quidhotelvenice.com\/fr\/offres-et-formules\/#breadcrumb\",\"itemListElement\":[{\"@type\":\"ListItem\",\"position\":1,\"name\":\"Home\",\"item\":\"https:\/\/www.quidhotelvenice.com\/fr\/\"},{\"@type\":\"ListItem\",\"position\":2,\"name\":\"Offres et formules\"}]},{\"@type\":\"WebSite\",\"@id\":\"https:\/\/www.quidhotelvenice.com\/fr\/#website\",\"url\":\"https:\/\/www.quidhotelvenice.com\/fr\/\",\"name\":\"Voco Venice Mestre\",\"description\":\"\",\"potentialAction\":[{\"@type\":\"SearchAction\",\"target\":{\"@type\":\"EntryPoint\",\"urlTemplate\":\"https:\/\/www.quidhotelvenice.com\/fr\/?s={search_term_string}\"},\"query-input\":{\"@type\":\"PropertyValueSpecification\",\"valueRequired\":true,\"valueName\":\"search_term_string\"}}],\"inLanguage\":\"fr-FR\"}]}<\/script>\n<!-- \/ Yoast SEO plugin. -->","yoast_head_json":{"title":"Offres et Formules Hotel | voco\u00ae Venice Mestre - The Quid","description":"Offres et Formules d\u00e9di\u00e9es voco\u00ae Venice Mestre Hotel. Une s\u00e9lection d'offres et de formules pour optimiser votre s\u00e9jour \u00e0 Mestre. Voir les offres !","robots":{"index":"index","follow":"follow","max-snippet":"max-snippet:-1","max-image-preview":"max-image-preview:large","max-video-preview":"max-video-preview:-1"},"canonical":"https:\/\/www.quidhotelvenice.com\/fr\/offres-et-formules\/","og_locale":"fr_FR","og_type":"article","og_title":"Offres et Formules Hotel | voco\u00ae Venice Mestre - The Quid","og_description":"Offres et Formules d\u00e9di\u00e9es voco\u00ae Venice Mestre Hotel. Une s\u00e9lection d'offres et de formules pour optimiser votre s\u00e9jour \u00e0 Mestre. Voir les offres !","og_url":"https:\/\/www.quidhotelvenice.com\/fr\/offres-et-formules\/","og_site_name":"Voco Venice Mestre","article_modified_time":"2026-02-18T14:16:04+00:00","og_image":[{"width":2133,"height":1200,"url":"https:\/\/www.quidhotelvenice.com\/wp-content\/uploads\/sites\/557\/2024\/01\/voco-Venice-Mestre-The-Quid-Stay-Longer-Pay-Less-Offer.jpg","type":"image\/jpeg"}],"twitter_card":"summary_large_image","twitter_misc":{"Dur\u00e9e de lecture estim\u00e9e":"1 minute"},"schema":{"@context":"https:\/\/schema.org","@graph":[{"@type":"WebPage","@id":"https:\/\/www.quidhotelvenice.com\/fr\/offres-et-formules\/","url":"https:\/\/www.quidhotelvenice.com\/fr\/offres-et-formules\/","name":"Offres et Formules Hotel | voco\u00ae Venice Mestre - The Quid","isPartOf":{"@id":"https:\/\/www.quidhotelvenice.com\/fr\/#website"},"primaryImageOfPage":{"@id":"https:\/\/www.quidhotelvenice.com\/fr\/offres-et-formules\/#primaryimage"},"image":{"@id":"https:\/\/www.quidhotelvenice.com\/fr\/offres-et-formules\/#primaryimage"},"thumbnailUrl":"https:\/\/www.quidhotelvenice.com\/wp-content\/uploads\/sites\/557\/2024\/01\/voco-Venice-Mestre-The-Quid-Stay-Longer-Pay-Less-Offer.jpg","datePublished":"2023-07-20T08:33:59+00:00","dateModified":"2026-02-18T14:16:04+00:00","description":"Offres et Formules d\u00e9di\u00e9es voco\u00ae Venice Mestre Hotel. Une s\u00e9lection d'offres et de formules pour optimiser votre s\u00e9jour \u00e0 Mestre. Voir les offres !","breadcrumb":{"@id":"https:\/\/www.quidhotelvenice.com\/fr\/offres-et-formules\/#breadcrumb"},"inLanguage":"fr-FR","potentialAction":[{"@type":"ReadAction","target":["https:\/\/www.quidhotelvenice.com\/fr\/offres-et-formules\/"]}]},{"@type":"ImageObject","inLanguage":"fr-FR","@id":"https:\/\/www.quidhotelvenice.com\/fr\/offres-et-formules\/#primaryimage","url":"https:\/\/www.quidhotelvenice.com\/wp-content\/uploads\/sites\/557\/2024\/01\/voco-Venice-Mestre-The-Quid-Stay-Longer-Pay-Less-Offer.jpg","contentUrl":"https:\/\/www.quidhotelvenice.com\/wp-content\/uploads\/sites\/557\/2024\/01\/voco-Venice-Mestre-The-Quid-Stay-Longer-Pay-Less-Offer.jpg","width":2133,"height":1200,"caption":"Turista che visita Isola di Burano a Venezia"},{"@type":"BreadcrumbList","@id":"https:\/\/www.quidhotelvenice.com\/fr\/offres-et-formules\/#breadcrumb","itemListElement":[{"@type":"ListItem","position":1,"name":"Home","item":"https:\/\/www.quidhotelvenice.com\/fr\/"},{"@type":"ListItem","position":2,"name":"Offres et formules"}]},{"@type":"WebSite","@id":"https:\/\/www.quidhotelvenice.com\/fr\/#website","url":"https:\/\/www.quidhotelvenice.com\/fr\/","name":"Voco Venice Mestre","description":"","potentialAction":[{"@type":"SearchAction","target":{"@type":"EntryPoint","urlTemplate":"https:\/\/www.quidhotelvenice.com\/fr\/?s={search_term_string}"},"query-input":{"@type":"PropertyValueSpecification","valueRequired":true,"valueName":"search_term_string"}}],"inLanguage":"fr-FR"}]}},"acf":[],"_links":{"self":[{"href":"https:\/\/www.quidhotelvenice.com\/fr\/wp-json\/wp\/v2\/pages\/116","targetHints":{"allow":["GET"]}}],"collection":[{"href":"https:\/\/www.quidhotelvenice.com\/fr\/wp-json\/wp\/v2\/pages"}],"about":[{"href":"https:\/\/www.quidhotelvenice.com\/fr\/wp-json\/wp\/v2\/types\/page"}],"author":[{"embeddable":true,"href":"https:\/\/www.quidhotelvenice.com\/fr\/wp-json\/wp\/v2\/users\/6"}],"replies":[{"embeddable":true,"href":"https:\/\/www.quidhotelvenice.com\/fr\/wp-json\/wp\/v2\/comments?post=116"}],"version-history":[{"count":0,"href":"https:\/\/www.quidhotelvenice.com\/fr\/wp-json\/wp\/v2\/pages\/116\/revisions"}],"wp:featuredmedia":[{"embeddable":true,"href":"https:\/\/www.quidhotelvenice.com\/fr\/wp-json\/wp\/v2\/media\/1359"}],"wp:attachment":[{"href":"https:\/\/www.quidhotelvenice.com\/fr\/wp-json\/wp\/v2\/media?parent=116"}],"curies":[{"name":"wp","href":"https:\/\/api.w.org\/{rel}","templated":true}]}}