{"id":105,"date":"2023-07-20T08:28:31","date_gmt":"2023-07-20T08:28:31","guid":{"rendered":"https:\/\/voco-venice.ms.decms.eu\/servizi\/accessibilita\/"},"modified":"2023-08-29T12:21:14","modified_gmt":"2023-08-29T12:21:14","slug":"accessibilite","status":"publish","type":"page","link":"https:\/\/www.quidhotelvenice.com\/fr\/services\/accessibilite\/","title":{"rendered":"Accessibilit\u00e9"},"content":{"rendered":"<p><span style=\"font-weight: 400;\">Le voco\u00ae Venice Mestre a \u00e9t\u00e9 construit avec un objectif pr\u00e9cis : rendre l&rsquo;<\/span><b>\u00e9tablissement parfaitement accessible<\/b><span style=\"font-weight: 400;\"> \u00e0 tous ses h\u00f4tes, dans un environnement spacieux, lumineux et <\/span><b>sans barri\u00e8res architecturales<\/b><span style=\"font-weight: 400;\">.<\/span><\/p>\n<p><span style=\"font-weight: 400;\">Profond\u00e9ment attach\u00e9s \u00e0 la philosophie voco\u00ae, r\u00e9sum\u00e9e dans la devise <\/span><b>work hard, have fun<\/b><span style=\"font-weight: 400;\">, nous avons voulu cr\u00e9er un <\/span><b>h\u00f4tel<\/b><span style=\"font-weight: 400;\"> o\u00f9 <\/span><b>chacun<\/b><span style=\"font-weight: 400;\"> peut r\u00e9ellement travailler, se d\u00e9tendre et s&rsquo;amuser.\u00a0<\/span><\/p>\n<p><span style=\"font-weight: 400;\">Les <\/span><b>chambres spacieuses<\/b><span style=\"font-weight: 400;\"> offrent \u00e0 nos h\u00f4tes en fauteuil roulant, comme \u00e0 ceux \u00e0 mobilit\u00e9 partielle ou r\u00e9duite, une <\/span><b>totale libert\u00e9 de man\u0153uvre<\/b><span style=\"font-weight: 400;\">. Chaque \u00e9tage est \u00e9galement facilement <\/span><b>accessible gr\u00e2ce<\/b> <b>\u00e0 un grand ascenseur<\/b><span style=\"font-weight: 400;\">, et nos deux parkings disposent de places de stationnement r\u00e9serv\u00e9es.\u00a0<\/span><\/p>\n<p><span style=\"font-weight: 400;\">Le voco\u00ae Venice Mestre dispose de <\/span><b>8 chambres PMR<\/b><span style=\"font-weight: 400;\"> [link pagina camere accessibili] tout confort, avec un mobilier sp\u00e9cialement s\u00e9lectionn\u00e9 pour leur permettre de vivre un s\u00e9jour <\/span><b>\u00e0 l\u2019enseigne du relax<\/b><span style=\"font-weight: 400;\"> dans des chambres adapt\u00e9es aux fauteuils roulants.\u00a0 \u00c0 votre disposition \u00e9galement une <\/span><b>\u00e9quipe qualifi\u00e9e et aux petits soins<\/b><span style=\"font-weight: 400;\">, pr\u00eate \u00e0 r\u00e9soudre tous vos probl\u00e8mes pour vous garantir un s\u00e9jour Bien-\u00eatre.<\/span><\/p>\n","protected":false},"excerpt":{"rendered":"<p>Le voco\u00ae Venice Mestre a \u00e9t\u00e9 construit avec un objectif pr\u00e9cis : rendre l&rsquo;\u00e9tablissement parfaitement accessible \u00e0 tous ses h\u00f4tes, dans un environnement spacieux, lumineux et sans barri\u00e8res architecturales. Profond\u00e9ment attach\u00e9s \u00e0 la philosophie voco\u00ae, r\u00e9sum\u00e9e dans la devise work hard, have fun, nous avons voulu cr\u00e9er un h\u00f4tel o\u00f9 chacun peut r\u00e9ellement travailler, se [&hellip;]<\/p>\n","protected":false},"author":6,"featured_media":785,"parent":91,"menu_order":64,"comment_status":"closed","ping_status":"closed","template":"template-default-4.php","meta":{"footnotes":""},"class_list":["post-105","page","type-page","status-publish","has-post-thumbnail","hentry"],"yoast_head":"<!-- This site is optimized with the Yoast SEO plugin v26.9 - https:\/\/yoast.com\/product\/yoast-seo-wordpress\/ -->\n<title>Hotel accessible 4 \u00e9toiles | voco\u00ae Venice Mestre - The Quid<\/title>\n<meta name=\"description\" content=\"Services voco\u00ae pour personnes \u00e0 mobilit\u00e9 r\u00e9duite : places de parking r\u00e9serv\u00e9es, entr\u00e9es accessibles, chambres sans barri\u00e8res architecturales. D\u00e9couvrir !\" \/>\n<meta name=\"robots\" content=\"index, follow, max-snippet:-1, max-image-preview:large, max-video-preview:-1\" \/>\n<link rel=\"canonical\" href=\"https:\/\/www.quidhotelvenice.com\/fr\/services\/accessibilite\/\" \/>\n<meta property=\"og:locale\" content=\"fr_FR\" \/>\n<meta property=\"og:type\" content=\"article\" \/>\n<meta property=\"og:title\" content=\"Hotel accessible 4 \u00e9toiles | voco\u00ae Venice Mestre - The Quid\" \/>\n<meta property=\"og:description\" content=\"Services voco\u00ae pour personnes \u00e0 mobilit\u00e9 r\u00e9duite : places de parking r\u00e9serv\u00e9es, entr\u00e9es accessibles, chambres sans barri\u00e8res architecturales. D\u00e9couvrir !\" \/>\n<meta property=\"og:url\" content=\"https:\/\/www.quidhotelvenice.com\/fr\/services\/accessibilite\/\" \/>\n<meta property=\"og:site_name\" content=\"Voco Venice Mestre\" \/>\n<meta property=\"article:modified_time\" content=\"2023-08-29T12:21:14+00:00\" \/>\n<meta property=\"og:image\" content=\"https:\/\/www.quidhotelvenice.com\/wp-content\/uploads\/sites\/557\/2023\/07\/Accessible-Hotel-voco-Venice-Mestre-The-Quid_1.jpg\" \/>\n\t<meta property=\"og:image:width\" content=\"2200\" \/>\n\t<meta property=\"og:image:height\" content=\"1200\" \/>\n\t<meta property=\"og:image:type\" content=\"image\/jpeg\" \/>\n<meta name=\"twitter:card\" content=\"summary_large_image\" \/>\n<meta name=\"twitter:label1\" content=\"Dur\u00e9e de lecture estim\u00e9e\" \/>\n\t<meta name=\"twitter:data1\" content=\"1 minute\" \/>\n<script type=\"application\/ld+json\" class=\"yoast-schema-graph\">{\"@context\":\"https:\/\/schema.org\",\"@graph\":[{\"@type\":\"WebPage\",\"@id\":\"https:\/\/www.quidhotelvenice.com\/fr\/services\/accessibilite\/\",\"url\":\"https:\/\/www.quidhotelvenice.com\/fr\/services\/accessibilite\/\",\"name\":\"Hotel accessible 4 \u00e9toiles | voco\u00ae Venice Mestre - The Quid\",\"isPartOf\":{\"@id\":\"https:\/\/www.quidhotelvenice.com\/fr\/#website\"},\"primaryImageOfPage\":{\"@id\":\"https:\/\/www.quidhotelvenice.com\/fr\/services\/accessibilite\/#primaryimage\"},\"image\":{\"@id\":\"https:\/\/www.quidhotelvenice.com\/fr\/services\/accessibilite\/#primaryimage\"},\"thumbnailUrl\":\"https:\/\/www.quidhotelvenice.com\/wp-content\/uploads\/sites\/557\/2023\/07\/Accessible-Hotel-voco-Venice-Mestre-The-Quid_1.jpg\",\"datePublished\":\"2023-07-20T08:28:31+00:00\",\"dateModified\":\"2023-08-29T12:21:14+00:00\",\"description\":\"Services voco\u00ae pour personnes \u00e0 mobilit\u00e9 r\u00e9duite : places de parking r\u00e9serv\u00e9es, entr\u00e9es accessibles, chambres sans barri\u00e8res architecturales. D\u00e9couvrir !\",\"breadcrumb\":{\"@id\":\"https:\/\/www.quidhotelvenice.com\/fr\/services\/accessibilite\/#breadcrumb\"},\"inLanguage\":\"fr-FR\",\"potentialAction\":[{\"@type\":\"ReadAction\",\"target\":[\"https:\/\/www.quidhotelvenice.com\/fr\/services\/accessibilite\/\"]}]},{\"@type\":\"ImageObject\",\"inLanguage\":\"fr-FR\",\"@id\":\"https:\/\/www.quidhotelvenice.com\/fr\/services\/accessibilite\/#primaryimage\",\"url\":\"https:\/\/www.quidhotelvenice.com\/wp-content\/uploads\/sites\/557\/2023\/07\/Accessible-Hotel-voco-Venice-Mestre-The-Quid_1.jpg\",\"contentUrl\":\"https:\/\/www.quidhotelvenice.com\/wp-content\/uploads\/sites\/557\/2023\/07\/Accessible-Hotel-voco-Venice-Mestre-The-Quid_1.jpg\",\"width\":2200,\"height\":1200},{\"@type\":\"BreadcrumbList\",\"@id\":\"https:\/\/www.quidhotelvenice.com\/fr\/services\/accessibilite\/#breadcrumb\",\"itemListElement\":[{\"@type\":\"ListItem\",\"position\":1,\"name\":\"Home\",\"item\":\"https:\/\/www.quidhotelvenice.com\/fr\/\"},{\"@type\":\"ListItem\",\"position\":2,\"name\":\"Services\",\"item\":\"https:\/\/www.quidhotelvenice.com\/fr\/services\/\"},{\"@type\":\"ListItem\",\"position\":3,\"name\":\"Accessibilit\u00e9\"}]},{\"@type\":\"WebSite\",\"@id\":\"https:\/\/www.quidhotelvenice.com\/fr\/#website\",\"url\":\"https:\/\/www.quidhotelvenice.com\/fr\/\",\"name\":\"Voco Venice Mestre\",\"description\":\"\",\"potentialAction\":[{\"@type\":\"SearchAction\",\"target\":{\"@type\":\"EntryPoint\",\"urlTemplate\":\"https:\/\/www.quidhotelvenice.com\/fr\/?s={search_term_string}\"},\"query-input\":{\"@type\":\"PropertyValueSpecification\",\"valueRequired\":true,\"valueName\":\"search_term_string\"}}],\"inLanguage\":\"fr-FR\"}]}<\/script>\n<!-- \/ Yoast SEO plugin. -->","yoast_head_json":{"title":"Hotel accessible 4 \u00e9toiles | voco\u00ae Venice Mestre - The Quid","description":"Services voco\u00ae pour personnes \u00e0 mobilit\u00e9 r\u00e9duite : places de parking r\u00e9serv\u00e9es, entr\u00e9es accessibles, chambres sans barri\u00e8res architecturales. D\u00e9couvrir !","robots":{"index":"index","follow":"follow","max-snippet":"max-snippet:-1","max-image-preview":"max-image-preview:large","max-video-preview":"max-video-preview:-1"},"canonical":"https:\/\/www.quidhotelvenice.com\/fr\/services\/accessibilite\/","og_locale":"fr_FR","og_type":"article","og_title":"Hotel accessible 4 \u00e9toiles | voco\u00ae Venice Mestre - The Quid","og_description":"Services voco\u00ae pour personnes \u00e0 mobilit\u00e9 r\u00e9duite : places de parking r\u00e9serv\u00e9es, entr\u00e9es accessibles, chambres sans barri\u00e8res architecturales. D\u00e9couvrir !","og_url":"https:\/\/www.quidhotelvenice.com\/fr\/services\/accessibilite\/","og_site_name":"Voco Venice Mestre","article_modified_time":"2023-08-29T12:21:14+00:00","og_image":[{"width":2200,"height":1200,"url":"https:\/\/www.quidhotelvenice.com\/wp-content\/uploads\/sites\/557\/2023\/07\/Accessible-Hotel-voco-Venice-Mestre-The-Quid_1.jpg","type":"image\/jpeg"}],"twitter_card":"summary_large_image","twitter_misc":{"Dur\u00e9e de lecture estim\u00e9e":"1 minute"},"schema":{"@context":"https:\/\/schema.org","@graph":[{"@type":"WebPage","@id":"https:\/\/www.quidhotelvenice.com\/fr\/services\/accessibilite\/","url":"https:\/\/www.quidhotelvenice.com\/fr\/services\/accessibilite\/","name":"Hotel accessible 4 \u00e9toiles | voco\u00ae Venice Mestre - The Quid","isPartOf":{"@id":"https:\/\/www.quidhotelvenice.com\/fr\/#website"},"primaryImageOfPage":{"@id":"https:\/\/www.quidhotelvenice.com\/fr\/services\/accessibilite\/#primaryimage"},"image":{"@id":"https:\/\/www.quidhotelvenice.com\/fr\/services\/accessibilite\/#primaryimage"},"thumbnailUrl":"https:\/\/www.quidhotelvenice.com\/wp-content\/uploads\/sites\/557\/2023\/07\/Accessible-Hotel-voco-Venice-Mestre-The-Quid_1.jpg","datePublished":"2023-07-20T08:28:31+00:00","dateModified":"2023-08-29T12:21:14+00:00","description":"Services voco\u00ae pour personnes \u00e0 mobilit\u00e9 r\u00e9duite : places de parking r\u00e9serv\u00e9es, entr\u00e9es accessibles, chambres sans barri\u00e8res architecturales. D\u00e9couvrir !","breadcrumb":{"@id":"https:\/\/www.quidhotelvenice.com\/fr\/services\/accessibilite\/#breadcrumb"},"inLanguage":"fr-FR","potentialAction":[{"@type":"ReadAction","target":["https:\/\/www.quidhotelvenice.com\/fr\/services\/accessibilite\/"]}]},{"@type":"ImageObject","inLanguage":"fr-FR","@id":"https:\/\/www.quidhotelvenice.com\/fr\/services\/accessibilite\/#primaryimage","url":"https:\/\/www.quidhotelvenice.com\/wp-content\/uploads\/sites\/557\/2023\/07\/Accessible-Hotel-voco-Venice-Mestre-The-Quid_1.jpg","contentUrl":"https:\/\/www.quidhotelvenice.com\/wp-content\/uploads\/sites\/557\/2023\/07\/Accessible-Hotel-voco-Venice-Mestre-The-Quid_1.jpg","width":2200,"height":1200},{"@type":"BreadcrumbList","@id":"https:\/\/www.quidhotelvenice.com\/fr\/services\/accessibilite\/#breadcrumb","itemListElement":[{"@type":"ListItem","position":1,"name":"Home","item":"https:\/\/www.quidhotelvenice.com\/fr\/"},{"@type":"ListItem","position":2,"name":"Services","item":"https:\/\/www.quidhotelvenice.com\/fr\/services\/"},{"@type":"ListItem","position":3,"name":"Accessibilit\u00e9"}]},{"@type":"WebSite","@id":"https:\/\/www.quidhotelvenice.com\/fr\/#website","url":"https:\/\/www.quidhotelvenice.com\/fr\/","name":"Voco Venice Mestre","description":"","potentialAction":[{"@type":"SearchAction","target":{"@type":"EntryPoint","urlTemplate":"https:\/\/www.quidhotelvenice.com\/fr\/?s={search_term_string}"},"query-input":{"@type":"PropertyValueSpecification","valueRequired":true,"valueName":"search_term_string"}}],"inLanguage":"fr-FR"}]}},"acf":[],"_links":{"self":[{"href":"https:\/\/www.quidhotelvenice.com\/fr\/wp-json\/wp\/v2\/pages\/105","targetHints":{"allow":["GET"]}}],"collection":[{"href":"https:\/\/www.quidhotelvenice.com\/fr\/wp-json\/wp\/v2\/pages"}],"about":[{"href":"https:\/\/www.quidhotelvenice.com\/fr\/wp-json\/wp\/v2\/types\/page"}],"author":[{"embeddable":true,"href":"https:\/\/www.quidhotelvenice.com\/fr\/wp-json\/wp\/v2\/users\/6"}],"replies":[{"embeddable":true,"href":"https:\/\/www.quidhotelvenice.com\/fr\/wp-json\/wp\/v2\/comments?post=105"}],"version-history":[{"count":0,"href":"https:\/\/www.quidhotelvenice.com\/fr\/wp-json\/wp\/v2\/pages\/105\/revisions"}],"up":[{"embeddable":true,"href":"https:\/\/www.quidhotelvenice.com\/fr\/wp-json\/wp\/v2\/pages\/91"}],"wp:featuredmedia":[{"embeddable":true,"href":"https:\/\/www.quidhotelvenice.com\/fr\/wp-json\/wp\/v2\/media\/785"}],"wp:attachment":[{"href":"https:\/\/www.quidhotelvenice.com\/fr\/wp-json\/wp\/v2\/media?parent=105"}],"curies":[{"name":"wp","href":"https:\/\/api.w.org\/{rel}","templated":true}]}}