{"id":100,"date":"2023-07-20T08:27:56","date_gmt":"2023-07-20T08:27:56","guid":{"rendered":"https:\/\/voco-venice.ms.decms.eu\/servizi\/parcheggio-e-garage\/"},"modified":"2023-08-29T12:20:37","modified_gmt":"2023-08-29T12:20:37","slug":"parking-et-garage","status":"publish","type":"page","link":"https:\/\/www.quidhotelvenice.com\/fr\/services\/parking-et-garage\/","title":{"rendered":"Parking et garage"},"content":{"rendered":"<p><span style=\"font-weight: 400;\">Situ\u00e9 \u00e0 deux minutes de l&rsquo;<\/span><b>autoroute A4<\/b><span style=\"font-weight: 400;\"> et parfaitement <\/span><b>reli\u00e9 aux a\u00e9roports de Venise et Tr\u00e9vise<\/b><span style=\"font-weight: 400;\">, le voco\u00ae Venice Mestre offre \u00e0 un emplacement pr\u00e9f\u00e9rentiel tr\u00e8s pratique. Situ\u00e9 en <\/span><b>position strat\u00e9gique<\/b><span style=\"font-weight: 400;\">, id\u00e9ale pour les \u00e9v\u00e9nements et les r\u00e9unions, notre structure dispose d&rsquo;un <\/span><b>grand parking ext\u00e9rieur<\/b><span style=\"font-weight: 400;\"> et d&rsquo;un <\/span><b>garage souterrain<\/b><span style=\"font-weight: 400;\"> pour un total de 75 places de stationnement.\u00a0<\/span><\/p>\n<p><span style=\"font-weight: 400;\">Le <\/span><b>parking ext\u00e9rieur<\/b><span style=\"font-weight: 400;\">, gratuit et fonctionnel, est situ\u00e9 \u00e0 quelques m\u00e8tres de l&rsquo;entr\u00e9e principale et dispose de places adapt\u00e9es aux <\/span><b>cars touristiques<\/b><span style=\"font-weight: 400;\">. <\/span><span style=\"font-weight: 400;\"><br \/>\n<\/span><span style=\"font-weight: 400;\">Le <\/span><b>garage souterrain<\/b><span style=\"font-weight: 400;\">, \u00e9quip\u00e9 de <\/span><b>bornes de recharge<\/b><span style=\"font-weight: 400;\">, est l\u2019id\u00e9al pour les voitures \u00e9lectriques ou hybrides. Le prix du garage est de 10 \u20ac\/jour et comprend l&rsquo;utilisation de l\u2019<\/span><b>ascenseur<\/b><span style=\"font-weight: 400;\"> qui relie le parking directement au hall de l&rsquo;h\u00f4tel.<\/span><\/p>\n<p><span style=\"font-weight: 400;\">Parking et garage sont \u00e9quip\u00e9s de <\/span><b>places de stationnement accessibles<\/b><span style=\"font-weight: 400;\"> aux personnes \u00e0 mobilit\u00e9 r\u00e9duite et en fauteuils roulants.<\/span><\/p>\n","protected":false},"excerpt":{"rendered":"<p>Situ\u00e9 \u00e0 deux minutes de l&rsquo;autoroute A4 et parfaitement reli\u00e9 aux a\u00e9roports de Venise et Tr\u00e9vise, le voco\u00ae Venice Mestre offre \u00e0 un emplacement pr\u00e9f\u00e9rentiel tr\u00e8s pratique. Situ\u00e9 en position strat\u00e9gique, id\u00e9ale pour les \u00e9v\u00e9nements et les r\u00e9unions, notre structure dispose d&rsquo;un grand parking ext\u00e9rieur et d&rsquo;un garage souterrain pour un total de 75 places [&hellip;]<\/p>\n","protected":false},"author":6,"featured_media":781,"parent":91,"menu_order":63,"comment_status":"closed","ping_status":"closed","template":"template-default-4.php","meta":{"footnotes":""},"class_list":["post-100","page","type-page","status-publish","has-post-thumbnail","hentry"],"yoast_head":"<!-- This site is optimized with the Yoast SEO plugin v26.9 - https:\/\/yoast.com\/product\/yoast-seo-wordpress\/ -->\n<title>Hotel avec parking - garage | voco\u00ae Venice Mestre - The Quid<\/title>\n<meta name=\"description\" content=\"Profitez du parking pour voitures et cars touristiques, et du garage couvert voco\u00ae avec bornes de recharge \u00e9lectrique. Cliquer pour voir le parking.\" \/>\n<meta name=\"robots\" content=\"index, follow, max-snippet:-1, max-image-preview:large, max-video-preview:-1\" \/>\n<link rel=\"canonical\" href=\"https:\/\/www.quidhotelvenice.com\/fr\/services\/parking-et-garage\/\" \/>\n<meta property=\"og:locale\" content=\"fr_FR\" \/>\n<meta property=\"og:type\" content=\"article\" \/>\n<meta property=\"og:title\" content=\"Hotel avec parking - garage | voco\u00ae Venice Mestre - The Quid\" \/>\n<meta property=\"og:description\" content=\"Profitez du parking pour voitures et cars touristiques, et du garage couvert voco\u00ae avec bornes de recharge \u00e9lectrique. Cliquer pour voir le parking.\" \/>\n<meta property=\"og:url\" content=\"https:\/\/www.quidhotelvenice.com\/fr\/services\/parking-et-garage\/\" \/>\n<meta property=\"og:site_name\" content=\"Voco Venice Mestre\" \/>\n<meta property=\"article:modified_time\" content=\"2023-08-29T12:20:37+00:00\" \/>\n<meta property=\"og:image\" content=\"https:\/\/www.quidhotelvenice.com\/wp-content\/uploads\/sites\/557\/2023\/07\/Parking-And-Garage-voco-Venice-Mestre-The-Quid_1.jpg\" \/>\n\t<meta property=\"og:image:width\" content=\"2200\" \/>\n\t<meta property=\"og:image:height\" content=\"1200\" \/>\n\t<meta property=\"og:image:type\" content=\"image\/jpeg\" \/>\n<meta name=\"twitter:card\" content=\"summary_large_image\" \/>\n<meta name=\"twitter:label1\" content=\"Dur\u00e9e de lecture estim\u00e9e\" \/>\n\t<meta name=\"twitter:data1\" content=\"1 minute\" \/>\n<script type=\"application\/ld+json\" class=\"yoast-schema-graph\">{\"@context\":\"https:\/\/schema.org\",\"@graph\":[{\"@type\":\"WebPage\",\"@id\":\"https:\/\/www.quidhotelvenice.com\/fr\/services\/parking-et-garage\/\",\"url\":\"https:\/\/www.quidhotelvenice.com\/fr\/services\/parking-et-garage\/\",\"name\":\"Hotel avec parking - garage | voco\u00ae Venice Mestre - The Quid\",\"isPartOf\":{\"@id\":\"https:\/\/www.quidhotelvenice.com\/fr\/#website\"},\"primaryImageOfPage\":{\"@id\":\"https:\/\/www.quidhotelvenice.com\/fr\/services\/parking-et-garage\/#primaryimage\"},\"image\":{\"@id\":\"https:\/\/www.quidhotelvenice.com\/fr\/services\/parking-et-garage\/#primaryimage\"},\"thumbnailUrl\":\"https:\/\/www.quidhotelvenice.com\/wp-content\/uploads\/sites\/557\/2023\/07\/Parking-And-Garage-voco-Venice-Mestre-The-Quid_1.jpg\",\"datePublished\":\"2023-07-20T08:27:56+00:00\",\"dateModified\":\"2023-08-29T12:20:37+00:00\",\"description\":\"Profitez du parking pour voitures et cars touristiques, et du garage couvert voco\u00ae avec bornes de recharge \u00e9lectrique. Cliquer pour voir le parking.\",\"breadcrumb\":{\"@id\":\"https:\/\/www.quidhotelvenice.com\/fr\/services\/parking-et-garage\/#breadcrumb\"},\"inLanguage\":\"fr-FR\",\"potentialAction\":[{\"@type\":\"ReadAction\",\"target\":[\"https:\/\/www.quidhotelvenice.com\/fr\/services\/parking-et-garage\/\"]}]},{\"@type\":\"ImageObject\",\"inLanguage\":\"fr-FR\",\"@id\":\"https:\/\/www.quidhotelvenice.com\/fr\/services\/parking-et-garage\/#primaryimage\",\"url\":\"https:\/\/www.quidhotelvenice.com\/wp-content\/uploads\/sites\/557\/2023\/07\/Parking-And-Garage-voco-Venice-Mestre-The-Quid_1.jpg\",\"contentUrl\":\"https:\/\/www.quidhotelvenice.com\/wp-content\/uploads\/sites\/557\/2023\/07\/Parking-And-Garage-voco-Venice-Mestre-The-Quid_1.jpg\",\"width\":2200,\"height\":1200},{\"@type\":\"BreadcrumbList\",\"@id\":\"https:\/\/www.quidhotelvenice.com\/fr\/services\/parking-et-garage\/#breadcrumb\",\"itemListElement\":[{\"@type\":\"ListItem\",\"position\":1,\"name\":\"Home\",\"item\":\"https:\/\/www.quidhotelvenice.com\/fr\/\"},{\"@type\":\"ListItem\",\"position\":2,\"name\":\"Services\",\"item\":\"https:\/\/www.quidhotelvenice.com\/fr\/services\/\"},{\"@type\":\"ListItem\",\"position\":3,\"name\":\"Parking et garage\"}]},{\"@type\":\"WebSite\",\"@id\":\"https:\/\/www.quidhotelvenice.com\/fr\/#website\",\"url\":\"https:\/\/www.quidhotelvenice.com\/fr\/\",\"name\":\"Voco Venice Mestre\",\"description\":\"\",\"potentialAction\":[{\"@type\":\"SearchAction\",\"target\":{\"@type\":\"EntryPoint\",\"urlTemplate\":\"https:\/\/www.quidhotelvenice.com\/fr\/?s={search_term_string}\"},\"query-input\":{\"@type\":\"PropertyValueSpecification\",\"valueRequired\":true,\"valueName\":\"search_term_string\"}}],\"inLanguage\":\"fr-FR\"}]}<\/script>\n<!-- \/ Yoast SEO plugin. -->","yoast_head_json":{"title":"Hotel avec parking - garage | voco\u00ae Venice Mestre - The Quid","description":"Profitez du parking pour voitures et cars touristiques, et du garage couvert voco\u00ae avec bornes de recharge \u00e9lectrique. Cliquer pour voir le parking.","robots":{"index":"index","follow":"follow","max-snippet":"max-snippet:-1","max-image-preview":"max-image-preview:large","max-video-preview":"max-video-preview:-1"},"canonical":"https:\/\/www.quidhotelvenice.com\/fr\/services\/parking-et-garage\/","og_locale":"fr_FR","og_type":"article","og_title":"Hotel avec parking - garage | voco\u00ae Venice Mestre - The Quid","og_description":"Profitez du parking pour voitures et cars touristiques, et du garage couvert voco\u00ae avec bornes de recharge \u00e9lectrique. Cliquer pour voir le parking.","og_url":"https:\/\/www.quidhotelvenice.com\/fr\/services\/parking-et-garage\/","og_site_name":"Voco Venice Mestre","article_modified_time":"2023-08-29T12:20:37+00:00","og_image":[{"width":2200,"height":1200,"url":"https:\/\/www.quidhotelvenice.com\/wp-content\/uploads\/sites\/557\/2023\/07\/Parking-And-Garage-voco-Venice-Mestre-The-Quid_1.jpg","type":"image\/jpeg"}],"twitter_card":"summary_large_image","twitter_misc":{"Dur\u00e9e de lecture estim\u00e9e":"1 minute"},"schema":{"@context":"https:\/\/schema.org","@graph":[{"@type":"WebPage","@id":"https:\/\/www.quidhotelvenice.com\/fr\/services\/parking-et-garage\/","url":"https:\/\/www.quidhotelvenice.com\/fr\/services\/parking-et-garage\/","name":"Hotel avec parking - garage | voco\u00ae Venice Mestre - The Quid","isPartOf":{"@id":"https:\/\/www.quidhotelvenice.com\/fr\/#website"},"primaryImageOfPage":{"@id":"https:\/\/www.quidhotelvenice.com\/fr\/services\/parking-et-garage\/#primaryimage"},"image":{"@id":"https:\/\/www.quidhotelvenice.com\/fr\/services\/parking-et-garage\/#primaryimage"},"thumbnailUrl":"https:\/\/www.quidhotelvenice.com\/wp-content\/uploads\/sites\/557\/2023\/07\/Parking-And-Garage-voco-Venice-Mestre-The-Quid_1.jpg","datePublished":"2023-07-20T08:27:56+00:00","dateModified":"2023-08-29T12:20:37+00:00","description":"Profitez du parking pour voitures et cars touristiques, et du garage couvert voco\u00ae avec bornes de recharge \u00e9lectrique. Cliquer pour voir le parking.","breadcrumb":{"@id":"https:\/\/www.quidhotelvenice.com\/fr\/services\/parking-et-garage\/#breadcrumb"},"inLanguage":"fr-FR","potentialAction":[{"@type":"ReadAction","target":["https:\/\/www.quidhotelvenice.com\/fr\/services\/parking-et-garage\/"]}]},{"@type":"ImageObject","inLanguage":"fr-FR","@id":"https:\/\/www.quidhotelvenice.com\/fr\/services\/parking-et-garage\/#primaryimage","url":"https:\/\/www.quidhotelvenice.com\/wp-content\/uploads\/sites\/557\/2023\/07\/Parking-And-Garage-voco-Venice-Mestre-The-Quid_1.jpg","contentUrl":"https:\/\/www.quidhotelvenice.com\/wp-content\/uploads\/sites\/557\/2023\/07\/Parking-And-Garage-voco-Venice-Mestre-The-Quid_1.jpg","width":2200,"height":1200},{"@type":"BreadcrumbList","@id":"https:\/\/www.quidhotelvenice.com\/fr\/services\/parking-et-garage\/#breadcrumb","itemListElement":[{"@type":"ListItem","position":1,"name":"Home","item":"https:\/\/www.quidhotelvenice.com\/fr\/"},{"@type":"ListItem","position":2,"name":"Services","item":"https:\/\/www.quidhotelvenice.com\/fr\/services\/"},{"@type":"ListItem","position":3,"name":"Parking et garage"}]},{"@type":"WebSite","@id":"https:\/\/www.quidhotelvenice.com\/fr\/#website","url":"https:\/\/www.quidhotelvenice.com\/fr\/","name":"Voco Venice Mestre","description":"","potentialAction":[{"@type":"SearchAction","target":{"@type":"EntryPoint","urlTemplate":"https:\/\/www.quidhotelvenice.com\/fr\/?s={search_term_string}"},"query-input":{"@type":"PropertyValueSpecification","valueRequired":true,"valueName":"search_term_string"}}],"inLanguage":"fr-FR"}]}},"acf":[],"_links":{"self":[{"href":"https:\/\/www.quidhotelvenice.com\/fr\/wp-json\/wp\/v2\/pages\/100","targetHints":{"allow":["GET"]}}],"collection":[{"href":"https:\/\/www.quidhotelvenice.com\/fr\/wp-json\/wp\/v2\/pages"}],"about":[{"href":"https:\/\/www.quidhotelvenice.com\/fr\/wp-json\/wp\/v2\/types\/page"}],"author":[{"embeddable":true,"href":"https:\/\/www.quidhotelvenice.com\/fr\/wp-json\/wp\/v2\/users\/6"}],"replies":[{"embeddable":true,"href":"https:\/\/www.quidhotelvenice.com\/fr\/wp-json\/wp\/v2\/comments?post=100"}],"version-history":[{"count":0,"href":"https:\/\/www.quidhotelvenice.com\/fr\/wp-json\/wp\/v2\/pages\/100\/revisions"}],"up":[{"embeddable":true,"href":"https:\/\/www.quidhotelvenice.com\/fr\/wp-json\/wp\/v2\/pages\/91"}],"wp:featuredmedia":[{"embeddable":true,"href":"https:\/\/www.quidhotelvenice.com\/fr\/wp-json\/wp\/v2\/media\/781"}],"wp:attachment":[{"href":"https:\/\/www.quidhotelvenice.com\/fr\/wp-json\/wp\/v2\/media?parent=100"}],"curies":[{"name":"wp","href":"https:\/\/api.w.org\/{rel}","templated":true}]}}