{"id":10,"date":"2023-07-19T16:48:58","date_gmt":"2023-07-19T16:48:58","guid":{"rendered":"https:\/\/voco-venice.ms.decms.eu\/hotel\/"},"modified":"2023-08-29T10:36:57","modified_gmt":"2023-08-29T10:36:57","slug":"hotel","status":"publish","type":"page","link":"https:\/\/www.quidhotelvenice.com\/fr\/hotel\/","title":{"rendered":"Hotel"},"content":{"rendered":"<p><span style=\"font-weight: 400;\">Conscients de l&rsquo;\u00e9volution rapide des attentes et besoins des voyageurs, toute l\u2019\u00e9quipe du voco\u00ae s\u2019engage au quotidien pour offrir \u00e0 ses h\u00f4tes une exp\u00e9rience tout simplement inoubliable, dans le respect de notre philosophie : <\/span><b>Work hard, have fun!<\/b><\/p>\n<p><span style=\"font-weight: 400;\">Le voco\u00ae Venice Mestre &#8211; The Quid est l\u2019h\u00f4tel 4 \u00e9toiles id\u00e9al pour tous les <\/span><b>voyageurs bleisure<\/b><span style=\"font-weight: 400;\">, nationaux et internationaux, les <\/span><b>business travellers<\/b><span style=\"font-weight: 400;\"> et tous les aficionados des <\/span><b>voyages entre amis ou en famille<\/b><span style=\"font-weight: 400;\">. Nous conjuguons notre \u00e2me d\u2019\u00e9cologistes et notre amour pour les d\u00e9tails, un mariage essentiel pour obtenir la satisfaction totale de nos h\u00f4tes<\/span><\/p>\n","protected":false},"excerpt":{"rendered":"<p>Conscients de l&rsquo;\u00e9volution rapide des attentes et besoins des voyageurs, toute l\u2019\u00e9quipe du voco\u00ae s\u2019engage au quotidien pour offrir \u00e0 ses h\u00f4tes une exp\u00e9rience tout simplement inoubliable, dans le respect de notre philosophie : Work hard, have fun! Le voco\u00ae Venice Mestre &#8211; The Quid est l\u2019h\u00f4tel 4 \u00e9toiles id\u00e9al pour tous les voyageurs bleisure, [&hellip;]<\/p>\n","protected":false},"author":6,"featured_media":551,"parent":0,"menu_order":10,"comment_status":"closed","ping_status":"closed","template":"","meta":{"footnotes":""},"class_list":["post-10","page","type-page","status-publish","has-post-thumbnail","hentry"],"yoast_head":"<!-- This site is optimized with the Yoast SEO plugin v26.9 - https:\/\/yoast.com\/product\/yoast-seo-wordpress\/ -->\n<title>H\u00f4tel Tangenziale Mestre | voco\u00ae Venice Mestre - The Quid<\/title>\n<meta name=\"description\" content=\"Le 4 \u00e9toiles o\u00f9 le confort flirte avec le divertissement ! Pr\u00e8s de la gare de Mestre : travailler, se d\u00e9tendre et s&#039;amuser. D\u00e9couvrir les services voco\u00ae !\" \/>\n<meta name=\"robots\" content=\"index, follow, max-snippet:-1, max-image-preview:large, max-video-preview:-1\" \/>\n<link rel=\"canonical\" href=\"https:\/\/www.quidhotelvenice.com\/fr\/hotel\/\" \/>\n<meta property=\"og:locale\" content=\"fr_FR\" \/>\n<meta property=\"og:type\" content=\"article\" \/>\n<meta property=\"og:title\" content=\"H\u00f4tel Tangenziale Mestre | voco\u00ae Venice Mestre - The Quid\" \/>\n<meta property=\"og:description\" content=\"Le 4 \u00e9toiles o\u00f9 le confort flirte avec le divertissement ! Pr\u00e8s de la gare de Mestre : travailler, se d\u00e9tendre et s&#039;amuser. D\u00e9couvrir les services voco\u00ae !\" \/>\n<meta property=\"og:url\" content=\"https:\/\/www.quidhotelvenice.com\/fr\/hotel\/\" \/>\n<meta property=\"og:site_name\" content=\"Voco Venice Mestre\" \/>\n<meta property=\"article:modified_time\" content=\"2023-08-29T10:36:57+00:00\" \/>\n<meta property=\"og:image\" content=\"https:\/\/www.quidhotelvenice.com\/wp-content\/uploads\/sites\/557\/2023\/07\/Hotel-Lobby-voco-Venice-Mestre-The-Quid.jpeg\" \/>\n\t<meta property=\"og:image:width\" content=\"2200\" \/>\n\t<meta property=\"og:image:height\" content=\"1200\" \/>\n\t<meta property=\"og:image:type\" content=\"image\/jpeg\" \/>\n<meta name=\"twitter:card\" content=\"summary_large_image\" \/>\n<meta name=\"twitter:label1\" content=\"Dur\u00e9e de lecture estim\u00e9e\" \/>\n\t<meta name=\"twitter:data1\" content=\"1 minute\" \/>\n<script type=\"application\/ld+json\" class=\"yoast-schema-graph\">{\"@context\":\"https:\/\/schema.org\",\"@graph\":[{\"@type\":\"WebPage\",\"@id\":\"https:\/\/www.quidhotelvenice.com\/fr\/hotel\/\",\"url\":\"https:\/\/www.quidhotelvenice.com\/fr\/hotel\/\",\"name\":\"H\u00f4tel Tangenziale Mestre | voco\u00ae Venice Mestre - The Quid\",\"isPartOf\":{\"@id\":\"https:\/\/www.quidhotelvenice.com\/fr\/#website\"},\"primaryImageOfPage\":{\"@id\":\"https:\/\/www.quidhotelvenice.com\/fr\/hotel\/#primaryimage\"},\"image\":{\"@id\":\"https:\/\/www.quidhotelvenice.com\/fr\/hotel\/#primaryimage\"},\"thumbnailUrl\":\"https:\/\/www.quidhotelvenice.com\/wp-content\/uploads\/sites\/557\/2023\/07\/Hotel-Lobby-voco-Venice-Mestre-The-Quid.jpeg\",\"datePublished\":\"2023-07-19T16:48:58+00:00\",\"dateModified\":\"2023-08-29T10:36:57+00:00\",\"description\":\"Le 4 \u00e9toiles o\u00f9 le confort flirte avec le divertissement ! Pr\u00e8s de la gare de Mestre : travailler, se d\u00e9tendre et s'amuser. D\u00e9couvrir les services voco\u00ae !\",\"breadcrumb\":{\"@id\":\"https:\/\/www.quidhotelvenice.com\/fr\/hotel\/#breadcrumb\"},\"inLanguage\":\"fr-FR\",\"potentialAction\":[{\"@type\":\"ReadAction\",\"target\":[\"https:\/\/www.quidhotelvenice.com\/fr\/hotel\/\"]}]},{\"@type\":\"ImageObject\",\"inLanguage\":\"fr-FR\",\"@id\":\"https:\/\/www.quidhotelvenice.com\/fr\/hotel\/#primaryimage\",\"url\":\"https:\/\/www.quidhotelvenice.com\/wp-content\/uploads\/sites\/557\/2023\/07\/Hotel-Lobby-voco-Venice-Mestre-The-Quid.jpeg\",\"contentUrl\":\"https:\/\/www.quidhotelvenice.com\/wp-content\/uploads\/sites\/557\/2023\/07\/Hotel-Lobby-voco-Venice-Mestre-The-Quid.jpeg\",\"width\":2200,\"height\":1200},{\"@type\":\"BreadcrumbList\",\"@id\":\"https:\/\/www.quidhotelvenice.com\/fr\/hotel\/#breadcrumb\",\"itemListElement\":[{\"@type\":\"ListItem\",\"position\":1,\"name\":\"Home\",\"item\":\"https:\/\/www.quidhotelvenice.com\/fr\/\"},{\"@type\":\"ListItem\",\"position\":2,\"name\":\"Hotel\"}]},{\"@type\":\"WebSite\",\"@id\":\"https:\/\/www.quidhotelvenice.com\/fr\/#website\",\"url\":\"https:\/\/www.quidhotelvenice.com\/fr\/\",\"name\":\"Voco Venice Mestre\",\"description\":\"\",\"potentialAction\":[{\"@type\":\"SearchAction\",\"target\":{\"@type\":\"EntryPoint\",\"urlTemplate\":\"https:\/\/www.quidhotelvenice.com\/fr\/?s={search_term_string}\"},\"query-input\":{\"@type\":\"PropertyValueSpecification\",\"valueRequired\":true,\"valueName\":\"search_term_string\"}}],\"inLanguage\":\"fr-FR\"}]}<\/script>\n<!-- \/ Yoast SEO plugin. -->","yoast_head_json":{"title":"H\u00f4tel Tangenziale Mestre | voco\u00ae Venice Mestre - The Quid","description":"Le 4 \u00e9toiles o\u00f9 le confort flirte avec le divertissement ! Pr\u00e8s de la gare de Mestre : travailler, se d\u00e9tendre et s'amuser. D\u00e9couvrir les services voco\u00ae !","robots":{"index":"index","follow":"follow","max-snippet":"max-snippet:-1","max-image-preview":"max-image-preview:large","max-video-preview":"max-video-preview:-1"},"canonical":"https:\/\/www.quidhotelvenice.com\/fr\/hotel\/","og_locale":"fr_FR","og_type":"article","og_title":"H\u00f4tel Tangenziale Mestre | voco\u00ae Venice Mestre - The Quid","og_description":"Le 4 \u00e9toiles o\u00f9 le confort flirte avec le divertissement ! Pr\u00e8s de la gare de Mestre : travailler, se d\u00e9tendre et s'amuser. D\u00e9couvrir les services voco\u00ae !","og_url":"https:\/\/www.quidhotelvenice.com\/fr\/hotel\/","og_site_name":"Voco Venice Mestre","article_modified_time":"2023-08-29T10:36:57+00:00","og_image":[{"width":2200,"height":1200,"url":"https:\/\/www.quidhotelvenice.com\/wp-content\/uploads\/sites\/557\/2023\/07\/Hotel-Lobby-voco-Venice-Mestre-The-Quid.jpeg","type":"image\/jpeg"}],"twitter_card":"summary_large_image","twitter_misc":{"Dur\u00e9e de lecture estim\u00e9e":"1 minute"},"schema":{"@context":"https:\/\/schema.org","@graph":[{"@type":"WebPage","@id":"https:\/\/www.quidhotelvenice.com\/fr\/hotel\/","url":"https:\/\/www.quidhotelvenice.com\/fr\/hotel\/","name":"H\u00f4tel Tangenziale Mestre | voco\u00ae Venice Mestre - The Quid","isPartOf":{"@id":"https:\/\/www.quidhotelvenice.com\/fr\/#website"},"primaryImageOfPage":{"@id":"https:\/\/www.quidhotelvenice.com\/fr\/hotel\/#primaryimage"},"image":{"@id":"https:\/\/www.quidhotelvenice.com\/fr\/hotel\/#primaryimage"},"thumbnailUrl":"https:\/\/www.quidhotelvenice.com\/wp-content\/uploads\/sites\/557\/2023\/07\/Hotel-Lobby-voco-Venice-Mestre-The-Quid.jpeg","datePublished":"2023-07-19T16:48:58+00:00","dateModified":"2023-08-29T10:36:57+00:00","description":"Le 4 \u00e9toiles o\u00f9 le confort flirte avec le divertissement ! Pr\u00e8s de la gare de Mestre : travailler, se d\u00e9tendre et s'amuser. D\u00e9couvrir les services voco\u00ae !","breadcrumb":{"@id":"https:\/\/www.quidhotelvenice.com\/fr\/hotel\/#breadcrumb"},"inLanguage":"fr-FR","potentialAction":[{"@type":"ReadAction","target":["https:\/\/www.quidhotelvenice.com\/fr\/hotel\/"]}]},{"@type":"ImageObject","inLanguage":"fr-FR","@id":"https:\/\/www.quidhotelvenice.com\/fr\/hotel\/#primaryimage","url":"https:\/\/www.quidhotelvenice.com\/wp-content\/uploads\/sites\/557\/2023\/07\/Hotel-Lobby-voco-Venice-Mestre-The-Quid.jpeg","contentUrl":"https:\/\/www.quidhotelvenice.com\/wp-content\/uploads\/sites\/557\/2023\/07\/Hotel-Lobby-voco-Venice-Mestre-The-Quid.jpeg","width":2200,"height":1200},{"@type":"BreadcrumbList","@id":"https:\/\/www.quidhotelvenice.com\/fr\/hotel\/#breadcrumb","itemListElement":[{"@type":"ListItem","position":1,"name":"Home","item":"https:\/\/www.quidhotelvenice.com\/fr\/"},{"@type":"ListItem","position":2,"name":"Hotel"}]},{"@type":"WebSite","@id":"https:\/\/www.quidhotelvenice.com\/fr\/#website","url":"https:\/\/www.quidhotelvenice.com\/fr\/","name":"Voco Venice Mestre","description":"","potentialAction":[{"@type":"SearchAction","target":{"@type":"EntryPoint","urlTemplate":"https:\/\/www.quidhotelvenice.com\/fr\/?s={search_term_string}"},"query-input":{"@type":"PropertyValueSpecification","valueRequired":true,"valueName":"search_term_string"}}],"inLanguage":"fr-FR"}]}},"acf":[],"_links":{"self":[{"href":"https:\/\/www.quidhotelvenice.com\/fr\/wp-json\/wp\/v2\/pages\/10","targetHints":{"allow":["GET"]}}],"collection":[{"href":"https:\/\/www.quidhotelvenice.com\/fr\/wp-json\/wp\/v2\/pages"}],"about":[{"href":"https:\/\/www.quidhotelvenice.com\/fr\/wp-json\/wp\/v2\/types\/page"}],"author":[{"embeddable":true,"href":"https:\/\/www.quidhotelvenice.com\/fr\/wp-json\/wp\/v2\/users\/6"}],"replies":[{"embeddable":true,"href":"https:\/\/www.quidhotelvenice.com\/fr\/wp-json\/wp\/v2\/comments?post=10"}],"version-history":[{"count":0,"href":"https:\/\/www.quidhotelvenice.com\/fr\/wp-json\/wp\/v2\/pages\/10\/revisions"}],"wp:featuredmedia":[{"embeddable":true,"href":"https:\/\/www.quidhotelvenice.com\/fr\/wp-json\/wp\/v2\/media\/551"}],"wp:attachment":[{"href":"https:\/\/www.quidhotelvenice.com\/fr\/wp-json\/wp\/v2\/media?parent=10"}],"curies":[{"name":"wp","href":"https:\/\/api.w.org\/{rel}","templated":true}]}}