{"id":97,"date":"2023-07-20T08:26:58","date_gmt":"2023-07-20T08:26:58","guid":{"rendered":"https:\/\/voco-venice.ms.decms.eu\/servizi\/sala-fitness\/"},"modified":"2025-06-03T12:45:44","modified_gmt":"2025-06-03T12:45:44","slug":"fitnessraum","status":"publish","type":"page","link":"https:\/\/www.quidhotelvenice.com\/de\/servicleistungen\/fitnessraum\/","title":{"rendered":"Fitnessraum"},"content":{"rendered":"<p><span style=\"font-weight: 400\">Bewegung ist eine der wirksamsten Methoden, um Stress, \u00c4ngste und Frustrationen abzubauen: Deshalb steht Ihnen im voco\u00ae Venice Mestre <\/span><b>rund um die Uhr<\/b><span style=\"font-weight: 400\"> ein gut ausgestatteter <\/span><b>Fitnessraum<\/b><span style=\"font-weight: 400\"> zur Verf\u00fcgung. <\/span><span style=\"font-weight: 400\"><br \/>\n<\/span><span style=\"font-weight: 400\">Trainieren Sie kostenlos, wann Sie wollen und wie Sie wollen! W\u00e4hlen Sie aus unseren hochmodernen <\/span><b>Technogym-Ger\u00e4ten<\/b><span style=\"font-weight: 400\">, probieren Sie unser professionelles <\/span><b>Laufband<\/b><span style=\"font-weight: 400\"> aus oder steigen Sie auf ein <\/span><b>Bike Forma<\/b><span style=\"font-weight: 400\"> und erleben Sie, wie sich Radfahren auf der Stra\u00dfe anf\u00fchlt &#8211; nur ohne Smog und Autofahrer! <\/span><span style=\"font-weight: 400\"><br \/>\n<\/span><span style=\"font-weight: 400\">Im Fitnessraum finden Sie au\u00dferdem <\/span><b>Synchro Forma<\/b><span style=\"font-weight: 400\">, einen professionellen Crosstrainer, <\/span><b>Kinesis Personal<\/b><span style=\"font-weight: 400\"> und eine <\/span><b>Crunchbank<\/b><span style=\"font-weight: 400\"> f\u00fcr einen straffen Bauch. Nat\u00fcrlich d\u00fcrfen auch <\/span><b>Trainingsmatten<\/b><span style=\"font-weight: 400\"> und klassische <\/span><b>Kurzhanteln<\/b><span style=\"font-weight: 400\"> f\u00fcr ein komplettes Allroundtraining nicht fehlen.<\/span><\/p>\n<p><span style=\"font-weight: 400\">Wir sind bereit zu trainieren, Sie auch?<\/span><\/p>\n","protected":false},"excerpt":{"rendered":"<p>Bewegung ist eine der wirksamsten Methoden, um Stress, \u00c4ngste und Frustrationen abzubauen: Deshalb steht Ihnen im voco\u00ae Venice Mestre rund um die Uhr ein gut ausgestatteter Fitnessraum zur Verf\u00fcgung. Trainieren Sie kostenlos, wann Sie wollen und wie Sie wollen! W\u00e4hlen Sie aus unseren hochmodernen Technogym-Ger\u00e4ten, probieren Sie unser professionelles Laufband aus oder steigen Sie auf [&hellip;]<\/p>\n","protected":false},"author":6,"featured_media":770,"parent":92,"menu_order":62,"comment_status":"closed","ping_status":"closed","template":"template-default-4.php","meta":{"footnotes":""},"class_list":["post-97","page","type-page","status-publish","has-post-thumbnail","hentry"],"yoast_head":"<!-- This site is optimized with the Yoast SEO plugin v26.9 - https:\/\/yoast.com\/product\/yoast-seo-wordpress\/ -->\n<title>Hotel mit Fitnessraum | voco\u00ae Venice Mestre - The Quid<\/title>\n<meta name=\"description\" content=\"F\u00fcr Ihren Aufenthalt in Mestre, ohne auf Ihr Training zu verzichten. Testen Sie unseren Fitnessraum mit Technogym Ger\u00e4ten. Zum Online-Buchen klicken!\" \/>\n<meta name=\"robots\" content=\"index, follow, max-snippet:-1, max-image-preview:large, max-video-preview:-1\" \/>\n<link rel=\"canonical\" href=\"https:\/\/www.quidhotelvenice.com\/de\/servicleistungen\/fitnessraum\/\" \/>\n<meta property=\"og:locale\" content=\"de_DE\" \/>\n<meta property=\"og:type\" content=\"article\" \/>\n<meta property=\"og:title\" content=\"Hotel mit Fitnessraum | voco\u00ae Venice Mestre - The Quid\" \/>\n<meta property=\"og:description\" content=\"F\u00fcr Ihren Aufenthalt in Mestre, ohne auf Ihr Training zu verzichten. Testen Sie unseren Fitnessraum mit Technogym Ger\u00e4ten. Zum Online-Buchen klicken!\" \/>\n<meta property=\"og:url\" content=\"https:\/\/www.quidhotelvenice.com\/de\/servicleistungen\/fitnessraum\/\" \/>\n<meta property=\"og:site_name\" content=\"Voco Venice Mestre\" \/>\n<meta property=\"article:modified_time\" content=\"2025-06-03T12:45:44+00:00\" \/>\n<meta property=\"og:image\" content=\"https:\/\/www.quidhotelvenice.com\/wp-content\/uploads\/sites\/557\/2023\/07\/01-Fitness-Room-voco-Venice-Mestre-The-Quid.jpg\" \/>\n\t<meta property=\"og:image:width\" content=\"2200\" \/>\n\t<meta property=\"og:image:height\" content=\"1200\" \/>\n\t<meta property=\"og:image:type\" content=\"image\/jpeg\" \/>\n<meta name=\"twitter:card\" content=\"summary_large_image\" \/>\n<meta name=\"twitter:label1\" content=\"Gesch\u00e4tzte Lesezeit\" \/>\n\t<meta name=\"twitter:data1\" content=\"1 Minute\" \/>\n<script type=\"application\/ld+json\" class=\"yoast-schema-graph\">{\"@context\":\"https:\/\/schema.org\",\"@graph\":[{\"@type\":\"WebPage\",\"@id\":\"https:\/\/www.quidhotelvenice.com\/de\/servicleistungen\/fitnessraum\/\",\"url\":\"https:\/\/www.quidhotelvenice.com\/de\/servicleistungen\/fitnessraum\/\",\"name\":\"Hotel mit Fitnessraum | voco\u00ae Venice Mestre - The Quid\",\"isPartOf\":{\"@id\":\"https:\/\/www.quidhotelvenice.com\/de\/#website\"},\"primaryImageOfPage\":{\"@id\":\"https:\/\/www.quidhotelvenice.com\/de\/servicleistungen\/fitnessraum\/#primaryimage\"},\"image\":{\"@id\":\"https:\/\/www.quidhotelvenice.com\/de\/servicleistungen\/fitnessraum\/#primaryimage\"},\"thumbnailUrl\":\"https:\/\/www.quidhotelvenice.com\/wp-content\/uploads\/sites\/557\/2023\/07\/01-Fitness-Room-voco-Venice-Mestre-The-Quid.jpg\",\"datePublished\":\"2023-07-20T08:26:58+00:00\",\"dateModified\":\"2025-06-03T12:45:44+00:00\",\"description\":\"F\u00fcr Ihren Aufenthalt in Mestre, ohne auf Ihr Training zu verzichten. Testen Sie unseren Fitnessraum mit Technogym Ger\u00e4ten. Zum Online-Buchen klicken!\",\"breadcrumb\":{\"@id\":\"https:\/\/www.quidhotelvenice.com\/de\/servicleistungen\/fitnessraum\/#breadcrumb\"},\"inLanguage\":\"de-DE\",\"potentialAction\":[{\"@type\":\"ReadAction\",\"target\":[\"https:\/\/www.quidhotelvenice.com\/de\/servicleistungen\/fitnessraum\/\"]}]},{\"@type\":\"ImageObject\",\"inLanguage\":\"de-DE\",\"@id\":\"https:\/\/www.quidhotelvenice.com\/de\/servicleistungen\/fitnessraum\/#primaryimage\",\"url\":\"https:\/\/www.quidhotelvenice.com\/wp-content\/uploads\/sites\/557\/2023\/07\/01-Fitness-Room-voco-Venice-Mestre-The-Quid.jpg\",\"contentUrl\":\"https:\/\/www.quidhotelvenice.com\/wp-content\/uploads\/sites\/557\/2023\/07\/01-Fitness-Room-voco-Venice-Mestre-The-Quid.jpg\",\"width\":2200,\"height\":1200},{\"@type\":\"BreadcrumbList\",\"@id\":\"https:\/\/www.quidhotelvenice.com\/de\/servicleistungen\/fitnessraum\/#breadcrumb\",\"itemListElement\":[{\"@type\":\"ListItem\",\"position\":1,\"name\":\"Home\",\"item\":\"https:\/\/www.quidhotelvenice.com\/de\/\"},{\"@type\":\"ListItem\",\"position\":2,\"name\":\"Servicleistungen\",\"item\":\"https:\/\/www.quidhotelvenice.com\/de\/servicleistungen\/\"},{\"@type\":\"ListItem\",\"position\":3,\"name\":\"Fitnessraum\"}]},{\"@type\":\"WebSite\",\"@id\":\"https:\/\/www.quidhotelvenice.com\/de\/#website\",\"url\":\"https:\/\/www.quidhotelvenice.com\/de\/\",\"name\":\"Voco Venice Mestre\",\"description\":\"\",\"potentialAction\":[{\"@type\":\"SearchAction\",\"target\":{\"@type\":\"EntryPoint\",\"urlTemplate\":\"https:\/\/www.quidhotelvenice.com\/de\/?s={search_term_string}\"},\"query-input\":{\"@type\":\"PropertyValueSpecification\",\"valueRequired\":true,\"valueName\":\"search_term_string\"}}],\"inLanguage\":\"de-DE\"}]}<\/script>\n<!-- \/ Yoast SEO plugin. -->","yoast_head_json":{"title":"Hotel mit Fitnessraum | voco\u00ae Venice Mestre - The Quid","description":"F\u00fcr Ihren Aufenthalt in Mestre, ohne auf Ihr Training zu verzichten. Testen Sie unseren Fitnessraum mit Technogym Ger\u00e4ten. Zum Online-Buchen klicken!","robots":{"index":"index","follow":"follow","max-snippet":"max-snippet:-1","max-image-preview":"max-image-preview:large","max-video-preview":"max-video-preview:-1"},"canonical":"https:\/\/www.quidhotelvenice.com\/de\/servicleistungen\/fitnessraum\/","og_locale":"de_DE","og_type":"article","og_title":"Hotel mit Fitnessraum | voco\u00ae Venice Mestre - The Quid","og_description":"F\u00fcr Ihren Aufenthalt in Mestre, ohne auf Ihr Training zu verzichten. Testen Sie unseren Fitnessraum mit Technogym Ger\u00e4ten. Zum Online-Buchen klicken!","og_url":"https:\/\/www.quidhotelvenice.com\/de\/servicleistungen\/fitnessraum\/","og_site_name":"Voco Venice Mestre","article_modified_time":"2025-06-03T12:45:44+00:00","og_image":[{"width":2200,"height":1200,"url":"https:\/\/www.quidhotelvenice.com\/wp-content\/uploads\/sites\/557\/2023\/07\/01-Fitness-Room-voco-Venice-Mestre-The-Quid.jpg","type":"image\/jpeg"}],"twitter_card":"summary_large_image","twitter_misc":{"Gesch\u00e4tzte Lesezeit":"1 Minute"},"schema":{"@context":"https:\/\/schema.org","@graph":[{"@type":"WebPage","@id":"https:\/\/www.quidhotelvenice.com\/de\/servicleistungen\/fitnessraum\/","url":"https:\/\/www.quidhotelvenice.com\/de\/servicleistungen\/fitnessraum\/","name":"Hotel mit Fitnessraum | voco\u00ae Venice Mestre - The Quid","isPartOf":{"@id":"https:\/\/www.quidhotelvenice.com\/de\/#website"},"primaryImageOfPage":{"@id":"https:\/\/www.quidhotelvenice.com\/de\/servicleistungen\/fitnessraum\/#primaryimage"},"image":{"@id":"https:\/\/www.quidhotelvenice.com\/de\/servicleistungen\/fitnessraum\/#primaryimage"},"thumbnailUrl":"https:\/\/www.quidhotelvenice.com\/wp-content\/uploads\/sites\/557\/2023\/07\/01-Fitness-Room-voco-Venice-Mestre-The-Quid.jpg","datePublished":"2023-07-20T08:26:58+00:00","dateModified":"2025-06-03T12:45:44+00:00","description":"F\u00fcr Ihren Aufenthalt in Mestre, ohne auf Ihr Training zu verzichten. Testen Sie unseren Fitnessraum mit Technogym Ger\u00e4ten. Zum Online-Buchen klicken!","breadcrumb":{"@id":"https:\/\/www.quidhotelvenice.com\/de\/servicleistungen\/fitnessraum\/#breadcrumb"},"inLanguage":"de-DE","potentialAction":[{"@type":"ReadAction","target":["https:\/\/www.quidhotelvenice.com\/de\/servicleistungen\/fitnessraum\/"]}]},{"@type":"ImageObject","inLanguage":"de-DE","@id":"https:\/\/www.quidhotelvenice.com\/de\/servicleistungen\/fitnessraum\/#primaryimage","url":"https:\/\/www.quidhotelvenice.com\/wp-content\/uploads\/sites\/557\/2023\/07\/01-Fitness-Room-voco-Venice-Mestre-The-Quid.jpg","contentUrl":"https:\/\/www.quidhotelvenice.com\/wp-content\/uploads\/sites\/557\/2023\/07\/01-Fitness-Room-voco-Venice-Mestre-The-Quid.jpg","width":2200,"height":1200},{"@type":"BreadcrumbList","@id":"https:\/\/www.quidhotelvenice.com\/de\/servicleistungen\/fitnessraum\/#breadcrumb","itemListElement":[{"@type":"ListItem","position":1,"name":"Home","item":"https:\/\/www.quidhotelvenice.com\/de\/"},{"@type":"ListItem","position":2,"name":"Servicleistungen","item":"https:\/\/www.quidhotelvenice.com\/de\/servicleistungen\/"},{"@type":"ListItem","position":3,"name":"Fitnessraum"}]},{"@type":"WebSite","@id":"https:\/\/www.quidhotelvenice.com\/de\/#website","url":"https:\/\/www.quidhotelvenice.com\/de\/","name":"Voco Venice Mestre","description":"","potentialAction":[{"@type":"SearchAction","target":{"@type":"EntryPoint","urlTemplate":"https:\/\/www.quidhotelvenice.com\/de\/?s={search_term_string}"},"query-input":{"@type":"PropertyValueSpecification","valueRequired":true,"valueName":"search_term_string"}}],"inLanguage":"de-DE"}]}},"acf":[],"_links":{"self":[{"href":"https:\/\/www.quidhotelvenice.com\/de\/wp-json\/wp\/v2\/pages\/97","targetHints":{"allow":["GET"]}}],"collection":[{"href":"https:\/\/www.quidhotelvenice.com\/de\/wp-json\/wp\/v2\/pages"}],"about":[{"href":"https:\/\/www.quidhotelvenice.com\/de\/wp-json\/wp\/v2\/types\/page"}],"author":[{"embeddable":true,"href":"https:\/\/www.quidhotelvenice.com\/de\/wp-json\/wp\/v2\/users\/6"}],"replies":[{"embeddable":true,"href":"https:\/\/www.quidhotelvenice.com\/de\/wp-json\/wp\/v2\/comments?post=97"}],"version-history":[{"count":0,"href":"https:\/\/www.quidhotelvenice.com\/de\/wp-json\/wp\/v2\/pages\/97\/revisions"}],"up":[{"embeddable":true,"href":"https:\/\/www.quidhotelvenice.com\/de\/wp-json\/wp\/v2\/pages\/92"}],"wp:featuredmedia":[{"embeddable":true,"href":"https:\/\/www.quidhotelvenice.com\/de\/wp-json\/wp\/v2\/media\/770"}],"wp:attachment":[{"href":"https:\/\/www.quidhotelvenice.com\/de\/wp-json\/wp\/v2\/media?parent=97"}],"curies":[{"name":"wp","href":"https:\/\/api.w.org\/{rel}","templated":true}]}}