{"id":92,"date":"2023-07-20T08:25:25","date_gmt":"2023-07-20T08:25:25","guid":{"rendered":"https:\/\/voco-venice.ms.decms.eu\/servizi\/"},"modified":"2023-08-29T14:45:31","modified_gmt":"2023-08-29T14:45:31","slug":"servicleistungen","status":"publish","type":"page","link":"https:\/\/www.quidhotelvenice.com\/de\/servicleistungen\/","title":{"rendered":"Servicleistungen"},"content":{"rendered":"<p><span style=\"font-weight: 400;\">Bei voco\u00ae Venice Mestre arbeiten wir jeden Tag daran, unseren G\u00e4sten einen Aufenthalt ganz im voco\u00ae-Stil zu bieten: modern, dynamisch und absolut <\/span><b>unvergesslich<\/b><span style=\"font-weight: 400;\">.\u00a0\u00a0<\/span><\/p>\n<p><span style=\"font-weight: 400;\">Da wir wissen, dass jeder Reisende andere Bed\u00fcrfnisse hat, haben wir eine breite Palette von Serviceleistungen entwickelt, um alle <\/span><b>Ihre W\u00fcnsche<\/b><span style=\"font-weight: 400;\"> zu erf\u00fcllen. <\/span><span style=\"font-weight: 400;\"><br \/>\n<\/span><span style=\"font-weight: 400;\">In unserem Hotel werden Sie eine <\/span><b>entspannende Erfahrung <\/b><span style=\"font-weight: 400;\">machen, die sich durch Wohlbefinden, Spa\u00df und Professionalit\u00e4t auszeichnet. Sie werden nicht gezwungen sein, in engen R\u00e4umen mit unbequemen Sitzgelegenheiten zu arbeiten, sondern k\u00f6nnen <\/span><b>gro\u00dfe Schreibtische<\/b><span style=\"font-weight: 400;\"> und <\/span><b>ergonomische St\u00fchle<\/b><span style=\"font-weight: 400;\">, die perfekt f\u00fcr Smart Working geeignet sind, sowie <\/span><b>barrierefreie<\/b><span style=\"font-weight: 400;\"> Zimmer nutzen. Au\u00dferdem gibt es eine <\/span><b>Gaming Area<\/b><span style=\"font-weight: 400;\">, in der Sie sich entspannen und mit Freunden und Kollegen unterhalten k\u00f6nnen, sowie einen gut ausgestatteten <\/span><b>Fitnessraum<\/b><span style=\"font-weight: 400;\">, in dem Sie Ihre Muskeln dehnen und trainieren k\u00f6nnen. <\/span><\/p>\n<p><span style=\"font-weight: 400;\">Bei uns finden Sie ger\u00e4umige, nat\u00fcrlich beleuchtete Bereiche, einen gro\u00dfen kostenlosen Parkplatz und eine Tiefgarage sowie zahlreiche Serviceleistungen f\u00fcr <\/span><b>Reisende mit Familie<\/b><span style=\"font-weight: 400;\"> oder <\/span><b>vierbeinigem Freund<\/b><span style=\"font-weight: 400;\">. <\/span><span style=\"font-weight: 400;\"><br \/>\n<\/span><span style=\"font-weight: 400;\">Ihre Zufriedenheit ist unsere Priorit\u00e4t: Entscheiden Sie sich f\u00fcr voco\u00ae Venice Mestre, und wir versprechen Ihnen, dass Sie nie wieder nach Hause fahren m\u00f6chten!<\/span><\/p>\n","protected":false},"excerpt":{"rendered":"<p>Bei voco\u00ae Venice Mestre arbeiten wir jeden Tag daran, unseren G\u00e4sten einen Aufenthalt ganz im voco\u00ae-Stil zu bieten: modern, dynamisch und absolut unvergesslich.\u00a0\u00a0 Da wir wissen, dass jeder Reisende andere Bed\u00fcrfnisse hat, haben wir eine breite Palette von Serviceleistungen entwickelt, um alle Ihre W\u00fcnsche zu erf\u00fcllen. In unserem Hotel werden Sie eine entspannende Erfahrung machen, [&hellip;]<\/p>\n","protected":false},"author":6,"featured_media":758,"parent":0,"menu_order":60,"comment_status":"closed","ping_status":"closed","template":"","meta":{"footnotes":""},"class_list":["post-92","page","type-page","status-publish","has-post-thumbnail","hentry"],"yoast_head":"<!-- This site is optimized with the Yoast SEO plugin v26.9 - https:\/\/yoast.com\/product\/yoast-seo-wordpress\/ -->\n<title>Fitnessraum, Parkplatz | voco\u00ae Venice Mestre - The Quid<\/title>\n<meta name=\"description\" content=\"voco\u00ae Venice Mestre Hotel bietet alle Serviceleistungen f\u00fcr Business und Familie. Genie\u00dfen Sie den Aufenthalt in einem 4-Sterne-Hotel.\" \/>\n<meta name=\"robots\" content=\"index, follow, max-snippet:-1, max-image-preview:large, max-video-preview:-1\" \/>\n<link rel=\"canonical\" href=\"https:\/\/www.quidhotelvenice.com\/de\/servicleistungen\/\" \/>\n<meta property=\"og:locale\" content=\"de_DE\" \/>\n<meta property=\"og:type\" content=\"article\" \/>\n<meta property=\"og:title\" content=\"Fitnessraum, Parkplatz | voco\u00ae Venice Mestre - The Quid\" \/>\n<meta property=\"og:description\" content=\"voco\u00ae Venice Mestre Hotel bietet alle Serviceleistungen f\u00fcr Business und Familie. Genie\u00dfen Sie den Aufenthalt in einem 4-Sterne-Hotel.\" \/>\n<meta property=\"og:url\" content=\"https:\/\/www.quidhotelvenice.com\/de\/servicleistungen\/\" \/>\n<meta property=\"og:site_name\" content=\"Voco Venice Mestre\" \/>\n<meta property=\"article:modified_time\" content=\"2023-08-29T14:45:31+00:00\" \/>\n<meta property=\"og:image\" content=\"https:\/\/www.quidhotelvenice.com\/wp-content\/uploads\/sites\/557\/2023\/07\/Fitness-Room-voco-Venice-Mestre-The-Quid.jpg\" \/>\n\t<meta property=\"og:image:width\" content=\"2200\" \/>\n\t<meta property=\"og:image:height\" content=\"1200\" \/>\n\t<meta property=\"og:image:type\" content=\"image\/jpeg\" \/>\n<meta name=\"twitter:card\" content=\"summary_large_image\" \/>\n<meta name=\"twitter:label1\" content=\"Gesch\u00e4tzte Lesezeit\" \/>\n\t<meta name=\"twitter:data1\" content=\"1 Minute\" \/>\n<script type=\"application\/ld+json\" class=\"yoast-schema-graph\">{\"@context\":\"https:\/\/schema.org\",\"@graph\":[{\"@type\":\"WebPage\",\"@id\":\"https:\/\/www.quidhotelvenice.com\/de\/servicleistungen\/\",\"url\":\"https:\/\/www.quidhotelvenice.com\/de\/servicleistungen\/\",\"name\":\"Fitnessraum, Parkplatz | voco\u00ae Venice Mestre - The Quid\",\"isPartOf\":{\"@id\":\"https:\/\/www.quidhotelvenice.com\/de\/#website\"},\"primaryImageOfPage\":{\"@id\":\"https:\/\/www.quidhotelvenice.com\/de\/servicleistungen\/#primaryimage\"},\"image\":{\"@id\":\"https:\/\/www.quidhotelvenice.com\/de\/servicleistungen\/#primaryimage\"},\"thumbnailUrl\":\"https:\/\/www.quidhotelvenice.com\/wp-content\/uploads\/sites\/557\/2023\/07\/Fitness-Room-voco-Venice-Mestre-The-Quid.jpg\",\"datePublished\":\"2023-07-20T08:25:25+00:00\",\"dateModified\":\"2023-08-29T14:45:31+00:00\",\"description\":\"voco\u00ae Venice Mestre Hotel bietet alle Serviceleistungen f\u00fcr Business und Familie. Genie\u00dfen Sie den Aufenthalt in einem 4-Sterne-Hotel.\",\"breadcrumb\":{\"@id\":\"https:\/\/www.quidhotelvenice.com\/de\/servicleistungen\/#breadcrumb\"},\"inLanguage\":\"de-DE\",\"potentialAction\":[{\"@type\":\"ReadAction\",\"target\":[\"https:\/\/www.quidhotelvenice.com\/de\/servicleistungen\/\"]}]},{\"@type\":\"ImageObject\",\"inLanguage\":\"de-DE\",\"@id\":\"https:\/\/www.quidhotelvenice.com\/de\/servicleistungen\/#primaryimage\",\"url\":\"https:\/\/www.quidhotelvenice.com\/wp-content\/uploads\/sites\/557\/2023\/07\/Fitness-Room-voco-Venice-Mestre-The-Quid.jpg\",\"contentUrl\":\"https:\/\/www.quidhotelvenice.com\/wp-content\/uploads\/sites\/557\/2023\/07\/Fitness-Room-voco-Venice-Mestre-The-Quid.jpg\",\"width\":2200,\"height\":1200},{\"@type\":\"BreadcrumbList\",\"@id\":\"https:\/\/www.quidhotelvenice.com\/de\/servicleistungen\/#breadcrumb\",\"itemListElement\":[{\"@type\":\"ListItem\",\"position\":1,\"name\":\"Home\",\"item\":\"https:\/\/www.quidhotelvenice.com\/de\/\"},{\"@type\":\"ListItem\",\"position\":2,\"name\":\"Servicleistungen\"}]},{\"@type\":\"WebSite\",\"@id\":\"https:\/\/www.quidhotelvenice.com\/de\/#website\",\"url\":\"https:\/\/www.quidhotelvenice.com\/de\/\",\"name\":\"Voco Venice Mestre\",\"description\":\"\",\"potentialAction\":[{\"@type\":\"SearchAction\",\"target\":{\"@type\":\"EntryPoint\",\"urlTemplate\":\"https:\/\/www.quidhotelvenice.com\/de\/?s={search_term_string}\"},\"query-input\":{\"@type\":\"PropertyValueSpecification\",\"valueRequired\":true,\"valueName\":\"search_term_string\"}}],\"inLanguage\":\"de-DE\"}]}<\/script>\n<!-- \/ Yoast SEO plugin. -->","yoast_head_json":{"title":"Fitnessraum, Parkplatz | voco\u00ae Venice Mestre - The Quid","description":"voco\u00ae Venice Mestre Hotel bietet alle Serviceleistungen f\u00fcr Business und Familie. Genie\u00dfen Sie den Aufenthalt in einem 4-Sterne-Hotel.","robots":{"index":"index","follow":"follow","max-snippet":"max-snippet:-1","max-image-preview":"max-image-preview:large","max-video-preview":"max-video-preview:-1"},"canonical":"https:\/\/www.quidhotelvenice.com\/de\/servicleistungen\/","og_locale":"de_DE","og_type":"article","og_title":"Fitnessraum, Parkplatz | voco\u00ae Venice Mestre - The Quid","og_description":"voco\u00ae Venice Mestre Hotel bietet alle Serviceleistungen f\u00fcr Business und Familie. Genie\u00dfen Sie den Aufenthalt in einem 4-Sterne-Hotel.","og_url":"https:\/\/www.quidhotelvenice.com\/de\/servicleistungen\/","og_site_name":"Voco Venice Mestre","article_modified_time":"2023-08-29T14:45:31+00:00","og_image":[{"width":2200,"height":1200,"url":"https:\/\/www.quidhotelvenice.com\/wp-content\/uploads\/sites\/557\/2023\/07\/Fitness-Room-voco-Venice-Mestre-The-Quid.jpg","type":"image\/jpeg"}],"twitter_card":"summary_large_image","twitter_misc":{"Gesch\u00e4tzte Lesezeit":"1 Minute"},"schema":{"@context":"https:\/\/schema.org","@graph":[{"@type":"WebPage","@id":"https:\/\/www.quidhotelvenice.com\/de\/servicleistungen\/","url":"https:\/\/www.quidhotelvenice.com\/de\/servicleistungen\/","name":"Fitnessraum, Parkplatz | voco\u00ae Venice Mestre - The Quid","isPartOf":{"@id":"https:\/\/www.quidhotelvenice.com\/de\/#website"},"primaryImageOfPage":{"@id":"https:\/\/www.quidhotelvenice.com\/de\/servicleistungen\/#primaryimage"},"image":{"@id":"https:\/\/www.quidhotelvenice.com\/de\/servicleistungen\/#primaryimage"},"thumbnailUrl":"https:\/\/www.quidhotelvenice.com\/wp-content\/uploads\/sites\/557\/2023\/07\/Fitness-Room-voco-Venice-Mestre-The-Quid.jpg","datePublished":"2023-07-20T08:25:25+00:00","dateModified":"2023-08-29T14:45:31+00:00","description":"voco\u00ae Venice Mestre Hotel bietet alle Serviceleistungen f\u00fcr Business und Familie. Genie\u00dfen Sie den Aufenthalt in einem 4-Sterne-Hotel.","breadcrumb":{"@id":"https:\/\/www.quidhotelvenice.com\/de\/servicleistungen\/#breadcrumb"},"inLanguage":"de-DE","potentialAction":[{"@type":"ReadAction","target":["https:\/\/www.quidhotelvenice.com\/de\/servicleistungen\/"]}]},{"@type":"ImageObject","inLanguage":"de-DE","@id":"https:\/\/www.quidhotelvenice.com\/de\/servicleistungen\/#primaryimage","url":"https:\/\/www.quidhotelvenice.com\/wp-content\/uploads\/sites\/557\/2023\/07\/Fitness-Room-voco-Venice-Mestre-The-Quid.jpg","contentUrl":"https:\/\/www.quidhotelvenice.com\/wp-content\/uploads\/sites\/557\/2023\/07\/Fitness-Room-voco-Venice-Mestre-The-Quid.jpg","width":2200,"height":1200},{"@type":"BreadcrumbList","@id":"https:\/\/www.quidhotelvenice.com\/de\/servicleistungen\/#breadcrumb","itemListElement":[{"@type":"ListItem","position":1,"name":"Home","item":"https:\/\/www.quidhotelvenice.com\/de\/"},{"@type":"ListItem","position":2,"name":"Servicleistungen"}]},{"@type":"WebSite","@id":"https:\/\/www.quidhotelvenice.com\/de\/#website","url":"https:\/\/www.quidhotelvenice.com\/de\/","name":"Voco Venice Mestre","description":"","potentialAction":[{"@type":"SearchAction","target":{"@type":"EntryPoint","urlTemplate":"https:\/\/www.quidhotelvenice.com\/de\/?s={search_term_string}"},"query-input":{"@type":"PropertyValueSpecification","valueRequired":true,"valueName":"search_term_string"}}],"inLanguage":"de-DE"}]}},"acf":[],"_links":{"self":[{"href":"https:\/\/www.quidhotelvenice.com\/de\/wp-json\/wp\/v2\/pages\/92","targetHints":{"allow":["GET"]}}],"collection":[{"href":"https:\/\/www.quidhotelvenice.com\/de\/wp-json\/wp\/v2\/pages"}],"about":[{"href":"https:\/\/www.quidhotelvenice.com\/de\/wp-json\/wp\/v2\/types\/page"}],"author":[{"embeddable":true,"href":"https:\/\/www.quidhotelvenice.com\/de\/wp-json\/wp\/v2\/users\/6"}],"replies":[{"embeddable":true,"href":"https:\/\/www.quidhotelvenice.com\/de\/wp-json\/wp\/v2\/comments?post=92"}],"version-history":[{"count":0,"href":"https:\/\/www.quidhotelvenice.com\/de\/wp-json\/wp\/v2\/pages\/92\/revisions"}],"wp:featuredmedia":[{"embeddable":true,"href":"https:\/\/www.quidhotelvenice.com\/de\/wp-json\/wp\/v2\/media\/758"}],"wp:attachment":[{"href":"https:\/\/www.quidhotelvenice.com\/de\/wp-json\/wp\/v2\/media?parent=92"}],"curies":[{"name":"wp","href":"https:\/\/api.w.org\/{rel}","templated":true}]}}