{"id":88,"date":"2023-07-20T08:23:55","date_gmt":"2023-07-20T08:23:55","guid":{"rendered":"https:\/\/voco-venice.ms.decms.eu\/meeting-ed-eventi\/banqueting\/"},"modified":"2025-03-20T16:34:06","modified_gmt":"2025-03-20T16:34:06","slug":"banqueting","status":"publish","type":"page","link":"https:\/\/www.quidhotelvenice.com\/de\/meetings-und-veranstaltungen\/banqueting\/","title":{"rendered":"Banqueting"},"content":{"rendered":"<p><span style=\"font-weight: 400\">Bei der Organisation einer Veranstaltung ist nat\u00fcrlich der <\/span><b>Ort <\/b><span style=\"font-weight: 400\">entscheidend, aber auch die <\/span><b>Qualit\u00e4t des Essens<\/b><span style=\"font-weight: 400\">, und wir vom voco\u00ae <\/span><b>Venedig<\/b><span style=\"font-weight: 400\"> Mestre wissen das sehr gut!<\/span><span style=\"font-weight: 400\"><br \/>\n<\/span><span style=\"font-weight: 400\">Genau aus diesem Grund haben wir f\u00fcr Sie einen <\/span><b>Banqueting-Service<\/b><span style=\"font-weight: 400\"> geschaffen, bei dem jedes Gericht von unserem K\u00fcchenchef sorgf\u00e4ltig zubereitet wird. Bereichern Sie Ihr Gesch\u00e4ftstreffen mit einem auf Ihre Bed\u00fcrfnisse zugeschnittenen <\/span><b>Speisen- und Getr\u00e4nkeservice<\/b><span style=\"font-weight: 400\"> durch unser <\/span><b>Veranstaltungsteam<\/b><span style=\"font-weight: 400\">: Wir \u00fcberraschen Sie mit einzigartigen Geschmacksrichtungen und Gourmetgerichten. <\/span><\/p>\n","protected":false},"excerpt":{"rendered":"<p>Bei der Organisation einer Veranstaltung ist nat\u00fcrlich der Ort entscheidend, aber auch die Qualit\u00e4t des Essens, und wir vom voco\u00ae Venedig Mestre wissen das sehr gut! Genau aus diesem Grund haben wir f\u00fcr Sie einen Banqueting-Service geschaffen, bei dem jedes Gericht von unserem K\u00fcchenchef sorgf\u00e4ltig zubereitet wird. Bereichern Sie Ihr Gesch\u00e4ftstreffen mit einem auf Ihre [&hellip;]<\/p>\n","protected":false},"author":6,"featured_media":745,"parent":76,"menu_order":52,"comment_status":"closed","ping_status":"closed","template":"template-banqueting.php","meta":{"footnotes":""},"class_list":["post-88","page","type-page","status-publish","has-post-thumbnail","hentry"],"yoast_head":"<!-- This site is optimized with the Yoast SEO plugin v26.9 - https:\/\/yoast.com\/product\/yoast-seo-wordpress\/ -->\n<title>Hotel mit Bankettservice | voco\u00ae Venice Mestre - The Quid<\/title>\n<meta name=\"description\" content=\"Bankettservice f\u00fcr Ihre Veranstaltungen, ideal f\u00fcr den Empfang Ihrer G\u00e4ste. Entdecken Sie jetzt den exklusiven Service von voco\u00ae Venice Mestre.\" \/>\n<meta name=\"robots\" content=\"index, follow, max-snippet:-1, max-image-preview:large, max-video-preview:-1\" \/>\n<link rel=\"canonical\" href=\"https:\/\/www.quidhotelvenice.com\/de\/meetings-und-veranstaltungen\/banqueting\/\" \/>\n<meta property=\"og:locale\" content=\"de_DE\" \/>\n<meta property=\"og:type\" content=\"article\" \/>\n<meta property=\"og:title\" content=\"Hotel mit Bankettservice | voco\u00ae Venice Mestre - The Quid\" \/>\n<meta property=\"og:description\" content=\"Bankettservice f\u00fcr Ihre Veranstaltungen, ideal f\u00fcr den Empfang Ihrer G\u00e4ste. Entdecken Sie jetzt den exklusiven Service von voco\u00ae Venice Mestre.\" \/>\n<meta property=\"og:url\" content=\"https:\/\/www.quidhotelvenice.com\/de\/meetings-und-veranstaltungen\/banqueting\/\" \/>\n<meta property=\"og:site_name\" content=\"Voco Venice Mestre\" \/>\n<meta property=\"article:modified_time\" content=\"2025-03-20T16:34:06+00:00\" \/>\n<meta property=\"og:image\" content=\"https:\/\/www.quidhotelvenice.com\/wp-content\/uploads\/sites\/557\/2023\/07\/Ludico-Bar-voco-Venice-Mestre-The-Quid_1.jpg\" \/>\n\t<meta property=\"og:image:width\" content=\"2200\" \/>\n\t<meta property=\"og:image:height\" content=\"1200\" \/>\n\t<meta property=\"og:image:type\" content=\"image\/jpeg\" \/>\n<meta name=\"twitter:card\" content=\"summary_large_image\" \/>\n<meta name=\"twitter:label1\" content=\"Gesch\u00e4tzte Lesezeit\" \/>\n\t<meta name=\"twitter:data1\" content=\"1 Minute\" \/>\n<script type=\"application\/ld+json\" class=\"yoast-schema-graph\">{\"@context\":\"https:\/\/schema.org\",\"@graph\":[{\"@type\":\"WebPage\",\"@id\":\"https:\/\/www.quidhotelvenice.com\/de\/meetings-und-veranstaltungen\/banqueting\/\",\"url\":\"https:\/\/www.quidhotelvenice.com\/de\/meetings-und-veranstaltungen\/banqueting\/\",\"name\":\"Hotel mit Bankettservice | voco\u00ae Venice Mestre - The Quid\",\"isPartOf\":{\"@id\":\"https:\/\/www.quidhotelvenice.com\/de\/#website\"},\"primaryImageOfPage\":{\"@id\":\"https:\/\/www.quidhotelvenice.com\/de\/meetings-und-veranstaltungen\/banqueting\/#primaryimage\"},\"image\":{\"@id\":\"https:\/\/www.quidhotelvenice.com\/de\/meetings-und-veranstaltungen\/banqueting\/#primaryimage\"},\"thumbnailUrl\":\"https:\/\/www.quidhotelvenice.com\/wp-content\/uploads\/sites\/557\/2023\/07\/Ludico-Bar-voco-Venice-Mestre-The-Quid_1.jpg\",\"datePublished\":\"2023-07-20T08:23:55+00:00\",\"dateModified\":\"2025-03-20T16:34:06+00:00\",\"description\":\"Bankettservice f\u00fcr Ihre Veranstaltungen, ideal f\u00fcr den Empfang Ihrer G\u00e4ste. Entdecken Sie jetzt den exklusiven Service von voco\u00ae Venice Mestre.\",\"breadcrumb\":{\"@id\":\"https:\/\/www.quidhotelvenice.com\/de\/meetings-und-veranstaltungen\/banqueting\/#breadcrumb\"},\"inLanguage\":\"de-DE\",\"potentialAction\":[{\"@type\":\"ReadAction\",\"target\":[\"https:\/\/www.quidhotelvenice.com\/de\/meetings-und-veranstaltungen\/banqueting\/\"]}]},{\"@type\":\"ImageObject\",\"inLanguage\":\"de-DE\",\"@id\":\"https:\/\/www.quidhotelvenice.com\/de\/meetings-und-veranstaltungen\/banqueting\/#primaryimage\",\"url\":\"https:\/\/www.quidhotelvenice.com\/wp-content\/uploads\/sites\/557\/2023\/07\/Ludico-Bar-voco-Venice-Mestre-The-Quid_1.jpg\",\"contentUrl\":\"https:\/\/www.quidhotelvenice.com\/wp-content\/uploads\/sites\/557\/2023\/07\/Ludico-Bar-voco-Venice-Mestre-The-Quid_1.jpg\",\"width\":2200,\"height\":1200},{\"@type\":\"BreadcrumbList\",\"@id\":\"https:\/\/www.quidhotelvenice.com\/de\/meetings-und-veranstaltungen\/banqueting\/#breadcrumb\",\"itemListElement\":[{\"@type\":\"ListItem\",\"position\":1,\"name\":\"Home\",\"item\":\"https:\/\/www.quidhotelvenice.com\/de\/\"},{\"@type\":\"ListItem\",\"position\":2,\"name\":\"Meetings und Veranstaltungen\",\"item\":\"https:\/\/www.quidhotelvenice.com\/de\/meetings-und-veranstaltungen\/\"},{\"@type\":\"ListItem\",\"position\":3,\"name\":\"Banqueting\"}]},{\"@type\":\"WebSite\",\"@id\":\"https:\/\/www.quidhotelvenice.com\/de\/#website\",\"url\":\"https:\/\/www.quidhotelvenice.com\/de\/\",\"name\":\"Voco Venice Mestre\",\"description\":\"\",\"potentialAction\":[{\"@type\":\"SearchAction\",\"target\":{\"@type\":\"EntryPoint\",\"urlTemplate\":\"https:\/\/www.quidhotelvenice.com\/de\/?s={search_term_string}\"},\"query-input\":{\"@type\":\"PropertyValueSpecification\",\"valueRequired\":true,\"valueName\":\"search_term_string\"}}],\"inLanguage\":\"de-DE\"}]}<\/script>\n<!-- \/ Yoast SEO plugin. -->","yoast_head_json":{"title":"Hotel mit Bankettservice | voco\u00ae Venice Mestre - The Quid","description":"Bankettservice f\u00fcr Ihre Veranstaltungen, ideal f\u00fcr den Empfang Ihrer G\u00e4ste. Entdecken Sie jetzt den exklusiven Service von voco\u00ae Venice Mestre.","robots":{"index":"index","follow":"follow","max-snippet":"max-snippet:-1","max-image-preview":"max-image-preview:large","max-video-preview":"max-video-preview:-1"},"canonical":"https:\/\/www.quidhotelvenice.com\/de\/meetings-und-veranstaltungen\/banqueting\/","og_locale":"de_DE","og_type":"article","og_title":"Hotel mit Bankettservice | voco\u00ae Venice Mestre - The Quid","og_description":"Bankettservice f\u00fcr Ihre Veranstaltungen, ideal f\u00fcr den Empfang Ihrer G\u00e4ste. Entdecken Sie jetzt den exklusiven Service von voco\u00ae Venice Mestre.","og_url":"https:\/\/www.quidhotelvenice.com\/de\/meetings-und-veranstaltungen\/banqueting\/","og_site_name":"Voco Venice Mestre","article_modified_time":"2025-03-20T16:34:06+00:00","og_image":[{"width":2200,"height":1200,"url":"https:\/\/www.quidhotelvenice.com\/wp-content\/uploads\/sites\/557\/2023\/07\/Ludico-Bar-voco-Venice-Mestre-The-Quid_1.jpg","type":"image\/jpeg"}],"twitter_card":"summary_large_image","twitter_misc":{"Gesch\u00e4tzte Lesezeit":"1 Minute"},"schema":{"@context":"https:\/\/schema.org","@graph":[{"@type":"WebPage","@id":"https:\/\/www.quidhotelvenice.com\/de\/meetings-und-veranstaltungen\/banqueting\/","url":"https:\/\/www.quidhotelvenice.com\/de\/meetings-und-veranstaltungen\/banqueting\/","name":"Hotel mit Bankettservice | voco\u00ae Venice Mestre - The Quid","isPartOf":{"@id":"https:\/\/www.quidhotelvenice.com\/de\/#website"},"primaryImageOfPage":{"@id":"https:\/\/www.quidhotelvenice.com\/de\/meetings-und-veranstaltungen\/banqueting\/#primaryimage"},"image":{"@id":"https:\/\/www.quidhotelvenice.com\/de\/meetings-und-veranstaltungen\/banqueting\/#primaryimage"},"thumbnailUrl":"https:\/\/www.quidhotelvenice.com\/wp-content\/uploads\/sites\/557\/2023\/07\/Ludico-Bar-voco-Venice-Mestre-The-Quid_1.jpg","datePublished":"2023-07-20T08:23:55+00:00","dateModified":"2025-03-20T16:34:06+00:00","description":"Bankettservice f\u00fcr Ihre Veranstaltungen, ideal f\u00fcr den Empfang Ihrer G\u00e4ste. Entdecken Sie jetzt den exklusiven Service von voco\u00ae Venice Mestre.","breadcrumb":{"@id":"https:\/\/www.quidhotelvenice.com\/de\/meetings-und-veranstaltungen\/banqueting\/#breadcrumb"},"inLanguage":"de-DE","potentialAction":[{"@type":"ReadAction","target":["https:\/\/www.quidhotelvenice.com\/de\/meetings-und-veranstaltungen\/banqueting\/"]}]},{"@type":"ImageObject","inLanguage":"de-DE","@id":"https:\/\/www.quidhotelvenice.com\/de\/meetings-und-veranstaltungen\/banqueting\/#primaryimage","url":"https:\/\/www.quidhotelvenice.com\/wp-content\/uploads\/sites\/557\/2023\/07\/Ludico-Bar-voco-Venice-Mestre-The-Quid_1.jpg","contentUrl":"https:\/\/www.quidhotelvenice.com\/wp-content\/uploads\/sites\/557\/2023\/07\/Ludico-Bar-voco-Venice-Mestre-The-Quid_1.jpg","width":2200,"height":1200},{"@type":"BreadcrumbList","@id":"https:\/\/www.quidhotelvenice.com\/de\/meetings-und-veranstaltungen\/banqueting\/#breadcrumb","itemListElement":[{"@type":"ListItem","position":1,"name":"Home","item":"https:\/\/www.quidhotelvenice.com\/de\/"},{"@type":"ListItem","position":2,"name":"Meetings und Veranstaltungen","item":"https:\/\/www.quidhotelvenice.com\/de\/meetings-und-veranstaltungen\/"},{"@type":"ListItem","position":3,"name":"Banqueting"}]},{"@type":"WebSite","@id":"https:\/\/www.quidhotelvenice.com\/de\/#website","url":"https:\/\/www.quidhotelvenice.com\/de\/","name":"Voco Venice Mestre","description":"","potentialAction":[{"@type":"SearchAction","target":{"@type":"EntryPoint","urlTemplate":"https:\/\/www.quidhotelvenice.com\/de\/?s={search_term_string}"},"query-input":{"@type":"PropertyValueSpecification","valueRequired":true,"valueName":"search_term_string"}}],"inLanguage":"de-DE"}]}},"acf":[],"_links":{"self":[{"href":"https:\/\/www.quidhotelvenice.com\/de\/wp-json\/wp\/v2\/pages\/88","targetHints":{"allow":["GET"]}}],"collection":[{"href":"https:\/\/www.quidhotelvenice.com\/de\/wp-json\/wp\/v2\/pages"}],"about":[{"href":"https:\/\/www.quidhotelvenice.com\/de\/wp-json\/wp\/v2\/types\/page"}],"author":[{"embeddable":true,"href":"https:\/\/www.quidhotelvenice.com\/de\/wp-json\/wp\/v2\/users\/6"}],"replies":[{"embeddable":true,"href":"https:\/\/www.quidhotelvenice.com\/de\/wp-json\/wp\/v2\/comments?post=88"}],"version-history":[{"count":0,"href":"https:\/\/www.quidhotelvenice.com\/de\/wp-json\/wp\/v2\/pages\/88\/revisions"}],"up":[{"embeddable":true,"href":"https:\/\/www.quidhotelvenice.com\/de\/wp-json\/wp\/v2\/pages\/76"}],"wp:featuredmedia":[{"embeddable":true,"href":"https:\/\/www.quidhotelvenice.com\/de\/wp-json\/wp\/v2\/media\/745"}],"wp:attachment":[{"href":"https:\/\/www.quidhotelvenice.com\/de\/wp-json\/wp\/v2\/media?parent=88"}],"curies":[{"name":"wp","href":"https:\/\/api.w.org\/{rel}","templated":true}]}}