{"id":84,"date":"2023-07-20T08:03:09","date_gmt":"2023-07-20T08:03:09","guid":{"rendered":"https:\/\/voco-venice.ms.decms.eu\/meeting-ed-eventi\/sale-riunioni\/"},"modified":"2025-03-20T16:32:33","modified_gmt":"2025-03-20T16:32:33","slug":"tagungsraeume","status":"publish","type":"page","link":"https:\/\/www.quidhotelvenice.com\/de\/meetings-und-veranstaltungen\/tagungsraeume\/","title":{"rendered":"Tagungsr\u00e4ume"},"content":{"rendered":"<p><span style=\"font-weight: 400\">Das Voco\u00ae Venedig Mestre verf\u00fcgt \u00fcber <\/span><b>f\u00fcnf Tagungsr\u00e4ume<\/b><span style=\"font-weight: 400\">: Sie sind so konzipiert, dass sie sich leicht an jeden Anlass anpassen lassen, sind unterschiedlich gro\u00df und k\u00f6nnen perfekt miteinander kombiniert werden, um R\u00e4ume f\u00fcr gro\u00dfe <\/span><b>Kongresse<\/b><span style=\"font-weight: 400\">, <\/span><b>Meetings<\/b><span style=\"font-weight: 400\"> und <\/span><b>Firmenveranstaltungen<\/b><span style=\"font-weight: 400\"> mit einer maximalen Kapazit\u00e4t von <\/span><b>170 Personen<\/b><span style=\"font-weight: 400\"> zu schaffen.\u00a0<\/span><\/p>\n<p><span style=\"font-weight: 400\">Jeder unserer Tagungsr\u00e4ume ist mit einem <\/span><b>Videoprojektor<\/b><span style=\"font-weight: 400\">, <\/span><b>Flipchart<\/b><span style=\"font-weight: 400\">, <\/span><b>Mikrofonen<\/b><span style=\"font-weight: 400\">, <\/span><b>Audioverst\u00e4rker<\/b><span style=\"font-weight: 400\">, <\/span><b>DVD-Player<\/b><span style=\"font-weight: 400\"> und <\/span><b>stabilem und schnellem Wi-Fi<\/b><span style=\"font-weight: 400\"> ausgestattet. Au\u00dferdem bieten wir den <\/span><i><span style=\"font-weight: 400\">Rednern <\/span><\/i><span style=\"font-weight: 400\">kostenlose Wasserflaschen und nat\u00fcrlich die Unterst\u00fctzung durch unser <\/span><b>Veranstaltungsteam<\/b><span style=\"font-weight: 400\">.<\/span><\/p>\n<p><span style=\"font-weight: 400\">Neben der typischen Gastfreundschaft eines 4-Sterne-Hotels garantiert Ihnen voco\u00ae Venice Mestre eine <\/span><b>strategisch g\u00fcnstige Lage<\/b><span style=\"font-weight: 400\"> (nur zwei Minuten von der Autobahnauffahrt der A4 entfernt): Wir sind nur wenige Schritte von der venezianischen Lagune entfernt, ohne die logistischen Unannehmlichkeiten. Es gibt <\/span><b>ausreichend<\/b><span style=\"font-weight: 400\"> kostenlose <\/span><b>Parkpl\u00e4tze<\/b><span style=\"font-weight: 400\"> f\u00fcr Autos und Busse sowie eine <\/span><b>Tiefgarage<\/b><span style=\"font-weight: 400\"> mit Ladestationen f\u00fcr Elektroautos.<\/span><\/p>\n","protected":false},"excerpt":{"rendered":"<p>Das Voco\u00ae Venedig Mestre verf\u00fcgt \u00fcber f\u00fcnf Tagungsr\u00e4ume: Sie sind so konzipiert, dass sie sich leicht an jeden Anlass anpassen lassen, sind unterschiedlich gro\u00df und k\u00f6nnen perfekt miteinander kombiniert werden, um R\u00e4ume f\u00fcr gro\u00dfe Kongresse, Meetings und Firmenveranstaltungen mit einer maximalen Kapazit\u00e4t von 170 Personen zu schaffen.\u00a0 Jeder unserer Tagungsr\u00e4ume ist mit einem Videoprojektor, Flipchart, [&hellip;]<\/p>\n","protected":false},"author":6,"featured_media":741,"parent":76,"menu_order":51,"comment_status":"closed","ping_status":"closed","template":"template-default-3.php","meta":{"footnotes":""},"class_list":["post-84","page","type-page","status-publish","has-post-thumbnail","hentry"],"yoast_head":"<!-- This site is optimized with the Yoast SEO plugin v26.9 - https:\/\/yoast.com\/product\/yoast-seo-wordpress\/ -->\n<title>Hotel mit Tagungsr\u00e4umen | voco\u00ae Venice Mestre - The Quid<\/title>\n<meta name=\"description\" content=\"Ger\u00e4umige Tagungsr\u00e4ume in Mestre f\u00fcr bis zu 170 Personen. Ideal f\u00fcr Konferenzen, Tagungen und Firmenveranstaltungen. Entdecken Sie alle R\u00e4ume!\" \/>\n<meta name=\"robots\" content=\"index, follow, max-snippet:-1, max-image-preview:large, max-video-preview:-1\" \/>\n<link rel=\"canonical\" href=\"https:\/\/www.quidhotelvenice.com\/de\/meetings-und-veranstaltungen\/tagungsraeume\/\" \/>\n<meta property=\"og:locale\" content=\"de_DE\" \/>\n<meta property=\"og:type\" content=\"article\" \/>\n<meta property=\"og:title\" content=\"Hotel mit Tagungsr\u00e4umen | voco\u00ae Venice Mestre - The Quid\" \/>\n<meta property=\"og:description\" content=\"Ger\u00e4umige Tagungsr\u00e4ume in Mestre f\u00fcr bis zu 170 Personen. Ideal f\u00fcr Konferenzen, Tagungen und Firmenveranstaltungen. Entdecken Sie alle R\u00e4ume!\" \/>\n<meta property=\"og:url\" content=\"https:\/\/www.quidhotelvenice.com\/de\/meetings-und-veranstaltungen\/tagungsraeume\/\" \/>\n<meta property=\"og:site_name\" content=\"Voco Venice Mestre\" \/>\n<meta property=\"article:modified_time\" content=\"2025-03-20T16:32:33+00:00\" \/>\n<meta property=\"og:image\" content=\"https:\/\/www.quidhotelvenice.com\/wp-content\/uploads\/sites\/557\/2023\/07\/Meeting-Room-Boeing-voco-Venice-Mestre-The-Quid_1.jpg\" \/>\n\t<meta property=\"og:image:width\" content=\"2200\" \/>\n\t<meta property=\"og:image:height\" content=\"1200\" \/>\n\t<meta property=\"og:image:type\" content=\"image\/jpeg\" \/>\n<meta name=\"twitter:card\" content=\"summary_large_image\" \/>\n<meta name=\"twitter:label1\" content=\"Gesch\u00e4tzte Lesezeit\" \/>\n\t<meta name=\"twitter:data1\" content=\"1 Minute\" \/>\n<script type=\"application\/ld+json\" class=\"yoast-schema-graph\">{\"@context\":\"https:\/\/schema.org\",\"@graph\":[{\"@type\":\"WebPage\",\"@id\":\"https:\/\/www.quidhotelvenice.com\/de\/meetings-und-veranstaltungen\/tagungsraeume\/\",\"url\":\"https:\/\/www.quidhotelvenice.com\/de\/meetings-und-veranstaltungen\/tagungsraeume\/\",\"name\":\"Hotel mit Tagungsr\u00e4umen | voco\u00ae Venice Mestre - The Quid\",\"isPartOf\":{\"@id\":\"https:\/\/www.quidhotelvenice.com\/de\/#website\"},\"primaryImageOfPage\":{\"@id\":\"https:\/\/www.quidhotelvenice.com\/de\/meetings-und-veranstaltungen\/tagungsraeume\/#primaryimage\"},\"image\":{\"@id\":\"https:\/\/www.quidhotelvenice.com\/de\/meetings-und-veranstaltungen\/tagungsraeume\/#primaryimage\"},\"thumbnailUrl\":\"https:\/\/www.quidhotelvenice.com\/wp-content\/uploads\/sites\/557\/2023\/07\/Meeting-Room-Boeing-voco-Venice-Mestre-The-Quid_1.jpg\",\"datePublished\":\"2023-07-20T08:03:09+00:00\",\"dateModified\":\"2025-03-20T16:32:33+00:00\",\"description\":\"Ger\u00e4umige Tagungsr\u00e4ume in Mestre f\u00fcr bis zu 170 Personen. Ideal f\u00fcr Konferenzen, Tagungen und Firmenveranstaltungen. Entdecken Sie alle R\u00e4ume!\",\"breadcrumb\":{\"@id\":\"https:\/\/www.quidhotelvenice.com\/de\/meetings-und-veranstaltungen\/tagungsraeume\/#breadcrumb\"},\"inLanguage\":\"de-DE\",\"potentialAction\":[{\"@type\":\"ReadAction\",\"target\":[\"https:\/\/www.quidhotelvenice.com\/de\/meetings-und-veranstaltungen\/tagungsraeume\/\"]}]},{\"@type\":\"ImageObject\",\"inLanguage\":\"de-DE\",\"@id\":\"https:\/\/www.quidhotelvenice.com\/de\/meetings-und-veranstaltungen\/tagungsraeume\/#primaryimage\",\"url\":\"https:\/\/www.quidhotelvenice.com\/wp-content\/uploads\/sites\/557\/2023\/07\/Meeting-Room-Boeing-voco-Venice-Mestre-The-Quid_1.jpg\",\"contentUrl\":\"https:\/\/www.quidhotelvenice.com\/wp-content\/uploads\/sites\/557\/2023\/07\/Meeting-Room-Boeing-voco-Venice-Mestre-The-Quid_1.jpg\",\"width\":2200,\"height\":1200},{\"@type\":\"BreadcrumbList\",\"@id\":\"https:\/\/www.quidhotelvenice.com\/de\/meetings-und-veranstaltungen\/tagungsraeume\/#breadcrumb\",\"itemListElement\":[{\"@type\":\"ListItem\",\"position\":1,\"name\":\"Home\",\"item\":\"https:\/\/www.quidhotelvenice.com\/de\/\"},{\"@type\":\"ListItem\",\"position\":2,\"name\":\"Meetings und Veranstaltungen\",\"item\":\"https:\/\/www.quidhotelvenice.com\/de\/meetings-und-veranstaltungen\/\"},{\"@type\":\"ListItem\",\"position\":3,\"name\":\"Tagungsr\u00e4ume\"}]},{\"@type\":\"WebSite\",\"@id\":\"https:\/\/www.quidhotelvenice.com\/de\/#website\",\"url\":\"https:\/\/www.quidhotelvenice.com\/de\/\",\"name\":\"Voco Venice Mestre\",\"description\":\"\",\"potentialAction\":[{\"@type\":\"SearchAction\",\"target\":{\"@type\":\"EntryPoint\",\"urlTemplate\":\"https:\/\/www.quidhotelvenice.com\/de\/?s={search_term_string}\"},\"query-input\":{\"@type\":\"PropertyValueSpecification\",\"valueRequired\":true,\"valueName\":\"search_term_string\"}}],\"inLanguage\":\"de-DE\"}]}<\/script>\n<!-- \/ Yoast SEO plugin. -->","yoast_head_json":{"title":"Hotel mit Tagungsr\u00e4umen | voco\u00ae Venice Mestre - The Quid","description":"Ger\u00e4umige Tagungsr\u00e4ume in Mestre f\u00fcr bis zu 170 Personen. Ideal f\u00fcr Konferenzen, Tagungen und Firmenveranstaltungen. Entdecken Sie alle R\u00e4ume!","robots":{"index":"index","follow":"follow","max-snippet":"max-snippet:-1","max-image-preview":"max-image-preview:large","max-video-preview":"max-video-preview:-1"},"canonical":"https:\/\/www.quidhotelvenice.com\/de\/meetings-und-veranstaltungen\/tagungsraeume\/","og_locale":"de_DE","og_type":"article","og_title":"Hotel mit Tagungsr\u00e4umen | voco\u00ae Venice Mestre - The Quid","og_description":"Ger\u00e4umige Tagungsr\u00e4ume in Mestre f\u00fcr bis zu 170 Personen. Ideal f\u00fcr Konferenzen, Tagungen und Firmenveranstaltungen. Entdecken Sie alle R\u00e4ume!","og_url":"https:\/\/www.quidhotelvenice.com\/de\/meetings-und-veranstaltungen\/tagungsraeume\/","og_site_name":"Voco Venice Mestre","article_modified_time":"2025-03-20T16:32:33+00:00","og_image":[{"width":2200,"height":1200,"url":"https:\/\/www.quidhotelvenice.com\/wp-content\/uploads\/sites\/557\/2023\/07\/Meeting-Room-Boeing-voco-Venice-Mestre-The-Quid_1.jpg","type":"image\/jpeg"}],"twitter_card":"summary_large_image","twitter_misc":{"Gesch\u00e4tzte Lesezeit":"1 Minute"},"schema":{"@context":"https:\/\/schema.org","@graph":[{"@type":"WebPage","@id":"https:\/\/www.quidhotelvenice.com\/de\/meetings-und-veranstaltungen\/tagungsraeume\/","url":"https:\/\/www.quidhotelvenice.com\/de\/meetings-und-veranstaltungen\/tagungsraeume\/","name":"Hotel mit Tagungsr\u00e4umen | voco\u00ae Venice Mestre - The Quid","isPartOf":{"@id":"https:\/\/www.quidhotelvenice.com\/de\/#website"},"primaryImageOfPage":{"@id":"https:\/\/www.quidhotelvenice.com\/de\/meetings-und-veranstaltungen\/tagungsraeume\/#primaryimage"},"image":{"@id":"https:\/\/www.quidhotelvenice.com\/de\/meetings-und-veranstaltungen\/tagungsraeume\/#primaryimage"},"thumbnailUrl":"https:\/\/www.quidhotelvenice.com\/wp-content\/uploads\/sites\/557\/2023\/07\/Meeting-Room-Boeing-voco-Venice-Mestre-The-Quid_1.jpg","datePublished":"2023-07-20T08:03:09+00:00","dateModified":"2025-03-20T16:32:33+00:00","description":"Ger\u00e4umige Tagungsr\u00e4ume in Mestre f\u00fcr bis zu 170 Personen. Ideal f\u00fcr Konferenzen, Tagungen und Firmenveranstaltungen. Entdecken Sie alle R\u00e4ume!","breadcrumb":{"@id":"https:\/\/www.quidhotelvenice.com\/de\/meetings-und-veranstaltungen\/tagungsraeume\/#breadcrumb"},"inLanguage":"de-DE","potentialAction":[{"@type":"ReadAction","target":["https:\/\/www.quidhotelvenice.com\/de\/meetings-und-veranstaltungen\/tagungsraeume\/"]}]},{"@type":"ImageObject","inLanguage":"de-DE","@id":"https:\/\/www.quidhotelvenice.com\/de\/meetings-und-veranstaltungen\/tagungsraeume\/#primaryimage","url":"https:\/\/www.quidhotelvenice.com\/wp-content\/uploads\/sites\/557\/2023\/07\/Meeting-Room-Boeing-voco-Venice-Mestre-The-Quid_1.jpg","contentUrl":"https:\/\/www.quidhotelvenice.com\/wp-content\/uploads\/sites\/557\/2023\/07\/Meeting-Room-Boeing-voco-Venice-Mestre-The-Quid_1.jpg","width":2200,"height":1200},{"@type":"BreadcrumbList","@id":"https:\/\/www.quidhotelvenice.com\/de\/meetings-und-veranstaltungen\/tagungsraeume\/#breadcrumb","itemListElement":[{"@type":"ListItem","position":1,"name":"Home","item":"https:\/\/www.quidhotelvenice.com\/de\/"},{"@type":"ListItem","position":2,"name":"Meetings und Veranstaltungen","item":"https:\/\/www.quidhotelvenice.com\/de\/meetings-und-veranstaltungen\/"},{"@type":"ListItem","position":3,"name":"Tagungsr\u00e4ume"}]},{"@type":"WebSite","@id":"https:\/\/www.quidhotelvenice.com\/de\/#website","url":"https:\/\/www.quidhotelvenice.com\/de\/","name":"Voco Venice Mestre","description":"","potentialAction":[{"@type":"SearchAction","target":{"@type":"EntryPoint","urlTemplate":"https:\/\/www.quidhotelvenice.com\/de\/?s={search_term_string}"},"query-input":{"@type":"PropertyValueSpecification","valueRequired":true,"valueName":"search_term_string"}}],"inLanguage":"de-DE"}]}},"acf":[],"_links":{"self":[{"href":"https:\/\/www.quidhotelvenice.com\/de\/wp-json\/wp\/v2\/pages\/84","targetHints":{"allow":["GET"]}}],"collection":[{"href":"https:\/\/www.quidhotelvenice.com\/de\/wp-json\/wp\/v2\/pages"}],"about":[{"href":"https:\/\/www.quidhotelvenice.com\/de\/wp-json\/wp\/v2\/types\/page"}],"author":[{"embeddable":true,"href":"https:\/\/www.quidhotelvenice.com\/de\/wp-json\/wp\/v2\/users\/6"}],"replies":[{"embeddable":true,"href":"https:\/\/www.quidhotelvenice.com\/de\/wp-json\/wp\/v2\/comments?post=84"}],"version-history":[{"count":0,"href":"https:\/\/www.quidhotelvenice.com\/de\/wp-json\/wp\/v2\/pages\/84\/revisions"}],"up":[{"embeddable":true,"href":"https:\/\/www.quidhotelvenice.com\/de\/wp-json\/wp\/v2\/pages\/76"}],"wp:featuredmedia":[{"embeddable":true,"href":"https:\/\/www.quidhotelvenice.com\/de\/wp-json\/wp\/v2\/media\/741"}],"wp:attachment":[{"href":"https:\/\/www.quidhotelvenice.com\/de\/wp-json\/wp\/v2\/media?parent=84"}],"curies":[{"name":"wp","href":"https:\/\/api.w.org\/{rel}","templated":true}]}}