{"id":76,"date":"2023-07-20T07:53:24","date_gmt":"2023-07-20T07:53:24","guid":{"rendered":"https:\/\/voco-venice.ms.decms.eu\/meeting-ed-eventi\/"},"modified":"2025-04-09T14:25:11","modified_gmt":"2025-04-09T14:25:11","slug":"meetings-und-veranstaltungen","status":"publish","type":"page","link":"https:\/\/www.quidhotelvenice.com\/de\/meetings-und-veranstaltungen\/","title":{"rendered":"Meetings und Veranstaltungen"},"content":{"rendered":"<p><span style=\"font-weight: 400\">M\u00f6chten Sie Ihre Veranstaltungen und Gesch\u00e4ftstreffen einfach <\/span><b>unvergesslich <\/b><span style=\"font-weight: 400\">machen? Im voco\u00ae Venice Mestre k\u00f6nnen Sie das! <\/span><span style=\"font-weight: 400\"><br \/>\n<\/span><span style=\"font-weight: 400\">Strategisch g\u00fcnstig gelegen, ist unser Hotel <\/span><b>nur<\/b> <b>wenige Minuten von Venedig<\/b><span style=\"font-weight: 400\"> und <\/span><b>nur zwei Minuten von der Autobahnauffahrt der A4<\/b><span style=\"font-weight: 400\"> entfernt. Ausgestattet mit einem kostenlosen Parkplatz im Freien oder in der Tiefgarage, k\u00f6nnen Ihre G\u00e4ste uns auch leicht erreichen, wenn sie auf einem der <\/span><b>Flugh\u00e4fen <\/b><span style=\"font-weight: 400\">der Region landen: Wir sind perfekt mit <\/span><b>Treviso<\/b><span style=\"font-weight: 400\">, <\/span><b>Venedig<\/b><span style=\"font-weight: 400\"> und <\/span><b>Mestre<\/b><span style=\"font-weight: 400\"> verbunden.<\/span><\/p>\n<p><span style=\"font-weight: 400\">Wir stellen Ihnen ger\u00e4umige, helle und designorientierte<\/span><b> R\u00e4ume<\/b><span style=\"font-weight: 400\"> zur Verf\u00fcgung, die mit den neuesten Hightech-Ger\u00e4ten ausgestattet sind: Warum Kompromisse eingehen, wenn Sie im voco\u00ae Venice Mestre alles haben k\u00f6nnen, was Sie wollen, und noch viel mehr?\u00a0<\/span><\/p>\n","protected":false},"excerpt":{"rendered":"<p>M\u00f6chten Sie Ihre Veranstaltungen und Gesch\u00e4ftstreffen einfach unvergesslich machen? Im voco\u00ae Venice Mestre k\u00f6nnen Sie das! Strategisch g\u00fcnstig gelegen, ist unser Hotel nur wenige Minuten von Venedig und nur zwei Minuten von der Autobahnauffahrt der A4 entfernt. Ausgestattet mit einem kostenlosen Parkplatz im Freien oder in der Tiefgarage, k\u00f6nnen Ihre G\u00e4ste uns auch leicht erreichen, [&hellip;]<\/p>\n","protected":false},"author":6,"featured_media":729,"parent":0,"menu_order":50,"comment_status":"closed","ping_status":"closed","template":"template-meeting.php","meta":{"footnotes":""},"class_list":["post-76","page","type-page","status-publish","has-post-thumbnail","hentry"],"yoast_head":"<!-- This site is optimized with the Yoast SEO plugin v26.9 - https:\/\/yoast.com\/product\/yoast-seo-wordpress\/ -->\n<title>Tagungsr\u00e4ume | voco\u00ae Venice Mestre - The Quid<\/title>\n<meta name=\"description\" content=\"voco\u00ae Hotel: Ihr Ort f\u00fcr Gesch\u00e4ftstreffen und Konferenzen in Mestre. Bankettservice, voll ausgestattete R\u00e4ume und \u00fcberdachte Parkpl\u00e4tze.\" \/>\n<meta name=\"robots\" content=\"index, follow, max-snippet:-1, max-image-preview:large, max-video-preview:-1\" \/>\n<link rel=\"canonical\" href=\"https:\/\/www.quidhotelvenice.com\/de\/meetings-und-veranstaltungen\/\" \/>\n<meta property=\"og:locale\" content=\"de_DE\" \/>\n<meta property=\"og:type\" content=\"article\" \/>\n<meta property=\"og:title\" content=\"Tagungsr\u00e4ume | voco\u00ae Venice Mestre - The Quid\" \/>\n<meta property=\"og:description\" content=\"voco\u00ae Hotel: Ihr Ort f\u00fcr Gesch\u00e4ftstreffen und Konferenzen in Mestre. Bankettservice, voll ausgestattete R\u00e4ume und \u00fcberdachte Parkpl\u00e4tze.\" \/>\n<meta property=\"og:url\" content=\"https:\/\/www.quidhotelvenice.com\/de\/meetings-und-veranstaltungen\/\" \/>\n<meta property=\"og:site_name\" content=\"Voco Venice Mestre\" \/>\n<meta property=\"article:modified_time\" content=\"2025-04-09T14:25:11+00:00\" \/>\n<meta property=\"og:image\" content=\"https:\/\/www.quidhotelvenice.com\/wp-content\/uploads\/sites\/557\/2023\/07\/Meeting-Room-Boeing-voco-Venice-Mestre-The-Quid.jpg\" \/>\n\t<meta property=\"og:image:width\" content=\"2200\" \/>\n\t<meta property=\"og:image:height\" content=\"1200\" \/>\n\t<meta property=\"og:image:type\" content=\"image\/jpeg\" \/>\n<meta name=\"twitter:card\" content=\"summary_large_image\" \/>\n<meta name=\"twitter:label1\" content=\"Gesch\u00e4tzte Lesezeit\" \/>\n\t<meta name=\"twitter:data1\" content=\"1 Minute\" \/>\n<script type=\"application\/ld+json\" class=\"yoast-schema-graph\">{\"@context\":\"https:\/\/schema.org\",\"@graph\":[{\"@type\":\"WebPage\",\"@id\":\"https:\/\/www.quidhotelvenice.com\/de\/meetings-und-veranstaltungen\/\",\"url\":\"https:\/\/www.quidhotelvenice.com\/de\/meetings-und-veranstaltungen\/\",\"name\":\"Tagungsr\u00e4ume | voco\u00ae Venice Mestre - The Quid\",\"isPartOf\":{\"@id\":\"https:\/\/www.quidhotelvenice.com\/de\/#website\"},\"primaryImageOfPage\":{\"@id\":\"https:\/\/www.quidhotelvenice.com\/de\/meetings-und-veranstaltungen\/#primaryimage\"},\"image\":{\"@id\":\"https:\/\/www.quidhotelvenice.com\/de\/meetings-und-veranstaltungen\/#primaryimage\"},\"thumbnailUrl\":\"https:\/\/www.quidhotelvenice.com\/wp-content\/uploads\/sites\/557\/2023\/07\/Meeting-Room-Boeing-voco-Venice-Mestre-The-Quid.jpg\",\"datePublished\":\"2023-07-20T07:53:24+00:00\",\"dateModified\":\"2025-04-09T14:25:11+00:00\",\"description\":\"voco\u00ae Hotel: Ihr Ort f\u00fcr Gesch\u00e4ftstreffen und Konferenzen in Mestre. Bankettservice, voll ausgestattete R\u00e4ume und \u00fcberdachte Parkpl\u00e4tze.\",\"breadcrumb\":{\"@id\":\"https:\/\/www.quidhotelvenice.com\/de\/meetings-und-veranstaltungen\/#breadcrumb\"},\"inLanguage\":\"de-DE\",\"potentialAction\":[{\"@type\":\"ReadAction\",\"target\":[\"https:\/\/www.quidhotelvenice.com\/de\/meetings-und-veranstaltungen\/\"]}]},{\"@type\":\"ImageObject\",\"inLanguage\":\"de-DE\",\"@id\":\"https:\/\/www.quidhotelvenice.com\/de\/meetings-und-veranstaltungen\/#primaryimage\",\"url\":\"https:\/\/www.quidhotelvenice.com\/wp-content\/uploads\/sites\/557\/2023\/07\/Meeting-Room-Boeing-voco-Venice-Mestre-The-Quid.jpg\",\"contentUrl\":\"https:\/\/www.quidhotelvenice.com\/wp-content\/uploads\/sites\/557\/2023\/07\/Meeting-Room-Boeing-voco-Venice-Mestre-The-Quid.jpg\",\"width\":2200,\"height\":1200},{\"@type\":\"BreadcrumbList\",\"@id\":\"https:\/\/www.quidhotelvenice.com\/de\/meetings-und-veranstaltungen\/#breadcrumb\",\"itemListElement\":[{\"@type\":\"ListItem\",\"position\":1,\"name\":\"Home\",\"item\":\"https:\/\/www.quidhotelvenice.com\/de\/\"},{\"@type\":\"ListItem\",\"position\":2,\"name\":\"Meetings und Veranstaltungen\"}]},{\"@type\":\"WebSite\",\"@id\":\"https:\/\/www.quidhotelvenice.com\/de\/#website\",\"url\":\"https:\/\/www.quidhotelvenice.com\/de\/\",\"name\":\"Voco Venice Mestre\",\"description\":\"\",\"potentialAction\":[{\"@type\":\"SearchAction\",\"target\":{\"@type\":\"EntryPoint\",\"urlTemplate\":\"https:\/\/www.quidhotelvenice.com\/de\/?s={search_term_string}\"},\"query-input\":{\"@type\":\"PropertyValueSpecification\",\"valueRequired\":true,\"valueName\":\"search_term_string\"}}],\"inLanguage\":\"de-DE\"}]}<\/script>\n<!-- \/ Yoast SEO plugin. -->","yoast_head_json":{"title":"Tagungsr\u00e4ume | voco\u00ae Venice Mestre - The Quid","description":"voco\u00ae Hotel: Ihr Ort f\u00fcr Gesch\u00e4ftstreffen und Konferenzen in Mestre. Bankettservice, voll ausgestattete R\u00e4ume und \u00fcberdachte Parkpl\u00e4tze.","robots":{"index":"index","follow":"follow","max-snippet":"max-snippet:-1","max-image-preview":"max-image-preview:large","max-video-preview":"max-video-preview:-1"},"canonical":"https:\/\/www.quidhotelvenice.com\/de\/meetings-und-veranstaltungen\/","og_locale":"de_DE","og_type":"article","og_title":"Tagungsr\u00e4ume | voco\u00ae Venice Mestre - The Quid","og_description":"voco\u00ae Hotel: Ihr Ort f\u00fcr Gesch\u00e4ftstreffen und Konferenzen in Mestre. Bankettservice, voll ausgestattete R\u00e4ume und \u00fcberdachte Parkpl\u00e4tze.","og_url":"https:\/\/www.quidhotelvenice.com\/de\/meetings-und-veranstaltungen\/","og_site_name":"Voco Venice Mestre","article_modified_time":"2025-04-09T14:25:11+00:00","og_image":[{"width":2200,"height":1200,"url":"https:\/\/www.quidhotelvenice.com\/wp-content\/uploads\/sites\/557\/2023\/07\/Meeting-Room-Boeing-voco-Venice-Mestre-The-Quid.jpg","type":"image\/jpeg"}],"twitter_card":"summary_large_image","twitter_misc":{"Gesch\u00e4tzte Lesezeit":"1 Minute"},"schema":{"@context":"https:\/\/schema.org","@graph":[{"@type":"WebPage","@id":"https:\/\/www.quidhotelvenice.com\/de\/meetings-und-veranstaltungen\/","url":"https:\/\/www.quidhotelvenice.com\/de\/meetings-und-veranstaltungen\/","name":"Tagungsr\u00e4ume | voco\u00ae Venice Mestre - The Quid","isPartOf":{"@id":"https:\/\/www.quidhotelvenice.com\/de\/#website"},"primaryImageOfPage":{"@id":"https:\/\/www.quidhotelvenice.com\/de\/meetings-und-veranstaltungen\/#primaryimage"},"image":{"@id":"https:\/\/www.quidhotelvenice.com\/de\/meetings-und-veranstaltungen\/#primaryimage"},"thumbnailUrl":"https:\/\/www.quidhotelvenice.com\/wp-content\/uploads\/sites\/557\/2023\/07\/Meeting-Room-Boeing-voco-Venice-Mestre-The-Quid.jpg","datePublished":"2023-07-20T07:53:24+00:00","dateModified":"2025-04-09T14:25:11+00:00","description":"voco\u00ae Hotel: Ihr Ort f\u00fcr Gesch\u00e4ftstreffen und Konferenzen in Mestre. Bankettservice, voll ausgestattete R\u00e4ume und \u00fcberdachte Parkpl\u00e4tze.","breadcrumb":{"@id":"https:\/\/www.quidhotelvenice.com\/de\/meetings-und-veranstaltungen\/#breadcrumb"},"inLanguage":"de-DE","potentialAction":[{"@type":"ReadAction","target":["https:\/\/www.quidhotelvenice.com\/de\/meetings-und-veranstaltungen\/"]}]},{"@type":"ImageObject","inLanguage":"de-DE","@id":"https:\/\/www.quidhotelvenice.com\/de\/meetings-und-veranstaltungen\/#primaryimage","url":"https:\/\/www.quidhotelvenice.com\/wp-content\/uploads\/sites\/557\/2023\/07\/Meeting-Room-Boeing-voco-Venice-Mestre-The-Quid.jpg","contentUrl":"https:\/\/www.quidhotelvenice.com\/wp-content\/uploads\/sites\/557\/2023\/07\/Meeting-Room-Boeing-voco-Venice-Mestre-The-Quid.jpg","width":2200,"height":1200},{"@type":"BreadcrumbList","@id":"https:\/\/www.quidhotelvenice.com\/de\/meetings-und-veranstaltungen\/#breadcrumb","itemListElement":[{"@type":"ListItem","position":1,"name":"Home","item":"https:\/\/www.quidhotelvenice.com\/de\/"},{"@type":"ListItem","position":2,"name":"Meetings und Veranstaltungen"}]},{"@type":"WebSite","@id":"https:\/\/www.quidhotelvenice.com\/de\/#website","url":"https:\/\/www.quidhotelvenice.com\/de\/","name":"Voco Venice Mestre","description":"","potentialAction":[{"@type":"SearchAction","target":{"@type":"EntryPoint","urlTemplate":"https:\/\/www.quidhotelvenice.com\/de\/?s={search_term_string}"},"query-input":{"@type":"PropertyValueSpecification","valueRequired":true,"valueName":"search_term_string"}}],"inLanguage":"de-DE"}]}},"acf":[],"_links":{"self":[{"href":"https:\/\/www.quidhotelvenice.com\/de\/wp-json\/wp\/v2\/pages\/76","targetHints":{"allow":["GET"]}}],"collection":[{"href":"https:\/\/www.quidhotelvenice.com\/de\/wp-json\/wp\/v2\/pages"}],"about":[{"href":"https:\/\/www.quidhotelvenice.com\/de\/wp-json\/wp\/v2\/types\/page"}],"author":[{"embeddable":true,"href":"https:\/\/www.quidhotelvenice.com\/de\/wp-json\/wp\/v2\/users\/6"}],"replies":[{"embeddable":true,"href":"https:\/\/www.quidhotelvenice.com\/de\/wp-json\/wp\/v2\/comments?post=76"}],"version-history":[{"count":0,"href":"https:\/\/www.quidhotelvenice.com\/de\/wp-json\/wp\/v2\/pages\/76\/revisions"}],"wp:featuredmedia":[{"embeddable":true,"href":"https:\/\/www.quidhotelvenice.com\/de\/wp-json\/wp\/v2\/media\/729"}],"wp:attachment":[{"href":"https:\/\/www.quidhotelvenice.com\/de\/wp-json\/wp\/v2\/media?parent=76"}],"curies":[{"name":"wp","href":"https:\/\/api.w.org\/{rel}","templated":true}]}}