{"id":68,"date":"2023-07-20T07:51:40","date_gmt":"2023-07-20T07:51:40","guid":{"rendered":"https:\/\/voco-venice.ms.decms.eu\/bar-e-ristorante\/spazi-esterni\/"},"modified":"2023-08-29T14:38:25","modified_gmt":"2023-08-29T14:38:25","slug":"aussenbereiche","status":"publish","type":"page","link":"https:\/\/www.quidhotelvenice.com\/de\/bar-und-restaurant\/aussenbereiche\/","title":{"rendered":"Au\u00dfenbereiche"},"content":{"rendered":"<p><span style=\"font-weight: 400;\">Im voco\u00ae Venice Mestre &#8211; The Quid haben wir f\u00fcr Sie eine gro\u00dfz\u00fcgige <\/span><b>Terrasse <\/b><span style=\"font-weight: 400;\">zum Entspannen und Genie\u00dfen geschaffen. Sie ist perfekt mit unserer <\/span><b>Bar<\/b><span style=\"font-weight: 400;\"> und unserem <\/span><b>Restaurant<\/b> <b>verbunden<\/b><span style=\"font-weight: 400;\"> und ist ein gr\u00fcner Ort, an dem Sie im Schatten von Designer-Sonnenschirmen zu <\/span><b>Mittag essen<\/b><span style=\"font-weight: 400;\"> oder beim <\/span><b>Abendessen<\/b><span style=\"font-weight: 400;\"> mit Freunden und Kollegen den Sonnenuntergang bewundern k\u00f6nnen. Auf unseren <\/span><b>bequemen Sofas<\/b><span style=\"font-weight: 400;\"> und <\/span><b>eleganten Sesseln<\/b><span style=\"font-weight: 400;\"> k\u00f6nnen Sie nach einem langen Arbeitstag bei einem Buch und einem <\/span><b>Drink<\/b><span style=\"font-weight: 400;\"> den Stress des Tages in der abendlichen K\u00fchle vergessen. <\/span><span style=\"font-weight: 400;\"><br \/>\n<\/span><span style=\"font-weight: 400;\">Umgeben von Privatsph\u00e4re, die durch eine gro\u00dfe Auswahl an Pflanzen gew\u00e4hrleistet wird, k\u00f6nnen Sie einige Momente der Ruhe genie\u00dfen und sich Ihrem t\u00e4glichen Wohlbefinden widmen &#8211; wenn Sie m\u00f6chten, auch in Gesellschaft Ihrer vierbeinigen Freunde, die bei uns immer willkommen sind!\u00a0<\/span><\/p>\n","protected":false},"excerpt":{"rendered":"<p>Im voco\u00ae Venice Mestre &#8211; The Quid haben wir f\u00fcr Sie eine gro\u00dfz\u00fcgige Terrasse zum Entspannen und Genie\u00dfen geschaffen. Sie ist perfekt mit unserer Bar und unserem Restaurant verbunden und ist ein gr\u00fcner Ort, an dem Sie im Schatten von Designer-Sonnenschirmen zu Mittag essen oder beim Abendessen mit Freunden und Kollegen den Sonnenuntergang bewundern k\u00f6nnen. [&hellip;]<\/p>\n","protected":false},"author":6,"featured_media":701,"parent":56,"menu_order":43,"comment_status":"closed","ping_status":"closed","template":"template-default-2.php","meta":{"footnotes":""},"class_list":["post-68","page","type-page","status-publish","has-post-thumbnail","hentry"],"yoast_head":"<!-- This site is optimized with the Yoast SEO plugin v26.9 - https:\/\/yoast.com\/product\/yoast-seo-wordpress\/ -->\n<title>Au\u00dfenbereiche des Hotels | voco\u00ae Venice Mestre - The Quid<\/title>\n<meta name=\"description\" content=\"Unsere Bar und unser Restaurant mit einer einladenden Au\u00dfenterrasse. Der ideale Ort f\u00fcr Mittagessen und Aperitifs mit Freunden und Kollegen.\" \/>\n<meta name=\"robots\" content=\"index, follow, max-snippet:-1, max-image-preview:large, max-video-preview:-1\" \/>\n<link rel=\"canonical\" href=\"https:\/\/www.quidhotelvenice.com\/de\/bar-und-restaurant\/aussenbereiche\/\" \/>\n<meta property=\"og:locale\" content=\"de_DE\" \/>\n<meta property=\"og:type\" content=\"article\" \/>\n<meta property=\"og:title\" content=\"Au\u00dfenbereiche des Hotels | voco\u00ae Venice Mestre - The Quid\" \/>\n<meta property=\"og:description\" content=\"Unsere Bar und unser Restaurant mit einer einladenden Au\u00dfenterrasse. Der ideale Ort f\u00fcr Mittagessen und Aperitifs mit Freunden und Kollegen.\" \/>\n<meta property=\"og:url\" content=\"https:\/\/www.quidhotelvenice.com\/de\/bar-und-restaurant\/aussenbereiche\/\" \/>\n<meta property=\"og:site_name\" content=\"Voco Venice Mestre\" \/>\n<meta property=\"article:modified_time\" content=\"2023-08-29T14:38:25+00:00\" \/>\n<meta property=\"og:image\" content=\"https:\/\/www.quidhotelvenice.com\/wp-content\/uploads\/sites\/557\/2023\/07\/Ludico-Bar-Terrace-voco-Venice-Mestre-The-Quid.jpeg\" \/>\n\t<meta property=\"og:image:width\" content=\"2200\" \/>\n\t<meta property=\"og:image:height\" content=\"1200\" \/>\n\t<meta property=\"og:image:type\" content=\"image\/jpeg\" \/>\n<meta name=\"twitter:card\" content=\"summary_large_image\" \/>\n<meta name=\"twitter:label1\" content=\"Gesch\u00e4tzte Lesezeit\" \/>\n\t<meta name=\"twitter:data1\" content=\"1 Minute\" \/>\n<script type=\"application\/ld+json\" class=\"yoast-schema-graph\">{\"@context\":\"https:\/\/schema.org\",\"@graph\":[{\"@type\":\"WebPage\",\"@id\":\"https:\/\/www.quidhotelvenice.com\/de\/bar-und-restaurant\/aussenbereiche\/\",\"url\":\"https:\/\/www.quidhotelvenice.com\/de\/bar-und-restaurant\/aussenbereiche\/\",\"name\":\"Au\u00dfenbereiche des Hotels | voco\u00ae Venice Mestre - The Quid\",\"isPartOf\":{\"@id\":\"https:\/\/www.quidhotelvenice.com\/de\/#website\"},\"primaryImageOfPage\":{\"@id\":\"https:\/\/www.quidhotelvenice.com\/de\/bar-und-restaurant\/aussenbereiche\/#primaryimage\"},\"image\":{\"@id\":\"https:\/\/www.quidhotelvenice.com\/de\/bar-und-restaurant\/aussenbereiche\/#primaryimage\"},\"thumbnailUrl\":\"https:\/\/www.quidhotelvenice.com\/wp-content\/uploads\/sites\/557\/2023\/07\/Ludico-Bar-Terrace-voco-Venice-Mestre-The-Quid.jpeg\",\"datePublished\":\"2023-07-20T07:51:40+00:00\",\"dateModified\":\"2023-08-29T14:38:25+00:00\",\"description\":\"Unsere Bar und unser Restaurant mit einer einladenden Au\u00dfenterrasse. Der ideale Ort f\u00fcr Mittagessen und Aperitifs mit Freunden und Kollegen.\",\"breadcrumb\":{\"@id\":\"https:\/\/www.quidhotelvenice.com\/de\/bar-und-restaurant\/aussenbereiche\/#breadcrumb\"},\"inLanguage\":\"de-DE\",\"potentialAction\":[{\"@type\":\"ReadAction\",\"target\":[\"https:\/\/www.quidhotelvenice.com\/de\/bar-und-restaurant\/aussenbereiche\/\"]}]},{\"@type\":\"ImageObject\",\"inLanguage\":\"de-DE\",\"@id\":\"https:\/\/www.quidhotelvenice.com\/de\/bar-und-restaurant\/aussenbereiche\/#primaryimage\",\"url\":\"https:\/\/www.quidhotelvenice.com\/wp-content\/uploads\/sites\/557\/2023\/07\/Ludico-Bar-Terrace-voco-Venice-Mestre-The-Quid.jpeg\",\"contentUrl\":\"https:\/\/www.quidhotelvenice.com\/wp-content\/uploads\/sites\/557\/2023\/07\/Ludico-Bar-Terrace-voco-Venice-Mestre-The-Quid.jpeg\",\"width\":2200,\"height\":1200},{\"@type\":\"BreadcrumbList\",\"@id\":\"https:\/\/www.quidhotelvenice.com\/de\/bar-und-restaurant\/aussenbereiche\/#breadcrumb\",\"itemListElement\":[{\"@type\":\"ListItem\",\"position\":1,\"name\":\"Home\",\"item\":\"https:\/\/www.quidhotelvenice.com\/de\/\"},{\"@type\":\"ListItem\",\"position\":2,\"name\":\"Bar und Restaurant\",\"item\":\"https:\/\/www.quidhotelvenice.com\/de\/bar-und-restaurant\/\"},{\"@type\":\"ListItem\",\"position\":3,\"name\":\"Au\u00dfenbereiche\"}]},{\"@type\":\"WebSite\",\"@id\":\"https:\/\/www.quidhotelvenice.com\/de\/#website\",\"url\":\"https:\/\/www.quidhotelvenice.com\/de\/\",\"name\":\"Voco Venice Mestre\",\"description\":\"\",\"potentialAction\":[{\"@type\":\"SearchAction\",\"target\":{\"@type\":\"EntryPoint\",\"urlTemplate\":\"https:\/\/www.quidhotelvenice.com\/de\/?s={search_term_string}\"},\"query-input\":{\"@type\":\"PropertyValueSpecification\",\"valueRequired\":true,\"valueName\":\"search_term_string\"}}],\"inLanguage\":\"de-DE\"}]}<\/script>\n<!-- \/ Yoast SEO plugin. -->","yoast_head_json":{"title":"Au\u00dfenbereiche des Hotels | voco\u00ae Venice Mestre - The Quid","description":"Unsere Bar und unser Restaurant mit einer einladenden Au\u00dfenterrasse. Der ideale Ort f\u00fcr Mittagessen und Aperitifs mit Freunden und Kollegen.","robots":{"index":"index","follow":"follow","max-snippet":"max-snippet:-1","max-image-preview":"max-image-preview:large","max-video-preview":"max-video-preview:-1"},"canonical":"https:\/\/www.quidhotelvenice.com\/de\/bar-und-restaurant\/aussenbereiche\/","og_locale":"de_DE","og_type":"article","og_title":"Au\u00dfenbereiche des Hotels | voco\u00ae Venice Mestre - The Quid","og_description":"Unsere Bar und unser Restaurant mit einer einladenden Au\u00dfenterrasse. Der ideale Ort f\u00fcr Mittagessen und Aperitifs mit Freunden und Kollegen.","og_url":"https:\/\/www.quidhotelvenice.com\/de\/bar-und-restaurant\/aussenbereiche\/","og_site_name":"Voco Venice Mestre","article_modified_time":"2023-08-29T14:38:25+00:00","og_image":[{"width":2200,"height":1200,"url":"https:\/\/www.quidhotelvenice.com\/wp-content\/uploads\/sites\/557\/2023\/07\/Ludico-Bar-Terrace-voco-Venice-Mestre-The-Quid.jpeg","type":"image\/jpeg"}],"twitter_card":"summary_large_image","twitter_misc":{"Gesch\u00e4tzte Lesezeit":"1 Minute"},"schema":{"@context":"https:\/\/schema.org","@graph":[{"@type":"WebPage","@id":"https:\/\/www.quidhotelvenice.com\/de\/bar-und-restaurant\/aussenbereiche\/","url":"https:\/\/www.quidhotelvenice.com\/de\/bar-und-restaurant\/aussenbereiche\/","name":"Au\u00dfenbereiche des Hotels | voco\u00ae Venice Mestre - The Quid","isPartOf":{"@id":"https:\/\/www.quidhotelvenice.com\/de\/#website"},"primaryImageOfPage":{"@id":"https:\/\/www.quidhotelvenice.com\/de\/bar-und-restaurant\/aussenbereiche\/#primaryimage"},"image":{"@id":"https:\/\/www.quidhotelvenice.com\/de\/bar-und-restaurant\/aussenbereiche\/#primaryimage"},"thumbnailUrl":"https:\/\/www.quidhotelvenice.com\/wp-content\/uploads\/sites\/557\/2023\/07\/Ludico-Bar-Terrace-voco-Venice-Mestre-The-Quid.jpeg","datePublished":"2023-07-20T07:51:40+00:00","dateModified":"2023-08-29T14:38:25+00:00","description":"Unsere Bar und unser Restaurant mit einer einladenden Au\u00dfenterrasse. Der ideale Ort f\u00fcr Mittagessen und Aperitifs mit Freunden und Kollegen.","breadcrumb":{"@id":"https:\/\/www.quidhotelvenice.com\/de\/bar-und-restaurant\/aussenbereiche\/#breadcrumb"},"inLanguage":"de-DE","potentialAction":[{"@type":"ReadAction","target":["https:\/\/www.quidhotelvenice.com\/de\/bar-und-restaurant\/aussenbereiche\/"]}]},{"@type":"ImageObject","inLanguage":"de-DE","@id":"https:\/\/www.quidhotelvenice.com\/de\/bar-und-restaurant\/aussenbereiche\/#primaryimage","url":"https:\/\/www.quidhotelvenice.com\/wp-content\/uploads\/sites\/557\/2023\/07\/Ludico-Bar-Terrace-voco-Venice-Mestre-The-Quid.jpeg","contentUrl":"https:\/\/www.quidhotelvenice.com\/wp-content\/uploads\/sites\/557\/2023\/07\/Ludico-Bar-Terrace-voco-Venice-Mestre-The-Quid.jpeg","width":2200,"height":1200},{"@type":"BreadcrumbList","@id":"https:\/\/www.quidhotelvenice.com\/de\/bar-und-restaurant\/aussenbereiche\/#breadcrumb","itemListElement":[{"@type":"ListItem","position":1,"name":"Home","item":"https:\/\/www.quidhotelvenice.com\/de\/"},{"@type":"ListItem","position":2,"name":"Bar und Restaurant","item":"https:\/\/www.quidhotelvenice.com\/de\/bar-und-restaurant\/"},{"@type":"ListItem","position":3,"name":"Au\u00dfenbereiche"}]},{"@type":"WebSite","@id":"https:\/\/www.quidhotelvenice.com\/de\/#website","url":"https:\/\/www.quidhotelvenice.com\/de\/","name":"Voco Venice Mestre","description":"","potentialAction":[{"@type":"SearchAction","target":{"@type":"EntryPoint","urlTemplate":"https:\/\/www.quidhotelvenice.com\/de\/?s={search_term_string}"},"query-input":{"@type":"PropertyValueSpecification","valueRequired":true,"valueName":"search_term_string"}}],"inLanguage":"de-DE"}]}},"acf":[],"_links":{"self":[{"href":"https:\/\/www.quidhotelvenice.com\/de\/wp-json\/wp\/v2\/pages\/68","targetHints":{"allow":["GET"]}}],"collection":[{"href":"https:\/\/www.quidhotelvenice.com\/de\/wp-json\/wp\/v2\/pages"}],"about":[{"href":"https:\/\/www.quidhotelvenice.com\/de\/wp-json\/wp\/v2\/types\/page"}],"author":[{"embeddable":true,"href":"https:\/\/www.quidhotelvenice.com\/de\/wp-json\/wp\/v2\/users\/6"}],"replies":[{"embeddable":true,"href":"https:\/\/www.quidhotelvenice.com\/de\/wp-json\/wp\/v2\/comments?post=68"}],"version-history":[{"count":0,"href":"https:\/\/www.quidhotelvenice.com\/de\/wp-json\/wp\/v2\/pages\/68\/revisions"}],"up":[{"embeddable":true,"href":"https:\/\/www.quidhotelvenice.com\/de\/wp-json\/wp\/v2\/pages\/56"}],"wp:featuredmedia":[{"embeddable":true,"href":"https:\/\/www.quidhotelvenice.com\/de\/wp-json\/wp\/v2\/media\/701"}],"wp:attachment":[{"href":"https:\/\/www.quidhotelvenice.com\/de\/wp-json\/wp\/v2\/media?parent=68"}],"curies":[{"name":"wp","href":"https:\/\/api.w.org\/{rel}","templated":true}]}}