{"id":64,"date":"2023-07-20T07:49:18","date_gmt":"2023-07-20T07:49:18","guid":{"rendered":"https:\/\/voco-venice.ms.decms.eu\/bar-e-ristorante\/ludico-bar\/"},"modified":"2025-03-20T16:20:56","modified_gmt":"2025-03-20T16:20:56","slug":"ludico-bar","status":"publish","type":"page","link":"https:\/\/www.quidhotelvenice.com\/de\/bar-und-restaurant\/ludico-bar\/","title":{"rendered":"Ludico Bar"},"content":{"rendered":"<p><span style=\"font-weight: 400\">In der Bar<\/span><b> Ludico &#8211; Drinks, Food &amp; Play <\/b><span style=\"font-weight: 400\">finden Sie eine <\/span><b>fr\u00f6hliche und ungezwungene Atmosph\u00e4re<\/b><span style=\"font-weight: 400\">, die ideal ist, um die M\u00fcdigkeit des Tages hinter sich zu lassen und ein paar Momente der wohlverdienten Entspannung zu genie\u00dfen.<\/span><span style=\"font-weight: 400\"><br \/>\n<\/span><span style=\"font-weight: 400\">W\u00e4hlen Sie Ihren Favoriten unter den <\/span><b>klassischen Drinks <\/b><span style=\"font-weight: 400\">oder probieren Sie unsere<\/span><b> Signature-Cocktails<\/b><span style=\"font-weight: 400\">, die unser Barkeeper speziell f\u00fcr Sie kreiert hat (Lust auf <\/span><i><span style=\"font-weight: 400\">Ludico<\/span><\/i><span style=\"font-weight: 400\">, <\/span><i><span style=\"font-weight: 400\">Flamingo<\/span><\/i><span style=\"font-weight: 400\">, <\/span><i><span style=\"font-weight: 400\">Colibr\u00ec <\/span><\/i><span style=\"font-weight: 400\">oder<\/span><i><span style=\"font-weight: 400\"> Night Owl<\/span><\/i><span style=\"font-weight: 400\">?), und genie\u00dfen Sie dazu eine Auswahl an herzhaften Snacks von unserer <\/span><b>Snackkarte<\/b><span style=\"font-weight: 400\">.<\/span><span style=\"font-weight: 400\"><br \/>\n<\/span><span style=\"font-weight: 400\">Im Ludico &#8211; Drinks, Food &amp; Play m\u00fcssen Sie auf nichts verzichten: Wir bieten <\/span><b>glutenfreie, vegane und vegetarische Aperitif-Men\u00fcs<\/b><span style=\"font-weight: 400\"> und eine gro\u00dfe Auswahl an <\/span><b>Desserts<\/b><span style=\"font-weight: 400\"> zum genie\u00dfen!<\/span><\/p>\n","protected":false},"excerpt":{"rendered":"<p>In der Bar Ludico &#8211; Drinks, Food &amp; Play finden Sie eine fr\u00f6hliche und ungezwungene Atmosph\u00e4re, die ideal ist, um die M\u00fcdigkeit des Tages hinter sich zu lassen und ein paar Momente der wohlverdienten Entspannung zu genie\u00dfen. W\u00e4hlen Sie Ihren Favoriten unter den klassischen Drinks oder probieren Sie unsere Signature-Cocktails, die unser Barkeeper speziell f\u00fcr [&hellip;]<\/p>\n","protected":false},"author":6,"featured_media":691,"parent":56,"menu_order":42,"comment_status":"closed","ping_status":"closed","template":"template-single-restaurant.php","meta":{"footnotes":""},"class_list":["post-64","page","type-page","status-publish","has-post-thumbnail","hentry"],"yoast_head":"<!-- This site is optimized with the Yoast SEO plugin v26.9 - https:\/\/yoast.com\/product\/yoast-seo-wordpress\/ -->\n<title>Ludico Bar: Cocktailbar f\u00fcr Aperitifs | voco\u00ae Venice Mestre<\/title>\n<meta name=\"description\" content=\"Ihre Abende in der Ludico Bar mit Gaming Area: ein gepflegter und cooler Ort, ideal f\u00fcr Aperitifs und Cocktails mit Freunden und Kollegen.\" \/>\n<meta name=\"robots\" content=\"index, follow, max-snippet:-1, max-image-preview:large, max-video-preview:-1\" \/>\n<link rel=\"canonical\" href=\"https:\/\/www.quidhotelvenice.com\/de\/bar-und-restaurant\/ludico-bar\/\" \/>\n<meta property=\"og:locale\" content=\"de_DE\" \/>\n<meta property=\"og:type\" content=\"article\" \/>\n<meta property=\"og:title\" content=\"Ludico Bar: Cocktailbar f\u00fcr Aperitifs | voco\u00ae Venice Mestre\" \/>\n<meta property=\"og:description\" content=\"Ihre Abende in der Ludico Bar mit Gaming Area: ein gepflegter und cooler Ort, ideal f\u00fcr Aperitifs und Cocktails mit Freunden und Kollegen.\" \/>\n<meta property=\"og:url\" content=\"https:\/\/www.quidhotelvenice.com\/de\/bar-und-restaurant\/ludico-bar\/\" \/>\n<meta property=\"og:site_name\" content=\"Voco Venice Mestre\" \/>\n<meta property=\"article:modified_time\" content=\"2025-03-20T16:20:56+00:00\" \/>\n<meta property=\"og:image\" content=\"https:\/\/www.quidhotelvenice.com\/wp-content\/uploads\/sites\/557\/2023\/07\/Ludico-Bar-voco-Venice-Mestre-The-Quid_2.jpeg\" \/>\n\t<meta property=\"og:image:width\" content=\"2200\" \/>\n\t<meta property=\"og:image:height\" content=\"1200\" \/>\n\t<meta property=\"og:image:type\" content=\"image\/jpeg\" \/>\n<meta name=\"twitter:card\" content=\"summary_large_image\" \/>\n<meta name=\"twitter:label1\" content=\"Gesch\u00e4tzte Lesezeit\" \/>\n\t<meta name=\"twitter:data1\" content=\"1 Minute\" \/>\n<script type=\"application\/ld+json\" class=\"yoast-schema-graph\">{\"@context\":\"https:\/\/schema.org\",\"@graph\":[{\"@type\":\"WebPage\",\"@id\":\"https:\/\/www.quidhotelvenice.com\/de\/bar-und-restaurant\/ludico-bar\/\",\"url\":\"https:\/\/www.quidhotelvenice.com\/de\/bar-und-restaurant\/ludico-bar\/\",\"name\":\"Ludico Bar: Cocktailbar f\u00fcr Aperitifs | voco\u00ae Venice Mestre\",\"isPartOf\":{\"@id\":\"https:\/\/www.quidhotelvenice.com\/de\/#website\"},\"primaryImageOfPage\":{\"@id\":\"https:\/\/www.quidhotelvenice.com\/de\/bar-und-restaurant\/ludico-bar\/#primaryimage\"},\"image\":{\"@id\":\"https:\/\/www.quidhotelvenice.com\/de\/bar-und-restaurant\/ludico-bar\/#primaryimage\"},\"thumbnailUrl\":\"https:\/\/www.quidhotelvenice.com\/wp-content\/uploads\/sites\/557\/2023\/07\/Ludico-Bar-voco-Venice-Mestre-The-Quid_2.jpeg\",\"datePublished\":\"2023-07-20T07:49:18+00:00\",\"dateModified\":\"2025-03-20T16:20:56+00:00\",\"description\":\"Ihre Abende in der Ludico Bar mit Gaming Area: ein gepflegter und cooler Ort, ideal f\u00fcr Aperitifs und Cocktails mit Freunden und Kollegen.\",\"breadcrumb\":{\"@id\":\"https:\/\/www.quidhotelvenice.com\/de\/bar-und-restaurant\/ludico-bar\/#breadcrumb\"},\"inLanguage\":\"de-DE\",\"potentialAction\":[{\"@type\":\"ReadAction\",\"target\":[\"https:\/\/www.quidhotelvenice.com\/de\/bar-und-restaurant\/ludico-bar\/\"]}]},{\"@type\":\"ImageObject\",\"inLanguage\":\"de-DE\",\"@id\":\"https:\/\/www.quidhotelvenice.com\/de\/bar-und-restaurant\/ludico-bar\/#primaryimage\",\"url\":\"https:\/\/www.quidhotelvenice.com\/wp-content\/uploads\/sites\/557\/2023\/07\/Ludico-Bar-voco-Venice-Mestre-The-Quid_2.jpeg\",\"contentUrl\":\"https:\/\/www.quidhotelvenice.com\/wp-content\/uploads\/sites\/557\/2023\/07\/Ludico-Bar-voco-Venice-Mestre-The-Quid_2.jpeg\",\"width\":2200,\"height\":1200},{\"@type\":\"BreadcrumbList\",\"@id\":\"https:\/\/www.quidhotelvenice.com\/de\/bar-und-restaurant\/ludico-bar\/#breadcrumb\",\"itemListElement\":[{\"@type\":\"ListItem\",\"position\":1,\"name\":\"Home\",\"item\":\"https:\/\/www.quidhotelvenice.com\/de\/\"},{\"@type\":\"ListItem\",\"position\":2,\"name\":\"Bar und Restaurant\",\"item\":\"https:\/\/www.quidhotelvenice.com\/de\/bar-und-restaurant\/\"},{\"@type\":\"ListItem\",\"position\":3,\"name\":\"Ludico Bar\"}]},{\"@type\":\"WebSite\",\"@id\":\"https:\/\/www.quidhotelvenice.com\/de\/#website\",\"url\":\"https:\/\/www.quidhotelvenice.com\/de\/\",\"name\":\"Voco Venice Mestre\",\"description\":\"\",\"potentialAction\":[{\"@type\":\"SearchAction\",\"target\":{\"@type\":\"EntryPoint\",\"urlTemplate\":\"https:\/\/www.quidhotelvenice.com\/de\/?s={search_term_string}\"},\"query-input\":{\"@type\":\"PropertyValueSpecification\",\"valueRequired\":true,\"valueName\":\"search_term_string\"}}],\"inLanguage\":\"de-DE\"}]}<\/script>\n<!-- \/ Yoast SEO plugin. -->","yoast_head_json":{"title":"Ludico Bar: Cocktailbar f\u00fcr Aperitifs | voco\u00ae Venice Mestre","description":"Ihre Abende in der Ludico Bar mit Gaming Area: ein gepflegter und cooler Ort, ideal f\u00fcr Aperitifs und Cocktails mit Freunden und Kollegen.","robots":{"index":"index","follow":"follow","max-snippet":"max-snippet:-1","max-image-preview":"max-image-preview:large","max-video-preview":"max-video-preview:-1"},"canonical":"https:\/\/www.quidhotelvenice.com\/de\/bar-und-restaurant\/ludico-bar\/","og_locale":"de_DE","og_type":"article","og_title":"Ludico Bar: Cocktailbar f\u00fcr Aperitifs | voco\u00ae Venice Mestre","og_description":"Ihre Abende in der Ludico Bar mit Gaming Area: ein gepflegter und cooler Ort, ideal f\u00fcr Aperitifs und Cocktails mit Freunden und Kollegen.","og_url":"https:\/\/www.quidhotelvenice.com\/de\/bar-und-restaurant\/ludico-bar\/","og_site_name":"Voco Venice Mestre","article_modified_time":"2025-03-20T16:20:56+00:00","og_image":[{"width":2200,"height":1200,"url":"https:\/\/www.quidhotelvenice.com\/wp-content\/uploads\/sites\/557\/2023\/07\/Ludico-Bar-voco-Venice-Mestre-The-Quid_2.jpeg","type":"image\/jpeg"}],"twitter_card":"summary_large_image","twitter_misc":{"Gesch\u00e4tzte Lesezeit":"1 Minute"},"schema":{"@context":"https:\/\/schema.org","@graph":[{"@type":"WebPage","@id":"https:\/\/www.quidhotelvenice.com\/de\/bar-und-restaurant\/ludico-bar\/","url":"https:\/\/www.quidhotelvenice.com\/de\/bar-und-restaurant\/ludico-bar\/","name":"Ludico Bar: Cocktailbar f\u00fcr Aperitifs | voco\u00ae Venice Mestre","isPartOf":{"@id":"https:\/\/www.quidhotelvenice.com\/de\/#website"},"primaryImageOfPage":{"@id":"https:\/\/www.quidhotelvenice.com\/de\/bar-und-restaurant\/ludico-bar\/#primaryimage"},"image":{"@id":"https:\/\/www.quidhotelvenice.com\/de\/bar-und-restaurant\/ludico-bar\/#primaryimage"},"thumbnailUrl":"https:\/\/www.quidhotelvenice.com\/wp-content\/uploads\/sites\/557\/2023\/07\/Ludico-Bar-voco-Venice-Mestre-The-Quid_2.jpeg","datePublished":"2023-07-20T07:49:18+00:00","dateModified":"2025-03-20T16:20:56+00:00","description":"Ihre Abende in der Ludico Bar mit Gaming Area: ein gepflegter und cooler Ort, ideal f\u00fcr Aperitifs und Cocktails mit Freunden und Kollegen.","breadcrumb":{"@id":"https:\/\/www.quidhotelvenice.com\/de\/bar-und-restaurant\/ludico-bar\/#breadcrumb"},"inLanguage":"de-DE","potentialAction":[{"@type":"ReadAction","target":["https:\/\/www.quidhotelvenice.com\/de\/bar-und-restaurant\/ludico-bar\/"]}]},{"@type":"ImageObject","inLanguage":"de-DE","@id":"https:\/\/www.quidhotelvenice.com\/de\/bar-und-restaurant\/ludico-bar\/#primaryimage","url":"https:\/\/www.quidhotelvenice.com\/wp-content\/uploads\/sites\/557\/2023\/07\/Ludico-Bar-voco-Venice-Mestre-The-Quid_2.jpeg","contentUrl":"https:\/\/www.quidhotelvenice.com\/wp-content\/uploads\/sites\/557\/2023\/07\/Ludico-Bar-voco-Venice-Mestre-The-Quid_2.jpeg","width":2200,"height":1200},{"@type":"BreadcrumbList","@id":"https:\/\/www.quidhotelvenice.com\/de\/bar-und-restaurant\/ludico-bar\/#breadcrumb","itemListElement":[{"@type":"ListItem","position":1,"name":"Home","item":"https:\/\/www.quidhotelvenice.com\/de\/"},{"@type":"ListItem","position":2,"name":"Bar und Restaurant","item":"https:\/\/www.quidhotelvenice.com\/de\/bar-und-restaurant\/"},{"@type":"ListItem","position":3,"name":"Ludico Bar"}]},{"@type":"WebSite","@id":"https:\/\/www.quidhotelvenice.com\/de\/#website","url":"https:\/\/www.quidhotelvenice.com\/de\/","name":"Voco Venice Mestre","description":"","potentialAction":[{"@type":"SearchAction","target":{"@type":"EntryPoint","urlTemplate":"https:\/\/www.quidhotelvenice.com\/de\/?s={search_term_string}"},"query-input":{"@type":"PropertyValueSpecification","valueRequired":true,"valueName":"search_term_string"}}],"inLanguage":"de-DE"}]}},"acf":[],"_links":{"self":[{"href":"https:\/\/www.quidhotelvenice.com\/de\/wp-json\/wp\/v2\/pages\/64","targetHints":{"allow":["GET"]}}],"collection":[{"href":"https:\/\/www.quidhotelvenice.com\/de\/wp-json\/wp\/v2\/pages"}],"about":[{"href":"https:\/\/www.quidhotelvenice.com\/de\/wp-json\/wp\/v2\/types\/page"}],"author":[{"embeddable":true,"href":"https:\/\/www.quidhotelvenice.com\/de\/wp-json\/wp\/v2\/users\/6"}],"replies":[{"embeddable":true,"href":"https:\/\/www.quidhotelvenice.com\/de\/wp-json\/wp\/v2\/comments?post=64"}],"version-history":[{"count":0,"href":"https:\/\/www.quidhotelvenice.com\/de\/wp-json\/wp\/v2\/pages\/64\/revisions"}],"up":[{"embeddable":true,"href":"https:\/\/www.quidhotelvenice.com\/de\/wp-json\/wp\/v2\/pages\/56"}],"wp:featuredmedia":[{"embeddable":true,"href":"https:\/\/www.quidhotelvenice.com\/de\/wp-json\/wp\/v2\/media\/691"}],"wp:attachment":[{"href":"https:\/\/www.quidhotelvenice.com\/de\/wp-json\/wp\/v2\/media?parent=64"}],"curies":[{"name":"wp","href":"https:\/\/api.w.org\/{rel}","templated":true}]}}