{"id":60,"date":"2023-07-19T17:24:16","date_gmt":"2023-07-19T17:24:16","guid":{"rendered":"https:\/\/voco-venice.ms.decms.eu\/bar-e-ristorante\/ludico-restaurant\/"},"modified":"2026-01-07T10:54:57","modified_gmt":"2026-01-07T10:54:57","slug":"ludico-restaurant","status":"publish","type":"page","link":"https:\/\/www.quidhotelvenice.com\/de\/bar-und-restaurant\/ludico-restaurant\/","title":{"rendered":"Ludico Restaurant"},"content":{"rendered":"<p><span style=\"font-weight: 400\">Wir haben das Restaurant <\/span><b>Ludico Venice<\/b><span style=\"font-weight: 400\"> als intimen, eleganten Raum im unverwechselbaren voco\u00ae-Design konzipiert. <\/span><span style=\"font-weight: 400\"><br \/>\n<\/span><span style=\"font-weight: 400\">Im 2022 renovierten voco\u00ae Venice Mestre &#8211; The Quid finden Sie den perfekten Ort f\u00fcr einen <\/span><b>unvergesslichen Abend<\/b><span style=\"font-weight: 400\">: Ob Sie uns f\u00fcr ein romantisches Abendessen zu zweit, ein lustiges Dinner mit Freunden oder ein formelles Gesch\u00e4ftstreffen w\u00e4hlen, wir machen Ihren Aufenthalt absolut unvergesslich. <\/span><span style=\"font-weight: 400\"><br \/>\n<\/span><span style=\"font-weight: 400\"><br \/>\n<\/span><span style=\"font-weight: 400\">Lassen Sie sich von unseren Gerichten verf\u00fchren, die ausschlie\u00dflich aus <\/span><b>frischen, saisonalen Zutaten<\/b><span style=\"font-weight: 400\"> zubereitet und von sorgf\u00e4ltig ausgew\u00e4hlten <\/span><b>Spitzenweinen<\/b><span style=\"font-weight: 400\"> begleitet werden. Unter der fachkundigen Leitung unseres <strong>K\u00fcchenchefs Daniele Amato <\/strong><\/span><span style=\"font-weight: 400\">k\u00f6nnen Sie ein <\/span><b>au\u00dfergew\u00f6hnliches kulinarisches Erlebnis <\/b><span style=\"font-weight: 400\">genie\u00dfen, eine gastronomische Reise durch die Gerichte und Aromen der<\/span><b> mediterranen K\u00fcche<\/b><span style=\"font-weight: 400\">, der wir stets <\/span><b>unsere<\/b> <b>eigene pers\u00f6nliche Note<\/b><span style=\"font-weight: 400\"> verleihen.<\/span><span style=\"font-weight: 400\"><br \/>\n<\/span><span style=\"font-weight: 400\">Ludico Venice ist ein Restaurant, das allen offen steht: Besuchen Sie uns f\u00fcr ein bezauberndes Sommerdinner (oder Mittagessen!), w\u00e4hlen Sie einen Tisch mit Blick auf unserer <\/span><b>gro\u00dfen Terrasse<\/b><span style=\"font-weight: 400\">, und w\u00e4hlen Sie aus einem <\/span><b>Men\u00fc<\/b><span style=\"font-weight: 400\"> \u00e0 la carte, <\/span><b>glutenfrei, vegan, vegetarisch<\/b><span style=\"font-weight: 400\"> oder speziell f\u00fcr Ihre <\/span><b>Kinder<\/b><span style=\"font-weight: 400\">.<\/span> <span style=\"font-weight: 400\">Auch bei Unvertr\u00e4glichkeiten, Allergien oder speziellen Di\u00e4tpl\u00e4nen erstellen wir <\/span><b>individuelle Men\u00fcs<\/b><span style=\"font-weight: 400\"> und k\u00fcmmern uns um jedes Ihrer kleinen Bed\u00fcrfnisse. Mit Blick auf die Umwelt haben wir uns auch daf\u00fcr entschieden, ein <\/span><b>saisonales Men\u00fc<\/b><span style=\"font-weight: 400\"> zu kreieren: ideal, um die Umwelt zu schonen, kurze Lieferketten zu f\u00f6rdern und frisches Gem\u00fcse der Saison zu garantieren.<\/span><\/p>\n","protected":false},"excerpt":{"rendered":"<p>Wir haben das Restaurant Ludico Venice als intimen, eleganten Raum im unverwechselbaren voco\u00ae-Design konzipiert. Im 2022 renovierten voco\u00ae Venice Mestre &#8211; The Quid finden Sie den perfekten Ort f\u00fcr einen unvergesslichen Abend: Ob Sie uns f\u00fcr ein romantisches Abendessen zu zweit, ein lustiges Dinner mit Freunden oder ein formelles Gesch\u00e4ftstreffen w\u00e4hlen, wir machen Ihren Aufenthalt [&hellip;]<\/p>\n","protected":false},"author":6,"featured_media":679,"parent":56,"menu_order":41,"comment_status":"closed","ping_status":"closed","template":"template-single-restaurant.php","meta":{"footnotes":""},"class_list":["post-60","page","type-page","status-publish","has-post-thumbnail","hentry"],"yoast_head":"<!-- This site is optimized with the Yoast SEO plugin v26.9 - https:\/\/yoast.com\/product\/yoast-seo-wordpress\/ -->\n<title>Ludico Restaurant: Gourmet-Restaurant | voco\u00ae Venice Mestre<\/title>\n<meta name=\"description\" content=\"Das Ludico Restaurant mit einer Au\u00dfenterrasse. Ausgew\u00e4hlte Zutaten f\u00fcr ein unverf\u00e4lschtes Erlebnis. Probieren Sie die Spezialit\u00e4ten des K\u00fcchenchefs.\" \/>\n<meta name=\"robots\" content=\"index, follow, max-snippet:-1, max-image-preview:large, max-video-preview:-1\" \/>\n<link rel=\"canonical\" href=\"https:\/\/www.quidhotelvenice.com\/de\/bar-und-restaurant\/ludico-restaurant\/\" \/>\n<meta property=\"og:locale\" content=\"de_DE\" \/>\n<meta property=\"og:type\" content=\"article\" \/>\n<meta property=\"og:title\" content=\"Ludico Restaurant: Gourmet-Restaurant | voco\u00ae Venice Mestre\" \/>\n<meta property=\"og:description\" content=\"Das Ludico Restaurant mit einer Au\u00dfenterrasse. Ausgew\u00e4hlte Zutaten f\u00fcr ein unverf\u00e4lschtes Erlebnis. Probieren Sie die Spezialit\u00e4ten des K\u00fcchenchefs.\" \/>\n<meta property=\"og:url\" content=\"https:\/\/www.quidhotelvenice.com\/de\/bar-und-restaurant\/ludico-restaurant\/\" \/>\n<meta property=\"og:site_name\" content=\"Voco Venice Mestre\" \/>\n<meta property=\"article:modified_time\" content=\"2026-01-07T10:54:57+00:00\" \/>\n<meta property=\"og:image\" content=\"https:\/\/www.quidhotelvenice.com\/wp-content\/uploads\/sites\/557\/2023\/07\/01-Ludico-Restaurant-voco-Venice-Mestre-The-Quid_1-1.jpeg\" \/>\n\t<meta property=\"og:image:width\" content=\"2200\" \/>\n\t<meta property=\"og:image:height\" content=\"1200\" \/>\n\t<meta property=\"og:image:type\" content=\"image\/jpeg\" \/>\n<meta name=\"twitter:card\" content=\"summary_large_image\" \/>\n<meta name=\"twitter:label1\" content=\"Gesch\u00e4tzte Lesezeit\" \/>\n\t<meta name=\"twitter:data1\" content=\"2 Minuten\" \/>\n<script type=\"application\/ld+json\" class=\"yoast-schema-graph\">{\"@context\":\"https:\/\/schema.org\",\"@graph\":[{\"@type\":\"WebPage\",\"@id\":\"https:\/\/www.quidhotelvenice.com\/de\/bar-und-restaurant\/ludico-restaurant\/\",\"url\":\"https:\/\/www.quidhotelvenice.com\/de\/bar-und-restaurant\/ludico-restaurant\/\",\"name\":\"Ludico Restaurant: Gourmet-Restaurant | voco\u00ae Venice Mestre\",\"isPartOf\":{\"@id\":\"https:\/\/www.quidhotelvenice.com\/de\/#website\"},\"primaryImageOfPage\":{\"@id\":\"https:\/\/www.quidhotelvenice.com\/de\/bar-und-restaurant\/ludico-restaurant\/#primaryimage\"},\"image\":{\"@id\":\"https:\/\/www.quidhotelvenice.com\/de\/bar-und-restaurant\/ludico-restaurant\/#primaryimage\"},\"thumbnailUrl\":\"https:\/\/www.quidhotelvenice.com\/wp-content\/uploads\/sites\/557\/2023\/07\/01-Ludico-Restaurant-voco-Venice-Mestre-The-Quid_1-1.jpeg\",\"datePublished\":\"2023-07-19T17:24:16+00:00\",\"dateModified\":\"2026-01-07T10:54:57+00:00\",\"description\":\"Das Ludico Restaurant mit einer Au\u00dfenterrasse. Ausgew\u00e4hlte Zutaten f\u00fcr ein unverf\u00e4lschtes Erlebnis. Probieren Sie die Spezialit\u00e4ten des K\u00fcchenchefs.\",\"breadcrumb\":{\"@id\":\"https:\/\/www.quidhotelvenice.com\/de\/bar-und-restaurant\/ludico-restaurant\/#breadcrumb\"},\"inLanguage\":\"de-DE\",\"potentialAction\":[{\"@type\":\"ReadAction\",\"target\":[\"https:\/\/www.quidhotelvenice.com\/de\/bar-und-restaurant\/ludico-restaurant\/\"]}]},{\"@type\":\"ImageObject\",\"inLanguage\":\"de-DE\",\"@id\":\"https:\/\/www.quidhotelvenice.com\/de\/bar-und-restaurant\/ludico-restaurant\/#primaryimage\",\"url\":\"https:\/\/www.quidhotelvenice.com\/wp-content\/uploads\/sites\/557\/2023\/07\/01-Ludico-Restaurant-voco-Venice-Mestre-The-Quid_1-1.jpeg\",\"contentUrl\":\"https:\/\/www.quidhotelvenice.com\/wp-content\/uploads\/sites\/557\/2023\/07\/01-Ludico-Restaurant-voco-Venice-Mestre-The-Quid_1-1.jpeg\",\"width\":2200,\"height\":1200},{\"@type\":\"BreadcrumbList\",\"@id\":\"https:\/\/www.quidhotelvenice.com\/de\/bar-und-restaurant\/ludico-restaurant\/#breadcrumb\",\"itemListElement\":[{\"@type\":\"ListItem\",\"position\":1,\"name\":\"Home\",\"item\":\"https:\/\/www.quidhotelvenice.com\/de\/\"},{\"@type\":\"ListItem\",\"position\":2,\"name\":\"Bar und Restaurant\",\"item\":\"https:\/\/www.quidhotelvenice.com\/de\/bar-und-restaurant\/\"},{\"@type\":\"ListItem\",\"position\":3,\"name\":\"Ludico Restaurant\"}]},{\"@type\":\"WebSite\",\"@id\":\"https:\/\/www.quidhotelvenice.com\/de\/#website\",\"url\":\"https:\/\/www.quidhotelvenice.com\/de\/\",\"name\":\"Voco Venice Mestre\",\"description\":\"\",\"potentialAction\":[{\"@type\":\"SearchAction\",\"target\":{\"@type\":\"EntryPoint\",\"urlTemplate\":\"https:\/\/www.quidhotelvenice.com\/de\/?s={search_term_string}\"},\"query-input\":{\"@type\":\"PropertyValueSpecification\",\"valueRequired\":true,\"valueName\":\"search_term_string\"}}],\"inLanguage\":\"de-DE\"}]}<\/script>\n<!-- \/ Yoast SEO plugin. -->","yoast_head_json":{"title":"Ludico Restaurant: Gourmet-Restaurant | voco\u00ae Venice Mestre","description":"Das Ludico Restaurant mit einer Au\u00dfenterrasse. Ausgew\u00e4hlte Zutaten f\u00fcr ein unverf\u00e4lschtes Erlebnis. Probieren Sie die Spezialit\u00e4ten des K\u00fcchenchefs.","robots":{"index":"index","follow":"follow","max-snippet":"max-snippet:-1","max-image-preview":"max-image-preview:large","max-video-preview":"max-video-preview:-1"},"canonical":"https:\/\/www.quidhotelvenice.com\/de\/bar-und-restaurant\/ludico-restaurant\/","og_locale":"de_DE","og_type":"article","og_title":"Ludico Restaurant: Gourmet-Restaurant | voco\u00ae Venice Mestre","og_description":"Das Ludico Restaurant mit einer Au\u00dfenterrasse. Ausgew\u00e4hlte Zutaten f\u00fcr ein unverf\u00e4lschtes Erlebnis. Probieren Sie die Spezialit\u00e4ten des K\u00fcchenchefs.","og_url":"https:\/\/www.quidhotelvenice.com\/de\/bar-und-restaurant\/ludico-restaurant\/","og_site_name":"Voco Venice Mestre","article_modified_time":"2026-01-07T10:54:57+00:00","og_image":[{"width":2200,"height":1200,"url":"https:\/\/www.quidhotelvenice.com\/wp-content\/uploads\/sites\/557\/2023\/07\/01-Ludico-Restaurant-voco-Venice-Mestre-The-Quid_1-1.jpeg","type":"image\/jpeg"}],"twitter_card":"summary_large_image","twitter_misc":{"Gesch\u00e4tzte Lesezeit":"2 Minuten"},"schema":{"@context":"https:\/\/schema.org","@graph":[{"@type":"WebPage","@id":"https:\/\/www.quidhotelvenice.com\/de\/bar-und-restaurant\/ludico-restaurant\/","url":"https:\/\/www.quidhotelvenice.com\/de\/bar-und-restaurant\/ludico-restaurant\/","name":"Ludico Restaurant: Gourmet-Restaurant | voco\u00ae Venice Mestre","isPartOf":{"@id":"https:\/\/www.quidhotelvenice.com\/de\/#website"},"primaryImageOfPage":{"@id":"https:\/\/www.quidhotelvenice.com\/de\/bar-und-restaurant\/ludico-restaurant\/#primaryimage"},"image":{"@id":"https:\/\/www.quidhotelvenice.com\/de\/bar-und-restaurant\/ludico-restaurant\/#primaryimage"},"thumbnailUrl":"https:\/\/www.quidhotelvenice.com\/wp-content\/uploads\/sites\/557\/2023\/07\/01-Ludico-Restaurant-voco-Venice-Mestre-The-Quid_1-1.jpeg","datePublished":"2023-07-19T17:24:16+00:00","dateModified":"2026-01-07T10:54:57+00:00","description":"Das Ludico Restaurant mit einer Au\u00dfenterrasse. Ausgew\u00e4hlte Zutaten f\u00fcr ein unverf\u00e4lschtes Erlebnis. Probieren Sie die Spezialit\u00e4ten des K\u00fcchenchefs.","breadcrumb":{"@id":"https:\/\/www.quidhotelvenice.com\/de\/bar-und-restaurant\/ludico-restaurant\/#breadcrumb"},"inLanguage":"de-DE","potentialAction":[{"@type":"ReadAction","target":["https:\/\/www.quidhotelvenice.com\/de\/bar-und-restaurant\/ludico-restaurant\/"]}]},{"@type":"ImageObject","inLanguage":"de-DE","@id":"https:\/\/www.quidhotelvenice.com\/de\/bar-und-restaurant\/ludico-restaurant\/#primaryimage","url":"https:\/\/www.quidhotelvenice.com\/wp-content\/uploads\/sites\/557\/2023\/07\/01-Ludico-Restaurant-voco-Venice-Mestre-The-Quid_1-1.jpeg","contentUrl":"https:\/\/www.quidhotelvenice.com\/wp-content\/uploads\/sites\/557\/2023\/07\/01-Ludico-Restaurant-voco-Venice-Mestre-The-Quid_1-1.jpeg","width":2200,"height":1200},{"@type":"BreadcrumbList","@id":"https:\/\/www.quidhotelvenice.com\/de\/bar-und-restaurant\/ludico-restaurant\/#breadcrumb","itemListElement":[{"@type":"ListItem","position":1,"name":"Home","item":"https:\/\/www.quidhotelvenice.com\/de\/"},{"@type":"ListItem","position":2,"name":"Bar und Restaurant","item":"https:\/\/www.quidhotelvenice.com\/de\/bar-und-restaurant\/"},{"@type":"ListItem","position":3,"name":"Ludico Restaurant"}]},{"@type":"WebSite","@id":"https:\/\/www.quidhotelvenice.com\/de\/#website","url":"https:\/\/www.quidhotelvenice.com\/de\/","name":"Voco Venice Mestre","description":"","potentialAction":[{"@type":"SearchAction","target":{"@type":"EntryPoint","urlTemplate":"https:\/\/www.quidhotelvenice.com\/de\/?s={search_term_string}"},"query-input":{"@type":"PropertyValueSpecification","valueRequired":true,"valueName":"search_term_string"}}],"inLanguage":"de-DE"}]}},"acf":[],"_links":{"self":[{"href":"https:\/\/www.quidhotelvenice.com\/de\/wp-json\/wp\/v2\/pages\/60","targetHints":{"allow":["GET"]}}],"collection":[{"href":"https:\/\/www.quidhotelvenice.com\/de\/wp-json\/wp\/v2\/pages"}],"about":[{"href":"https:\/\/www.quidhotelvenice.com\/de\/wp-json\/wp\/v2\/types\/page"}],"author":[{"embeddable":true,"href":"https:\/\/www.quidhotelvenice.com\/de\/wp-json\/wp\/v2\/users\/6"}],"replies":[{"embeddable":true,"href":"https:\/\/www.quidhotelvenice.com\/de\/wp-json\/wp\/v2\/comments?post=60"}],"version-history":[{"count":0,"href":"https:\/\/www.quidhotelvenice.com\/de\/wp-json\/wp\/v2\/pages\/60\/revisions"}],"up":[{"embeddable":true,"href":"https:\/\/www.quidhotelvenice.com\/de\/wp-json\/wp\/v2\/pages\/56"}],"wp:featuredmedia":[{"embeddable":true,"href":"https:\/\/www.quidhotelvenice.com\/de\/wp-json\/wp\/v2\/media\/679"}],"wp:attachment":[{"href":"https:\/\/www.quidhotelvenice.com\/de\/wp-json\/wp\/v2\/media?parent=60"}],"curies":[{"name":"wp","href":"https:\/\/api.w.org\/{rel}","templated":true}]}}