{"id":52,"date":"2023-07-19T17:16:05","date_gmt":"2023-07-19T17:16:05","guid":{"rendered":"https:\/\/voco-venice.ms.decms.eu\/camere\/camere-accessibili\/"},"modified":"2025-03-20T16:27:56","modified_gmt":"2025-03-20T16:27:56","slug":"barrierefreie-zimmer","status":"publish","type":"page","link":"https:\/\/www.quidhotelvenice.com\/de\/zimmer\/barrierefreie-zimmer\/","title":{"rendered":"Barrierefreie Zimmer"},"content":{"rendered":"<p><span style=\"font-weight: 400\">voco\u00ae Venedig Mestre &#8211; The Quid ist bestrebt, Ihnen <\/span><b>maximalen Komfort<\/b><span style=\"font-weight: 400\"> zu bieten und wurde <\/span><b>barrierefrei<\/b><span style=\"font-weight: 400\"> gestaltet. Jedes barrierefreie Zimmer verf\u00fcgt \u00fcber eine <\/span><b>gro\u00dfz\u00fcgige Bodenfl\u00e4che<\/b><span style=\"font-weight: 400\">, um Menschen mit eingeschr\u00e4nkter Mobilit\u00e4t ausreichend Bewegungsfreiheit zu bieten. Die <\/span><b>Einrichtung<\/b><span style=\"font-weight: 400\"> ist so konzipiert, dass sie auch von G\u00e4sten im Rollstuhl <\/span><b>bequem genutzt <\/b><span style=\"font-weight: 400\">werden kann, um ein komfortables und entspannendes Erlebnis zu gew\u00e4hrleisten.<\/span><\/p>\n","protected":false},"excerpt":{"rendered":"<p>voco\u00ae Venedig Mestre &#8211; The Quid ist bestrebt, Ihnen maximalen Komfort zu bieten und wurde barrierefrei gestaltet. Jedes barrierefreie Zimmer verf\u00fcgt \u00fcber eine gro\u00dfz\u00fcgige Bodenfl\u00e4che, um Menschen mit eingeschr\u00e4nkter Mobilit\u00e4t ausreichend Bewegungsfreiheit zu bieten. Die Einrichtung ist so konzipiert, dass sie auch von G\u00e4sten im Rollstuhl bequem genutzt werden kann, um ein komfortables und entspannendes [&hellip;]<\/p>\n","protected":false},"author":6,"featured_media":643,"parent":32,"menu_order":24,"comment_status":"closed","ping_status":"closed","template":"template-single-room.php","meta":{"footnotes":""},"class_list":["post-52","page","type-page","status-publish","has-post-thumbnail","hentry"],"yoast_head":"<!-- This site is optimized with the Yoast SEO plugin v26.9 - https:\/\/yoast.com\/product\/yoast-seo-wordpress\/ -->\n<title>Barrierefreie Zimmer | voco\u00ae Venice Mestre - The Quid<\/title>\n<meta name=\"description\" content=\"Die barrierefreien Zimmer von voco\u00ae f\u00fcr einen komfortablen Aufenthalt. Badezimmer mit allen Annehmlichkeiten. Zum Buchen klicken!\" \/>\n<meta name=\"robots\" content=\"index, follow, max-snippet:-1, max-image-preview:large, max-video-preview:-1\" \/>\n<link rel=\"canonical\" href=\"https:\/\/www.quidhotelvenice.com\/de\/zimmer\/barrierefreie-zimmer\/\" \/>\n<meta property=\"og:locale\" content=\"de_DE\" \/>\n<meta property=\"og:type\" content=\"article\" \/>\n<meta property=\"og:title\" content=\"Barrierefreie Zimmer | voco\u00ae Venice Mestre - The Quid\" \/>\n<meta property=\"og:description\" content=\"Die barrierefreien Zimmer von voco\u00ae f\u00fcr einen komfortablen Aufenthalt. Badezimmer mit allen Annehmlichkeiten. Zum Buchen klicken!\" \/>\n<meta property=\"og:url\" content=\"https:\/\/www.quidhotelvenice.com\/de\/zimmer\/barrierefreie-zimmer\/\" \/>\n<meta property=\"og:site_name\" content=\"Voco Venice Mestre\" \/>\n<meta property=\"article:modified_time\" content=\"2025-03-20T16:27:56+00:00\" \/>\n<meta property=\"og:image\" content=\"https:\/\/www.quidhotelvenice.com\/wp-content\/uploads\/sites\/557\/2023\/07\/Standard-Room-Accessible-voco-Venice-Mestre-The-Quid.jpeg\" \/>\n\t<meta property=\"og:image:width\" content=\"2200\" \/>\n\t<meta property=\"og:image:height\" content=\"1200\" \/>\n\t<meta property=\"og:image:type\" content=\"image\/jpeg\" \/>\n<meta name=\"twitter:card\" content=\"summary_large_image\" \/>\n<meta name=\"twitter:label1\" content=\"Gesch\u00e4tzte Lesezeit\" \/>\n\t<meta name=\"twitter:data1\" content=\"1 Minute\" \/>\n<script type=\"application\/ld+json\" class=\"yoast-schema-graph\">{\"@context\":\"https:\/\/schema.org\",\"@graph\":[{\"@type\":\"WebPage\",\"@id\":\"https:\/\/www.quidhotelvenice.com\/de\/zimmer\/barrierefreie-zimmer\/\",\"url\":\"https:\/\/www.quidhotelvenice.com\/de\/zimmer\/barrierefreie-zimmer\/\",\"name\":\"Barrierefreie Zimmer | voco\u00ae Venice Mestre - The Quid\",\"isPartOf\":{\"@id\":\"https:\/\/www.quidhotelvenice.com\/de\/#website\"},\"primaryImageOfPage\":{\"@id\":\"https:\/\/www.quidhotelvenice.com\/de\/zimmer\/barrierefreie-zimmer\/#primaryimage\"},\"image\":{\"@id\":\"https:\/\/www.quidhotelvenice.com\/de\/zimmer\/barrierefreie-zimmer\/#primaryimage\"},\"thumbnailUrl\":\"https:\/\/www.quidhotelvenice.com\/wp-content\/uploads\/sites\/557\/2023\/07\/Standard-Room-Accessible-voco-Venice-Mestre-The-Quid.jpeg\",\"datePublished\":\"2023-07-19T17:16:05+00:00\",\"dateModified\":\"2025-03-20T16:27:56+00:00\",\"description\":\"Die barrierefreien Zimmer von voco\u00ae f\u00fcr einen komfortablen Aufenthalt. Badezimmer mit allen Annehmlichkeiten. Zum Buchen klicken!\",\"breadcrumb\":{\"@id\":\"https:\/\/www.quidhotelvenice.com\/de\/zimmer\/barrierefreie-zimmer\/#breadcrumb\"},\"inLanguage\":\"de-DE\",\"potentialAction\":[{\"@type\":\"ReadAction\",\"target\":[\"https:\/\/www.quidhotelvenice.com\/de\/zimmer\/barrierefreie-zimmer\/\"]}]},{\"@type\":\"ImageObject\",\"inLanguage\":\"de-DE\",\"@id\":\"https:\/\/www.quidhotelvenice.com\/de\/zimmer\/barrierefreie-zimmer\/#primaryimage\",\"url\":\"https:\/\/www.quidhotelvenice.com\/wp-content\/uploads\/sites\/557\/2023\/07\/Standard-Room-Accessible-voco-Venice-Mestre-The-Quid.jpeg\",\"contentUrl\":\"https:\/\/www.quidhotelvenice.com\/wp-content\/uploads\/sites\/557\/2023\/07\/Standard-Room-Accessible-voco-Venice-Mestre-The-Quid.jpeg\",\"width\":2200,\"height\":1200},{\"@type\":\"BreadcrumbList\",\"@id\":\"https:\/\/www.quidhotelvenice.com\/de\/zimmer\/barrierefreie-zimmer\/#breadcrumb\",\"itemListElement\":[{\"@type\":\"ListItem\",\"position\":1,\"name\":\"Home\",\"item\":\"https:\/\/www.quidhotelvenice.com\/de\/\"},{\"@type\":\"ListItem\",\"position\":2,\"name\":\"Zimmer\",\"item\":\"https:\/\/www.quidhotelvenice.com\/de\/zimmer\/\"},{\"@type\":\"ListItem\",\"position\":3,\"name\":\"Barrierefreie Zimmer\"}]},{\"@type\":\"WebSite\",\"@id\":\"https:\/\/www.quidhotelvenice.com\/de\/#website\",\"url\":\"https:\/\/www.quidhotelvenice.com\/de\/\",\"name\":\"Voco Venice Mestre\",\"description\":\"\",\"potentialAction\":[{\"@type\":\"SearchAction\",\"target\":{\"@type\":\"EntryPoint\",\"urlTemplate\":\"https:\/\/www.quidhotelvenice.com\/de\/?s={search_term_string}\"},\"query-input\":{\"@type\":\"PropertyValueSpecification\",\"valueRequired\":true,\"valueName\":\"search_term_string\"}}],\"inLanguage\":\"de-DE\"}]}<\/script>\n<!-- \/ Yoast SEO plugin. -->","yoast_head_json":{"title":"Barrierefreie Zimmer | voco\u00ae Venice Mestre - The Quid","description":"Die barrierefreien Zimmer von voco\u00ae f\u00fcr einen komfortablen Aufenthalt. Badezimmer mit allen Annehmlichkeiten. Zum Buchen klicken!","robots":{"index":"index","follow":"follow","max-snippet":"max-snippet:-1","max-image-preview":"max-image-preview:large","max-video-preview":"max-video-preview:-1"},"canonical":"https:\/\/www.quidhotelvenice.com\/de\/zimmer\/barrierefreie-zimmer\/","og_locale":"de_DE","og_type":"article","og_title":"Barrierefreie Zimmer | voco\u00ae Venice Mestre - The Quid","og_description":"Die barrierefreien Zimmer von voco\u00ae f\u00fcr einen komfortablen Aufenthalt. Badezimmer mit allen Annehmlichkeiten. Zum Buchen klicken!","og_url":"https:\/\/www.quidhotelvenice.com\/de\/zimmer\/barrierefreie-zimmer\/","og_site_name":"Voco Venice Mestre","article_modified_time":"2025-03-20T16:27:56+00:00","og_image":[{"width":2200,"height":1200,"url":"https:\/\/www.quidhotelvenice.com\/wp-content\/uploads\/sites\/557\/2023\/07\/Standard-Room-Accessible-voco-Venice-Mestre-The-Quid.jpeg","type":"image\/jpeg"}],"twitter_card":"summary_large_image","twitter_misc":{"Gesch\u00e4tzte Lesezeit":"1 Minute"},"schema":{"@context":"https:\/\/schema.org","@graph":[{"@type":"WebPage","@id":"https:\/\/www.quidhotelvenice.com\/de\/zimmer\/barrierefreie-zimmer\/","url":"https:\/\/www.quidhotelvenice.com\/de\/zimmer\/barrierefreie-zimmer\/","name":"Barrierefreie Zimmer | voco\u00ae Venice Mestre - The Quid","isPartOf":{"@id":"https:\/\/www.quidhotelvenice.com\/de\/#website"},"primaryImageOfPage":{"@id":"https:\/\/www.quidhotelvenice.com\/de\/zimmer\/barrierefreie-zimmer\/#primaryimage"},"image":{"@id":"https:\/\/www.quidhotelvenice.com\/de\/zimmer\/barrierefreie-zimmer\/#primaryimage"},"thumbnailUrl":"https:\/\/www.quidhotelvenice.com\/wp-content\/uploads\/sites\/557\/2023\/07\/Standard-Room-Accessible-voco-Venice-Mestre-The-Quid.jpeg","datePublished":"2023-07-19T17:16:05+00:00","dateModified":"2025-03-20T16:27:56+00:00","description":"Die barrierefreien Zimmer von voco\u00ae f\u00fcr einen komfortablen Aufenthalt. Badezimmer mit allen Annehmlichkeiten. Zum Buchen klicken!","breadcrumb":{"@id":"https:\/\/www.quidhotelvenice.com\/de\/zimmer\/barrierefreie-zimmer\/#breadcrumb"},"inLanguage":"de-DE","potentialAction":[{"@type":"ReadAction","target":["https:\/\/www.quidhotelvenice.com\/de\/zimmer\/barrierefreie-zimmer\/"]}]},{"@type":"ImageObject","inLanguage":"de-DE","@id":"https:\/\/www.quidhotelvenice.com\/de\/zimmer\/barrierefreie-zimmer\/#primaryimage","url":"https:\/\/www.quidhotelvenice.com\/wp-content\/uploads\/sites\/557\/2023\/07\/Standard-Room-Accessible-voco-Venice-Mestre-The-Quid.jpeg","contentUrl":"https:\/\/www.quidhotelvenice.com\/wp-content\/uploads\/sites\/557\/2023\/07\/Standard-Room-Accessible-voco-Venice-Mestre-The-Quid.jpeg","width":2200,"height":1200},{"@type":"BreadcrumbList","@id":"https:\/\/www.quidhotelvenice.com\/de\/zimmer\/barrierefreie-zimmer\/#breadcrumb","itemListElement":[{"@type":"ListItem","position":1,"name":"Home","item":"https:\/\/www.quidhotelvenice.com\/de\/"},{"@type":"ListItem","position":2,"name":"Zimmer","item":"https:\/\/www.quidhotelvenice.com\/de\/zimmer\/"},{"@type":"ListItem","position":3,"name":"Barrierefreie Zimmer"}]},{"@type":"WebSite","@id":"https:\/\/www.quidhotelvenice.com\/de\/#website","url":"https:\/\/www.quidhotelvenice.com\/de\/","name":"Voco Venice Mestre","description":"","potentialAction":[{"@type":"SearchAction","target":{"@type":"EntryPoint","urlTemplate":"https:\/\/www.quidhotelvenice.com\/de\/?s={search_term_string}"},"query-input":{"@type":"PropertyValueSpecification","valueRequired":true,"valueName":"search_term_string"}}],"inLanguage":"de-DE"}]}},"acf":[],"_links":{"self":[{"href":"https:\/\/www.quidhotelvenice.com\/de\/wp-json\/wp\/v2\/pages\/52","targetHints":{"allow":["GET"]}}],"collection":[{"href":"https:\/\/www.quidhotelvenice.com\/de\/wp-json\/wp\/v2\/pages"}],"about":[{"href":"https:\/\/www.quidhotelvenice.com\/de\/wp-json\/wp\/v2\/types\/page"}],"author":[{"embeddable":true,"href":"https:\/\/www.quidhotelvenice.com\/de\/wp-json\/wp\/v2\/users\/6"}],"replies":[{"embeddable":true,"href":"https:\/\/www.quidhotelvenice.com\/de\/wp-json\/wp\/v2\/comments?post=52"}],"version-history":[{"count":0,"href":"https:\/\/www.quidhotelvenice.com\/de\/wp-json\/wp\/v2\/pages\/52\/revisions"}],"up":[{"embeddable":true,"href":"https:\/\/www.quidhotelvenice.com\/de\/wp-json\/wp\/v2\/pages\/32"}],"wp:featuredmedia":[{"embeddable":true,"href":"https:\/\/www.quidhotelvenice.com\/de\/wp-json\/wp\/v2\/media\/643"}],"wp:attachment":[{"href":"https:\/\/www.quidhotelvenice.com\/de\/wp-json\/wp\/v2\/media?parent=52"}],"curies":[{"name":"wp","href":"https:\/\/api.w.org\/{rel}","templated":true}]}}