{"id":496,"date":"2023-07-20T08:26:19","date_gmt":"2023-07-20T08:26:19","guid":{"rendered":"https:\/\/voco-venice.ms.decms.eu\/servizi\/gaming-area\/"},"modified":"2023-08-29T14:46:11","modified_gmt":"2023-08-29T14:46:11","slug":"gaming-area","status":"publish","type":"page","link":"https:\/\/www.quidhotelvenice.com\/de\/servicleistungen\/gaming-area\/","title":{"rendered":"Gaming Area"},"content":{"rendered":"<p><span style=\"font-weight: 400;\">Entspannen Sie sich in unserer Gaming Area, vergessen Sie Ihre Sorgen und fordern Sie Freunde, Kollegen oder warum nicht auch andere Hotelg\u00e4ste zu einer adrenalingeladenen Partie <\/span><b>Tischfu\u00dfball<\/b><span style=\"font-weight: 400;\"> heraus! Werden Sie <\/span><b>Darts<\/b><span style=\"font-weight: 400;\">-Champion oder g\u00f6nnen Sie sich einen Drink, w\u00e4hrend Sie dar\u00fcber nachdenken, wie Sie beim n\u00e4chsten <\/span><b>Billardsto\u00df<\/b><span style=\"font-weight: 400;\"> direkt ins Loch treffen &#8211; im voco\u00ae Venice Mestre ist alles m\u00f6glich!<\/span><span style=\"font-weight: 400;\"><br \/>\n<\/span><span style=\"font-weight: 400;\">Nur wenige Schritte von unserer Bar Ludico &#8211; Drinks, Food &amp; Play und der Hotellobby entfernt, ist unsere Gaming Area ein <\/span><b>gro\u00dfer, heller Open Space<\/b><span style=\"font-weight: 400;\"> mit Designerm\u00f6beln und warmen Farben, ideal zum Entspannen nach einem langen Tag.\u00a0\u00a0<\/span><\/p>\n<p><span style=\"font-weight: 400;\">G\u00f6nnen Sie sich nach stundenlanger harter Arbeit den Spa\u00df, genie\u00dfen Sie einen Snack, erfrischen Sie sich mit einem Bier vom Fass und nehmen Sie in einem unserer Sessel Platz: Werden Sie der Sieger des Abends oder geben Sie die Krone an jemand anderen ab?<\/span><\/p>\n","protected":false},"excerpt":{"rendered":"<p>Entspannen Sie sich in unserer Gaming Area, vergessen Sie Ihre Sorgen und fordern Sie Freunde, Kollegen oder warum nicht auch andere Hotelg\u00e4ste zu einer adrenalingeladenen Partie Tischfu\u00dfball heraus! Werden Sie Darts-Champion oder g\u00f6nnen Sie sich einen Drink, w\u00e4hrend Sie dar\u00fcber nachdenken, wie Sie beim n\u00e4chsten Billardsto\u00df direkt ins Loch treffen &#8211; im voco\u00ae Venice Mestre [&hellip;]<\/p>\n","protected":false},"author":6,"featured_media":774,"parent":92,"menu_order":61,"comment_status":"closed","ping_status":"closed","template":"template-default-4.php","meta":{"footnotes":""},"class_list":["post-496","page","type-page","status-publish","has-post-thumbnail","hentry"],"yoast_head":"<!-- This site is optimized with the Yoast SEO plugin v26.9 - https:\/\/yoast.com\/product\/yoast-seo-wordpress\/ -->\n<title>Gaming Area mit Billard | voco\u00ae Venice Mestre - The Quid<\/title>\n<meta name=\"description\" content=\"Die Gaming Area im voco\u00ae Venice Mestre Hotel ist ideal, um mit Familie, Freunden und Kollegen Spa\u00df zu haben. Mit Billard, Tischfu\u00dfball und Darts.\" \/>\n<meta name=\"robots\" content=\"index, follow, max-snippet:-1, max-image-preview:large, max-video-preview:-1\" \/>\n<link rel=\"canonical\" href=\"https:\/\/www.quidhotelvenice.com\/de\/servicleistungen\/gaming-area\/\" \/>\n<meta property=\"og:locale\" content=\"de_DE\" \/>\n<meta property=\"og:type\" content=\"article\" \/>\n<meta property=\"og:title\" content=\"Gaming Area mit Billard | voco\u00ae Venice Mestre - The Quid\" \/>\n<meta property=\"og:description\" content=\"Die Gaming Area im voco\u00ae Venice Mestre Hotel ist ideal, um mit Familie, Freunden und Kollegen Spa\u00df zu haben. Mit Billard, Tischfu\u00dfball und Darts.\" \/>\n<meta property=\"og:url\" content=\"https:\/\/www.quidhotelvenice.com\/de\/servicleistungen\/gaming-area\/\" \/>\n<meta property=\"og:site_name\" content=\"Voco Venice Mestre\" \/>\n<meta property=\"article:modified_time\" content=\"2023-08-29T14:46:11+00:00\" \/>\n<meta property=\"og:image\" content=\"https:\/\/www.quidhotelvenice.com\/wp-content\/uploads\/sites\/557\/2023\/07\/02-Gaming-Area-voco-Venice-Mestre-The-Quid.jpg\" \/>\n\t<meta property=\"og:image:width\" content=\"2200\" \/>\n\t<meta property=\"og:image:height\" content=\"1200\" \/>\n\t<meta property=\"og:image:type\" content=\"image\/jpeg\" \/>\n<meta name=\"twitter:card\" content=\"summary_large_image\" \/>\n<meta name=\"twitter:label1\" content=\"Gesch\u00e4tzte Lesezeit\" \/>\n\t<meta name=\"twitter:data1\" content=\"1 Minute\" \/>\n<script type=\"application\/ld+json\" class=\"yoast-schema-graph\">{\"@context\":\"https:\/\/schema.org\",\"@graph\":[{\"@type\":\"WebPage\",\"@id\":\"https:\/\/www.quidhotelvenice.com\/de\/servicleistungen\/gaming-area\/\",\"url\":\"https:\/\/www.quidhotelvenice.com\/de\/servicleistungen\/gaming-area\/\",\"name\":\"Gaming Area mit Billard | voco\u00ae Venice Mestre - The Quid\",\"isPartOf\":{\"@id\":\"https:\/\/www.quidhotelvenice.com\/de\/#website\"},\"primaryImageOfPage\":{\"@id\":\"https:\/\/www.quidhotelvenice.com\/de\/servicleistungen\/gaming-area\/#primaryimage\"},\"image\":{\"@id\":\"https:\/\/www.quidhotelvenice.com\/de\/servicleistungen\/gaming-area\/#primaryimage\"},\"thumbnailUrl\":\"https:\/\/www.quidhotelvenice.com\/wp-content\/uploads\/sites\/557\/2023\/07\/02-Gaming-Area-voco-Venice-Mestre-The-Quid.jpg\",\"datePublished\":\"2023-07-20T08:26:19+00:00\",\"dateModified\":\"2023-08-29T14:46:11+00:00\",\"description\":\"Die Gaming Area im voco\u00ae Venice Mestre Hotel ist ideal, um mit Familie, Freunden und Kollegen Spa\u00df zu haben. Mit Billard, Tischfu\u00dfball und Darts.\",\"breadcrumb\":{\"@id\":\"https:\/\/www.quidhotelvenice.com\/de\/servicleistungen\/gaming-area\/#breadcrumb\"},\"inLanguage\":\"de-DE\",\"potentialAction\":[{\"@type\":\"ReadAction\",\"target\":[\"https:\/\/www.quidhotelvenice.com\/de\/servicleistungen\/gaming-area\/\"]}]},{\"@type\":\"ImageObject\",\"inLanguage\":\"de-DE\",\"@id\":\"https:\/\/www.quidhotelvenice.com\/de\/servicleistungen\/gaming-area\/#primaryimage\",\"url\":\"https:\/\/www.quidhotelvenice.com\/wp-content\/uploads\/sites\/557\/2023\/07\/02-Gaming-Area-voco-Venice-Mestre-The-Quid.jpg\",\"contentUrl\":\"https:\/\/www.quidhotelvenice.com\/wp-content\/uploads\/sites\/557\/2023\/07\/02-Gaming-Area-voco-Venice-Mestre-The-Quid.jpg\",\"width\":2200,\"height\":1200,\"caption\":\"ospite che gioca a biliardo nella gaming area dell'hotel 4 stelle voco Venice Mestre\"},{\"@type\":\"BreadcrumbList\",\"@id\":\"https:\/\/www.quidhotelvenice.com\/de\/servicleistungen\/gaming-area\/#breadcrumb\",\"itemListElement\":[{\"@type\":\"ListItem\",\"position\":1,\"name\":\"Home\",\"item\":\"https:\/\/www.quidhotelvenice.com\/de\/\"},{\"@type\":\"ListItem\",\"position\":2,\"name\":\"Servicleistungen\",\"item\":\"https:\/\/www.quidhotelvenice.com\/de\/servicleistungen\/\"},{\"@type\":\"ListItem\",\"position\":3,\"name\":\"Gaming Area\"}]},{\"@type\":\"WebSite\",\"@id\":\"https:\/\/www.quidhotelvenice.com\/de\/#website\",\"url\":\"https:\/\/www.quidhotelvenice.com\/de\/\",\"name\":\"Voco Venice Mestre\",\"description\":\"\",\"potentialAction\":[{\"@type\":\"SearchAction\",\"target\":{\"@type\":\"EntryPoint\",\"urlTemplate\":\"https:\/\/www.quidhotelvenice.com\/de\/?s={search_term_string}\"},\"query-input\":{\"@type\":\"PropertyValueSpecification\",\"valueRequired\":true,\"valueName\":\"search_term_string\"}}],\"inLanguage\":\"de-DE\"}]}<\/script>\n<!-- \/ Yoast SEO plugin. -->","yoast_head_json":{"title":"Gaming Area mit Billard | voco\u00ae Venice Mestre - The Quid","description":"Die Gaming Area im voco\u00ae Venice Mestre Hotel ist ideal, um mit Familie, Freunden und Kollegen Spa\u00df zu haben. Mit Billard, Tischfu\u00dfball und Darts.","robots":{"index":"index","follow":"follow","max-snippet":"max-snippet:-1","max-image-preview":"max-image-preview:large","max-video-preview":"max-video-preview:-1"},"canonical":"https:\/\/www.quidhotelvenice.com\/de\/servicleistungen\/gaming-area\/","og_locale":"de_DE","og_type":"article","og_title":"Gaming Area mit Billard | voco\u00ae Venice Mestre - The Quid","og_description":"Die Gaming Area im voco\u00ae Venice Mestre Hotel ist ideal, um mit Familie, Freunden und Kollegen Spa\u00df zu haben. Mit Billard, Tischfu\u00dfball und Darts.","og_url":"https:\/\/www.quidhotelvenice.com\/de\/servicleistungen\/gaming-area\/","og_site_name":"Voco Venice Mestre","article_modified_time":"2023-08-29T14:46:11+00:00","og_image":[{"width":2200,"height":1200,"url":"https:\/\/www.quidhotelvenice.com\/wp-content\/uploads\/sites\/557\/2023\/07\/02-Gaming-Area-voco-Venice-Mestre-The-Quid.jpg","type":"image\/jpeg"}],"twitter_card":"summary_large_image","twitter_misc":{"Gesch\u00e4tzte Lesezeit":"1 Minute"},"schema":{"@context":"https:\/\/schema.org","@graph":[{"@type":"WebPage","@id":"https:\/\/www.quidhotelvenice.com\/de\/servicleistungen\/gaming-area\/","url":"https:\/\/www.quidhotelvenice.com\/de\/servicleistungen\/gaming-area\/","name":"Gaming Area mit Billard | voco\u00ae Venice Mestre - The Quid","isPartOf":{"@id":"https:\/\/www.quidhotelvenice.com\/de\/#website"},"primaryImageOfPage":{"@id":"https:\/\/www.quidhotelvenice.com\/de\/servicleistungen\/gaming-area\/#primaryimage"},"image":{"@id":"https:\/\/www.quidhotelvenice.com\/de\/servicleistungen\/gaming-area\/#primaryimage"},"thumbnailUrl":"https:\/\/www.quidhotelvenice.com\/wp-content\/uploads\/sites\/557\/2023\/07\/02-Gaming-Area-voco-Venice-Mestre-The-Quid.jpg","datePublished":"2023-07-20T08:26:19+00:00","dateModified":"2023-08-29T14:46:11+00:00","description":"Die Gaming Area im voco\u00ae Venice Mestre Hotel ist ideal, um mit Familie, Freunden und Kollegen Spa\u00df zu haben. Mit Billard, Tischfu\u00dfball und Darts.","breadcrumb":{"@id":"https:\/\/www.quidhotelvenice.com\/de\/servicleistungen\/gaming-area\/#breadcrumb"},"inLanguage":"de-DE","potentialAction":[{"@type":"ReadAction","target":["https:\/\/www.quidhotelvenice.com\/de\/servicleistungen\/gaming-area\/"]}]},{"@type":"ImageObject","inLanguage":"de-DE","@id":"https:\/\/www.quidhotelvenice.com\/de\/servicleistungen\/gaming-area\/#primaryimage","url":"https:\/\/www.quidhotelvenice.com\/wp-content\/uploads\/sites\/557\/2023\/07\/02-Gaming-Area-voco-Venice-Mestre-The-Quid.jpg","contentUrl":"https:\/\/www.quidhotelvenice.com\/wp-content\/uploads\/sites\/557\/2023\/07\/02-Gaming-Area-voco-Venice-Mestre-The-Quid.jpg","width":2200,"height":1200,"caption":"ospite che gioca a biliardo nella gaming area dell'hotel 4 stelle voco Venice Mestre"},{"@type":"BreadcrumbList","@id":"https:\/\/www.quidhotelvenice.com\/de\/servicleistungen\/gaming-area\/#breadcrumb","itemListElement":[{"@type":"ListItem","position":1,"name":"Home","item":"https:\/\/www.quidhotelvenice.com\/de\/"},{"@type":"ListItem","position":2,"name":"Servicleistungen","item":"https:\/\/www.quidhotelvenice.com\/de\/servicleistungen\/"},{"@type":"ListItem","position":3,"name":"Gaming Area"}]},{"@type":"WebSite","@id":"https:\/\/www.quidhotelvenice.com\/de\/#website","url":"https:\/\/www.quidhotelvenice.com\/de\/","name":"Voco Venice Mestre","description":"","potentialAction":[{"@type":"SearchAction","target":{"@type":"EntryPoint","urlTemplate":"https:\/\/www.quidhotelvenice.com\/de\/?s={search_term_string}"},"query-input":{"@type":"PropertyValueSpecification","valueRequired":true,"valueName":"search_term_string"}}],"inLanguage":"de-DE"}]}},"acf":[],"_links":{"self":[{"href":"https:\/\/www.quidhotelvenice.com\/de\/wp-json\/wp\/v2\/pages\/496","targetHints":{"allow":["GET"]}}],"collection":[{"href":"https:\/\/www.quidhotelvenice.com\/de\/wp-json\/wp\/v2\/pages"}],"about":[{"href":"https:\/\/www.quidhotelvenice.com\/de\/wp-json\/wp\/v2\/types\/page"}],"author":[{"embeddable":true,"href":"https:\/\/www.quidhotelvenice.com\/de\/wp-json\/wp\/v2\/users\/6"}],"replies":[{"embeddable":true,"href":"https:\/\/www.quidhotelvenice.com\/de\/wp-json\/wp\/v2\/comments?post=496"}],"version-history":[{"count":0,"href":"https:\/\/www.quidhotelvenice.com\/de\/wp-json\/wp\/v2\/pages\/496\/revisions"}],"up":[{"embeddable":true,"href":"https:\/\/www.quidhotelvenice.com\/de\/wp-json\/wp\/v2\/pages\/92"}],"wp:featuredmedia":[{"embeddable":true,"href":"https:\/\/www.quidhotelvenice.com\/de\/wp-json\/wp\/v2\/media\/774"}],"wp:attachment":[{"href":"https:\/\/www.quidhotelvenice.com\/de\/wp-json\/wp\/v2\/media?parent=496"}],"curies":[{"name":"wp","href":"https:\/\/api.w.org\/{rel}","templated":true}]}}