{"id":48,"date":"2023-07-19T17:11:38","date_gmt":"2023-07-19T17:11:38","guid":{"rendered":"https:\/\/voco-venice.ms.decms.eu\/camere\/smart-working-room\/"},"modified":"2025-03-20T16:27:09","modified_gmt":"2025-03-20T16:27:09","slug":"smart-working-room","status":"publish","type":"page","link":"https:\/\/www.quidhotelvenice.com\/de\/zimmer\/smart-working-room\/","title":{"rendered":"Smart working room"},"content":{"rendered":"<p><span style=\"font-weight: 400\">Unsere Smart Working Rooms sind auf die Bed\u00fcrfnisse von <\/span><b>Business Travellers<\/b><span style=\"font-weight: 400\"> und <\/span><b>Remote Workers<\/b><span style=\"font-weight: 400\"> zugeschnitten: Sie verf\u00fcgen \u00fcber einen<\/span><b>gro\u00dfen Schreibtisch<\/b><span style=\"font-weight: 400\"> von etwa zwei Metern L\u00e4nge, der mit <\/span><b>Mehrfachsteckdosen <\/b><span style=\"font-weight: 400\">zum Aufladen aller Ger\u00e4te ausgestattet ist, und einen ergonomischen Stuhl, der ideal ist, um bei stundenlangen Calls nicht zu erm\u00fcden. F\u00fcr Gesch\u00e4ftsreisende, die immer perfekt gekleidet sein m\u00fcssen, sind in jedem Zimmer <\/span><i><span style=\"font-weight: 400\">B\u00fcgelbrett und B\u00fcgeleisen<\/span><\/i><span style=\"font-weight: 400\"> f\u00fcr den letzten Schliff bereitgestellt. Au\u00dferdem steht Ihnen unser 24-Stunden-Zimmerservice zur Verf\u00fcgung. Denken Sie daran: Wenn Sie eines unserer Premium-Zimmer f\u00fcr Ihren Aufenthalt w\u00e4hlen, stehen Ihnen auch ein <\/span><b>Technogym-Ger\u00e4t<\/b><span style=\"font-weight: 400\"> f\u00fcr das Training in der Privatsph\u00e4re Ihres Zimmers, eine <\/span><b>Minibar plastic-less Produkten<\/b><span style=\"font-weight: 400\"> und zus\u00e4tzlich zum klassischen Set mit Wasserkocher eine <\/span><b>Nespresso-Kaffeemaschine<\/b><span style=\"font-weight: 400\"> mit Pads zur Verf\u00fcgung.\u00a0<\/span><\/p>\n","protected":false},"excerpt":{"rendered":"<p>Unsere Smart Working Rooms sind auf die Bed\u00fcrfnisse von Business Travellers und Remote Workers zugeschnitten: Sie verf\u00fcgen \u00fcber einengro\u00dfen Schreibtisch von etwa zwei Metern L\u00e4nge, der mit Mehrfachsteckdosen zum Aufladen aller Ger\u00e4te ausgestattet ist, und einen ergonomischen Stuhl, der ideal ist, um bei stundenlangen Calls nicht zu erm\u00fcden. F\u00fcr Gesch\u00e4ftsreisende, die immer perfekt gekleidet sein [&hellip;]<\/p>\n","protected":false},"author":6,"featured_media":639,"parent":32,"menu_order":23,"comment_status":"closed","ping_status":"closed","template":"template-single-room.php","meta":{"footnotes":""},"class_list":["post-48","page","type-page","status-publish","has-post-thumbnail","hentry"],"yoast_head":"<!-- This site is optimized with the Yoast SEO plugin v26.9 - https:\/\/yoast.com\/product\/yoast-seo-wordpress\/ -->\n<title>Zimmer f\u00fcr Smart Working | voco\u00ae Venice Mestre - The Quid<\/title>\n<meta name=\"description\" content=\"Auf Gesch\u00e4ftsreise? Dank unserer Smart Working Rooms k\u00f6nnen Sie arbeiten, ohne auf Ihren Komfort zu verzichten. PC-Arbeitsplatz. Entdecken Sie die Zimmer.\" \/>\n<meta name=\"robots\" content=\"index, follow, max-snippet:-1, max-image-preview:large, max-video-preview:-1\" \/>\n<link rel=\"canonical\" href=\"https:\/\/www.quidhotelvenice.com\/de\/zimmer\/smart-working-room\/\" \/>\n<meta property=\"og:locale\" content=\"de_DE\" \/>\n<meta property=\"og:type\" content=\"article\" \/>\n<meta property=\"og:title\" content=\"Zimmer f\u00fcr Smart Working | voco\u00ae Venice Mestre - The Quid\" \/>\n<meta property=\"og:description\" content=\"Auf Gesch\u00e4ftsreise? Dank unserer Smart Working Rooms k\u00f6nnen Sie arbeiten, ohne auf Ihren Komfort zu verzichten. PC-Arbeitsplatz. Entdecken Sie die Zimmer.\" \/>\n<meta property=\"og:url\" content=\"https:\/\/www.quidhotelvenice.com\/de\/zimmer\/smart-working-room\/\" \/>\n<meta property=\"og:site_name\" content=\"Voco Venice Mestre\" \/>\n<meta property=\"article:modified_time\" content=\"2025-03-20T16:27:09+00:00\" \/>\n<meta property=\"og:image\" content=\"https:\/\/www.quidhotelvenice.com\/wp-content\/uploads\/sites\/557\/2023\/07\/Business-Woman_voco-Venice-Mestre-The-Quid.jpg\" \/>\n\t<meta property=\"og:image:width\" content=\"2200\" \/>\n\t<meta property=\"og:image:height\" content=\"1200\" \/>\n\t<meta property=\"og:image:type\" content=\"image\/jpeg\" \/>\n<meta name=\"twitter:card\" content=\"summary_large_image\" \/>\n<meta name=\"twitter:label1\" content=\"Gesch\u00e4tzte Lesezeit\" \/>\n\t<meta name=\"twitter:data1\" content=\"1 Minute\" \/>\n<script type=\"application\/ld+json\" class=\"yoast-schema-graph\">{\"@context\":\"https:\/\/schema.org\",\"@graph\":[{\"@type\":\"WebPage\",\"@id\":\"https:\/\/www.quidhotelvenice.com\/de\/zimmer\/smart-working-room\/\",\"url\":\"https:\/\/www.quidhotelvenice.com\/de\/zimmer\/smart-working-room\/\",\"name\":\"Zimmer f\u00fcr Smart Working | voco\u00ae Venice Mestre - The Quid\",\"isPartOf\":{\"@id\":\"https:\/\/www.quidhotelvenice.com\/de\/#website\"},\"primaryImageOfPage\":{\"@id\":\"https:\/\/www.quidhotelvenice.com\/de\/zimmer\/smart-working-room\/#primaryimage\"},\"image\":{\"@id\":\"https:\/\/www.quidhotelvenice.com\/de\/zimmer\/smart-working-room\/#primaryimage\"},\"thumbnailUrl\":\"https:\/\/www.quidhotelvenice.com\/wp-content\/uploads\/sites\/557\/2023\/07\/Business-Woman_voco-Venice-Mestre-The-Quid.jpg\",\"datePublished\":\"2023-07-19T17:11:38+00:00\",\"dateModified\":\"2025-03-20T16:27:09+00:00\",\"description\":\"Auf Gesch\u00e4ftsreise? Dank unserer Smart Working Rooms k\u00f6nnen Sie arbeiten, ohne auf Ihren Komfort zu verzichten. PC-Arbeitsplatz. Entdecken Sie die Zimmer.\",\"breadcrumb\":{\"@id\":\"https:\/\/www.quidhotelvenice.com\/de\/zimmer\/smart-working-room\/#breadcrumb\"},\"inLanguage\":\"de-DE\",\"potentialAction\":[{\"@type\":\"ReadAction\",\"target\":[\"https:\/\/www.quidhotelvenice.com\/de\/zimmer\/smart-working-room\/\"]}]},{\"@type\":\"ImageObject\",\"inLanguage\":\"de-DE\",\"@id\":\"https:\/\/www.quidhotelvenice.com\/de\/zimmer\/smart-working-room\/#primaryimage\",\"url\":\"https:\/\/www.quidhotelvenice.com\/wp-content\/uploads\/sites\/557\/2023\/07\/Business-Woman_voco-Venice-Mestre-The-Quid.jpg\",\"contentUrl\":\"https:\/\/www.quidhotelvenice.com\/wp-content\/uploads\/sites\/557\/2023\/07\/Business-Woman_voco-Venice-Mestre-The-Quid.jpg\",\"width\":2200,\"height\":1200},{\"@type\":\"BreadcrumbList\",\"@id\":\"https:\/\/www.quidhotelvenice.com\/de\/zimmer\/smart-working-room\/#breadcrumb\",\"itemListElement\":[{\"@type\":\"ListItem\",\"position\":1,\"name\":\"Home\",\"item\":\"https:\/\/www.quidhotelvenice.com\/de\/\"},{\"@type\":\"ListItem\",\"position\":2,\"name\":\"Zimmer\",\"item\":\"https:\/\/www.quidhotelvenice.com\/de\/zimmer\/\"},{\"@type\":\"ListItem\",\"position\":3,\"name\":\"Smart working room\"}]},{\"@type\":\"WebSite\",\"@id\":\"https:\/\/www.quidhotelvenice.com\/de\/#website\",\"url\":\"https:\/\/www.quidhotelvenice.com\/de\/\",\"name\":\"Voco Venice Mestre\",\"description\":\"\",\"potentialAction\":[{\"@type\":\"SearchAction\",\"target\":{\"@type\":\"EntryPoint\",\"urlTemplate\":\"https:\/\/www.quidhotelvenice.com\/de\/?s={search_term_string}\"},\"query-input\":{\"@type\":\"PropertyValueSpecification\",\"valueRequired\":true,\"valueName\":\"search_term_string\"}}],\"inLanguage\":\"de-DE\"}]}<\/script>\n<!-- \/ Yoast SEO plugin. -->","yoast_head_json":{"title":"Zimmer f\u00fcr Smart Working | voco\u00ae Venice Mestre - The Quid","description":"Auf Gesch\u00e4ftsreise? Dank unserer Smart Working Rooms k\u00f6nnen Sie arbeiten, ohne auf Ihren Komfort zu verzichten. PC-Arbeitsplatz. Entdecken Sie die Zimmer.","robots":{"index":"index","follow":"follow","max-snippet":"max-snippet:-1","max-image-preview":"max-image-preview:large","max-video-preview":"max-video-preview:-1"},"canonical":"https:\/\/www.quidhotelvenice.com\/de\/zimmer\/smart-working-room\/","og_locale":"de_DE","og_type":"article","og_title":"Zimmer f\u00fcr Smart Working | voco\u00ae Venice Mestre - The Quid","og_description":"Auf Gesch\u00e4ftsreise? Dank unserer Smart Working Rooms k\u00f6nnen Sie arbeiten, ohne auf Ihren Komfort zu verzichten. PC-Arbeitsplatz. Entdecken Sie die Zimmer.","og_url":"https:\/\/www.quidhotelvenice.com\/de\/zimmer\/smart-working-room\/","og_site_name":"Voco Venice Mestre","article_modified_time":"2025-03-20T16:27:09+00:00","og_image":[{"width":2200,"height":1200,"url":"https:\/\/www.quidhotelvenice.com\/wp-content\/uploads\/sites\/557\/2023\/07\/Business-Woman_voco-Venice-Mestre-The-Quid.jpg","type":"image\/jpeg"}],"twitter_card":"summary_large_image","twitter_misc":{"Gesch\u00e4tzte Lesezeit":"1 Minute"},"schema":{"@context":"https:\/\/schema.org","@graph":[{"@type":"WebPage","@id":"https:\/\/www.quidhotelvenice.com\/de\/zimmer\/smart-working-room\/","url":"https:\/\/www.quidhotelvenice.com\/de\/zimmer\/smart-working-room\/","name":"Zimmer f\u00fcr Smart Working | voco\u00ae Venice Mestre - The Quid","isPartOf":{"@id":"https:\/\/www.quidhotelvenice.com\/de\/#website"},"primaryImageOfPage":{"@id":"https:\/\/www.quidhotelvenice.com\/de\/zimmer\/smart-working-room\/#primaryimage"},"image":{"@id":"https:\/\/www.quidhotelvenice.com\/de\/zimmer\/smart-working-room\/#primaryimage"},"thumbnailUrl":"https:\/\/www.quidhotelvenice.com\/wp-content\/uploads\/sites\/557\/2023\/07\/Business-Woman_voco-Venice-Mestre-The-Quid.jpg","datePublished":"2023-07-19T17:11:38+00:00","dateModified":"2025-03-20T16:27:09+00:00","description":"Auf Gesch\u00e4ftsreise? Dank unserer Smart Working Rooms k\u00f6nnen Sie arbeiten, ohne auf Ihren Komfort zu verzichten. PC-Arbeitsplatz. Entdecken Sie die Zimmer.","breadcrumb":{"@id":"https:\/\/www.quidhotelvenice.com\/de\/zimmer\/smart-working-room\/#breadcrumb"},"inLanguage":"de-DE","potentialAction":[{"@type":"ReadAction","target":["https:\/\/www.quidhotelvenice.com\/de\/zimmer\/smart-working-room\/"]}]},{"@type":"ImageObject","inLanguage":"de-DE","@id":"https:\/\/www.quidhotelvenice.com\/de\/zimmer\/smart-working-room\/#primaryimage","url":"https:\/\/www.quidhotelvenice.com\/wp-content\/uploads\/sites\/557\/2023\/07\/Business-Woman_voco-Venice-Mestre-The-Quid.jpg","contentUrl":"https:\/\/www.quidhotelvenice.com\/wp-content\/uploads\/sites\/557\/2023\/07\/Business-Woman_voco-Venice-Mestre-The-Quid.jpg","width":2200,"height":1200},{"@type":"BreadcrumbList","@id":"https:\/\/www.quidhotelvenice.com\/de\/zimmer\/smart-working-room\/#breadcrumb","itemListElement":[{"@type":"ListItem","position":1,"name":"Home","item":"https:\/\/www.quidhotelvenice.com\/de\/"},{"@type":"ListItem","position":2,"name":"Zimmer","item":"https:\/\/www.quidhotelvenice.com\/de\/zimmer\/"},{"@type":"ListItem","position":3,"name":"Smart working room"}]},{"@type":"WebSite","@id":"https:\/\/www.quidhotelvenice.com\/de\/#website","url":"https:\/\/www.quidhotelvenice.com\/de\/","name":"Voco Venice Mestre","description":"","potentialAction":[{"@type":"SearchAction","target":{"@type":"EntryPoint","urlTemplate":"https:\/\/www.quidhotelvenice.com\/de\/?s={search_term_string}"},"query-input":{"@type":"PropertyValueSpecification","valueRequired":true,"valueName":"search_term_string"}}],"inLanguage":"de-DE"}]}},"acf":[],"_links":{"self":[{"href":"https:\/\/www.quidhotelvenice.com\/de\/wp-json\/wp\/v2\/pages\/48","targetHints":{"allow":["GET"]}}],"collection":[{"href":"https:\/\/www.quidhotelvenice.com\/de\/wp-json\/wp\/v2\/pages"}],"about":[{"href":"https:\/\/www.quidhotelvenice.com\/de\/wp-json\/wp\/v2\/types\/page"}],"author":[{"embeddable":true,"href":"https:\/\/www.quidhotelvenice.com\/de\/wp-json\/wp\/v2\/users\/6"}],"replies":[{"embeddable":true,"href":"https:\/\/www.quidhotelvenice.com\/de\/wp-json\/wp\/v2\/comments?post=48"}],"version-history":[{"count":0,"href":"https:\/\/www.quidhotelvenice.com\/de\/wp-json\/wp\/v2\/pages\/48\/revisions"}],"up":[{"embeddable":true,"href":"https:\/\/www.quidhotelvenice.com\/de\/wp-json\/wp\/v2\/pages\/32"}],"wp:featuredmedia":[{"embeddable":true,"href":"https:\/\/www.quidhotelvenice.com\/de\/wp-json\/wp\/v2\/media\/639"}],"wp:attachment":[{"href":"https:\/\/www.quidhotelvenice.com\/de\/wp-json\/wp\/v2\/media?parent=48"}],"curies":[{"name":"wp","href":"https:\/\/api.w.org\/{rel}","templated":true}]}}