{"id":43,"date":"2023-07-19T16:54:56","date_gmt":"2023-07-19T16:54:56","guid":{"rendered":"https:\/\/voco-venice.ms.decms.eu\/hotel\/corporate-social-responsability\/"},"modified":"2024-06-26T14:06:48","modified_gmt":"2024-06-26T14:06:48","slug":"corporate-social-responsability","status":"publish","type":"page","link":"https:\/\/www.quidhotelvenice.com\/de\/hotel\/corporate-social-responsability\/","title":{"rendered":"Corporate Social Responsability"},"content":{"rendered":"<p><span style=\"font-weight: 400\">Genauso wie die Marke voco\u00ae engagieren wir uns auch bei voco\u00ae Venice Mestre &#8211; The Quid jeden Tag f\u00fcr den <\/span><b>Schutz unseres Planeten und unseres Territoriums<\/b><span style=\"font-weight: 400\">.\u00a0<\/span><\/p>\n<p><span style=\"font-weight: 400\">Wir haben bei der Einrichtung unseres Hotels ausschlie\u00dflich <\/span><b>umweltfreundliche Materialien<\/b><span style=\"font-weight: 400\"> verwendet und sind entschlossen, die <\/span><b>Nachhaltigkeit<\/b><span style=\"font-weight: 400\"> zum R\u00fcckgrat unseres Hotels zu machen. Mit dem Ziel, bald v\u00f6llig <\/span><b>plastic-less<\/b><span style=\"font-weight: 400\"> zu sein, haben wir den Plastikverbrauch minimiert und bevorzugen leicht recycelbare Materialien wie Glas und Papier anstelle von Einwegprodukten. <\/span><span style=\"font-weight: 400\"><br \/>\n<\/span><span style=\"font-weight: 400\">Unser Engagement zeigt sich auch in den Courtesy-Sets, die von Grund auf neu entwickelt wurden, um Verpackungsm\u00fcll zu vermeiden, und durch praktische Spender ersetzt wurden. Eine L\u00f6sung, die innerhalb des gesamten Geb\u00e4udes und nicht nur in den Zimmern verwendet wird.\u00a0<\/span><\/p>\n<p><span style=\"font-weight: 400\">Dar\u00fcber hinaus freuen wir uns, unseren G\u00e4sten mitteilen zu k\u00f6nnen, dass die <\/span><b>Kissen und Decken<\/b><span style=\"font-weight: 400\"> aus recycelten PET-Flaschen hergestellt werden und eine umweltfreundliche <\/span><b>t\u00e4gliche Reinigung<\/b><span style=\"font-weight: 400\"> m\u00f6glich ist. Au\u00dferdem bem\u00fchen wir uns t\u00e4glich, den Wasser- und Energieverbrauch zu reduzieren, indem wir uns dem <\/span><b>IHG Green Engage<\/b><span style=\"font-weight: 400\">-Programm anschlie\u00dfen.\u00a0<\/span><\/p>\n<p><span style=\"font-weight: 400\">Im voco\u00ae Venice Mestre &#8211; The Quid finden Sie nicht nur \u00f6kologische Nachhaltigkeit, sondern auch die Liebe zu unserer Region: In Zusammenarbeit mit der <\/span><b>Pasticceria Giotto <\/b><span style=\"font-weight: 400\">finden Sie auf unserem Buffet eine Auswahl ihrer Desserts, die in Zusammenarbeit mit dem <\/span><i><span style=\"font-weight: 400\">Gef\u00e4ngnis Due Palazzi in Padua<\/span><\/i><span style=\"font-weight: 400\"> kreiert wurden. Ziel der Zusammenarbeit ist es, den H\u00e4ftlingen berufliche Qualifikationen zu vermitteln und sie in der k\u00f6stlichen Kunst der Konditorei auszubilden.\u00a0<\/span><\/p>\n","protected":false},"excerpt":{"rendered":"<p>Genauso wie die Marke voco\u00ae engagieren wir uns auch bei voco\u00ae Venice Mestre &#8211; The Quid jeden Tag f\u00fcr den Schutz unseres Planeten und unseres Territoriums.\u00a0 Wir haben bei der Einrichtung unseres Hotels ausschlie\u00dflich umweltfreundliche Materialien verwendet und sind entschlossen, die Nachhaltigkeit zum R\u00fcckgrat unseres Hotels zu machen. Mit dem Ziel, bald v\u00f6llig plastic-less zu [&hellip;]<\/p>\n","protected":false},"author":6,"featured_media":574,"parent":11,"menu_order":15,"comment_status":"closed","ping_status":"closed","template":"template-default-4.php","meta":{"footnotes":""},"class_list":["post-43","page","type-page","status-publish","has-post-thumbnail","hentry"],"yoast_head":"<!-- This site is optimized with the Yoast SEO plugin v26.9 - https:\/\/yoast.com\/product\/yoast-seo-wordpress\/ -->\n<title>Nachhaltiges 4-Sterne-Hotel | voco\u00ae Venice Mestre - The Quid<\/title>\n<meta name=\"description\" content=\"Im voco\u00ae Venice Mestre bem\u00fchen wir uns um mehr Nachhaltigkeit: weniger Plastik, recycelbare Materialien und mehr. Entdecken Sie die Initiativen!\" \/>\n<meta name=\"robots\" content=\"index, follow, max-snippet:-1, max-image-preview:large, max-video-preview:-1\" \/>\n<link rel=\"canonical\" href=\"https:\/\/www.quidhotelvenice.com\/de\/hotel\/corporate-social-responsability\/\" \/>\n<meta property=\"og:locale\" content=\"de_DE\" \/>\n<meta property=\"og:type\" content=\"article\" \/>\n<meta property=\"og:title\" content=\"Nachhaltiges 4-Sterne-Hotel | voco\u00ae Venice Mestre - The Quid\" \/>\n<meta property=\"og:description\" content=\"Im voco\u00ae Venice Mestre bem\u00fchen wir uns um mehr Nachhaltigkeit: weniger Plastik, recycelbare Materialien und mehr. Entdecken Sie die Initiativen!\" \/>\n<meta property=\"og:url\" content=\"https:\/\/www.quidhotelvenice.com\/de\/hotel\/corporate-social-responsability\/\" \/>\n<meta property=\"og:site_name\" content=\"Voco Venice Mestre\" \/>\n<meta property=\"article:modified_time\" content=\"2024-06-26T14:06:48+00:00\" \/>\n<meta property=\"og:image\" content=\"https:\/\/www.quidhotelvenice.com\/wp-content\/uploads\/sites\/557\/2023\/07\/Sustainability-voco-Venice-Mestre-The-Quid_5.jpg\" \/>\n\t<meta property=\"og:image:width\" content=\"2200\" \/>\n\t<meta property=\"og:image:height\" content=\"1200\" \/>\n\t<meta property=\"og:image:type\" content=\"image\/jpeg\" \/>\n<meta name=\"twitter:card\" content=\"summary_large_image\" \/>\n<meta name=\"twitter:label1\" content=\"Gesch\u00e4tzte Lesezeit\" \/>\n\t<meta name=\"twitter:data1\" content=\"2 Minuten\" \/>\n<script type=\"application\/ld+json\" class=\"yoast-schema-graph\">{\"@context\":\"https:\/\/schema.org\",\"@graph\":[{\"@type\":\"WebPage\",\"@id\":\"https:\/\/www.quidhotelvenice.com\/de\/hotel\/corporate-social-responsability\/\",\"url\":\"https:\/\/www.quidhotelvenice.com\/de\/hotel\/corporate-social-responsability\/\",\"name\":\"Nachhaltiges 4-Sterne-Hotel | voco\u00ae Venice Mestre - The Quid\",\"isPartOf\":{\"@id\":\"https:\/\/www.quidhotelvenice.com\/de\/#website\"},\"primaryImageOfPage\":{\"@id\":\"https:\/\/www.quidhotelvenice.com\/de\/hotel\/corporate-social-responsability\/#primaryimage\"},\"image\":{\"@id\":\"https:\/\/www.quidhotelvenice.com\/de\/hotel\/corporate-social-responsability\/#primaryimage\"},\"thumbnailUrl\":\"https:\/\/www.quidhotelvenice.com\/wp-content\/uploads\/sites\/557\/2023\/07\/Sustainability-voco-Venice-Mestre-The-Quid_5.jpg\",\"datePublished\":\"2023-07-19T16:54:56+00:00\",\"dateModified\":\"2024-06-26T14:06:48+00:00\",\"description\":\"Im voco\u00ae Venice Mestre bem\u00fchen wir uns um mehr Nachhaltigkeit: weniger Plastik, recycelbare Materialien und mehr. Entdecken Sie die Initiativen!\",\"breadcrumb\":{\"@id\":\"https:\/\/www.quidhotelvenice.com\/de\/hotel\/corporate-social-responsability\/#breadcrumb\"},\"inLanguage\":\"de-DE\",\"potentialAction\":[{\"@type\":\"ReadAction\",\"target\":[\"https:\/\/www.quidhotelvenice.com\/de\/hotel\/corporate-social-responsability\/\"]}]},{\"@type\":\"ImageObject\",\"inLanguage\":\"de-DE\",\"@id\":\"https:\/\/www.quidhotelvenice.com\/de\/hotel\/corporate-social-responsability\/#primaryimage\",\"url\":\"https:\/\/www.quidhotelvenice.com\/wp-content\/uploads\/sites\/557\/2023\/07\/Sustainability-voco-Venice-Mestre-The-Quid_5.jpg\",\"contentUrl\":\"https:\/\/www.quidhotelvenice.com\/wp-content\/uploads\/sites\/557\/2023\/07\/Sustainability-voco-Venice-Mestre-The-Quid_5.jpg\",\"width\":2200,\"height\":1200},{\"@type\":\"BreadcrumbList\",\"@id\":\"https:\/\/www.quidhotelvenice.com\/de\/hotel\/corporate-social-responsability\/#breadcrumb\",\"itemListElement\":[{\"@type\":\"ListItem\",\"position\":1,\"name\":\"Home\",\"item\":\"https:\/\/www.quidhotelvenice.com\/de\/\"},{\"@type\":\"ListItem\",\"position\":2,\"name\":\"Hotel\",\"item\":\"https:\/\/www.quidhotelvenice.com\/de\/hotel\/\"},{\"@type\":\"ListItem\",\"position\":3,\"name\":\"Corporate Social Responsability\"}]},{\"@type\":\"WebSite\",\"@id\":\"https:\/\/www.quidhotelvenice.com\/de\/#website\",\"url\":\"https:\/\/www.quidhotelvenice.com\/de\/\",\"name\":\"Voco Venice Mestre\",\"description\":\"\",\"potentialAction\":[{\"@type\":\"SearchAction\",\"target\":{\"@type\":\"EntryPoint\",\"urlTemplate\":\"https:\/\/www.quidhotelvenice.com\/de\/?s={search_term_string}\"},\"query-input\":{\"@type\":\"PropertyValueSpecification\",\"valueRequired\":true,\"valueName\":\"search_term_string\"}}],\"inLanguage\":\"de-DE\"}]}<\/script>\n<!-- \/ Yoast SEO plugin. -->","yoast_head_json":{"title":"Nachhaltiges 4-Sterne-Hotel | voco\u00ae Venice Mestre - The Quid","description":"Im voco\u00ae Venice Mestre bem\u00fchen wir uns um mehr Nachhaltigkeit: weniger Plastik, recycelbare Materialien und mehr. Entdecken Sie die Initiativen!","robots":{"index":"index","follow":"follow","max-snippet":"max-snippet:-1","max-image-preview":"max-image-preview:large","max-video-preview":"max-video-preview:-1"},"canonical":"https:\/\/www.quidhotelvenice.com\/de\/hotel\/corporate-social-responsability\/","og_locale":"de_DE","og_type":"article","og_title":"Nachhaltiges 4-Sterne-Hotel | voco\u00ae Venice Mestre - The Quid","og_description":"Im voco\u00ae Venice Mestre bem\u00fchen wir uns um mehr Nachhaltigkeit: weniger Plastik, recycelbare Materialien und mehr. Entdecken Sie die Initiativen!","og_url":"https:\/\/www.quidhotelvenice.com\/de\/hotel\/corporate-social-responsability\/","og_site_name":"Voco Venice Mestre","article_modified_time":"2024-06-26T14:06:48+00:00","og_image":[{"width":2200,"height":1200,"url":"https:\/\/www.quidhotelvenice.com\/wp-content\/uploads\/sites\/557\/2023\/07\/Sustainability-voco-Venice-Mestre-The-Quid_5.jpg","type":"image\/jpeg"}],"twitter_card":"summary_large_image","twitter_misc":{"Gesch\u00e4tzte Lesezeit":"2 Minuten"},"schema":{"@context":"https:\/\/schema.org","@graph":[{"@type":"WebPage","@id":"https:\/\/www.quidhotelvenice.com\/de\/hotel\/corporate-social-responsability\/","url":"https:\/\/www.quidhotelvenice.com\/de\/hotel\/corporate-social-responsability\/","name":"Nachhaltiges 4-Sterne-Hotel | voco\u00ae Venice Mestre - The Quid","isPartOf":{"@id":"https:\/\/www.quidhotelvenice.com\/de\/#website"},"primaryImageOfPage":{"@id":"https:\/\/www.quidhotelvenice.com\/de\/hotel\/corporate-social-responsability\/#primaryimage"},"image":{"@id":"https:\/\/www.quidhotelvenice.com\/de\/hotel\/corporate-social-responsability\/#primaryimage"},"thumbnailUrl":"https:\/\/www.quidhotelvenice.com\/wp-content\/uploads\/sites\/557\/2023\/07\/Sustainability-voco-Venice-Mestre-The-Quid_5.jpg","datePublished":"2023-07-19T16:54:56+00:00","dateModified":"2024-06-26T14:06:48+00:00","description":"Im voco\u00ae Venice Mestre bem\u00fchen wir uns um mehr Nachhaltigkeit: weniger Plastik, recycelbare Materialien und mehr. Entdecken Sie die Initiativen!","breadcrumb":{"@id":"https:\/\/www.quidhotelvenice.com\/de\/hotel\/corporate-social-responsability\/#breadcrumb"},"inLanguage":"de-DE","potentialAction":[{"@type":"ReadAction","target":["https:\/\/www.quidhotelvenice.com\/de\/hotel\/corporate-social-responsability\/"]}]},{"@type":"ImageObject","inLanguage":"de-DE","@id":"https:\/\/www.quidhotelvenice.com\/de\/hotel\/corporate-social-responsability\/#primaryimage","url":"https:\/\/www.quidhotelvenice.com\/wp-content\/uploads\/sites\/557\/2023\/07\/Sustainability-voco-Venice-Mestre-The-Quid_5.jpg","contentUrl":"https:\/\/www.quidhotelvenice.com\/wp-content\/uploads\/sites\/557\/2023\/07\/Sustainability-voco-Venice-Mestre-The-Quid_5.jpg","width":2200,"height":1200},{"@type":"BreadcrumbList","@id":"https:\/\/www.quidhotelvenice.com\/de\/hotel\/corporate-social-responsability\/#breadcrumb","itemListElement":[{"@type":"ListItem","position":1,"name":"Home","item":"https:\/\/www.quidhotelvenice.com\/de\/"},{"@type":"ListItem","position":2,"name":"Hotel","item":"https:\/\/www.quidhotelvenice.com\/de\/hotel\/"},{"@type":"ListItem","position":3,"name":"Corporate Social Responsability"}]},{"@type":"WebSite","@id":"https:\/\/www.quidhotelvenice.com\/de\/#website","url":"https:\/\/www.quidhotelvenice.com\/de\/","name":"Voco Venice Mestre","description":"","potentialAction":[{"@type":"SearchAction","target":{"@type":"EntryPoint","urlTemplate":"https:\/\/www.quidhotelvenice.com\/de\/?s={search_term_string}"},"query-input":{"@type":"PropertyValueSpecification","valueRequired":true,"valueName":"search_term_string"}}],"inLanguage":"de-DE"}]}},"acf":[],"_links":{"self":[{"href":"https:\/\/www.quidhotelvenice.com\/de\/wp-json\/wp\/v2\/pages\/43","targetHints":{"allow":["GET"]}}],"collection":[{"href":"https:\/\/www.quidhotelvenice.com\/de\/wp-json\/wp\/v2\/pages"}],"about":[{"href":"https:\/\/www.quidhotelvenice.com\/de\/wp-json\/wp\/v2\/types\/page"}],"author":[{"embeddable":true,"href":"https:\/\/www.quidhotelvenice.com\/de\/wp-json\/wp\/v2\/users\/6"}],"replies":[{"embeddable":true,"href":"https:\/\/www.quidhotelvenice.com\/de\/wp-json\/wp\/v2\/comments?post=43"}],"version-history":[{"count":0,"href":"https:\/\/www.quidhotelvenice.com\/de\/wp-json\/wp\/v2\/pages\/43\/revisions"}],"up":[{"embeddable":true,"href":"https:\/\/www.quidhotelvenice.com\/de\/wp-json\/wp\/v2\/pages\/11"}],"wp:featuredmedia":[{"embeddable":true,"href":"https:\/\/www.quidhotelvenice.com\/de\/wp-json\/wp\/v2\/media\/574"}],"wp:attachment":[{"href":"https:\/\/www.quidhotelvenice.com\/de\/wp-json\/wp\/v2\/media?parent=43"}],"curies":[{"name":"wp","href":"https:\/\/api.w.org\/{rel}","templated":true}]}}