{"id":36,"date":"2023-07-19T17:02:30","date_gmt":"2023-07-19T17:02:30","guid":{"rendered":"https:\/\/voco-venice.ms.decms.eu\/camere\/camere-standard\/"},"modified":"2025-03-20T16:24:26","modified_gmt":"2025-03-20T16:24:26","slug":"standard-zimmer","status":"publish","type":"page","link":"https:\/\/www.quidhotelvenice.com\/de\/zimmer\/standard-zimmer\/","title":{"rendered":"Standard-Zimmer"},"content":{"rendered":"<p><span style=\"font-weight: 400\">Unsere Standard-Zimmer sind ideal f\u00fcr Reisende, die einen <\/span><b>hellen<\/b><span style=\"font-weight: 400\"> und <\/span><b>komfortablen<\/b><span style=\"font-weight: 400\"> Ort zum Entspannen suchen. Sie eignen sich sowohl f\u00fcr Urlaubsreisende als auch f\u00fcr <\/span><b>Gesch\u00e4ftsreisende<\/b><span style=\"font-weight: 400\">, die die Welt zu ihrem B\u00fcro gemacht haben. Wenn Sie sich f\u00fcr ein Zimmer im voco\u00ae Venice Mestre &#8211; The Quid entscheiden, k\u00f6nnen Sie aus einer Vielzahl von Konfigurationen Ihr ideales Zimmer ausw\u00e4hlen, um sicherzustellen, dass Ihr Aufenthalt auf Ihre Bed\u00fcrfnisse zugeschnitten ist. <\/span><span style=\"font-weight: 400\"><br \/>\n<\/span><span style=\"font-weight: 400\">Jedes Zimmer verf\u00fcgt \u00fcber einen LCD-Fernseher mit Chromecast, leistungsstarkes WLAN, einen ger\u00e4umigen, zwei Meter langen Schreibtisch und einen ergonomischen Stuhl, ideal f\u00fcr lange Smart-Working-Sessions. Au\u00dferdem steht Ihnen eine Minibar mit plastic-less Produkten zur Verf\u00fcgung, die Sie kaufen k\u00f6nnen, und der Zimmerservice ist immer verf\u00fcgbar.<\/span><\/p>\n","protected":false},"excerpt":{"rendered":"<p>Unsere Standard-Zimmer sind ideal f\u00fcr Reisende, die einen hellen und komfortablen Ort zum Entspannen suchen. Sie eignen sich sowohl f\u00fcr Urlaubsreisende als auch f\u00fcr Gesch\u00e4ftsreisende, die die Welt zu ihrem B\u00fcro gemacht haben. Wenn Sie sich f\u00fcr ein Zimmer im voco\u00ae Venice Mestre &#8211; The Quid entscheiden, k\u00f6nnen Sie aus einer Vielzahl von Konfigurationen Ihr [&hellip;]<\/p>\n","protected":false},"author":6,"featured_media":587,"parent":32,"menu_order":21,"comment_status":"closed","ping_status":"closed","template":"template-single-room.php","meta":{"footnotes":""},"class_list":["post-36","page","type-page","status-publish","has-post-thumbnail","hentry"],"yoast_head":"<!-- This site is optimized with the Yoast SEO plugin v26.9 - https:\/\/yoast.com\/product\/yoast-seo-wordpress\/ -->\n<title>Komfortable Standard-Zimmer | voco\u00ae Venice Mestre - The Quid<\/title>\n<meta name=\"description\" content=\"Standard-Zimmer von voco\u00ae f\u00fcr einen unvergesslichen Aufenthalt: King-, Queen- oder Einzelbetten je nach Bedarf. Jetzt zum Buchen klicken!\" \/>\n<meta name=\"robots\" content=\"index, follow, max-snippet:-1, max-image-preview:large, max-video-preview:-1\" \/>\n<link rel=\"canonical\" href=\"https:\/\/www.quidhotelvenice.com\/de\/zimmer\/standard-zimmer\/\" \/>\n<meta property=\"og:locale\" content=\"de_DE\" \/>\n<meta property=\"og:type\" content=\"article\" \/>\n<meta property=\"og:title\" content=\"Komfortable Standard-Zimmer | voco\u00ae Venice Mestre - The Quid\" \/>\n<meta property=\"og:description\" content=\"Standard-Zimmer von voco\u00ae f\u00fcr einen unvergesslichen Aufenthalt: King-, Queen- oder Einzelbetten je nach Bedarf. Jetzt zum Buchen klicken!\" \/>\n<meta property=\"og:url\" content=\"https:\/\/www.quidhotelvenice.com\/de\/zimmer\/standard-zimmer\/\" \/>\n<meta property=\"og:site_name\" content=\"Voco Venice Mestre\" \/>\n<meta property=\"article:modified_time\" content=\"2025-03-20T16:24:26+00:00\" \/>\n<meta property=\"og:image\" content=\"https:\/\/www.quidhotelvenice.com\/wp-content\/uploads\/sites\/557\/2023\/07\/Standard-Room-King-voco-Venice-Mestre-The-Quid.jpeg\" \/>\n\t<meta property=\"og:image:width\" content=\"2200\" \/>\n\t<meta property=\"og:image:height\" content=\"1200\" \/>\n\t<meta property=\"og:image:type\" content=\"image\/jpeg\" \/>\n<meta name=\"twitter:card\" content=\"summary_large_image\" \/>\n<meta name=\"twitter:label1\" content=\"Gesch\u00e4tzte Lesezeit\" \/>\n\t<meta name=\"twitter:data1\" content=\"1 Minute\" \/>\n<script type=\"application\/ld+json\" class=\"yoast-schema-graph\">{\"@context\":\"https:\/\/schema.org\",\"@graph\":[{\"@type\":\"WebPage\",\"@id\":\"https:\/\/www.quidhotelvenice.com\/de\/zimmer\/standard-zimmer\/\",\"url\":\"https:\/\/www.quidhotelvenice.com\/de\/zimmer\/standard-zimmer\/\",\"name\":\"Komfortable Standard-Zimmer | voco\u00ae Venice Mestre - The Quid\",\"isPartOf\":{\"@id\":\"https:\/\/www.quidhotelvenice.com\/de\/#website\"},\"primaryImageOfPage\":{\"@id\":\"https:\/\/www.quidhotelvenice.com\/de\/zimmer\/standard-zimmer\/#primaryimage\"},\"image\":{\"@id\":\"https:\/\/www.quidhotelvenice.com\/de\/zimmer\/standard-zimmer\/#primaryimage\"},\"thumbnailUrl\":\"https:\/\/www.quidhotelvenice.com\/wp-content\/uploads\/sites\/557\/2023\/07\/Standard-Room-King-voco-Venice-Mestre-The-Quid.jpeg\",\"datePublished\":\"2023-07-19T17:02:30+00:00\",\"dateModified\":\"2025-03-20T16:24:26+00:00\",\"description\":\"Standard-Zimmer von voco\u00ae f\u00fcr einen unvergesslichen Aufenthalt: King-, Queen- oder Einzelbetten je nach Bedarf. Jetzt zum Buchen klicken!\",\"breadcrumb\":{\"@id\":\"https:\/\/www.quidhotelvenice.com\/de\/zimmer\/standard-zimmer\/#breadcrumb\"},\"inLanguage\":\"de-DE\",\"potentialAction\":[{\"@type\":\"ReadAction\",\"target\":[\"https:\/\/www.quidhotelvenice.com\/de\/zimmer\/standard-zimmer\/\"]}]},{\"@type\":\"ImageObject\",\"inLanguage\":\"de-DE\",\"@id\":\"https:\/\/www.quidhotelvenice.com\/de\/zimmer\/standard-zimmer\/#primaryimage\",\"url\":\"https:\/\/www.quidhotelvenice.com\/wp-content\/uploads\/sites\/557\/2023\/07\/Standard-Room-King-voco-Venice-Mestre-The-Quid.jpeg\",\"contentUrl\":\"https:\/\/www.quidhotelvenice.com\/wp-content\/uploads\/sites\/557\/2023\/07\/Standard-Room-King-voco-Venice-Mestre-The-Quid.jpeg\",\"width\":2200,\"height\":1200},{\"@type\":\"BreadcrumbList\",\"@id\":\"https:\/\/www.quidhotelvenice.com\/de\/zimmer\/standard-zimmer\/#breadcrumb\",\"itemListElement\":[{\"@type\":\"ListItem\",\"position\":1,\"name\":\"Home\",\"item\":\"https:\/\/www.quidhotelvenice.com\/de\/\"},{\"@type\":\"ListItem\",\"position\":2,\"name\":\"Zimmer\",\"item\":\"https:\/\/www.quidhotelvenice.com\/de\/zimmer\/\"},{\"@type\":\"ListItem\",\"position\":3,\"name\":\"Standard-Zimmer\"}]},{\"@type\":\"WebSite\",\"@id\":\"https:\/\/www.quidhotelvenice.com\/de\/#website\",\"url\":\"https:\/\/www.quidhotelvenice.com\/de\/\",\"name\":\"Voco Venice Mestre\",\"description\":\"\",\"potentialAction\":[{\"@type\":\"SearchAction\",\"target\":{\"@type\":\"EntryPoint\",\"urlTemplate\":\"https:\/\/www.quidhotelvenice.com\/de\/?s={search_term_string}\"},\"query-input\":{\"@type\":\"PropertyValueSpecification\",\"valueRequired\":true,\"valueName\":\"search_term_string\"}}],\"inLanguage\":\"de-DE\"}]}<\/script>\n<!-- \/ Yoast SEO plugin. -->","yoast_head_json":{"title":"Komfortable Standard-Zimmer | voco\u00ae Venice Mestre - The Quid","description":"Standard-Zimmer von voco\u00ae f\u00fcr einen unvergesslichen Aufenthalt: King-, Queen- oder Einzelbetten je nach Bedarf. Jetzt zum Buchen klicken!","robots":{"index":"index","follow":"follow","max-snippet":"max-snippet:-1","max-image-preview":"max-image-preview:large","max-video-preview":"max-video-preview:-1"},"canonical":"https:\/\/www.quidhotelvenice.com\/de\/zimmer\/standard-zimmer\/","og_locale":"de_DE","og_type":"article","og_title":"Komfortable Standard-Zimmer | voco\u00ae Venice Mestre - The Quid","og_description":"Standard-Zimmer von voco\u00ae f\u00fcr einen unvergesslichen Aufenthalt: King-, Queen- oder Einzelbetten je nach Bedarf. Jetzt zum Buchen klicken!","og_url":"https:\/\/www.quidhotelvenice.com\/de\/zimmer\/standard-zimmer\/","og_site_name":"Voco Venice Mestre","article_modified_time":"2025-03-20T16:24:26+00:00","og_image":[{"width":2200,"height":1200,"url":"https:\/\/www.quidhotelvenice.com\/wp-content\/uploads\/sites\/557\/2023\/07\/Standard-Room-King-voco-Venice-Mestre-The-Quid.jpeg","type":"image\/jpeg"}],"twitter_card":"summary_large_image","twitter_misc":{"Gesch\u00e4tzte Lesezeit":"1 Minute"},"schema":{"@context":"https:\/\/schema.org","@graph":[{"@type":"WebPage","@id":"https:\/\/www.quidhotelvenice.com\/de\/zimmer\/standard-zimmer\/","url":"https:\/\/www.quidhotelvenice.com\/de\/zimmer\/standard-zimmer\/","name":"Komfortable Standard-Zimmer | voco\u00ae Venice Mestre - The Quid","isPartOf":{"@id":"https:\/\/www.quidhotelvenice.com\/de\/#website"},"primaryImageOfPage":{"@id":"https:\/\/www.quidhotelvenice.com\/de\/zimmer\/standard-zimmer\/#primaryimage"},"image":{"@id":"https:\/\/www.quidhotelvenice.com\/de\/zimmer\/standard-zimmer\/#primaryimage"},"thumbnailUrl":"https:\/\/www.quidhotelvenice.com\/wp-content\/uploads\/sites\/557\/2023\/07\/Standard-Room-King-voco-Venice-Mestre-The-Quid.jpeg","datePublished":"2023-07-19T17:02:30+00:00","dateModified":"2025-03-20T16:24:26+00:00","description":"Standard-Zimmer von voco\u00ae f\u00fcr einen unvergesslichen Aufenthalt: King-, Queen- oder Einzelbetten je nach Bedarf. Jetzt zum Buchen klicken!","breadcrumb":{"@id":"https:\/\/www.quidhotelvenice.com\/de\/zimmer\/standard-zimmer\/#breadcrumb"},"inLanguage":"de-DE","potentialAction":[{"@type":"ReadAction","target":["https:\/\/www.quidhotelvenice.com\/de\/zimmer\/standard-zimmer\/"]}]},{"@type":"ImageObject","inLanguage":"de-DE","@id":"https:\/\/www.quidhotelvenice.com\/de\/zimmer\/standard-zimmer\/#primaryimage","url":"https:\/\/www.quidhotelvenice.com\/wp-content\/uploads\/sites\/557\/2023\/07\/Standard-Room-King-voco-Venice-Mestre-The-Quid.jpeg","contentUrl":"https:\/\/www.quidhotelvenice.com\/wp-content\/uploads\/sites\/557\/2023\/07\/Standard-Room-King-voco-Venice-Mestre-The-Quid.jpeg","width":2200,"height":1200},{"@type":"BreadcrumbList","@id":"https:\/\/www.quidhotelvenice.com\/de\/zimmer\/standard-zimmer\/#breadcrumb","itemListElement":[{"@type":"ListItem","position":1,"name":"Home","item":"https:\/\/www.quidhotelvenice.com\/de\/"},{"@type":"ListItem","position":2,"name":"Zimmer","item":"https:\/\/www.quidhotelvenice.com\/de\/zimmer\/"},{"@type":"ListItem","position":3,"name":"Standard-Zimmer"}]},{"@type":"WebSite","@id":"https:\/\/www.quidhotelvenice.com\/de\/#website","url":"https:\/\/www.quidhotelvenice.com\/de\/","name":"Voco Venice Mestre","description":"","potentialAction":[{"@type":"SearchAction","target":{"@type":"EntryPoint","urlTemplate":"https:\/\/www.quidhotelvenice.com\/de\/?s={search_term_string}"},"query-input":{"@type":"PropertyValueSpecification","valueRequired":true,"valueName":"search_term_string"}}],"inLanguage":"de-DE"}]}},"acf":[],"_links":{"self":[{"href":"https:\/\/www.quidhotelvenice.com\/de\/wp-json\/wp\/v2\/pages\/36","targetHints":{"allow":["GET"]}}],"collection":[{"href":"https:\/\/www.quidhotelvenice.com\/de\/wp-json\/wp\/v2\/pages"}],"about":[{"href":"https:\/\/www.quidhotelvenice.com\/de\/wp-json\/wp\/v2\/types\/page"}],"author":[{"embeddable":true,"href":"https:\/\/www.quidhotelvenice.com\/de\/wp-json\/wp\/v2\/users\/6"}],"replies":[{"embeddable":true,"href":"https:\/\/www.quidhotelvenice.com\/de\/wp-json\/wp\/v2\/comments?post=36"}],"version-history":[{"count":0,"href":"https:\/\/www.quidhotelvenice.com\/de\/wp-json\/wp\/v2\/pages\/36\/revisions"}],"up":[{"embeddable":true,"href":"https:\/\/www.quidhotelvenice.com\/de\/wp-json\/wp\/v2\/pages\/32"}],"wp:featuredmedia":[{"embeddable":true,"href":"https:\/\/www.quidhotelvenice.com\/de\/wp-json\/wp\/v2\/media\/587"}],"wp:attachment":[{"href":"https:\/\/www.quidhotelvenice.com\/de\/wp-json\/wp\/v2\/media?parent=36"}],"curies":[{"name":"wp","href":"https:\/\/api.w.org\/{rel}","templated":true}]}}