{"id":32,"date":"2023-07-19T16:55:39","date_gmt":"2023-07-19T16:55:39","guid":{"rendered":"https:\/\/voco-venice.ms.decms.eu\/camere\/"},"modified":"2025-03-20T16:22:53","modified_gmt":"2025-03-20T16:22:53","slug":"zimmer","status":"publish","type":"page","link":"https:\/\/www.quidhotelvenice.com\/de\/zimmer\/","title":{"rendered":"Zimmer"},"content":{"rendered":"<p><span style=\"font-weight: 400\">Im voco\u00ae Venice Mestre &#8211; The Quid haben wir jedes Zimmer mit Blick auf Ihr <\/span><b>Wohlbefinden<\/b><span style=\"font-weight: 400\"> gestaltet: Perfekt, um sich nach einem langen Arbeitstag zu entspannen, aber auch, um die Konzentration beim Smart Working hoch zu halten. <\/span><span style=\"font-weight: 400\"><br \/>\n<\/span><span style=\"font-weight: 400\">Sie haben die Wahl zwischen insgesamt 128 Zimmern auf 8 Etagen, die in 2 Kategorien unterteilt sind: Standard und Premium, um Ihnen ein H\u00f6chstma\u00df an Zufriedenheit zu garantieren. Jedes Zimmer ist <\/span><b>ger\u00e4umig<\/b><span style=\"font-weight: 400\">, <\/span><b>hell<\/b><span style=\"font-weight: 400\"> und \u00e4u\u00dferst <\/span><b>komfortabel<\/b><span style=\"font-weight: 400\">, mit entspannenden Nuancen und einem <\/span><b>Zimmerservice<\/b><span style=\"font-weight: 400\"> rund um die Uhr.<\/span><\/p>\n","protected":false},"excerpt":{"rendered":"<p>Im voco\u00ae Venice Mestre &#8211; The Quid haben wir jedes Zimmer mit Blick auf Ihr Wohlbefinden gestaltet: Perfekt, um sich nach einem langen Arbeitstag zu entspannen, aber auch, um die Konzentration beim Smart Working hoch zu halten. Sie haben die Wahl zwischen insgesamt 128 Zimmern auf 8 Etagen, die in 2 Kategorien unterteilt sind: Standard [&hellip;]<\/p>\n","protected":false},"author":6,"featured_media":583,"parent":0,"menu_order":20,"comment_status":"closed","ping_status":"closed","template":"template-rooms.php","meta":{"footnotes":""},"class_list":["post-32","page","type-page","status-publish","has-post-thumbnail","hentry"],"yoast_head":"<!-- This site is optimized with the Yoast SEO plugin v26.9 - https:\/\/yoast.com\/product\/yoast-seo-wordpress\/ -->\n<title>Standard-, Premium-Zimmer | voco\u00ae Venice Mestre - The Quid<\/title>\n<meta name=\"description\" content=\"Zimmer f\u00fcr Ihren Aufenthalt in Mestre: Premium, Standard und barrierefrei f\u00fcr Gesch\u00e4fts- und Familienreisen. Die Angebote von voco\u00ae Venice Mestre.\" \/>\n<meta name=\"robots\" content=\"index, follow, max-snippet:-1, max-image-preview:large, max-video-preview:-1\" \/>\n<link rel=\"canonical\" href=\"https:\/\/www.quidhotelvenice.com\/de\/zimmer\/\" \/>\n<meta property=\"og:locale\" content=\"de_DE\" \/>\n<meta property=\"og:type\" content=\"article\" \/>\n<meta property=\"og:title\" content=\"Standard-, Premium-Zimmer | voco\u00ae Venice Mestre - The Quid\" \/>\n<meta property=\"og:description\" content=\"Zimmer f\u00fcr Ihren Aufenthalt in Mestre: Premium, Standard und barrierefrei f\u00fcr Gesch\u00e4fts- und Familienreisen. Die Angebote von voco\u00ae Venice Mestre.\" \/>\n<meta property=\"og:url\" content=\"https:\/\/www.quidhotelvenice.com\/de\/zimmer\/\" \/>\n<meta property=\"og:site_name\" content=\"Voco Venice Mestre\" \/>\n<meta property=\"article:modified_time\" content=\"2025-03-20T16:22:53+00:00\" \/>\n<meta property=\"og:image\" content=\"https:\/\/www.quidhotelvenice.com\/wp-content\/uploads\/sites\/557\/2023\/07\/02-Standard-Room-King-voco-Venice-Mestre-The-Quid_3.jpeg\" \/>\n\t<meta property=\"og:image:width\" content=\"2200\" \/>\n\t<meta property=\"og:image:height\" content=\"1200\" \/>\n\t<meta property=\"og:image:type\" content=\"image\/jpeg\" \/>\n<meta name=\"twitter:card\" content=\"summary_large_image\" \/>\n<meta name=\"twitter:label1\" content=\"Gesch\u00e4tzte Lesezeit\" \/>\n\t<meta name=\"twitter:data1\" content=\"1 Minute\" \/>\n<script type=\"application\/ld+json\" class=\"yoast-schema-graph\">{\"@context\":\"https:\/\/schema.org\",\"@graph\":[{\"@type\":\"WebPage\",\"@id\":\"https:\/\/www.quidhotelvenice.com\/de\/zimmer\/\",\"url\":\"https:\/\/www.quidhotelvenice.com\/de\/zimmer\/\",\"name\":\"Standard-, Premium-Zimmer | voco\u00ae Venice Mestre - The Quid\",\"isPartOf\":{\"@id\":\"https:\/\/www.quidhotelvenice.com\/de\/#website\"},\"primaryImageOfPage\":{\"@id\":\"https:\/\/www.quidhotelvenice.com\/de\/zimmer\/#primaryimage\"},\"image\":{\"@id\":\"https:\/\/www.quidhotelvenice.com\/de\/zimmer\/#primaryimage\"},\"thumbnailUrl\":\"https:\/\/www.quidhotelvenice.com\/wp-content\/uploads\/sites\/557\/2023\/07\/02-Standard-Room-King-voco-Venice-Mestre-The-Quid_3.jpeg\",\"datePublished\":\"2023-07-19T16:55:39+00:00\",\"dateModified\":\"2025-03-20T16:22:53+00:00\",\"description\":\"Zimmer f\u00fcr Ihren Aufenthalt in Mestre: Premium, Standard und barrierefrei f\u00fcr Gesch\u00e4fts- und Familienreisen. Die Angebote von voco\u00ae Venice Mestre.\",\"breadcrumb\":{\"@id\":\"https:\/\/www.quidhotelvenice.com\/de\/zimmer\/#breadcrumb\"},\"inLanguage\":\"de-DE\",\"potentialAction\":[{\"@type\":\"ReadAction\",\"target\":[\"https:\/\/www.quidhotelvenice.com\/de\/zimmer\/\"]}]},{\"@type\":\"ImageObject\",\"inLanguage\":\"de-DE\",\"@id\":\"https:\/\/www.quidhotelvenice.com\/de\/zimmer\/#primaryimage\",\"url\":\"https:\/\/www.quidhotelvenice.com\/wp-content\/uploads\/sites\/557\/2023\/07\/02-Standard-Room-King-voco-Venice-Mestre-The-Quid_3.jpeg\",\"contentUrl\":\"https:\/\/www.quidhotelvenice.com\/wp-content\/uploads\/sites\/557\/2023\/07\/02-Standard-Room-King-voco-Venice-Mestre-The-Quid_3.jpeg\",\"width\":2200,\"height\":1200},{\"@type\":\"BreadcrumbList\",\"@id\":\"https:\/\/www.quidhotelvenice.com\/de\/zimmer\/#breadcrumb\",\"itemListElement\":[{\"@type\":\"ListItem\",\"position\":1,\"name\":\"Home\",\"item\":\"https:\/\/www.quidhotelvenice.com\/de\/\"},{\"@type\":\"ListItem\",\"position\":2,\"name\":\"Zimmer\"}]},{\"@type\":\"WebSite\",\"@id\":\"https:\/\/www.quidhotelvenice.com\/de\/#website\",\"url\":\"https:\/\/www.quidhotelvenice.com\/de\/\",\"name\":\"Voco Venice Mestre\",\"description\":\"\",\"potentialAction\":[{\"@type\":\"SearchAction\",\"target\":{\"@type\":\"EntryPoint\",\"urlTemplate\":\"https:\/\/www.quidhotelvenice.com\/de\/?s={search_term_string}\"},\"query-input\":{\"@type\":\"PropertyValueSpecification\",\"valueRequired\":true,\"valueName\":\"search_term_string\"}}],\"inLanguage\":\"de-DE\"}]}<\/script>\n<!-- \/ Yoast SEO plugin. -->","yoast_head_json":{"title":"Standard-, Premium-Zimmer | voco\u00ae Venice Mestre - The Quid","description":"Zimmer f\u00fcr Ihren Aufenthalt in Mestre: Premium, Standard und barrierefrei f\u00fcr Gesch\u00e4fts- und Familienreisen. Die Angebote von voco\u00ae Venice Mestre.","robots":{"index":"index","follow":"follow","max-snippet":"max-snippet:-1","max-image-preview":"max-image-preview:large","max-video-preview":"max-video-preview:-1"},"canonical":"https:\/\/www.quidhotelvenice.com\/de\/zimmer\/","og_locale":"de_DE","og_type":"article","og_title":"Standard-, Premium-Zimmer | voco\u00ae Venice Mestre - The Quid","og_description":"Zimmer f\u00fcr Ihren Aufenthalt in Mestre: Premium, Standard und barrierefrei f\u00fcr Gesch\u00e4fts- und Familienreisen. Die Angebote von voco\u00ae Venice Mestre.","og_url":"https:\/\/www.quidhotelvenice.com\/de\/zimmer\/","og_site_name":"Voco Venice Mestre","article_modified_time":"2025-03-20T16:22:53+00:00","og_image":[{"width":2200,"height":1200,"url":"https:\/\/www.quidhotelvenice.com\/wp-content\/uploads\/sites\/557\/2023\/07\/02-Standard-Room-King-voco-Venice-Mestre-The-Quid_3.jpeg","type":"image\/jpeg"}],"twitter_card":"summary_large_image","twitter_misc":{"Gesch\u00e4tzte Lesezeit":"1 Minute"},"schema":{"@context":"https:\/\/schema.org","@graph":[{"@type":"WebPage","@id":"https:\/\/www.quidhotelvenice.com\/de\/zimmer\/","url":"https:\/\/www.quidhotelvenice.com\/de\/zimmer\/","name":"Standard-, Premium-Zimmer | voco\u00ae Venice Mestre - The Quid","isPartOf":{"@id":"https:\/\/www.quidhotelvenice.com\/de\/#website"},"primaryImageOfPage":{"@id":"https:\/\/www.quidhotelvenice.com\/de\/zimmer\/#primaryimage"},"image":{"@id":"https:\/\/www.quidhotelvenice.com\/de\/zimmer\/#primaryimage"},"thumbnailUrl":"https:\/\/www.quidhotelvenice.com\/wp-content\/uploads\/sites\/557\/2023\/07\/02-Standard-Room-King-voco-Venice-Mestre-The-Quid_3.jpeg","datePublished":"2023-07-19T16:55:39+00:00","dateModified":"2025-03-20T16:22:53+00:00","description":"Zimmer f\u00fcr Ihren Aufenthalt in Mestre: Premium, Standard und barrierefrei f\u00fcr Gesch\u00e4fts- und Familienreisen. Die Angebote von voco\u00ae Venice Mestre.","breadcrumb":{"@id":"https:\/\/www.quidhotelvenice.com\/de\/zimmer\/#breadcrumb"},"inLanguage":"de-DE","potentialAction":[{"@type":"ReadAction","target":["https:\/\/www.quidhotelvenice.com\/de\/zimmer\/"]}]},{"@type":"ImageObject","inLanguage":"de-DE","@id":"https:\/\/www.quidhotelvenice.com\/de\/zimmer\/#primaryimage","url":"https:\/\/www.quidhotelvenice.com\/wp-content\/uploads\/sites\/557\/2023\/07\/02-Standard-Room-King-voco-Venice-Mestre-The-Quid_3.jpeg","contentUrl":"https:\/\/www.quidhotelvenice.com\/wp-content\/uploads\/sites\/557\/2023\/07\/02-Standard-Room-King-voco-Venice-Mestre-The-Quid_3.jpeg","width":2200,"height":1200},{"@type":"BreadcrumbList","@id":"https:\/\/www.quidhotelvenice.com\/de\/zimmer\/#breadcrumb","itemListElement":[{"@type":"ListItem","position":1,"name":"Home","item":"https:\/\/www.quidhotelvenice.com\/de\/"},{"@type":"ListItem","position":2,"name":"Zimmer"}]},{"@type":"WebSite","@id":"https:\/\/www.quidhotelvenice.com\/de\/#website","url":"https:\/\/www.quidhotelvenice.com\/de\/","name":"Voco Venice Mestre","description":"","potentialAction":[{"@type":"SearchAction","target":{"@type":"EntryPoint","urlTemplate":"https:\/\/www.quidhotelvenice.com\/de\/?s={search_term_string}"},"query-input":{"@type":"PropertyValueSpecification","valueRequired":true,"valueName":"search_term_string"}}],"inLanguage":"de-DE"}]}},"acf":[],"_links":{"self":[{"href":"https:\/\/www.quidhotelvenice.com\/de\/wp-json\/wp\/v2\/pages\/32","targetHints":{"allow":["GET"]}}],"collection":[{"href":"https:\/\/www.quidhotelvenice.com\/de\/wp-json\/wp\/v2\/pages"}],"about":[{"href":"https:\/\/www.quidhotelvenice.com\/de\/wp-json\/wp\/v2\/types\/page"}],"author":[{"embeddable":true,"href":"https:\/\/www.quidhotelvenice.com\/de\/wp-json\/wp\/v2\/users\/6"}],"replies":[{"embeddable":true,"href":"https:\/\/www.quidhotelvenice.com\/de\/wp-json\/wp\/v2\/comments?post=32"}],"version-history":[{"count":0,"href":"https:\/\/www.quidhotelvenice.com\/de\/wp-json\/wp\/v2\/pages\/32\/revisions"}],"wp:featuredmedia":[{"embeddable":true,"href":"https:\/\/www.quidhotelvenice.com\/de\/wp-json\/wp\/v2\/media\/583"}],"wp:attachment":[{"href":"https:\/\/www.quidhotelvenice.com\/de\/wp-json\/wp\/v2\/media?parent=32"}],"curies":[{"name":"wp","href":"https:\/\/api.w.org\/{rel}","templated":true}]}}