{"id":27,"date":"2023-07-19T16:51:46","date_gmt":"2023-07-19T16:51:46","guid":{"rendered":"https:\/\/voco-venice.ms.decms.eu\/hotel\/lifestyle-hotel\/"},"modified":"2023-08-29T13:48:54","modified_gmt":"2023-08-29T13:48:54","slug":"lifestyle-hotel","status":"publish","type":"page","link":"https:\/\/www.quidhotelvenice.com\/de\/hotel\/lifestyle-hotel\/","title":{"rendered":"Lifestyle hotel"},"content":{"rendered":"<p><span style=\"font-weight: 400;\">Das g\u00fcnstig gelegene voco\u00ae Venice Mestre &#8211; The Quid ist die perfekte Wahl f\u00fcr alle, die sich f\u00fcr ihren Urlaub ein avantgardistisches und jugendliches Hotel w\u00fcnschen. <\/span><\/p>\n<p><span style=\"font-weight: 400;\">Nur <\/span><b>zwei Minuten von der Autobahnauffahrt A4 entfernt<\/b><span style=\"font-weight: 400;\">, ist es von den <\/span><b>Flugh\u00e4fen Venedig<\/b><span style=\"font-weight: 400;\"> und <\/span><b>Treviso<\/b><span style=\"font-weight: 400;\"> aus leicht zu erreichen. Wenn Sie sich f\u00fcr einen Aufenthalt bei uns entscheiden, k\u00f6nnen Sie in kurzer Zeit sowohl <\/span><b>Mestre<\/b><span style=\"font-weight: 400;\"> als auch <\/span><b>Venedig<\/b><span style=\"font-weight: 400;\"> erreichen und sind auch in der N\u00e4he von <\/span><b>Treviso<\/b><span style=\"font-weight: 400;\"> und den meisten Kunstst\u00e4dten des Veneto.\u00a0<\/span><\/p>\n<p><span style=\"font-weight: 400;\">Als Dreh- und Angelpunkt jeder Reiseroute <\/span><i><span style=\"font-weight: 400;\">haben wir unseren Standort sorgf\u00e4ltig ausgew\u00e4hlt<\/span><\/i><span style=\"font-weight: 400;\">, um die Fortbewegung zu erleichtern und jedes Reiseziel direkt erreichbar zu machen. Dar\u00fcber hinaus verf\u00fcgt voco\u00ae Venice Mestre &#8211; The Quid \u00fcber<\/span><b> zwei Parkpl\u00e4tze<\/b><span style=\"font-weight: 400;\"> und eine gute Anbindung an die <\/span><b>\u00f6ffentlichen Verkehrsmittel<\/b><span style=\"font-weight: 400;\">: Entdecken Sie Venedig ohne Stress bei der Parkplatzsuche und genie\u00dfen Sie die Sch\u00f6nheit der Kan\u00e4le, ohne sich um irgendetwas k\u00fcmmern zu m\u00fcssen.\u00a0<\/span><\/p>\n<p><span style=\"font-weight: 400;\">G\u00f6nnen Sie sich nach einem erlebnisreichen Tag ein Abendessen in unserem <\/span><b>Ludico<\/b> <b>Restaurant<\/b><span style=\"font-weight: 400;\"> oder entspannen Sie sich auf Ihrem Zimmer mit dem <\/span><b>stets aktiven Zimmerservice<\/b><span style=\"font-weight: 400;\">. Lassen Sie sich von unserem geschulten Personal verw\u00f6hnen und genie\u00dfen Sie einen entspannten und anspruchsvollen Aufenthalt in einem modernen, frisch gestalteten und jugendlichen Ambiente. <\/span><span style=\"font-weight: 400;\"><br \/>\n<\/span><span style=\"font-weight: 400;\">Wenn Sie sich f\u00fcr voco\u00ae Venice Mestre &#8211; The Quid entscheiden, stehen Ihnen ein Fitnessraum, eine Bar, in der Sie Drinks und Aperitifs genie\u00dfen k\u00f6nnen, und ein Gaming Room, in dem Sie Ihre Freunde oder Ihre Familie herausfordern k\u00f6nnen, zur Verf\u00fcgung.<\/span><\/p>\n","protected":false},"excerpt":{"rendered":"<p>Das g\u00fcnstig gelegene voco\u00ae Venice Mestre &#8211; The Quid ist die perfekte Wahl f\u00fcr alle, die sich f\u00fcr ihren Urlaub ein avantgardistisches und jugendliches Hotel w\u00fcnschen. Nur zwei Minuten von der Autobahnauffahrt A4 entfernt, ist es von den Flugh\u00e4fen Venedig und Treviso aus leicht zu erreichen. Wenn Sie sich f\u00fcr einen Aufenthalt bei uns entscheiden, [&hellip;]<\/p>\n","protected":false},"author":6,"featured_media":570,"parent":11,"menu_order":14,"comment_status":"closed","ping_status":"closed","template":"template-default-4.php","meta":{"footnotes":""},"class_list":["post-27","page","type-page","status-publish","has-post-thumbnail","hentry"],"yoast_head":"<!-- This site is optimized with the Yoast SEO plugin v26.9 - https:\/\/yoast.com\/product\/yoast-seo-wordpress\/ -->\n<title>Entspannung und Spa\u00df | voco\u00ae Venice Mestre - The Quid<\/title>\n<meta name=\"description\" content=\"Sind Sie im Urlaub, um Spa\u00df zu haben? Machen Sie das Beste aus Ihrem Aufenthalt im voco\u00ae Hotel: Restaurant, Bar, ger\u00e4umige Zimmer und Gaming Room.\" \/>\n<meta name=\"robots\" content=\"index, follow, max-snippet:-1, max-image-preview:large, max-video-preview:-1\" \/>\n<link rel=\"canonical\" href=\"https:\/\/www.quidhotelvenice.com\/de\/hotel\/lifestyle-hotel\/\" \/>\n<meta property=\"og:locale\" content=\"de_DE\" \/>\n<meta property=\"og:type\" content=\"article\" \/>\n<meta property=\"og:title\" content=\"Entspannung und Spa\u00df | voco\u00ae Venice Mestre - The Quid\" \/>\n<meta property=\"og:description\" content=\"Sind Sie im Urlaub, um Spa\u00df zu haben? Machen Sie das Beste aus Ihrem Aufenthalt im voco\u00ae Hotel: Restaurant, Bar, ger\u00e4umige Zimmer und Gaming Room.\" \/>\n<meta property=\"og:url\" content=\"https:\/\/www.quidhotelvenice.com\/de\/hotel\/lifestyle-hotel\/\" \/>\n<meta property=\"og:site_name\" content=\"Voco Venice Mestre\" \/>\n<meta property=\"article:modified_time\" content=\"2023-08-29T13:48:54+00:00\" \/>\n<meta property=\"og:image\" content=\"https:\/\/www.quidhotelvenice.com\/wp-content\/uploads\/sites\/557\/2023\/07\/Guest-Relaxing-voco-Venice-Mestre-The-Quid_1.jpg\" \/>\n\t<meta property=\"og:image:width\" content=\"2200\" \/>\n\t<meta property=\"og:image:height\" content=\"1200\" \/>\n\t<meta property=\"og:image:type\" content=\"image\/jpeg\" \/>\n<meta name=\"twitter:card\" content=\"summary_large_image\" \/>\n<meta name=\"twitter:label1\" content=\"Gesch\u00e4tzte Lesezeit\" \/>\n\t<meta name=\"twitter:data1\" content=\"1 Minute\" \/>\n<script type=\"application\/ld+json\" class=\"yoast-schema-graph\">{\"@context\":\"https:\/\/schema.org\",\"@graph\":[{\"@type\":\"WebPage\",\"@id\":\"https:\/\/www.quidhotelvenice.com\/de\/hotel\/lifestyle-hotel\/\",\"url\":\"https:\/\/www.quidhotelvenice.com\/de\/hotel\/lifestyle-hotel\/\",\"name\":\"Entspannung und Spa\u00df | voco\u00ae Venice Mestre - The Quid\",\"isPartOf\":{\"@id\":\"https:\/\/www.quidhotelvenice.com\/de\/#website\"},\"primaryImageOfPage\":{\"@id\":\"https:\/\/www.quidhotelvenice.com\/de\/hotel\/lifestyle-hotel\/#primaryimage\"},\"image\":{\"@id\":\"https:\/\/www.quidhotelvenice.com\/de\/hotel\/lifestyle-hotel\/#primaryimage\"},\"thumbnailUrl\":\"https:\/\/www.quidhotelvenice.com\/wp-content\/uploads\/sites\/557\/2023\/07\/Guest-Relaxing-voco-Venice-Mestre-The-Quid_1.jpg\",\"datePublished\":\"2023-07-19T16:51:46+00:00\",\"dateModified\":\"2023-08-29T13:48:54+00:00\",\"description\":\"Sind Sie im Urlaub, um Spa\u00df zu haben? Machen Sie das Beste aus Ihrem Aufenthalt im voco\u00ae Hotel: Restaurant, Bar, ger\u00e4umige Zimmer und Gaming Room.\",\"breadcrumb\":{\"@id\":\"https:\/\/www.quidhotelvenice.com\/de\/hotel\/lifestyle-hotel\/#breadcrumb\"},\"inLanguage\":\"de-DE\",\"potentialAction\":[{\"@type\":\"ReadAction\",\"target\":[\"https:\/\/www.quidhotelvenice.com\/de\/hotel\/lifestyle-hotel\/\"]}]},{\"@type\":\"ImageObject\",\"inLanguage\":\"de-DE\",\"@id\":\"https:\/\/www.quidhotelvenice.com\/de\/hotel\/lifestyle-hotel\/#primaryimage\",\"url\":\"https:\/\/www.quidhotelvenice.com\/wp-content\/uploads\/sites\/557\/2023\/07\/Guest-Relaxing-voco-Venice-Mestre-The-Quid_1.jpg\",\"contentUrl\":\"https:\/\/www.quidhotelvenice.com\/wp-content\/uploads\/sites\/557\/2023\/07\/Guest-Relaxing-voco-Venice-Mestre-The-Quid_1.jpg\",\"width\":2200,\"height\":1200},{\"@type\":\"BreadcrumbList\",\"@id\":\"https:\/\/www.quidhotelvenice.com\/de\/hotel\/lifestyle-hotel\/#breadcrumb\",\"itemListElement\":[{\"@type\":\"ListItem\",\"position\":1,\"name\":\"Home\",\"item\":\"https:\/\/www.quidhotelvenice.com\/de\/\"},{\"@type\":\"ListItem\",\"position\":2,\"name\":\"Hotel\",\"item\":\"https:\/\/www.quidhotelvenice.com\/de\/hotel\/\"},{\"@type\":\"ListItem\",\"position\":3,\"name\":\"Lifestyle hotel\"}]},{\"@type\":\"WebSite\",\"@id\":\"https:\/\/www.quidhotelvenice.com\/de\/#website\",\"url\":\"https:\/\/www.quidhotelvenice.com\/de\/\",\"name\":\"Voco Venice Mestre\",\"description\":\"\",\"potentialAction\":[{\"@type\":\"SearchAction\",\"target\":{\"@type\":\"EntryPoint\",\"urlTemplate\":\"https:\/\/www.quidhotelvenice.com\/de\/?s={search_term_string}\"},\"query-input\":{\"@type\":\"PropertyValueSpecification\",\"valueRequired\":true,\"valueName\":\"search_term_string\"}}],\"inLanguage\":\"de-DE\"}]}<\/script>\n<!-- \/ Yoast SEO plugin. -->","yoast_head_json":{"title":"Entspannung und Spa\u00df | voco\u00ae Venice Mestre - The Quid","description":"Sind Sie im Urlaub, um Spa\u00df zu haben? Machen Sie das Beste aus Ihrem Aufenthalt im voco\u00ae Hotel: Restaurant, Bar, ger\u00e4umige Zimmer und Gaming Room.","robots":{"index":"index","follow":"follow","max-snippet":"max-snippet:-1","max-image-preview":"max-image-preview:large","max-video-preview":"max-video-preview:-1"},"canonical":"https:\/\/www.quidhotelvenice.com\/de\/hotel\/lifestyle-hotel\/","og_locale":"de_DE","og_type":"article","og_title":"Entspannung und Spa\u00df | voco\u00ae Venice Mestre - The Quid","og_description":"Sind Sie im Urlaub, um Spa\u00df zu haben? Machen Sie das Beste aus Ihrem Aufenthalt im voco\u00ae Hotel: Restaurant, Bar, ger\u00e4umige Zimmer und Gaming Room.","og_url":"https:\/\/www.quidhotelvenice.com\/de\/hotel\/lifestyle-hotel\/","og_site_name":"Voco Venice Mestre","article_modified_time":"2023-08-29T13:48:54+00:00","og_image":[{"width":2200,"height":1200,"url":"https:\/\/www.quidhotelvenice.com\/wp-content\/uploads\/sites\/557\/2023\/07\/Guest-Relaxing-voco-Venice-Mestre-The-Quid_1.jpg","type":"image\/jpeg"}],"twitter_card":"summary_large_image","twitter_misc":{"Gesch\u00e4tzte Lesezeit":"1 Minute"},"schema":{"@context":"https:\/\/schema.org","@graph":[{"@type":"WebPage","@id":"https:\/\/www.quidhotelvenice.com\/de\/hotel\/lifestyle-hotel\/","url":"https:\/\/www.quidhotelvenice.com\/de\/hotel\/lifestyle-hotel\/","name":"Entspannung und Spa\u00df | voco\u00ae Venice Mestre - The Quid","isPartOf":{"@id":"https:\/\/www.quidhotelvenice.com\/de\/#website"},"primaryImageOfPage":{"@id":"https:\/\/www.quidhotelvenice.com\/de\/hotel\/lifestyle-hotel\/#primaryimage"},"image":{"@id":"https:\/\/www.quidhotelvenice.com\/de\/hotel\/lifestyle-hotel\/#primaryimage"},"thumbnailUrl":"https:\/\/www.quidhotelvenice.com\/wp-content\/uploads\/sites\/557\/2023\/07\/Guest-Relaxing-voco-Venice-Mestre-The-Quid_1.jpg","datePublished":"2023-07-19T16:51:46+00:00","dateModified":"2023-08-29T13:48:54+00:00","description":"Sind Sie im Urlaub, um Spa\u00df zu haben? Machen Sie das Beste aus Ihrem Aufenthalt im voco\u00ae Hotel: Restaurant, Bar, ger\u00e4umige Zimmer und Gaming Room.","breadcrumb":{"@id":"https:\/\/www.quidhotelvenice.com\/de\/hotel\/lifestyle-hotel\/#breadcrumb"},"inLanguage":"de-DE","potentialAction":[{"@type":"ReadAction","target":["https:\/\/www.quidhotelvenice.com\/de\/hotel\/lifestyle-hotel\/"]}]},{"@type":"ImageObject","inLanguage":"de-DE","@id":"https:\/\/www.quidhotelvenice.com\/de\/hotel\/lifestyle-hotel\/#primaryimage","url":"https:\/\/www.quidhotelvenice.com\/wp-content\/uploads\/sites\/557\/2023\/07\/Guest-Relaxing-voco-Venice-Mestre-The-Quid_1.jpg","contentUrl":"https:\/\/www.quidhotelvenice.com\/wp-content\/uploads\/sites\/557\/2023\/07\/Guest-Relaxing-voco-Venice-Mestre-The-Quid_1.jpg","width":2200,"height":1200},{"@type":"BreadcrumbList","@id":"https:\/\/www.quidhotelvenice.com\/de\/hotel\/lifestyle-hotel\/#breadcrumb","itemListElement":[{"@type":"ListItem","position":1,"name":"Home","item":"https:\/\/www.quidhotelvenice.com\/de\/"},{"@type":"ListItem","position":2,"name":"Hotel","item":"https:\/\/www.quidhotelvenice.com\/de\/hotel\/"},{"@type":"ListItem","position":3,"name":"Lifestyle hotel"}]},{"@type":"WebSite","@id":"https:\/\/www.quidhotelvenice.com\/de\/#website","url":"https:\/\/www.quidhotelvenice.com\/de\/","name":"Voco Venice Mestre","description":"","potentialAction":[{"@type":"SearchAction","target":{"@type":"EntryPoint","urlTemplate":"https:\/\/www.quidhotelvenice.com\/de\/?s={search_term_string}"},"query-input":{"@type":"PropertyValueSpecification","valueRequired":true,"valueName":"search_term_string"}}],"inLanguage":"de-DE"}]}},"acf":[],"_links":{"self":[{"href":"https:\/\/www.quidhotelvenice.com\/de\/wp-json\/wp\/v2\/pages\/27","targetHints":{"allow":["GET"]}}],"collection":[{"href":"https:\/\/www.quidhotelvenice.com\/de\/wp-json\/wp\/v2\/pages"}],"about":[{"href":"https:\/\/www.quidhotelvenice.com\/de\/wp-json\/wp\/v2\/types\/page"}],"author":[{"embeddable":true,"href":"https:\/\/www.quidhotelvenice.com\/de\/wp-json\/wp\/v2\/users\/6"}],"replies":[{"embeddable":true,"href":"https:\/\/www.quidhotelvenice.com\/de\/wp-json\/wp\/v2\/comments?post=27"}],"version-history":[{"count":0,"href":"https:\/\/www.quidhotelvenice.com\/de\/wp-json\/wp\/v2\/pages\/27\/revisions"}],"up":[{"embeddable":true,"href":"https:\/\/www.quidhotelvenice.com\/de\/wp-json\/wp\/v2\/pages\/11"}],"wp:featuredmedia":[{"embeddable":true,"href":"https:\/\/www.quidhotelvenice.com\/de\/wp-json\/wp\/v2\/media\/570"}],"wp:attachment":[{"href":"https:\/\/www.quidhotelvenice.com\/de\/wp-json\/wp\/v2\/media?parent=27"}],"curies":[{"name":"wp","href":"https:\/\/api.w.org\/{rel}","templated":true}]}}