{"id":192,"date":"2023-07-20T14:55:09","date_gmt":"2023-07-20T14:55:09","guid":{"rendered":"https:\/\/voco-venice.ms.decms.eu\/dove-siamo\/"},"modified":"2023-08-29T15:46:35","modified_gmt":"2023-08-29T15:46:35","slug":"standort","status":"publish","type":"page","link":"https:\/\/www.quidhotelvenice.com\/de\/standort\/","title":{"rendered":"Standort"},"content":{"rendered":"<p><span style=\"font-weight: 400;\">Wir haben <\/span><b>voco\u00ae Venice Mestre <\/b><span style=\"font-weight: 400;\">ins Leben gerufen, um unseren G\u00e4sten ein H\u00f6chstma\u00df an Zufriedenheit zu bieten &#8211; und genau aus diesem Grund haben wir uns f\u00fcr einen <\/span><b>strategisch<\/b><span style=\"font-weight: 400;\"> wichtigen <\/span><b>Standort<\/b><span style=\"font-weight: 400;\"> entschieden.\u00a0<\/span><\/p>\n<p><span style=\"font-weight: 400;\">Es befindet sich im neuen <\/span><b>Gewerbegeb iet<\/b><span style=\"font-weight: 400;\"> von<\/span><b> AEV Terraglio<\/b><span style=\"font-weight: 400;\">, in einem k\u00fcrzlich errichteten Gebiet, das sich durch moderne und elegante Architektur auszeichnet. Es ist nur zwei Minuten von der Autobahnausfahrt A4 entfernt und liegt in unmittelbarer N\u00e4he von <\/span><b>Castellana<\/b><span style=\"font-weight: 400;\"> und <\/span><b>Terraglio<\/b><span style=\"font-weight: 400;\">. Das Hotel ist ideal f\u00fcr Gesch\u00e4ftsreisende und perfekt angebunden, da es nur <\/span><b>zehn Autominuten<\/b><span style=\"font-weight: 400;\"> vom <\/span><b>Flughafen Venezia<\/b> <b>Marco Polo <\/b><span style=\"font-weight: 400;\">und nur wenige Gehminuten vom neuen <\/span><b>Bahnhof Venezia Mestre Ospedale <\/b><span style=\"font-weight: 400;\">entfernt ist.\u00a0<\/span><\/p>\n<p><span style=\"font-weight: 400;\">In der N\u00e4he unseres Hotels befinden sich sowohl das Ospedale dell&#8217;Angelo als auch die Klinik Villa Salus sowie ein <\/span><b>gro\u00dfes Einkaufszentrum<\/b><span style=\"font-weight: 400;\"> und das <\/span><b>Fitnesscenter Virgin Active<\/b><span style=\"font-weight: 400;\">. Sie k\u00f6nnen sich am Pool entspannen, im Fitnessstudio trainieren oder sich im Wellnesscenter mit Sch\u00f6nheitsbehandlungen verw\u00f6hnen lassen &#8211; alles nur wenige Minuten von Ihrem Hotelzimmer entfernt.<\/span><\/p>\n<p><span style=\"font-weight: 400;\">Der eigentliche Clou unserer Lage ist die \u00e4u\u00dferst <\/span><b>bequeme Anbindung an die \u00f6ffentlichen Verkehrsmittel<\/b><span style=\"font-weight: 400;\">: Sie k\u00f6nnen Ihr Auto bequem auf unserem Parkplatz oder in unserer Tiefgarage abstellen und <\/span><b>Venedig mit dem Bus<\/b><span style=\"font-weight: 400;\"> der Linie 8E in Richtung <\/span><b>Mestre Centro <\/b><span style=\"font-weight: 400;\">erreichen. Die Busse fahren <\/span><b>ca. alle 30 Minuten<\/b><span style=\"font-weight: 400;\"> bis zur <\/span><b>Endstation Piazzale Cialdini<\/b><span style=\"font-weight: 400;\">, von wo aus Sie bequem mit der <\/span><b>Stra\u00dfenbahnlinie T1<\/b><span style=\"font-weight: 400;\"> zum <\/span><b>Piazzale Roma<\/b><span style=\"font-weight: 400;\"> in <\/span><b>Venedig<\/b><span style=\"font-weight: 400;\"> fahren k\u00f6nnen. <\/span><span style=\"font-weight: 400;\">\u00a0<\/span><\/p>\n<p><span style=\"font-weight: 400;\">\u00a0<\/span><span style=\"font-weight: 400;\"><br \/>\n<\/span><span style=\"font-weight: 400;\">Keine Parkplatzprobleme, mit <\/span><b>voco\u00ae Venice Mestre<\/b><span style=\"font-weight: 400;\">: Ihr Wohlbefinden steht bei uns an erster Stelle.<\/span><\/p>\n","protected":false},"excerpt":{"rendered":"<p>Wir haben voco\u00ae Venice Mestre ins Leben gerufen, um unseren G\u00e4sten ein H\u00f6chstma\u00df an Zufriedenheit zu bieten &#8211; und genau aus diesem Grund haben wir uns f\u00fcr einen strategisch wichtigen Standort entschieden.\u00a0 Es befindet sich im neuen Gewerbegeb iet von AEV Terraglio, in einem k\u00fcrzlich errichteten Gebiet, das sich durch moderne und elegante Architektur auszeichnet. [&hellip;]<\/p>\n","protected":false},"author":6,"featured_media":993,"parent":0,"menu_order":110,"comment_status":"closed","ping_status":"closed","template":"template-location.php","meta":{"footnotes":""},"class_list":["post-192","page","type-page","status-publish","has-post-thumbnail","hentry"],"yoast_head":"<!-- This site is optimized with the Yoast SEO plugin v26.9 - https:\/\/yoast.com\/product\/yoast-seo-wordpress\/ -->\n<title>Standort: Adresse Hotel | voco\u00ae Venice Mestre - The Quid<\/title>\n<meta name=\"description\" content=\"Wir sind ideal mit Auto und Bahn zu erreichen. Nahe des Bahnhofs von Mestre und der Autobahn. Entdecken Sie die Adresse des voco\u00ae Venice Mestre Hotel.\" \/>\n<meta name=\"robots\" content=\"index, follow, max-snippet:-1, max-image-preview:large, max-video-preview:-1\" \/>\n<link rel=\"canonical\" href=\"https:\/\/www.quidhotelvenice.com\/de\/standort\/\" \/>\n<meta property=\"og:locale\" content=\"de_DE\" \/>\n<meta property=\"og:type\" content=\"article\" \/>\n<meta property=\"og:title\" content=\"Standort: Adresse Hotel | voco\u00ae Venice Mestre - The Quid\" \/>\n<meta property=\"og:description\" content=\"Wir sind ideal mit Auto und Bahn zu erreichen. Nahe des Bahnhofs von Mestre und der Autobahn. Entdecken Sie die Adresse des voco\u00ae Venice Mestre Hotel.\" \/>\n<meta property=\"og:url\" content=\"https:\/\/www.quidhotelvenice.com\/de\/standort\/\" \/>\n<meta property=\"og:site_name\" content=\"Voco Venice Mestre\" \/>\n<meta property=\"article:modified_time\" content=\"2023-08-29T15:46:35+00:00\" \/>\n<meta property=\"og:image\" content=\"https:\/\/www.quidhotelvenice.com\/wp-content\/uploads\/sites\/557\/2023\/07\/Location-voco-Venice-Mestre-The-Quid.jpg\" \/>\n\t<meta property=\"og:image:width\" content=\"2200\" \/>\n\t<meta property=\"og:image:height\" content=\"1200\" \/>\n\t<meta property=\"og:image:type\" content=\"image\/jpeg\" \/>\n<meta name=\"twitter:card\" content=\"summary_large_image\" \/>\n<meta name=\"twitter:label1\" content=\"Gesch\u00e4tzte Lesezeit\" \/>\n\t<meta name=\"twitter:data1\" content=\"1 Minute\" \/>\n<script type=\"application\/ld+json\" class=\"yoast-schema-graph\">{\"@context\":\"https:\/\/schema.org\",\"@graph\":[{\"@type\":\"WebPage\",\"@id\":\"https:\/\/www.quidhotelvenice.com\/de\/standort\/\",\"url\":\"https:\/\/www.quidhotelvenice.com\/de\/standort\/\",\"name\":\"Standort: Adresse Hotel | voco\u00ae Venice Mestre - The Quid\",\"isPartOf\":{\"@id\":\"https:\/\/www.quidhotelvenice.com\/de\/#website\"},\"primaryImageOfPage\":{\"@id\":\"https:\/\/www.quidhotelvenice.com\/de\/standort\/#primaryimage\"},\"image\":{\"@id\":\"https:\/\/www.quidhotelvenice.com\/de\/standort\/#primaryimage\"},\"thumbnailUrl\":\"https:\/\/www.quidhotelvenice.com\/wp-content\/uploads\/sites\/557\/2023\/07\/Location-voco-Venice-Mestre-The-Quid.jpg\",\"datePublished\":\"2023-07-20T14:55:09+00:00\",\"dateModified\":\"2023-08-29T15:46:35+00:00\",\"description\":\"Wir sind ideal mit Auto und Bahn zu erreichen. Nahe des Bahnhofs von Mestre und der Autobahn. Entdecken Sie die Adresse des voco\u00ae Venice Mestre Hotel.\",\"breadcrumb\":{\"@id\":\"https:\/\/www.quidhotelvenice.com\/de\/standort\/#breadcrumb\"},\"inLanguage\":\"de-DE\",\"potentialAction\":[{\"@type\":\"ReadAction\",\"target\":[\"https:\/\/www.quidhotelvenice.com\/de\/standort\/\"]}]},{\"@type\":\"ImageObject\",\"inLanguage\":\"de-DE\",\"@id\":\"https:\/\/www.quidhotelvenice.com\/de\/standort\/#primaryimage\",\"url\":\"https:\/\/www.quidhotelvenice.com\/wp-content\/uploads\/sites\/557\/2023\/07\/Location-voco-Venice-Mestre-The-Quid.jpg\",\"contentUrl\":\"https:\/\/www.quidhotelvenice.com\/wp-content\/uploads\/sites\/557\/2023\/07\/Location-voco-Venice-Mestre-The-Quid.jpg\",\"width\":2200,\"height\":1200},{\"@type\":\"BreadcrumbList\",\"@id\":\"https:\/\/www.quidhotelvenice.com\/de\/standort\/#breadcrumb\",\"itemListElement\":[{\"@type\":\"ListItem\",\"position\":1,\"name\":\"Home\",\"item\":\"https:\/\/www.quidhotelvenice.com\/de\/\"},{\"@type\":\"ListItem\",\"position\":2,\"name\":\"Standort\"}]},{\"@type\":\"WebSite\",\"@id\":\"https:\/\/www.quidhotelvenice.com\/de\/#website\",\"url\":\"https:\/\/www.quidhotelvenice.com\/de\/\",\"name\":\"Voco Venice Mestre\",\"description\":\"\",\"potentialAction\":[{\"@type\":\"SearchAction\",\"target\":{\"@type\":\"EntryPoint\",\"urlTemplate\":\"https:\/\/www.quidhotelvenice.com\/de\/?s={search_term_string}\"},\"query-input\":{\"@type\":\"PropertyValueSpecification\",\"valueRequired\":true,\"valueName\":\"search_term_string\"}}],\"inLanguage\":\"de-DE\"}]}<\/script>\n<!-- \/ Yoast SEO plugin. -->","yoast_head_json":{"title":"Standort: Adresse Hotel | voco\u00ae Venice Mestre - The Quid","description":"Wir sind ideal mit Auto und Bahn zu erreichen. Nahe des Bahnhofs von Mestre und der Autobahn. Entdecken Sie die Adresse des voco\u00ae Venice Mestre Hotel.","robots":{"index":"index","follow":"follow","max-snippet":"max-snippet:-1","max-image-preview":"max-image-preview:large","max-video-preview":"max-video-preview:-1"},"canonical":"https:\/\/www.quidhotelvenice.com\/de\/standort\/","og_locale":"de_DE","og_type":"article","og_title":"Standort: Adresse Hotel | voco\u00ae Venice Mestre - The Quid","og_description":"Wir sind ideal mit Auto und Bahn zu erreichen. Nahe des Bahnhofs von Mestre und der Autobahn. Entdecken Sie die Adresse des voco\u00ae Venice Mestre Hotel.","og_url":"https:\/\/www.quidhotelvenice.com\/de\/standort\/","og_site_name":"Voco Venice Mestre","article_modified_time":"2023-08-29T15:46:35+00:00","og_image":[{"width":2200,"height":1200,"url":"https:\/\/www.quidhotelvenice.com\/wp-content\/uploads\/sites\/557\/2023\/07\/Location-voco-Venice-Mestre-The-Quid.jpg","type":"image\/jpeg"}],"twitter_card":"summary_large_image","twitter_misc":{"Gesch\u00e4tzte Lesezeit":"1 Minute"},"schema":{"@context":"https:\/\/schema.org","@graph":[{"@type":"WebPage","@id":"https:\/\/www.quidhotelvenice.com\/de\/standort\/","url":"https:\/\/www.quidhotelvenice.com\/de\/standort\/","name":"Standort: Adresse Hotel | voco\u00ae Venice Mestre - The Quid","isPartOf":{"@id":"https:\/\/www.quidhotelvenice.com\/de\/#website"},"primaryImageOfPage":{"@id":"https:\/\/www.quidhotelvenice.com\/de\/standort\/#primaryimage"},"image":{"@id":"https:\/\/www.quidhotelvenice.com\/de\/standort\/#primaryimage"},"thumbnailUrl":"https:\/\/www.quidhotelvenice.com\/wp-content\/uploads\/sites\/557\/2023\/07\/Location-voco-Venice-Mestre-The-Quid.jpg","datePublished":"2023-07-20T14:55:09+00:00","dateModified":"2023-08-29T15:46:35+00:00","description":"Wir sind ideal mit Auto und Bahn zu erreichen. Nahe des Bahnhofs von Mestre und der Autobahn. Entdecken Sie die Adresse des voco\u00ae Venice Mestre Hotel.","breadcrumb":{"@id":"https:\/\/www.quidhotelvenice.com\/de\/standort\/#breadcrumb"},"inLanguage":"de-DE","potentialAction":[{"@type":"ReadAction","target":["https:\/\/www.quidhotelvenice.com\/de\/standort\/"]}]},{"@type":"ImageObject","inLanguage":"de-DE","@id":"https:\/\/www.quidhotelvenice.com\/de\/standort\/#primaryimage","url":"https:\/\/www.quidhotelvenice.com\/wp-content\/uploads\/sites\/557\/2023\/07\/Location-voco-Venice-Mestre-The-Quid.jpg","contentUrl":"https:\/\/www.quidhotelvenice.com\/wp-content\/uploads\/sites\/557\/2023\/07\/Location-voco-Venice-Mestre-The-Quid.jpg","width":2200,"height":1200},{"@type":"BreadcrumbList","@id":"https:\/\/www.quidhotelvenice.com\/de\/standort\/#breadcrumb","itemListElement":[{"@type":"ListItem","position":1,"name":"Home","item":"https:\/\/www.quidhotelvenice.com\/de\/"},{"@type":"ListItem","position":2,"name":"Standort"}]},{"@type":"WebSite","@id":"https:\/\/www.quidhotelvenice.com\/de\/#website","url":"https:\/\/www.quidhotelvenice.com\/de\/","name":"Voco Venice Mestre","description":"","potentialAction":[{"@type":"SearchAction","target":{"@type":"EntryPoint","urlTemplate":"https:\/\/www.quidhotelvenice.com\/de\/?s={search_term_string}"},"query-input":{"@type":"PropertyValueSpecification","valueRequired":true,"valueName":"search_term_string"}}],"inLanguage":"de-DE"}]}},"acf":[],"_links":{"self":[{"href":"https:\/\/www.quidhotelvenice.com\/de\/wp-json\/wp\/v2\/pages\/192","targetHints":{"allow":["GET"]}}],"collection":[{"href":"https:\/\/www.quidhotelvenice.com\/de\/wp-json\/wp\/v2\/pages"}],"about":[{"href":"https:\/\/www.quidhotelvenice.com\/de\/wp-json\/wp\/v2\/types\/page"}],"author":[{"embeddable":true,"href":"https:\/\/www.quidhotelvenice.com\/de\/wp-json\/wp\/v2\/users\/6"}],"replies":[{"embeddable":true,"href":"https:\/\/www.quidhotelvenice.com\/de\/wp-json\/wp\/v2\/comments?post=192"}],"version-history":[{"count":0,"href":"https:\/\/www.quidhotelvenice.com\/de\/wp-json\/wp\/v2\/pages\/192\/revisions"}],"wp:featuredmedia":[{"embeddable":true,"href":"https:\/\/www.quidhotelvenice.com\/de\/wp-json\/wp\/v2\/media\/993"}],"wp:attachment":[{"href":"https:\/\/www.quidhotelvenice.com\/de\/wp-json\/wp\/v2\/media?parent=192"}],"curies":[{"name":"wp","href":"https:\/\/api.w.org\/{rel}","templated":true}]}}