{"id":1913,"date":"2026-03-26T15:00:00","date_gmt":"2026-03-26T15:00:00","guid":{"rendered":"https:\/\/www.quidhotelvenice.com\/?page_id=1913"},"modified":"2026-03-26T15:16:49","modified_gmt":"2026-03-26T15:16:49","slug":"venedig-biennale-paket","status":"publish","type":"page","link":"https:\/\/www.quidhotelvenice.com\/de\/angebote-und-pakete\/venedig-biennale-paket\/","title":{"rendered":"Venedig Biennale Paket"},"content":{"rendered":"<p data-start=\"3666\" data-end=\"4029\">Erleben Sie die Magie der <strong data-start=\"3692\" data-end=\"3717\">Venedig Biennale 2026<\/strong> mit einem Aufenthalt, der Komfort, Praktikabilit\u00e4t und ein authentisches Erlebnis vereint. Mit dem <strong data-start=\"3817\" data-end=\"3835\">Biennale Paket<\/strong> im <strong>voco\u00ae Venice Mestre \u2013 The Quid<\/strong> erreichen Sie Venedig bequem und tauchen in eines der bedeutendsten Events der zeitgen\u00f6ssischen Kunst ein \u2013 ganz ohne Reisestress und mit exklusiven Vorteilen.<\/p>\n<p data-start=\"4031\" data-end=\"4369\">Unser 4-Sterne-Hotel in Mestre liegt strategisch g\u00fcnstig und ist bestens mit dem historischen Zentrum von Venedig verbunden. Es ist die ideale Wahl f\u00fcr Ihren Biennale-Besuch in einem modernen, einladenden und funktionalen Ambiente. Nach einem Tag voller Eindr\u00fccke entspannen Sie in unseren stilvollen Zimmern und genie\u00dfen unsere Services.<\/p>\n<p data-start=\"4371\" data-end=\"4608\">Das Paket beinhaltet <strong>Fr\u00fchst\u00fccksbuffet, einen Themen-Aperitif<\/strong> sowie exklusive Vorteile wie <strong>20 % Rabatt auf Biennale-Tickets und inkludierte Bus-Tickets nach Venedig<\/strong>. Zudem steht Ihnen ein <strong>\u00fcberdachter Parkplatz<\/strong> direkt im Hotel zur Verf\u00fcgung.<\/p>\n<p data-start=\"4610\" data-end=\"4777\"><strong>W\u00e4hlen Sie voco\u00ae Venice Mestre \u2013 The Quid<\/strong> f\u00fcr Ihren Biennale-Aufenthalt: die perfekte Basis, um Venedig und eines der wichtigsten Kulturereignisse der Welt zu erleben.<\/p>\n","protected":false},"excerpt":{"rendered":"<p>Erleben Sie die Magie der Venedig Biennale 2026 mit einem Aufenthalt, der Komfort, Praktikabilit\u00e4t und ein authentisches Erlebnis vereint. Mit dem Biennale Paket im voco\u00ae Venice Mestre \u2013 The Quid erreichen Sie Venedig bequem und tauchen in eines der bedeutendsten Events der zeitgen\u00f6ssischen Kunst ein \u2013 ganz ohne Reisestress und mit exklusiven Vorteilen. Unser 4-Sterne-Hotel [&hellip;]<\/p>\n","protected":false},"author":360,"featured_media":1911,"parent":117,"menu_order":0,"comment_status":"closed","ping_status":"closed","template":"template-default-2.php","meta":{"footnotes":""},"class_list":["post-1913","page","type-page","status-publish","has-post-thumbnail","hentry"],"yoast_head":"<!-- This site is optimized with the Yoast SEO plugin v26.9 - https:\/\/yoast.com\/product\/yoast-seo-wordpress\/ -->\n<title>Biennale Paket Venedig | 4* Hotel voco Venice Mestre<\/title>\n<meta name=\"description\" content=\"Besuchen Sie die Biennale? W\u00e4hlen Sie das 4-Sterne voco Venice Mestre mit exklusivem Paket: Fr\u00fchst\u00fcck, Aperitif, Biennale-Rabatt und Transport inklusive.\" \/>\n<meta name=\"robots\" content=\"index, follow, max-snippet:-1, max-image-preview:large, max-video-preview:-1\" \/>\n<link rel=\"canonical\" href=\"https:\/\/www.quidhotelvenice.com\/de\/angebote-und-pakete\/venedig-biennale-paket\/\" \/>\n<meta property=\"og:locale\" content=\"de_DE\" \/>\n<meta property=\"og:type\" content=\"article\" \/>\n<meta property=\"og:title\" content=\"Biennale Paket Venedig | 4* Hotel voco Venice Mestre\" \/>\n<meta property=\"og:description\" content=\"Besuchen Sie die Biennale? W\u00e4hlen Sie das 4-Sterne voco Venice Mestre mit exklusivem Paket: Fr\u00fchst\u00fcck, Aperitif, Biennale-Rabatt und Transport inklusive.\" \/>\n<meta property=\"og:url\" content=\"https:\/\/www.quidhotelvenice.com\/de\/angebote-und-pakete\/venedig-biennale-paket\/\" \/>\n<meta property=\"og:site_name\" content=\"Voco Venice Mestre\" \/>\n<meta property=\"article:modified_time\" content=\"2026-03-26T15:16:49+00:00\" \/>\n<meta property=\"og:image\" content=\"https:\/\/www.quidhotelvenice.com\/wp-content\/uploads\/sites\/557\/2026\/03\/Pacchetto-Biennale-voco-Venice.jpg\" \/>\n\t<meta property=\"og:image:width\" content=\"2133\" \/>\n\t<meta property=\"og:image:height\" content=\"1200\" \/>\n\t<meta property=\"og:image:type\" content=\"image\/jpeg\" \/>\n<meta name=\"twitter:card\" content=\"summary_large_image\" \/>\n<meta name=\"twitter:label1\" content=\"Gesch\u00e4tzte Lesezeit\" \/>\n\t<meta name=\"twitter:data1\" content=\"2 Minuten\" \/>\n<script type=\"application\/ld+json\" class=\"yoast-schema-graph\">{\"@context\":\"https:\/\/schema.org\",\"@graph\":[{\"@type\":\"WebPage\",\"@id\":\"https:\/\/www.quidhotelvenice.com\/de\/angebote-und-pakete\/venedig-biennale-paket\/\",\"url\":\"https:\/\/www.quidhotelvenice.com\/de\/angebote-und-pakete\/venedig-biennale-paket\/\",\"name\":\"Biennale Paket Venedig | 4* Hotel voco Venice Mestre\",\"isPartOf\":{\"@id\":\"https:\/\/www.quidhotelvenice.com\/de\/#website\"},\"primaryImageOfPage\":{\"@id\":\"https:\/\/www.quidhotelvenice.com\/de\/angebote-und-pakete\/venedig-biennale-paket\/#primaryimage\"},\"image\":{\"@id\":\"https:\/\/www.quidhotelvenice.com\/de\/angebote-und-pakete\/venedig-biennale-paket\/#primaryimage\"},\"thumbnailUrl\":\"https:\/\/www.quidhotelvenice.com\/wp-content\/uploads\/sites\/557\/2026\/03\/Pacchetto-Biennale-voco-Venice.jpg\",\"datePublished\":\"2026-03-26T15:00:00+00:00\",\"dateModified\":\"2026-03-26T15:16:49+00:00\",\"description\":\"Besuchen Sie die Biennale? W\u00e4hlen Sie das 4-Sterne voco Venice Mestre mit exklusivem Paket: Fr\u00fchst\u00fcck, Aperitif, Biennale-Rabatt und Transport inklusive.\",\"breadcrumb\":{\"@id\":\"https:\/\/www.quidhotelvenice.com\/de\/angebote-und-pakete\/venedig-biennale-paket\/#breadcrumb\"},\"inLanguage\":\"de-DE\",\"potentialAction\":[{\"@type\":\"ReadAction\",\"target\":[\"https:\/\/www.quidhotelvenice.com\/de\/angebote-und-pakete\/venedig-biennale-paket\/\"]}]},{\"@type\":\"ImageObject\",\"inLanguage\":\"de-DE\",\"@id\":\"https:\/\/www.quidhotelvenice.com\/de\/angebote-und-pakete\/venedig-biennale-paket\/#primaryimage\",\"url\":\"https:\/\/www.quidhotelvenice.com\/wp-content\/uploads\/sites\/557\/2026\/03\/Pacchetto-Biennale-voco-Venice.jpg\",\"contentUrl\":\"https:\/\/www.quidhotelvenice.com\/wp-content\/uploads\/sites\/557\/2026\/03\/Pacchetto-Biennale-voco-Venice.jpg\",\"width\":2133,\"height\":1200,\"caption\":\"Woman visiting Biennale\"},{\"@type\":\"BreadcrumbList\",\"@id\":\"https:\/\/www.quidhotelvenice.com\/de\/angebote-und-pakete\/venedig-biennale-paket\/#breadcrumb\",\"itemListElement\":[{\"@type\":\"ListItem\",\"position\":1,\"name\":\"Home\",\"item\":\"https:\/\/www.quidhotelvenice.com\/de\/\"},{\"@type\":\"ListItem\",\"position\":2,\"name\":\"Angebote und Pakete\",\"item\":\"https:\/\/www.quidhotelvenice.com\/de\/angebote-und-pakete\/\"},{\"@type\":\"ListItem\",\"position\":3,\"name\":\"Venedig Biennale Paket\"}]},{\"@type\":\"WebSite\",\"@id\":\"https:\/\/www.quidhotelvenice.com\/de\/#website\",\"url\":\"https:\/\/www.quidhotelvenice.com\/de\/\",\"name\":\"Voco Venice Mestre\",\"description\":\"\",\"potentialAction\":[{\"@type\":\"SearchAction\",\"target\":{\"@type\":\"EntryPoint\",\"urlTemplate\":\"https:\/\/www.quidhotelvenice.com\/de\/?s={search_term_string}\"},\"query-input\":{\"@type\":\"PropertyValueSpecification\",\"valueRequired\":true,\"valueName\":\"search_term_string\"}}],\"inLanguage\":\"de-DE\"}]}<\/script>\n<!-- \/ Yoast SEO plugin. -->","yoast_head_json":{"title":"Biennale Paket Venedig | 4* Hotel voco Venice Mestre","description":"Besuchen Sie die Biennale? W\u00e4hlen Sie das 4-Sterne voco Venice Mestre mit exklusivem Paket: Fr\u00fchst\u00fcck, Aperitif, Biennale-Rabatt und Transport inklusive.","robots":{"index":"index","follow":"follow","max-snippet":"max-snippet:-1","max-image-preview":"max-image-preview:large","max-video-preview":"max-video-preview:-1"},"canonical":"https:\/\/www.quidhotelvenice.com\/de\/angebote-und-pakete\/venedig-biennale-paket\/","og_locale":"de_DE","og_type":"article","og_title":"Biennale Paket Venedig | 4* Hotel voco Venice Mestre","og_description":"Besuchen Sie die Biennale? W\u00e4hlen Sie das 4-Sterne voco Venice Mestre mit exklusivem Paket: Fr\u00fchst\u00fcck, Aperitif, Biennale-Rabatt und Transport inklusive.","og_url":"https:\/\/www.quidhotelvenice.com\/de\/angebote-und-pakete\/venedig-biennale-paket\/","og_site_name":"Voco Venice Mestre","article_modified_time":"2026-03-26T15:16:49+00:00","og_image":[{"width":2133,"height":1200,"url":"https:\/\/www.quidhotelvenice.com\/wp-content\/uploads\/sites\/557\/2026\/03\/Pacchetto-Biennale-voco-Venice.jpg","type":"image\/jpeg"}],"twitter_card":"summary_large_image","twitter_misc":{"Gesch\u00e4tzte Lesezeit":"2 Minuten"},"schema":{"@context":"https:\/\/schema.org","@graph":[{"@type":"WebPage","@id":"https:\/\/www.quidhotelvenice.com\/de\/angebote-und-pakete\/venedig-biennale-paket\/","url":"https:\/\/www.quidhotelvenice.com\/de\/angebote-und-pakete\/venedig-biennale-paket\/","name":"Biennale Paket Venedig | 4* Hotel voco Venice Mestre","isPartOf":{"@id":"https:\/\/www.quidhotelvenice.com\/de\/#website"},"primaryImageOfPage":{"@id":"https:\/\/www.quidhotelvenice.com\/de\/angebote-und-pakete\/venedig-biennale-paket\/#primaryimage"},"image":{"@id":"https:\/\/www.quidhotelvenice.com\/de\/angebote-und-pakete\/venedig-biennale-paket\/#primaryimage"},"thumbnailUrl":"https:\/\/www.quidhotelvenice.com\/wp-content\/uploads\/sites\/557\/2026\/03\/Pacchetto-Biennale-voco-Venice.jpg","datePublished":"2026-03-26T15:00:00+00:00","dateModified":"2026-03-26T15:16:49+00:00","description":"Besuchen Sie die Biennale? W\u00e4hlen Sie das 4-Sterne voco Venice Mestre mit exklusivem Paket: Fr\u00fchst\u00fcck, Aperitif, Biennale-Rabatt und Transport inklusive.","breadcrumb":{"@id":"https:\/\/www.quidhotelvenice.com\/de\/angebote-und-pakete\/venedig-biennale-paket\/#breadcrumb"},"inLanguage":"de-DE","potentialAction":[{"@type":"ReadAction","target":["https:\/\/www.quidhotelvenice.com\/de\/angebote-und-pakete\/venedig-biennale-paket\/"]}]},{"@type":"ImageObject","inLanguage":"de-DE","@id":"https:\/\/www.quidhotelvenice.com\/de\/angebote-und-pakete\/venedig-biennale-paket\/#primaryimage","url":"https:\/\/www.quidhotelvenice.com\/wp-content\/uploads\/sites\/557\/2026\/03\/Pacchetto-Biennale-voco-Venice.jpg","contentUrl":"https:\/\/www.quidhotelvenice.com\/wp-content\/uploads\/sites\/557\/2026\/03\/Pacchetto-Biennale-voco-Venice.jpg","width":2133,"height":1200,"caption":"Woman visiting Biennale"},{"@type":"BreadcrumbList","@id":"https:\/\/www.quidhotelvenice.com\/de\/angebote-und-pakete\/venedig-biennale-paket\/#breadcrumb","itemListElement":[{"@type":"ListItem","position":1,"name":"Home","item":"https:\/\/www.quidhotelvenice.com\/de\/"},{"@type":"ListItem","position":2,"name":"Angebote und Pakete","item":"https:\/\/www.quidhotelvenice.com\/de\/angebote-und-pakete\/"},{"@type":"ListItem","position":3,"name":"Venedig Biennale Paket"}]},{"@type":"WebSite","@id":"https:\/\/www.quidhotelvenice.com\/de\/#website","url":"https:\/\/www.quidhotelvenice.com\/de\/","name":"Voco Venice Mestre","description":"","potentialAction":[{"@type":"SearchAction","target":{"@type":"EntryPoint","urlTemplate":"https:\/\/www.quidhotelvenice.com\/de\/?s={search_term_string}"},"query-input":{"@type":"PropertyValueSpecification","valueRequired":true,"valueName":"search_term_string"}}],"inLanguage":"de-DE"}]}},"acf":[],"_links":{"self":[{"href":"https:\/\/www.quidhotelvenice.com\/de\/wp-json\/wp\/v2\/pages\/1913","targetHints":{"allow":["GET"]}}],"collection":[{"href":"https:\/\/www.quidhotelvenice.com\/de\/wp-json\/wp\/v2\/pages"}],"about":[{"href":"https:\/\/www.quidhotelvenice.com\/de\/wp-json\/wp\/v2\/types\/page"}],"author":[{"embeddable":true,"href":"https:\/\/www.quidhotelvenice.com\/de\/wp-json\/wp\/v2\/users\/360"}],"replies":[{"embeddable":true,"href":"https:\/\/www.quidhotelvenice.com\/de\/wp-json\/wp\/v2\/comments?post=1913"}],"version-history":[{"count":0,"href":"https:\/\/www.quidhotelvenice.com\/de\/wp-json\/wp\/v2\/pages\/1913\/revisions"}],"up":[{"embeddable":true,"href":"https:\/\/www.quidhotelvenice.com\/de\/wp-json\/wp\/v2\/pages\/117"}],"wp:featuredmedia":[{"embeddable":true,"href":"https:\/\/www.quidhotelvenice.com\/de\/wp-json\/wp\/v2\/media\/1911"}],"wp:attachment":[{"href":"https:\/\/www.quidhotelvenice.com\/de\/wp-json\/wp\/v2\/media?parent=1913"}],"curies":[{"name":"wp","href":"https:\/\/api.w.org\/{rel}","templated":true}]}}