{"id":19,"date":"2023-07-19T16:50:14","date_gmt":"2023-07-19T16:50:14","guid":{"rendered":"https:\/\/voco-venice.ms.decms.eu\/hotel\/la-nostra-filosofia\/"},"modified":"2024-02-01T17:12:40","modified_gmt":"2024-02-01T17:12:40","slug":"unsere-philosophie","status":"publish","type":"page","link":"https:\/\/www.quidhotelvenice.com\/de\/hotel\/unsere-philosophie\/","title":{"rendered":"Unsere Philosophie"},"content":{"rendered":"<p><span style=\"font-weight: 400\">Nach der Eroberung von Mailand landet voco\u00ae in Venedig, bereit, die Reisenden in der Lagune zu erobern. Unser frisches und modernes Hotel ist auf die Bed\u00fcrfnisse von <\/span><b>Gesch\u00e4ftsreisenden, Entscheidungstr\u00e4gern und Managern<\/b><span style=\"font-weight: 400\"> ausgerichtet, die viel unterwegs sind. Ob Sie <\/span><i><span style=\"font-weight: 400\">gesch\u00e4ftlich oder privat<\/span><\/i><span style=\"font-weight: 400\"> unterwegs sind, voco\u00ae Venice Mestre &#8211; The Quid bietet Ihnen einen Ort zum <\/span><b>Arbeiten, Entspannen und Vergn\u00fcgen<\/b><span style=\"font-weight: 400\">.<\/span><\/p>\n<p><span style=\"font-weight: 400\">Die Philosophie, die all unsere Entscheidungen leitet, ist eine: Work hard, have fun!<\/span><span style=\"font-weight: 400\"><br \/>\n<\/span><span style=\"font-weight: 400\">Wenn Sie sich f\u00fcr voco\u00ae entscheiden, k\u00f6nnen Sie bequem im<\/span><b> Remote Working <\/b><span style=\"font-weight: 400\">arbeiten, mit gro\u00dfen Schreibtischen und entspannten Sitzgelegenheiten, und das alles mit einer <\/span><b>leistungsstarken<\/b><span style=\"font-weight: 400\"> und schnellen <\/span><b>Internetleitung<\/b><span style=\"font-weight: 400\"> f\u00fcr Ihre Calls. Sie k\u00f6nnen dies in der Privatsph\u00e4re Ihres Zimmers tun oder, wenn Sie es vorziehen, sich f\u00fcr einen unserer <\/span><b>Coworking<\/b> <b>Spaces<\/b><span style=\"font-weight: 400\"> entscheiden. Arbeiten Sie, lernen Sie Reisende aus der ganzen Welt kennen und genie\u00dfen Sie einen Drink an der <\/span><b>Ludico Bar<\/b><span style=\"font-weight: 400\">, w\u00e4hrend Sie sich in der <\/span><b>Gaming Area<\/b><span style=\"font-weight: 400\">am\u00fcsieren.<\/span><\/p>\n<p><span style=\"font-weight: 400\">Im voco\u00ae Venice Mestre &#8211; The Quid m\u00fcssen Sie sich nicht entscheiden: Sie haben alles, was Sie brauchen, sofort zur Hand.\u00a0<\/span><\/p>\n","protected":false},"excerpt":{"rendered":"<p>Nach der Eroberung von Mailand landet voco\u00ae in Venedig, bereit, die Reisenden in der Lagune zu erobern. Unser frisches und modernes Hotel ist auf die Bed\u00fcrfnisse von Gesch\u00e4ftsreisenden, Entscheidungstr\u00e4gern und Managern ausgerichtet, die viel unterwegs sind. Ob Sie gesch\u00e4ftlich oder privat unterwegs sind, voco\u00ae Venice Mestre &#8211; The Quid bietet Ihnen einen Ort zum Arbeiten, [&hellip;]<\/p>\n","protected":false},"author":6,"featured_media":562,"parent":11,"menu_order":12,"comment_status":"closed","ping_status":"closed","template":"template-default-4.php","meta":{"footnotes":""},"class_list":["post-19","page","type-page","status-publish","has-post-thumbnail","hentry"],"yoast_head":"<!-- This site is optimized with the Yoast SEO plugin v26.9 - https:\/\/yoast.com\/product\/yoast-seo-wordpress\/ -->\n<title>Nachhaltigkeit und Komfort | voco\u00ae Venice Mestre - The Quid<\/title>\n<meta name=\"description\" content=\"voco\u00ae Hotel ist der perfekte Mix aus Serviceleistungen f\u00fcr Ihren Aufenthalt in Mestre. Nachhaltigkeit und Komfort. Entdecken Sie unsere Philosophie.\" \/>\n<meta name=\"robots\" content=\"index, follow, max-snippet:-1, max-image-preview:large, max-video-preview:-1\" \/>\n<link rel=\"canonical\" href=\"https:\/\/www.quidhotelvenice.com\/de\/hotel\/unsere-philosophie\/\" \/>\n<meta property=\"og:locale\" content=\"de_DE\" \/>\n<meta property=\"og:type\" content=\"article\" \/>\n<meta property=\"og:title\" content=\"Nachhaltigkeit und Komfort | voco\u00ae Venice Mestre - The Quid\" \/>\n<meta property=\"og:description\" content=\"voco\u00ae Hotel ist der perfekte Mix aus Serviceleistungen f\u00fcr Ihren Aufenthalt in Mestre. Nachhaltigkeit und Komfort. Entdecken Sie unsere Philosophie.\" \/>\n<meta property=\"og:url\" content=\"https:\/\/www.quidhotelvenice.com\/de\/hotel\/unsere-philosophie\/\" \/>\n<meta property=\"og:site_name\" content=\"Voco Venice Mestre\" \/>\n<meta property=\"article:modified_time\" content=\"2024-02-01T17:12:40+00:00\" \/>\n<meta property=\"og:image\" content=\"https:\/\/www.quidhotelvenice.com\/wp-content\/uploads\/sites\/557\/2023\/07\/Gaming-Area-voco-Venice-Mestre-The-Quid.jpg\" \/>\n\t<meta property=\"og:image:width\" content=\"2200\" \/>\n\t<meta property=\"og:image:height\" content=\"1200\" \/>\n\t<meta property=\"og:image:type\" content=\"image\/jpeg\" \/>\n<meta name=\"twitter:card\" content=\"summary_large_image\" \/>\n<meta name=\"twitter:label1\" content=\"Gesch\u00e4tzte Lesezeit\" \/>\n\t<meta name=\"twitter:data1\" content=\"1 Minute\" \/>\n<script type=\"application\/ld+json\" class=\"yoast-schema-graph\">{\"@context\":\"https:\/\/schema.org\",\"@graph\":[{\"@type\":\"WebPage\",\"@id\":\"https:\/\/www.quidhotelvenice.com\/de\/hotel\/unsere-philosophie\/\",\"url\":\"https:\/\/www.quidhotelvenice.com\/de\/hotel\/unsere-philosophie\/\",\"name\":\"Nachhaltigkeit und Komfort | voco\u00ae Venice Mestre - The Quid\",\"isPartOf\":{\"@id\":\"https:\/\/www.quidhotelvenice.com\/de\/#website\"},\"primaryImageOfPage\":{\"@id\":\"https:\/\/www.quidhotelvenice.com\/de\/hotel\/unsere-philosophie\/#primaryimage\"},\"image\":{\"@id\":\"https:\/\/www.quidhotelvenice.com\/de\/hotel\/unsere-philosophie\/#primaryimage\"},\"thumbnailUrl\":\"https:\/\/www.quidhotelvenice.com\/wp-content\/uploads\/sites\/557\/2023\/07\/Gaming-Area-voco-Venice-Mestre-The-Quid.jpg\",\"datePublished\":\"2023-07-19T16:50:14+00:00\",\"dateModified\":\"2024-02-01T17:12:40+00:00\",\"description\":\"voco\u00ae Hotel ist der perfekte Mix aus Serviceleistungen f\u00fcr Ihren Aufenthalt in Mestre. Nachhaltigkeit und Komfort. Entdecken Sie unsere Philosophie.\",\"breadcrumb\":{\"@id\":\"https:\/\/www.quidhotelvenice.com\/de\/hotel\/unsere-philosophie\/#breadcrumb\"},\"inLanguage\":\"de-DE\",\"potentialAction\":[{\"@type\":\"ReadAction\",\"target\":[\"https:\/\/www.quidhotelvenice.com\/de\/hotel\/unsere-philosophie\/\"]}]},{\"@type\":\"ImageObject\",\"inLanguage\":\"de-DE\",\"@id\":\"https:\/\/www.quidhotelvenice.com\/de\/hotel\/unsere-philosophie\/#primaryimage\",\"url\":\"https:\/\/www.quidhotelvenice.com\/wp-content\/uploads\/sites\/557\/2023\/07\/Gaming-Area-voco-Venice-Mestre-The-Quid.jpg\",\"contentUrl\":\"https:\/\/www.quidhotelvenice.com\/wp-content\/uploads\/sites\/557\/2023\/07\/Gaming-Area-voco-Venice-Mestre-The-Quid.jpg\",\"width\":2200,\"height\":1200},{\"@type\":\"BreadcrumbList\",\"@id\":\"https:\/\/www.quidhotelvenice.com\/de\/hotel\/unsere-philosophie\/#breadcrumb\",\"itemListElement\":[{\"@type\":\"ListItem\",\"position\":1,\"name\":\"Home\",\"item\":\"https:\/\/www.quidhotelvenice.com\/de\/\"},{\"@type\":\"ListItem\",\"position\":2,\"name\":\"Hotel\",\"item\":\"https:\/\/www.quidhotelvenice.com\/de\/hotel\/\"},{\"@type\":\"ListItem\",\"position\":3,\"name\":\"Unsere Philosophie\"}]},{\"@type\":\"WebSite\",\"@id\":\"https:\/\/www.quidhotelvenice.com\/de\/#website\",\"url\":\"https:\/\/www.quidhotelvenice.com\/de\/\",\"name\":\"Voco Venice Mestre\",\"description\":\"\",\"potentialAction\":[{\"@type\":\"SearchAction\",\"target\":{\"@type\":\"EntryPoint\",\"urlTemplate\":\"https:\/\/www.quidhotelvenice.com\/de\/?s={search_term_string}\"},\"query-input\":{\"@type\":\"PropertyValueSpecification\",\"valueRequired\":true,\"valueName\":\"search_term_string\"}}],\"inLanguage\":\"de-DE\"}]}<\/script>\n<!-- \/ Yoast SEO plugin. -->","yoast_head_json":{"title":"Nachhaltigkeit und Komfort | voco\u00ae Venice Mestre - The Quid","description":"voco\u00ae Hotel ist der perfekte Mix aus Serviceleistungen f\u00fcr Ihren Aufenthalt in Mestre. Nachhaltigkeit und Komfort. Entdecken Sie unsere Philosophie.","robots":{"index":"index","follow":"follow","max-snippet":"max-snippet:-1","max-image-preview":"max-image-preview:large","max-video-preview":"max-video-preview:-1"},"canonical":"https:\/\/www.quidhotelvenice.com\/de\/hotel\/unsere-philosophie\/","og_locale":"de_DE","og_type":"article","og_title":"Nachhaltigkeit und Komfort | voco\u00ae Venice Mestre - The Quid","og_description":"voco\u00ae Hotel ist der perfekte Mix aus Serviceleistungen f\u00fcr Ihren Aufenthalt in Mestre. Nachhaltigkeit und Komfort. Entdecken Sie unsere Philosophie.","og_url":"https:\/\/www.quidhotelvenice.com\/de\/hotel\/unsere-philosophie\/","og_site_name":"Voco Venice Mestre","article_modified_time":"2024-02-01T17:12:40+00:00","og_image":[{"width":2200,"height":1200,"url":"https:\/\/www.quidhotelvenice.com\/wp-content\/uploads\/sites\/557\/2023\/07\/Gaming-Area-voco-Venice-Mestre-The-Quid.jpg","type":"image\/jpeg"}],"twitter_card":"summary_large_image","twitter_misc":{"Gesch\u00e4tzte Lesezeit":"1 Minute"},"schema":{"@context":"https:\/\/schema.org","@graph":[{"@type":"WebPage","@id":"https:\/\/www.quidhotelvenice.com\/de\/hotel\/unsere-philosophie\/","url":"https:\/\/www.quidhotelvenice.com\/de\/hotel\/unsere-philosophie\/","name":"Nachhaltigkeit und Komfort | voco\u00ae Venice Mestre - The Quid","isPartOf":{"@id":"https:\/\/www.quidhotelvenice.com\/de\/#website"},"primaryImageOfPage":{"@id":"https:\/\/www.quidhotelvenice.com\/de\/hotel\/unsere-philosophie\/#primaryimage"},"image":{"@id":"https:\/\/www.quidhotelvenice.com\/de\/hotel\/unsere-philosophie\/#primaryimage"},"thumbnailUrl":"https:\/\/www.quidhotelvenice.com\/wp-content\/uploads\/sites\/557\/2023\/07\/Gaming-Area-voco-Venice-Mestre-The-Quid.jpg","datePublished":"2023-07-19T16:50:14+00:00","dateModified":"2024-02-01T17:12:40+00:00","description":"voco\u00ae Hotel ist der perfekte Mix aus Serviceleistungen f\u00fcr Ihren Aufenthalt in Mestre. Nachhaltigkeit und Komfort. Entdecken Sie unsere Philosophie.","breadcrumb":{"@id":"https:\/\/www.quidhotelvenice.com\/de\/hotel\/unsere-philosophie\/#breadcrumb"},"inLanguage":"de-DE","potentialAction":[{"@type":"ReadAction","target":["https:\/\/www.quidhotelvenice.com\/de\/hotel\/unsere-philosophie\/"]}]},{"@type":"ImageObject","inLanguage":"de-DE","@id":"https:\/\/www.quidhotelvenice.com\/de\/hotel\/unsere-philosophie\/#primaryimage","url":"https:\/\/www.quidhotelvenice.com\/wp-content\/uploads\/sites\/557\/2023\/07\/Gaming-Area-voco-Venice-Mestre-The-Quid.jpg","contentUrl":"https:\/\/www.quidhotelvenice.com\/wp-content\/uploads\/sites\/557\/2023\/07\/Gaming-Area-voco-Venice-Mestre-The-Quid.jpg","width":2200,"height":1200},{"@type":"BreadcrumbList","@id":"https:\/\/www.quidhotelvenice.com\/de\/hotel\/unsere-philosophie\/#breadcrumb","itemListElement":[{"@type":"ListItem","position":1,"name":"Home","item":"https:\/\/www.quidhotelvenice.com\/de\/"},{"@type":"ListItem","position":2,"name":"Hotel","item":"https:\/\/www.quidhotelvenice.com\/de\/hotel\/"},{"@type":"ListItem","position":3,"name":"Unsere Philosophie"}]},{"@type":"WebSite","@id":"https:\/\/www.quidhotelvenice.com\/de\/#website","url":"https:\/\/www.quidhotelvenice.com\/de\/","name":"Voco Venice Mestre","description":"","potentialAction":[{"@type":"SearchAction","target":{"@type":"EntryPoint","urlTemplate":"https:\/\/www.quidhotelvenice.com\/de\/?s={search_term_string}"},"query-input":{"@type":"PropertyValueSpecification","valueRequired":true,"valueName":"search_term_string"}}],"inLanguage":"de-DE"}]}},"acf":[],"_links":{"self":[{"href":"https:\/\/www.quidhotelvenice.com\/de\/wp-json\/wp\/v2\/pages\/19","targetHints":{"allow":["GET"]}}],"collection":[{"href":"https:\/\/www.quidhotelvenice.com\/de\/wp-json\/wp\/v2\/pages"}],"about":[{"href":"https:\/\/www.quidhotelvenice.com\/de\/wp-json\/wp\/v2\/types\/page"}],"author":[{"embeddable":true,"href":"https:\/\/www.quidhotelvenice.com\/de\/wp-json\/wp\/v2\/users\/6"}],"replies":[{"embeddable":true,"href":"https:\/\/www.quidhotelvenice.com\/de\/wp-json\/wp\/v2\/comments?post=19"}],"version-history":[{"count":0,"href":"https:\/\/www.quidhotelvenice.com\/de\/wp-json\/wp\/v2\/pages\/19\/revisions"}],"up":[{"embeddable":true,"href":"https:\/\/www.quidhotelvenice.com\/de\/wp-json\/wp\/v2\/pages\/11"}],"wp:featuredmedia":[{"embeddable":true,"href":"https:\/\/www.quidhotelvenice.com\/de\/wp-json\/wp\/v2\/media\/562"}],"wp:attachment":[{"href":"https:\/\/www.quidhotelvenice.com\/de\/wp-json\/wp\/v2\/media?parent=19"}],"curies":[{"name":"wp","href":"https:\/\/api.w.org\/{rel}","templated":true}]}}