{"id":188,"date":"2023-07-20T14:52:18","date_gmt":"2023-07-20T14:52:18","guid":{"rendered":"https:\/\/voco-venice.ms.decms.eu\/cosa-fare-nei-dintorni\/isole-e-spiagge\/"},"modified":"2023-08-29T15:45:11","modified_gmt":"2023-08-29T15:45:11","slug":"inseln-und-straende","status":"publish","type":"page","link":"https:\/\/www.quidhotelvenice.com\/de\/was-man-in-der-umgebung-unternehmen-kann\/inseln-und-straende\/","title":{"rendered":"Inseln und Str\u00e4nde"},"content":{"rendered":"<p><span style=\"font-weight: 400;\">Sie m\u00f6chten die Inseln und Str\u00e4nde der Lagune besuchen, haben aber noch kein Hotel gefunden, das Sie voll \u00fcberzeugt? Wir vom <\/span><b>voco\u00ae Venice Mestre<\/b><span style=\"font-weight: 400;\"> haben alles, was Sie sich w\u00fcnschen und noch viel mehr! Erholen Sie sich in unseren komfortablen und ger\u00e4umigen Zimmern, lassen Sie sich von der K\u00fcche unseres Restaurants verf\u00fchren und entspannen Sie auf unserer weitl\u00e4ufigen gr\u00fcnen Terrasse. Wenn Sie sich f\u00fcr das voco\u00ae Venice Mestre entscheiden, genie\u00dfen Sie einen <\/span><b>Zimmerservice rund um die Uhr<\/b><span style=\"font-weight: 400;\">, eine Bar mit personalisierten Cocktails und eine <\/span><b>Gaming Area<\/b><span style=\"font-weight: 400;\">, in der Sie sich vergn\u00fcgen und den Stress des Tages hinter sich lassen k\u00f6nnen.<\/span><\/p>\n","protected":false},"excerpt":{"rendered":"<p>Sie m\u00f6chten die Inseln und Str\u00e4nde der Lagune besuchen, haben aber noch kein Hotel gefunden, das Sie voll \u00fcberzeugt? Wir vom voco\u00ae Venice Mestre haben alles, was Sie sich w\u00fcnschen und noch viel mehr! Erholen Sie sich in unseren komfortablen und ger\u00e4umigen Zimmern, lassen Sie sich von der K\u00fcche unseres Restaurants verf\u00fchren und entspannen Sie [&hellip;]<\/p>\n","protected":false},"author":6,"featured_media":961,"parent":167,"menu_order":105,"comment_status":"closed","ping_status":"closed","template":"template-default-4.php","meta":{"footnotes":""},"class_list":["post-188","page","type-page","status-publish","has-post-thumbnail","hentry"],"yoast_head":"<!-- This site is optimized with the Yoast SEO plugin v26.9 - https:\/\/yoast.com\/product\/yoast-seo-wordpress\/ -->\n<title>Inseln und Str\u00e4nde in und um Venedig | voco\u00ae Venice Mestre<\/title>\n<meta name=\"description\" content=\"Ein Tag auf fantastischen Str\u00e4nden und Inseln. Sehen Sie sich die Tipps vom voco\u00ae Venice Mestre zu Str\u00e4nden und Inseln in der Provinz Venedig an.\" \/>\n<meta name=\"robots\" content=\"index, follow, max-snippet:-1, max-image-preview:large, max-video-preview:-1\" \/>\n<link rel=\"canonical\" href=\"https:\/\/www.quidhotelvenice.com\/de\/was-man-in-der-umgebung-unternehmen-kann\/inseln-und-straende\/\" \/>\n<meta property=\"og:locale\" content=\"de_DE\" \/>\n<meta property=\"og:type\" content=\"article\" \/>\n<meta property=\"og:title\" content=\"Inseln und Str\u00e4nde in und um Venedig | voco\u00ae Venice Mestre\" \/>\n<meta property=\"og:description\" content=\"Ein Tag auf fantastischen Str\u00e4nden und Inseln. Sehen Sie sich die Tipps vom voco\u00ae Venice Mestre zu Str\u00e4nden und Inseln in der Provinz Venedig an.\" \/>\n<meta property=\"og:url\" content=\"https:\/\/www.quidhotelvenice.com\/de\/was-man-in-der-umgebung-unternehmen-kann\/inseln-und-straende\/\" \/>\n<meta property=\"og:site_name\" content=\"Voco Venice Mestre\" \/>\n<meta property=\"article:modified_time\" content=\"2023-08-29T15:45:11+00:00\" \/>\n<meta property=\"og:image\" content=\"https:\/\/www.quidhotelvenice.com\/wp-content\/uploads\/sites\/557\/2023\/07\/Venice-Lido-voco-Venice-Mestre-The-Quid.jpg\" \/>\n\t<meta property=\"og:image:width\" content=\"2200\" \/>\n\t<meta property=\"og:image:height\" content=\"1200\" \/>\n\t<meta property=\"og:image:type\" content=\"image\/jpeg\" \/>\n<meta name=\"twitter:card\" content=\"summary_large_image\" \/>\n<meta name=\"twitter:label1\" content=\"Gesch\u00e4tzte Lesezeit\" \/>\n\t<meta name=\"twitter:data1\" content=\"1 Minute\" \/>\n<script type=\"application\/ld+json\" class=\"yoast-schema-graph\">{\"@context\":\"https:\/\/schema.org\",\"@graph\":[{\"@type\":\"WebPage\",\"@id\":\"https:\/\/www.quidhotelvenice.com\/de\/was-man-in-der-umgebung-unternehmen-kann\/inseln-und-straende\/\",\"url\":\"https:\/\/www.quidhotelvenice.com\/de\/was-man-in-der-umgebung-unternehmen-kann\/inseln-und-straende\/\",\"name\":\"Inseln und Str\u00e4nde in und um Venedig | voco\u00ae Venice Mestre\",\"isPartOf\":{\"@id\":\"https:\/\/www.quidhotelvenice.com\/de\/#website\"},\"primaryImageOfPage\":{\"@id\":\"https:\/\/www.quidhotelvenice.com\/de\/was-man-in-der-umgebung-unternehmen-kann\/inseln-und-straende\/#primaryimage\"},\"image\":{\"@id\":\"https:\/\/www.quidhotelvenice.com\/de\/was-man-in-der-umgebung-unternehmen-kann\/inseln-und-straende\/#primaryimage\"},\"thumbnailUrl\":\"https:\/\/www.quidhotelvenice.com\/wp-content\/uploads\/sites\/557\/2023\/07\/Venice-Lido-voco-Venice-Mestre-The-Quid.jpg\",\"datePublished\":\"2023-07-20T14:52:18+00:00\",\"dateModified\":\"2023-08-29T15:45:11+00:00\",\"description\":\"Ein Tag auf fantastischen Str\u00e4nden und Inseln. Sehen Sie sich die Tipps vom voco\u00ae Venice Mestre zu Str\u00e4nden und Inseln in der Provinz Venedig an.\",\"breadcrumb\":{\"@id\":\"https:\/\/www.quidhotelvenice.com\/de\/was-man-in-der-umgebung-unternehmen-kann\/inseln-und-straende\/#breadcrumb\"},\"inLanguage\":\"de-DE\",\"potentialAction\":[{\"@type\":\"ReadAction\",\"target\":[\"https:\/\/www.quidhotelvenice.com\/de\/was-man-in-der-umgebung-unternehmen-kann\/inseln-und-straende\/\"]}]},{\"@type\":\"ImageObject\",\"inLanguage\":\"de-DE\",\"@id\":\"https:\/\/www.quidhotelvenice.com\/de\/was-man-in-der-umgebung-unternehmen-kann\/inseln-und-straende\/#primaryimage\",\"url\":\"https:\/\/www.quidhotelvenice.com\/wp-content\/uploads\/sites\/557\/2023\/07\/Venice-Lido-voco-Venice-Mestre-The-Quid.jpg\",\"contentUrl\":\"https:\/\/www.quidhotelvenice.com\/wp-content\/uploads\/sites\/557\/2023\/07\/Venice-Lido-voco-Venice-Mestre-The-Quid.jpg\",\"width\":2200,\"height\":1200},{\"@type\":\"BreadcrumbList\",\"@id\":\"https:\/\/www.quidhotelvenice.com\/de\/was-man-in-der-umgebung-unternehmen-kann\/inseln-und-straende\/#breadcrumb\",\"itemListElement\":[{\"@type\":\"ListItem\",\"position\":1,\"name\":\"Home\",\"item\":\"https:\/\/www.quidhotelvenice.com\/de\/\"},{\"@type\":\"ListItem\",\"position\":2,\"name\":\"Was man in der Umgebung unternehmen kann\",\"item\":\"https:\/\/www.quidhotelvenice.com\/de\/was-man-in-der-umgebung-unternehmen-kann\/\"},{\"@type\":\"ListItem\",\"position\":3,\"name\":\"Inseln und Str\u00e4nde\"}]},{\"@type\":\"WebSite\",\"@id\":\"https:\/\/www.quidhotelvenice.com\/de\/#website\",\"url\":\"https:\/\/www.quidhotelvenice.com\/de\/\",\"name\":\"Voco Venice Mestre\",\"description\":\"\",\"potentialAction\":[{\"@type\":\"SearchAction\",\"target\":{\"@type\":\"EntryPoint\",\"urlTemplate\":\"https:\/\/www.quidhotelvenice.com\/de\/?s={search_term_string}\"},\"query-input\":{\"@type\":\"PropertyValueSpecification\",\"valueRequired\":true,\"valueName\":\"search_term_string\"}}],\"inLanguage\":\"de-DE\"}]}<\/script>\n<!-- \/ Yoast SEO plugin. -->","yoast_head_json":{"title":"Inseln und Str\u00e4nde in und um Venedig | voco\u00ae Venice Mestre","description":"Ein Tag auf fantastischen Str\u00e4nden und Inseln. Sehen Sie sich die Tipps vom voco\u00ae Venice Mestre zu Str\u00e4nden und Inseln in der Provinz Venedig an.","robots":{"index":"index","follow":"follow","max-snippet":"max-snippet:-1","max-image-preview":"max-image-preview:large","max-video-preview":"max-video-preview:-1"},"canonical":"https:\/\/www.quidhotelvenice.com\/de\/was-man-in-der-umgebung-unternehmen-kann\/inseln-und-straende\/","og_locale":"de_DE","og_type":"article","og_title":"Inseln und Str\u00e4nde in und um Venedig | voco\u00ae Venice Mestre","og_description":"Ein Tag auf fantastischen Str\u00e4nden und Inseln. Sehen Sie sich die Tipps vom voco\u00ae Venice Mestre zu Str\u00e4nden und Inseln in der Provinz Venedig an.","og_url":"https:\/\/www.quidhotelvenice.com\/de\/was-man-in-der-umgebung-unternehmen-kann\/inseln-und-straende\/","og_site_name":"Voco Venice Mestre","article_modified_time":"2023-08-29T15:45:11+00:00","og_image":[{"width":2200,"height":1200,"url":"https:\/\/www.quidhotelvenice.com\/wp-content\/uploads\/sites\/557\/2023\/07\/Venice-Lido-voco-Venice-Mestre-The-Quid.jpg","type":"image\/jpeg"}],"twitter_card":"summary_large_image","twitter_misc":{"Gesch\u00e4tzte Lesezeit":"1 Minute"},"schema":{"@context":"https:\/\/schema.org","@graph":[{"@type":"WebPage","@id":"https:\/\/www.quidhotelvenice.com\/de\/was-man-in-der-umgebung-unternehmen-kann\/inseln-und-straende\/","url":"https:\/\/www.quidhotelvenice.com\/de\/was-man-in-der-umgebung-unternehmen-kann\/inseln-und-straende\/","name":"Inseln und Str\u00e4nde in und um Venedig | voco\u00ae Venice Mestre","isPartOf":{"@id":"https:\/\/www.quidhotelvenice.com\/de\/#website"},"primaryImageOfPage":{"@id":"https:\/\/www.quidhotelvenice.com\/de\/was-man-in-der-umgebung-unternehmen-kann\/inseln-und-straende\/#primaryimage"},"image":{"@id":"https:\/\/www.quidhotelvenice.com\/de\/was-man-in-der-umgebung-unternehmen-kann\/inseln-und-straende\/#primaryimage"},"thumbnailUrl":"https:\/\/www.quidhotelvenice.com\/wp-content\/uploads\/sites\/557\/2023\/07\/Venice-Lido-voco-Venice-Mestre-The-Quid.jpg","datePublished":"2023-07-20T14:52:18+00:00","dateModified":"2023-08-29T15:45:11+00:00","description":"Ein Tag auf fantastischen Str\u00e4nden und Inseln. Sehen Sie sich die Tipps vom voco\u00ae Venice Mestre zu Str\u00e4nden und Inseln in der Provinz Venedig an.","breadcrumb":{"@id":"https:\/\/www.quidhotelvenice.com\/de\/was-man-in-der-umgebung-unternehmen-kann\/inseln-und-straende\/#breadcrumb"},"inLanguage":"de-DE","potentialAction":[{"@type":"ReadAction","target":["https:\/\/www.quidhotelvenice.com\/de\/was-man-in-der-umgebung-unternehmen-kann\/inseln-und-straende\/"]}]},{"@type":"ImageObject","inLanguage":"de-DE","@id":"https:\/\/www.quidhotelvenice.com\/de\/was-man-in-der-umgebung-unternehmen-kann\/inseln-und-straende\/#primaryimage","url":"https:\/\/www.quidhotelvenice.com\/wp-content\/uploads\/sites\/557\/2023\/07\/Venice-Lido-voco-Venice-Mestre-The-Quid.jpg","contentUrl":"https:\/\/www.quidhotelvenice.com\/wp-content\/uploads\/sites\/557\/2023\/07\/Venice-Lido-voco-Venice-Mestre-The-Quid.jpg","width":2200,"height":1200},{"@type":"BreadcrumbList","@id":"https:\/\/www.quidhotelvenice.com\/de\/was-man-in-der-umgebung-unternehmen-kann\/inseln-und-straende\/#breadcrumb","itemListElement":[{"@type":"ListItem","position":1,"name":"Home","item":"https:\/\/www.quidhotelvenice.com\/de\/"},{"@type":"ListItem","position":2,"name":"Was man in der Umgebung unternehmen kann","item":"https:\/\/www.quidhotelvenice.com\/de\/was-man-in-der-umgebung-unternehmen-kann\/"},{"@type":"ListItem","position":3,"name":"Inseln und Str\u00e4nde"}]},{"@type":"WebSite","@id":"https:\/\/www.quidhotelvenice.com\/de\/#website","url":"https:\/\/www.quidhotelvenice.com\/de\/","name":"Voco Venice Mestre","description":"","potentialAction":[{"@type":"SearchAction","target":{"@type":"EntryPoint","urlTemplate":"https:\/\/www.quidhotelvenice.com\/de\/?s={search_term_string}"},"query-input":{"@type":"PropertyValueSpecification","valueRequired":true,"valueName":"search_term_string"}}],"inLanguage":"de-DE"}]}},"acf":[],"_links":{"self":[{"href":"https:\/\/www.quidhotelvenice.com\/de\/wp-json\/wp\/v2\/pages\/188","targetHints":{"allow":["GET"]}}],"collection":[{"href":"https:\/\/www.quidhotelvenice.com\/de\/wp-json\/wp\/v2\/pages"}],"about":[{"href":"https:\/\/www.quidhotelvenice.com\/de\/wp-json\/wp\/v2\/types\/page"}],"author":[{"embeddable":true,"href":"https:\/\/www.quidhotelvenice.com\/de\/wp-json\/wp\/v2\/users\/6"}],"replies":[{"embeddable":true,"href":"https:\/\/www.quidhotelvenice.com\/de\/wp-json\/wp\/v2\/comments?post=188"}],"version-history":[{"count":0,"href":"https:\/\/www.quidhotelvenice.com\/de\/wp-json\/wp\/v2\/pages\/188\/revisions"}],"up":[{"embeddable":true,"href":"https:\/\/www.quidhotelvenice.com\/de\/wp-json\/wp\/v2\/pages\/167"}],"wp:featuredmedia":[{"embeddable":true,"href":"https:\/\/www.quidhotelvenice.com\/de\/wp-json\/wp\/v2\/media\/961"}],"wp:attachment":[{"href":"https:\/\/www.quidhotelvenice.com\/de\/wp-json\/wp\/v2\/media?parent=188"}],"curies":[{"name":"wp","href":"https:\/\/api.w.org\/{rel}","templated":true}]}}